{"id":134619,"date":"2020-10-03T21:51:00","date_gmt":"2020-10-03T19:51:00","guid":{"rendered":"https:\/\/secureus.se\/stilren-2\/"},"modified":"2025-12-31T19:34:10","modified_gmt":"2025-12-31T18:34:10","slug":"stilren","status":"publish","type":"product","link":"https:\/\/secureus.se\/no\/stilren\/","title":{"rendered":"Stilig d\u00f8rskilt Large"},"content":{"rendered":"<p>V\u00e6r oppmerksom p\u00e5 at du kj\u00f8per skiltet i v\u00e5r designbutikk - Prisen er den samme og gratis frakt.<\/p>\n<p><em><strong><a href=\"https:\/\/dinskylt.se\/shop-dorrskyltar-massing\/\" target=\"_blank\" rel=\"noopener\">Klikk p\u00e5 tegnet du liker og skriv inn navnene dine i produktbyggeren p\u00e5 https:\/\/dinskylt.se<\/a>\/<\/strong><\/em><\/p>\n<p>M\u00e5l: 170 x 70 mm<br \/>\nMateriale: Messing<br \/>\nVekt: 200 gram<br \/>\nOverflatebehandling: Klarlakkert<\/p>","protected":false},"excerpt":{"rendered":"<p>V\u00e6r oppmerksom p\u00e5 at du kj\u00f8per skiltet i v\u00e5r designbutikk - Prisen er den samme og gratis frakt.<\/p>\n<h5><em><strong><a href=\"https:\/\/dinskylt.se\/shop-dorrskyltar-massing\/\" target=\"_blank\" rel=\"noopener\">Her kj\u00f8per og tilpasser du med egne navn i produktbyggeren p\u00e5 https:\/\/dinskylt.se<\/a>\/<\/strong><\/em><\/h5>\n<p><img decoding=\"async\" class=\"alignnone wp-image-123502210 size-medium\" src=\"https:\/\/securityonline.se\/wp-content\/uploads\/2020\/07\/Skylt_499kr_dinskylt.se_-300x240.jpg\" alt=\"d\u00f8rskilt-messing-h\u00f8yeste kvalitet-brf\" width=\"300\" height=\"240\" \/><\/p>\n<p>G\u00e5 og v\u00e6r glad, stilig og klar!<\/p>\n<p>Tenker du det samme som oss?<br \/>\nKjekssjokolade, men litt tynnere, avfaset i kantene og med navnet ditt inngravert. Dette skiltet i messing er valget for de som \u00f8nsker et tidl\u00f8st og stilig d\u00f8rskilt, praktisk nok kommer dette skiltet i to forskjellige st\u00f8rrelser. MERK F\u00d8LGENDE! Spis p\u00e5 egen risiko.<\/p>\n<p>Ps Denne godbiten passer perfekt sammen med No Advertising-skiltet v\u00e5rt, sjekk det ut <a href=\"http:\/\/dinskylt.se\/product\/ingen-reklam-tack\/\">her<\/a>.<\/p>","protected":false},"featured_media":134617,"template":"","meta":{"_acf_changed":false},"product_brand":[],"product_cat":[2920],"product_tag":[],"class_list":{"0":"post-134619","1":"product","2":"type-product","3":"status-publish","4":"has-post-thumbnail","6":"product_cat-dorrskyltar-i-massing","7":"pa_available-n","8":"pa_available-y","9":"pa_brands-secureus","10":"pa_color-gold","11":"pa_color-silver","12":"pa_holes-y","13":"pa_holes-n","14":"tm-no-options","16":"first","17":"instock","18":"taxable","19":"shipping-taxable","20":"purchasable","21":"product-type-simple"},"acf":[],"_links":{"self":[{"href":"https:\/\/secureus.se\/no\/wp-json\/wp\/v2\/product\/134619","targetHints":{"allow":["GET"]}}],"collection":[{"href":"https:\/\/secureus.se\/no\/wp-json\/wp\/v2\/product"}],"about":[{"href":"https:\/\/secureus.se\/no\/wp-json\/wp\/v2\/types\/product"}],"wp:featuredmedia":[{"embeddable":true,"href":"https:\/\/secureus.se\/no\/wp-json\/wp\/v2\/media\/134617"}],"wp:attachment":[{"href":"https:\/\/secureus.se\/no\/wp-json\/wp\/v2\/media?parent=134619"}],"wp:term":[{"taxonomy":"product_brand","embeddable":true,"href":"https:\/\/secureus.se\/no\/wp-json\/wp\/v2\/product_brand?post=134619"},{"taxonomy":"product_cat","embeddable":true,"href":"https:\/\/secureus.se\/no\/wp-json\/wp\/v2\/product_cat?post=134619"},{"taxonomy":"product_tag","embeddable":true,"href":"https:\/\/secureus.se\/no\/wp-json\/wp\/v2\/product_tag?post=134619"}],"curies":[{"name":"wp","href":"https:\/\/api.w.org\/{rel}","templated":true}]}}