{"id":137044,"date":"2024-06-12T13:12:56","date_gmt":"2024-06-12T11:12:56","guid":{"rendered":"https:\/\/secureus.se\/?post_type=product&#038;p=137044"},"modified":"2026-03-26T12:27:50","modified_gmt":"2026-03-26T11:27:50","slug":"provkit-solo-20-93-m-rok-barvaskor","status":"publish","type":"product","link":"https:\/\/secureus.se\/no\/provkit-solo-20-93-m-rok-barvaskor\/","title":{"rendered":"Solo 20 pr\u00f8vesett \u2013 9,3 m (r\u00f8yk) \u2013 b\u00e6revesker"},"content":{"rendered":"<h1>Solo 20 pr\u00f8vesett \u2013 9,3 m (r\u00f8yk) \u2013 b\u00e6revesker<\/h1>\n<h3 data-start=\"299\" data-end=\"345\">Profesjonelt testsett for r\u00f8ykvarslere<\/h3>\n<p data-start=\"346\" data-end=\"559\">Solo 20 er et komplett testsett utviklet for enkel og sikker funksjonstesting av r\u00f8ykdetektorer p\u00e5 h\u00f8ye installasjoner, opptil omtrent 9,3 m.<\/p>\n<p data-start=\"346\" data-end=\"559\">Settet er optimalisert for b\u00e5de effektivitet og enkel transport.<\/p>\n<h3 data-start=\"561\" data-end=\"585\">Innholdet i Solo 20<\/h3>\n<ul data-start=\"586\" data-end=\"1129\">\n<li data-start=\"586\" data-end=\"674\">\n<p data-start=\"588\" data-end=\"674\"><strong data-start=\"588\" data-end=\"616\">Detektortester Solo 330<\/strong> \u2013 testing av r\u00f8ykvarslere med Solo A5 testgassflasker.<\/p>\n<\/li>\n<li data-start=\"675\" data-end=\"833\">\n<p data-start=\"677\" data-end=\"833\"><strong data-start=\"677\" data-end=\"703\">Teleskopstang Solo 100<\/strong> \u2013 lang, 4,5 m med 4 glassfibersegmenter, kan kombineres med tre Solo 101 forlengelsesstenger for en total rekkevidde p\u00e5 opptil 9,3 m.<\/p>\n<\/li>\n<li data-start=\"834\" data-end=\"912\">\n<p data-start=\"836\" data-end=\"912\"><strong data-start=\"836\" data-end=\"872\">3 \u00d7 Solo 101 forlengelsesstenger<\/strong> \u2013 \u00f8ker pr\u00f8veh\u00f8yden og fleksibiliteten.<\/p>\n<\/li>\n<li data-start=\"913\" data-end=\"1026\">\n<p data-start=\"915\" data-end=\"1026\"><strong data-start=\"915\" data-end=\"944\">B\u00e6reveske + kogger Solo 610<\/strong> \u2013 praktisk oppbevaringssystem med plass til stenger, testere og testgassflasker.<\/p>\n<\/li>\n<li data-start=\"1027\" data-end=\"1129\">\n<p data-start=\"1029\" data-end=\"1129\"><strong data-start=\"1029\" data-end=\"1059\">3 \u00d7 Solo A5 testgassflasker<\/strong> \u2013 optimalisert for r\u00f8ykdetektorer, tilstrekkelig for omtrent 400 pr\u00f8ver per flaske.<\/p>\n<\/li>\n<\/ul>\n<h3 data-start=\"1131\" data-end=\"1163\">Enkel og trygg bruk<\/h3>\n<ol data-start=\"1164\" data-end=\"1431\">\n<li data-start=\"1164\" data-end=\"1223\">\n<p data-start=\"1167\" data-end=\"1223\">Rist Solo A5-testgassflaskene og monter dem i Solo 330.<\/p>\n<\/li>\n<li data-start=\"1224\" data-end=\"1268\">\n<p data-start=\"1227\" data-end=\"1268\">Skru beholderen p\u00e5 og vri den \u00bc omdreining.<\/p>\n<\/li>\n<li data-start=\"1269\" data-end=\"1351\">\n<p data-start=\"1272\" data-end=\"1351\">Plasser koppen rundt detektoren, trykk lett mot taket og la gassen str\u00f8mme ut.<\/p>\n<\/li>\n<li data-start=\"1352\" data-end=\"1431\">\n<p data-start=\"1355\" data-end=\"1431\">Vent omtrent 10 sekunder til detektoren avgir en alarm. Gjenta den korte testen om n\u00f8dvendig.<\/p>\n<\/li>\n<\/ol>\n<h3 data-start=\"1433\" data-end=\"1459\">Fordeler med Solo 20<\/h3>\n<ul data-start=\"1460\" data-end=\"1722\">\n<li data-start=\"1460\" data-end=\"1494\">\n<p data-start=\"1462\" data-end=\"1494\">Komplett sett for r\u00f8ykvarslere<\/p>\n<\/li>\n<li data-start=\"1495\" data-end=\"1558\">\n<p data-start=\"1497\" data-end=\"1558\">Rekkevidde opptil 9,3 m med teleskopstang og forlengere<\/p>\n<\/li>\n<li data-start=\"1559\" data-end=\"1615\">\n<p data-start=\"1561\" data-end=\"1615\">Profesjonell b\u00e6reveske og kogger for enkel transport<\/p>\n<\/li>\n<li data-start=\"1616\" data-end=\"1675\">\n<p data-start=\"1618\" data-end=\"1675\">Enkel h\u00e5ndtering med rask tilbakestilling av detektorer<\/p>\n<\/li>\n<li data-start=\"1676\" data-end=\"1722\">\n<p data-start=\"1678\" data-end=\"1722\">Passer til de fleste merker av r\u00f8ykvarslere<\/p>\n<\/li>\n<\/ul>\n<h3 data-start=\"1724\" data-end=\"1754\">Tekniske spesifikasjoner<\/h3>\n<ul data-start=\"1755\" data-end=\"2021\">\n<li data-start=\"1755\" data-end=\"1788\">\n<p data-start=\"1757\" data-end=\"1788\">Testh\u00f8yde: opptil 9,3 m<\/p>\n<\/li>\n<li data-start=\"1789\" data-end=\"1858\">\n<p data-start=\"1791\" data-end=\"1858\">Innhold: Solo 330, Solo 100, 3 \u00d7 Solo 101, Solo 610, 3 \u00d7 Solo A5<\/p>\n<\/li>\n<li data-start=\"1859\" data-end=\"1921\">\n<p data-start=\"1861\" data-end=\"1921\">Teleskopstangmateriale: Glassfiber, ikke elektrisk ledende<\/p>\n<\/li>\n<li data-start=\"1922\" data-end=\"1973\">\n<p data-start=\"1924\" data-end=\"1973\">Testgassflaskekapasitet: ca. 400 pr\u00f8ver per flaske<\/p>\n<\/li>\n<li data-start=\"1974\" data-end=\"2021\">\n<p data-start=\"1976\" data-end=\"2021\">\n<\/li>\n<\/ul>","protected":false},"excerpt":{"rendered":"<p>Solo 20 testsettet er et komplett sett for funksjonstesting av r\u00f8ykdetektorer opptil omtrent 9,3 m.<\/p>\n<p>Inneholder Solo 100 teleskopstang med 3 Solo 101 forlengelsesstenger, Solo 330 detektortester, 3 Solo A5 testgassflasker og Solo 610 b\u00e6reveske og kogger.<\/p>","protected":false},"featured_media":137043,"template":"","meta":{"_acf_changed":false},"product_brand":[],"product_cat":[2945,3849],"product_tag":[],"class_list":{"0":"post-137044","1":"product","2":"type-product","3":"status-publish","4":"has-post-thumbnail","6":"product_cat-solo","7":"product_cat-solo-kit","8":"product_shipping_class-tunga-paket","9":"pa_brands-solo","10":"tm-no-options","12":"first","13":"onbackorder","14":"taxable","15":"shipping-taxable","16":"purchasable","17":"product-type-simple"},"acf":[],"_links":{"self":[{"href":"https:\/\/secureus.se\/no\/wp-json\/wp\/v2\/product\/137044","targetHints":{"allow":["GET"]}}],"collection":[{"href":"https:\/\/secureus.se\/no\/wp-json\/wp\/v2\/product"}],"about":[{"href":"https:\/\/secureus.se\/no\/wp-json\/wp\/v2\/types\/product"}],"wp:featuredmedia":[{"embeddable":true,"href":"https:\/\/secureus.se\/no\/wp-json\/wp\/v2\/media\/137043"}],"wp:attachment":[{"href":"https:\/\/secureus.se\/no\/wp-json\/wp\/v2\/media?parent=137044"}],"wp:term":[{"taxonomy":"product_brand","embeddable":true,"href":"https:\/\/secureus.se\/no\/wp-json\/wp\/v2\/product_brand?post=137044"},{"taxonomy":"product_cat","embeddable":true,"href":"https:\/\/secureus.se\/no\/wp-json\/wp\/v2\/product_cat?post=137044"},{"taxonomy":"product_tag","embeddable":true,"href":"https:\/\/secureus.se\/no\/wp-json\/wp\/v2\/product_tag?post=137044"}],"curies":[{"name":"wp","href":"https:\/\/api.w.org\/{rel}","templated":true}]}}