{"id":137427,"date":"2024-06-12T13:12:56","date_gmt":"2024-06-12T11:12:56","guid":{"rendered":"https:\/\/secureus.se\/?post_type=product&#038;p=137427"},"modified":"2026-04-08T16:07:10","modified_gmt":"2026-04-08T14:07:10","slug":"provkit-solo-21-93-m-varme-rok-vaskor","status":"publish","type":"product","link":"https:\/\/secureus.se\/no\/provkit-solo-21-93-m-varme-rok-vaskor\/","title":{"rendered":"Solo 21 testsett \u2013 9,3 m (varme \/ r\u00f8yk) \u2013 poser"},"content":{"rendered":"<h1>Solo 21 testsett \u2013 9,3 m (varme \/ r\u00f8yk) \u2013 poser<\/h1>\n<h3 data-start=\"341\" data-end=\"398\">Profesjonelt testsett for varme- og r\u00f8ykdetektorer<\/h3>\n<p data-start=\"399\" data-end=\"623\">Solo 21 er et komplett testsett utviklet for enkel og sikker funksjonstesting av varme- og r\u00f8ykdetektorer p\u00e5 h\u00f8ye installasjoner, opptil omtrent 9,3 m.<\/p>\n<p data-start=\"399\" data-end=\"623\">Settet er optimalisert for b\u00e5de effektivitet og enkel transport.<\/p>\n<h3 data-start=\"625\" data-end=\"649\">Innholdet i Solo 21<\/h3>\n<ul data-start=\"650\" data-end=\"1293\">\n<li data-start=\"650\" data-end=\"738\">\n<p data-start=\"652\" data-end=\"738\"><strong data-start=\"652\" data-end=\"680\">Detektortester Solo 330<\/strong> \u2013 testing av r\u00f8ykvarslere med Solo A5 testgassflasker.<\/p>\n<\/li>\n<li data-start=\"739\" data-end=\"838\">\n<p data-start=\"741\" data-end=\"838\"><strong data-start=\"741\" data-end=\"790\">Varmedetektortester Solo 461 (batteridrevet)<\/strong> \u2013 testing av varmedetektorer opptil 9,3 m.<\/p>\n<\/li>\n<li data-start=\"839\" data-end=\"997\">\n<p data-start=\"841\" data-end=\"997\"><strong data-start=\"841\" data-end=\"867\">Teleskopstang Solo 100<\/strong> \u2013 lang, 4,5 m med 4 glassfibersegmenter, kan kombineres med tre Solo 101 forlengelsesstenger for en total rekkevidde p\u00e5 opptil 9,3 m.<\/p>\n<\/li>\n<li data-start=\"998\" data-end=\"1076\">\n<p data-start=\"1000\" data-end=\"1076\"><strong data-start=\"1000\" data-end=\"1036\">3 \u00d7 Solo 101 forlengelsesstenger<\/strong> \u2013 \u00f8ker pr\u00f8veh\u00f8yden og fleksibiliteten.<\/p>\n<\/li>\n<li data-start=\"1077\" data-end=\"1190\">\n<p data-start=\"1079\" data-end=\"1190\"><strong data-start=\"1079\" data-end=\"1108\">B\u00e6reveske + kogger Solo 610<\/strong> \u2013 praktisk oppbevaringssystem med plass til stenger, testere og testgassflasker.<\/p>\n<\/li>\n<li data-start=\"1191\" data-end=\"1293\">\n<p data-start=\"1193\" data-end=\"1293\"><strong data-start=\"1193\" data-end=\"1223\">3 \u00d7 Solo A5 testgassflasker<\/strong> \u2013 optimalisert for r\u00f8ykdetektorer, tilstrekkelig for omtrent 400 pr\u00f8ver per flaske.<\/p>\n<\/li>\n<\/ul>\n<h3 data-start=\"1295\" data-end=\"1327\">Enkel og trygg bruk<\/h3>\n<ol data-start=\"1328\" data-end=\"1702\">\n<li data-start=\"1328\" data-end=\"1387\">\n<p data-start=\"1331\" data-end=\"1387\">Rist Solo A5-testgassflaskene og monter dem i Solo 330.<\/p>\n<\/li>\n<li data-start=\"1388\" data-end=\"1432\">\n<p data-start=\"1391\" data-end=\"1432\">Skru beholderen p\u00e5 og vri den \u00bc omdreining.<\/p>\n<\/li>\n<li data-start=\"1433\" data-end=\"1515\">\n<p data-start=\"1436\" data-end=\"1515\">Plasser koppen rundt detektoren, trykk lett mot taket og la gassen str\u00f8mme ut.<\/p>\n<\/li>\n<li data-start=\"1516\" data-end=\"1595\">\n<p data-start=\"1519\" data-end=\"1595\">Vent omtrent 10 sekunder til detektoren avgir en alarm. Gjenta den korte testen om n\u00f8dvendig.<\/p>\n<\/li>\n<li data-start=\"1596\" data-end=\"1702\">\n<p data-start=\"1599\" data-end=\"1702\">Varmedetektortester Solo 461 brukes direkte p\u00e5 varmedetektorer for \u00e5 sikre korrekt funksjon.<\/p>\n<\/li>\n<\/ol>\n<h3 data-start=\"1704\" data-end=\"1730\">Fordeler med Solo 21<\/h3>\n<ul data-start=\"1731\" data-end=\"2006\">\n<li data-start=\"1731\" data-end=\"1781\">\n<p data-start=\"1733\" data-end=\"1781\">Komplett sett for b\u00e5de r\u00f8yk- og varmedetektorer<\/p>\n<\/li>\n<li data-start=\"1782\" data-end=\"1845\">\n<p data-start=\"1784\" data-end=\"1845\">Rekkevidde opptil 9,3 m med teleskopstang og forlengere<\/p>\n<\/li>\n<li data-start=\"1846\" data-end=\"1902\">\n<p data-start=\"1848\" data-end=\"1902\">Profesjonell b\u00e6reveske og kogger for enkel transport<\/p>\n<\/li>\n<li data-start=\"1903\" data-end=\"1962\">\n<p data-start=\"1905\" data-end=\"1962\">Enkel h\u00e5ndtering med rask tilbakestilling av detektorer<\/p>\n<\/li>\n<li data-start=\"1963\" data-end=\"2006\">\n<p data-start=\"1965\" data-end=\"2006\">Passer til de fleste merker av detektorer<\/p>\n<\/li>\n<\/ul>\n<h3 data-start=\"2008\" data-end=\"2038\">Tekniske spesifikasjoner<\/h3>\n<ul data-start=\"2039\" data-end=\"2326\">\n<li data-start=\"2039\" data-end=\"2072\">\n<p data-start=\"2041\" data-end=\"2072\">Testh\u00f8yde: opptil 9,3 m<\/p>\n<\/li>\n<li data-start=\"2073\" data-end=\"2152\">\n<p data-start=\"2075\" data-end=\"2152\">Innhold: Solo 330, Solo 461, Solo 100, 3 \u00d7 Solo 101, Solo 610, 3 \u00d7 Solo A5<\/p>\n<\/li>\n<li data-start=\"2153\" data-end=\"2215\">\n<p data-start=\"2155\" data-end=\"2215\">Teleskopstangmateriale: Glassfiber, ikke elektrisk ledende<\/p>\n<\/li>\n<li data-start=\"2216\" data-end=\"2267\">\n<p data-start=\"2218\" data-end=\"2267\">Testgassflaskekapasitet: ca. 400 pr\u00f8ver per flaske<\/p>\n<\/li>\n<li data-start=\"2268\" data-end=\"2326\">\n<p data-start=\"2270\" data-end=\"2326\">Kompatibel med: Solo- og Testifire-testere, takedown-testere<\/p>\n<\/li>\n<\/ul>","protected":false},"excerpt":{"rendered":"<p>Solo 21 testsettet er et komplett sett for funksjonstesting av varme- og r\u00f8ykdetektorer opptil omtrent 9,3 m.<\/p>\n<p>Inneholder Solo 100 teleskopstang med 3 Solo 101 forlengelsesstenger, Solo 330 detektortester, Solo 461 varmedetektortester, 3 Solo A5 testgassflasker og Solo 610 b\u00e6reveske og kogger.<\/p>","protected":false},"featured_media":137425,"template":"","meta":{"_acf_changed":false},"product_brand":[],"product_cat":[2945,3849],"product_tag":[],"class_list":{"0":"post-137427","1":"product","2":"type-product","3":"status-publish","4":"has-post-thumbnail","6":"product_cat-solo","7":"product_cat-solo-kit","8":"product_shipping_class-tunga-paket","9":"pa_brands-solo","10":"tm-no-options","12":"first","13":"instock","14":"taxable","15":"shipping-taxable","16":"purchasable","17":"product-type-simple"},"acf":[],"_links":{"self":[{"href":"https:\/\/secureus.se\/no\/wp-json\/wp\/v2\/product\/137427","targetHints":{"allow":["GET"]}}],"collection":[{"href":"https:\/\/secureus.se\/no\/wp-json\/wp\/v2\/product"}],"about":[{"href":"https:\/\/secureus.se\/no\/wp-json\/wp\/v2\/types\/product"}],"wp:featuredmedia":[{"embeddable":true,"href":"https:\/\/secureus.se\/no\/wp-json\/wp\/v2\/media\/137425"}],"wp:attachment":[{"href":"https:\/\/secureus.se\/no\/wp-json\/wp\/v2\/media?parent=137427"}],"wp:term":[{"taxonomy":"product_brand","embeddable":true,"href":"https:\/\/secureus.se\/no\/wp-json\/wp\/v2\/product_brand?post=137427"},{"taxonomy":"product_cat","embeddable":true,"href":"https:\/\/secureus.se\/no\/wp-json\/wp\/v2\/product_cat?post=137427"},{"taxonomy":"product_tag","embeddable":true,"href":"https:\/\/secureus.se\/no\/wp-json\/wp\/v2\/product_tag?post=137427"}],"curies":[{"name":"wp","href":"https:\/\/api.w.org\/{rel}","templated":true}]}}