{"id":138067,"date":"2024-06-12T13:12:59","date_gmt":"2024-06-12T11:12:59","guid":{"rendered":"https:\/\/secureus.se\/?post_type=product&#038;p=138067"},"modified":"2026-03-26T12:27:28","modified_gmt":"2026-03-26T11:27:28","slug":"provkit-solo-22-93-m-varme-rok-vaskor-nedtagare","status":"publish","type":"product","link":"https:\/\/secureus.se\/no\/provkit-solo-22-93-m-varme-rok-vaskor-nedtagare\/","title":{"rendered":"Solo 22 testsett \u2013 9,3 m (varme\/r\u00f8yk) \u2013 poser og nedtakingssett"},"content":{"rendered":"<h1>Solo 22 testsett \u2013 9,3 m (varme\/r\u00f8yk) \u2013 poser og nedtakingssett<\/h1>\n<h3 data-start=\"361\" data-end=\"427\">Komplett testsett for r\u00f8yk- og varmedetektorer opptil 9,3 m<\/h3>\n<p data-start=\"428\" data-end=\"646\">Solo 22 er et profesjonelt testsett som gir full kapasitet for testing og vedlikehold av r\u00f8yk- og varmedetektorer i store lokaler eller med h\u00f8yt under taket.<\/p>\n<p data-start=\"428\" data-end=\"646\">Settet er designet for effektivitet, sikkerhet og enkel transport.<\/p>\n<h3 data-start=\"648\" data-end=\"672\">Innholdet i Solo 22<\/h3>\n<ul data-start=\"673\" data-end=\"1417\">\n<li data-start=\"673\" data-end=\"782\">\n<p data-start=\"675\" data-end=\"782\"><strong data-start=\"675\" data-end=\"703\">Detektortester Solo 330<\/strong> \u2013 testing av r\u00f8yk- og CO-detektorer med Solo A5- og Solo C3-testgassflasker.<\/p>\n<\/li>\n<li data-start=\"783\" data-end=\"941\">\n<p data-start=\"785\" data-end=\"941\"><strong data-start=\"785\" data-end=\"811\">Teleskopstang Solo 100<\/strong> \u2013 lang, 4,5 m med 4 glassfibersegmenter, kan kombineres med tre Solo 101 forlengelsesstenger for en total rekkevidde p\u00e5 opptil 9,3 m.<\/p>\n<\/li>\n<li data-start=\"942\" data-end=\"1019\">\n<p data-start=\"944\" data-end=\"1019\"><strong data-start=\"944\" data-end=\"980\">3 \u00d7 Solo 101 forlengelsesstenger<\/strong> \u2013 gir maksimal h\u00f8yde og fleksibilitet.<\/p>\n<\/li>\n<li data-start=\"1020\" data-end=\"1123\">\n<p data-start=\"1022\" data-end=\"1123\"><strong data-start=\"1022\" data-end=\"1055\">Universell nedmonteringsenhet Solo 200<\/strong> \u2013 justerbare kl\u00f8r for \u00e5 h\u00e5ndtere de fleste brannalarmdetektorer.<\/p>\n<\/li>\n<li data-start=\"1124\" data-end=\"1189\">\n<p data-start=\"1126\" data-end=\"1189\"><strong data-start=\"1126\" data-end=\"1149\">Administrerende direkt\u00f8r-tester Solo 461<\/strong> \u2013 batteridrevet varmedetektortester.<\/p>\n<\/li>\n<li data-start=\"1190\" data-end=\"1292\">\n<p data-start=\"1192\" data-end=\"1292\"><strong data-start=\"1192\" data-end=\"1222\">3 \u00d7 Solo A5 testgassflasker<\/strong> \u2013 optimalisert for r\u00f8ykdetektorer, tilstrekkelig for omtrent 400 pr\u00f8ver per flaske.<\/p>\n<\/li>\n<li data-start=\"1293\" data-end=\"1417\">\n<p data-start=\"1295\" data-end=\"1417\"><strong data-start=\"1295\" data-end=\"1324\">B\u00e6reveske + kogger Solo 610<\/strong> \u2013 praktisk oppbevaringssystem med plass til stenger, testinstrumenter, testgassflasker og avtakingsenheter.<\/p>\n<\/li>\n<\/ul>\n<h3 data-start=\"1419\" data-end=\"1451\">Enkel og trygg bruk<\/h3>\n<ol data-start=\"1452\" data-end=\"1788\">\n<li data-start=\"1452\" data-end=\"1511\">\n<p data-start=\"1455\" data-end=\"1511\">Rist Solo A5-testgassflaskene og monter dem i Solo 330.<\/p>\n<\/li>\n<li data-start=\"1512\" data-end=\"1556\">\n<p data-start=\"1515\" data-end=\"1556\">Skru beholderen p\u00e5 og vri den \u00bc omdreining.<\/p>\n<\/li>\n<li data-start=\"1557\" data-end=\"1639\">\n<p data-start=\"1560\" data-end=\"1639\">Plasser koppen rundt detektoren, trykk lett mot taket og la gassen str\u00f8mme ut.<\/p>\n<\/li>\n<li data-start=\"1640\" data-end=\"1719\">\n<p data-start=\"1643\" data-end=\"1719\">Vent omtrent 10 sekunder til detektoren avgir en alarm. Gjenta den korte testen om n\u00f8dvendig.<\/p>\n<\/li>\n<li data-start=\"1720\" data-end=\"1788\">\n<p data-start=\"1723\" data-end=\"1788\">Varmedetektortester Solo 461 brukes til temperaturdetektorer.<\/p>\n<\/li>\n<\/ol>\n<h3 data-start=\"1790\" data-end=\"1816\">Fordeler med Solo 22<\/h3>\n<ul data-start=\"1817\" data-end=\"2110\">\n<li data-start=\"1817\" data-end=\"1884\">\n<p data-start=\"1819\" data-end=\"1884\">Komplett utstyr for testing av r\u00f8yk- og varmedetektorer<\/p>\n<\/li>\n<li data-start=\"1885\" data-end=\"1948\">\n<p data-start=\"1887\" data-end=\"1948\">Rekkevidde opptil 9,3 m med teleskopstang og forlengere<\/p>\n<\/li>\n<li data-start=\"1949\" data-end=\"2005\">\n<p data-start=\"1951\" data-end=\"2005\">Profesjonell b\u00e6reveske og kogger for enkel transport<\/p>\n<\/li>\n<li data-start=\"2006\" data-end=\"2049\">\n<p data-start=\"2008\" data-end=\"2049\">Passer til de fleste merker av detektorer<\/p>\n<\/li>\n<li data-start=\"2050\" data-end=\"2110\">\n<p data-start=\"2052\" data-end=\"2110\">Enkel betjening med rask tilbakestilling av detektorer<\/p>\n<\/li>\n<\/ul>\n<h3 data-start=\"2112\" data-end=\"2142\">Tekniske spesifikasjoner<\/h3>\n<ul data-start=\"2143\" data-end=\"2440\">\n<li data-start=\"2143\" data-end=\"2176\">\n<p data-start=\"2145\" data-end=\"2176\">Testh\u00f8yde: opptil 9,3 m<\/p>\n<\/li>\n<li data-start=\"2177\" data-end=\"2266\">\n<p data-start=\"2179\" data-end=\"2266\">Innhold: Solo 330, Solo 461, Solo 100, 3 \u00d7 Solo 101, Solo 200, Solo 610, 3 \u00d7 Solo A5<\/p>\n<\/li>\n<li data-start=\"2267\" data-end=\"2329\">\n<p data-start=\"2269\" data-end=\"2329\">Teleskopstangmateriale: Glassfiber, ikke elektrisk ledende<\/p>\n<\/li>\n<li data-start=\"2330\" data-end=\"2381\">\n<p data-start=\"2332\" data-end=\"2381\">Testgassflaskekapasitet: ca. 400 pr\u00f8ver per flaske<\/p>\n<\/li>\n<li data-start=\"2382\" data-end=\"2440\">\n<p data-start=\"2384\" data-end=\"2440\">Kompatibel med: Solo- og Testifire-testere, takedown-testere<\/p>\n<\/li>\n<\/ul>","protected":false},"excerpt":{"rendered":"<p>Solo 22 testsettet er et komplett sett for funksjonstesting av r\u00f8yk- og varmedetektorer opptil ca. 9,3 m. Inneholder teleskopstangen Solo 100 med 3 Solo 101 forlengelsesstenger, detektortester Solo 330, varmedetektortester Solo 461, avtakbar enhet Solo 200, 3 Solo A5 testgassflasker og b\u00e6reveske og kogger Solo 610.<\/p>","protected":false},"featured_media":138066,"template":"","meta":{"_acf_changed":false},"product_brand":[],"product_cat":[3849,2945],"product_tag":[],"class_list":{"0":"post-138067","1":"product","2":"type-product","3":"status-publish","4":"has-post-thumbnail","6":"product_cat-solo-kit","7":"product_cat-solo","8":"product_shipping_class-tunga-paket","9":"tm-no-options","11":"first","12":"onbackorder","13":"taxable","14":"shipping-taxable","15":"purchasable","16":"product-type-simple"},"acf":[],"_links":{"self":[{"href":"https:\/\/secureus.se\/no\/wp-json\/wp\/v2\/product\/138067","targetHints":{"allow":["GET"]}}],"collection":[{"href":"https:\/\/secureus.se\/no\/wp-json\/wp\/v2\/product"}],"about":[{"href":"https:\/\/secureus.se\/no\/wp-json\/wp\/v2\/types\/product"}],"wp:featuredmedia":[{"embeddable":true,"href":"https:\/\/secureus.se\/no\/wp-json\/wp\/v2\/media\/138066"}],"wp:attachment":[{"href":"https:\/\/secureus.se\/no\/wp-json\/wp\/v2\/media?parent=138067"}],"wp:term":[{"taxonomy":"product_brand","embeddable":true,"href":"https:\/\/secureus.se\/no\/wp-json\/wp\/v2\/product_brand?post=138067"},{"taxonomy":"product_cat","embeddable":true,"href":"https:\/\/secureus.se\/no\/wp-json\/wp\/v2\/product_cat?post=138067"},{"taxonomy":"product_tag","embeddable":true,"href":"https:\/\/secureus.se\/no\/wp-json\/wp\/v2\/product_tag?post=138067"}],"curies":[{"name":"wp","href":"https:\/\/api.w.org\/{rel}","templated":true}]}}