{"id":138076,"date":"2024-06-12T13:12:58","date_gmt":"2024-06-12T11:12:58","guid":{"rendered":"https:\/\/secureus.se\/?post_type=product&#038;p=138076"},"modified":"2026-03-26T12:27:38","modified_gmt":"2026-03-26T11:27:38","slug":"provkit-solo-23-93-m-rok-vaskor-nedtagare","status":"publish","type":"product","link":"https:\/\/secureus.se\/no\/provkit-solo-23-93-m-rok-vaskor-nedtagare\/","title":{"rendered":"Solo 23 Sample Kit \u2013 9,3 m (R\u00f8yk) \u2013 Bags &amp; Take-downs"},"content":{"rendered":"<h1>Solo 23 Sample Kit \u2013 9,3 m (R\u00f8yk) \u2013 Bags &amp; Take-downs<\/h1>\n<h3 data-start=\"319\" data-end=\"380\">Profesjonelt testsett for r\u00f8ykdetektorer opptil 9,3 m<\/h3>\n<p data-start=\"381\" data-end=\"561\">Solo 23 er et effektivt testsett som gir full kapasitet for testing og vedlikehold av r\u00f8ykdetektorer i h\u00f8yhus.<\/p>\n<p data-start=\"381\" data-end=\"561\">Settet er designet for enkel h\u00e5ndtering, sikkerhet og transport.<\/p>\n<h3 data-start=\"563\" data-end=\"587\">Innholdet i Solo 23<\/h3>\n<ul data-start=\"588\" data-end=\"1234\">\n<li data-start=\"588\" data-end=\"676\">\n<p data-start=\"590\" data-end=\"676\"><strong data-start=\"590\" data-end=\"618\">Detektortester Solo 330<\/strong> \u2013 testing av r\u00f8ykvarslere med Solo A5 testgassflasker.<\/p>\n<\/li>\n<li data-start=\"677\" data-end=\"835\">\n<p data-start=\"679\" data-end=\"835\"><strong data-start=\"679\" data-end=\"705\">Teleskopstang Solo 100<\/strong> \u2013 lang, 4,5 m med 4 glassfibersegmenter, kan kombineres med tre Solo 101 forlengelsesstenger for en total rekkevidde p\u00e5 opptil 9,3 m.<\/p>\n<\/li>\n<li data-start=\"836\" data-end=\"913\">\n<p data-start=\"838\" data-end=\"913\"><strong data-start=\"838\" data-end=\"874\">3 \u00d7 Solo 101 forlengelsesstenger<\/strong> \u2013 gir maksimal h\u00f8yde og fleksibilitet.<\/p>\n<\/li>\n<li data-start=\"914\" data-end=\"1017\">\n<p data-start=\"916\" data-end=\"1017\"><strong data-start=\"916\" data-end=\"949\">Universell nedmonteringsenhet Solo 200<\/strong> \u2013 justerbare kl\u00f8r for \u00e5 h\u00e5ndtere de fleste brannalarmdetektorer.<\/p>\n<\/li>\n<li data-start=\"1018\" data-end=\"1120\">\n<p data-start=\"1020\" data-end=\"1120\"><strong data-start=\"1020\" data-end=\"1050\">3 \u00d7 Solo A5 testgassflasker<\/strong> \u2013 optimalisert for r\u00f8ykdetektorer, tilstrekkelig for omtrent 400 pr\u00f8ver per flaske.<\/p>\n<\/li>\n<li data-start=\"1121\" data-end=\"1234\">\n<p data-start=\"1123\" data-end=\"1234\"><strong data-start=\"1123\" data-end=\"1152\">B\u00e6reveske + kogger Solo 610<\/strong> \u2013 praktisk oppbevaringssystem med plass til stenger, testere og testgassflasker.<\/p>\n<\/li>\n<\/ul>\n<h3 data-start=\"1236\" data-end=\"1268\">Enkel og trygg bruk<\/h3>\n<ol data-start=\"1269\" data-end=\"1536\">\n<li data-start=\"1269\" data-end=\"1328\">\n<p data-start=\"1272\" data-end=\"1328\">Rist Solo A5-testgassflaskene og monter dem i Solo 330.<\/p>\n<\/li>\n<li data-start=\"1329\" data-end=\"1373\">\n<p data-start=\"1332\" data-end=\"1373\">Skru beholderen p\u00e5 og vri den \u00bc omdreining.<\/p>\n<\/li>\n<li data-start=\"1374\" data-end=\"1456\">\n<p data-start=\"1377\" data-end=\"1456\">Plasser koppen rundt detektoren, trykk lett mot taket og la gassen str\u00f8mme ut.<\/p>\n<\/li>\n<li data-start=\"1457\" data-end=\"1536\">\n<p data-start=\"1460\" data-end=\"1536\">Vent omtrent 10 sekunder til detektoren avgir en alarm. Gjenta den korte testen om n\u00f8dvendig.<\/p>\n<\/li>\n<\/ol>\n<h3 data-start=\"1538\" data-end=\"1564\">Fordeler med Solo 23<\/h3>\n<ul data-start=\"1565\" data-end=\"1843\">\n<li data-start=\"1565\" data-end=\"1618\">\n<p data-start=\"1567\" data-end=\"1618\">Komplett utstyr for testing av r\u00f8ykvarslere<\/p>\n<\/li>\n<li data-start=\"1619\" data-end=\"1682\">\n<p data-start=\"1621\" data-end=\"1682\">Rekkevidde opptil 9,3 m med teleskopstang og forlengere<\/p>\n<\/li>\n<li data-start=\"1683\" data-end=\"1739\">\n<p data-start=\"1685\" data-end=\"1739\">Profesjonell b\u00e6reveske og kogger for enkel transport<\/p>\n<\/li>\n<li data-start=\"1740\" data-end=\"1783\">\n<p data-start=\"1742\" data-end=\"1783\">Passer til de fleste merker av detektorer<\/p>\n<\/li>\n<li data-start=\"1784\" data-end=\"1843\">\n<p data-start=\"1786\" data-end=\"1843\">Enkel h\u00e5ndtering og rask tilbakestilling av detektorer<\/p>\n<\/li>\n<\/ul>\n<h3 data-start=\"1845\" data-end=\"1875\">Tekniske spesifikasjoner<\/h3>\n<ul data-start=\"1876\" data-end=\"2163\">\n<li data-start=\"1876\" data-end=\"1909\">\n<p data-start=\"1878\" data-end=\"1909\">Testh\u00f8yde: opptil 9,3 m<\/p>\n<\/li>\n<li data-start=\"1910\" data-end=\"1989\">\n<p data-start=\"1912\" data-end=\"1989\">Innhold: Solo 330, Solo 100, 3 \u00d7 Solo 101, Solo 200, Solo 610, 3 \u00d7 Solo A5<\/p>\n<\/li>\n<li data-start=\"1990\" data-end=\"2052\">\n<p data-start=\"1992\" data-end=\"2052\">Teleskopstangmateriale: Glassfiber, ikke elektrisk ledende<\/p>\n<\/li>\n<li data-start=\"2053\" data-end=\"2104\">\n<p data-start=\"2055\" data-end=\"2104\">Testgassflaskekapasitet: ca. 400 pr\u00f8ver per flaske<\/p>\n<\/li>\n<li data-start=\"2105\" data-end=\"2163\">\n<p data-start=\"2107\" data-end=\"2163\">Kompatibel med: Solo- og Testifire-testere, takedown-testere<\/p>\n<\/li>\n<\/ul>","protected":false},"excerpt":{"rendered":"<p>Solo 23 testsett er et komplett sett for funksjonstesting av r\u00f8ykdetektorer opptil ca. 9,3 m. Inneholder teleskopstangen Solo 100 med 3 Solo 101 forlengelsesstenger, detektortester Solo 330, nedtrekker Solo 200, 3 Solo A5 testgassflasker og b\u00e6reveske og kogger Solo 610.<\/p>","protected":false},"featured_media":138075,"template":"","meta":{"_acf_changed":false},"product_brand":[],"product_cat":[2945,3849],"product_tag":[],"class_list":{"0":"post-138076","1":"product","2":"type-product","3":"status-publish","4":"has-post-thumbnail","6":"product_cat-solo","7":"product_cat-solo-kit","8":"product_shipping_class-tunga-paket","9":"tm-no-options","11":"first","12":"onbackorder","13":"taxable","14":"shipping-taxable","15":"purchasable","16":"product-type-simple"},"acf":[],"_links":{"self":[{"href":"https:\/\/secureus.se\/no\/wp-json\/wp\/v2\/product\/138076","targetHints":{"allow":["GET"]}}],"collection":[{"href":"https:\/\/secureus.se\/no\/wp-json\/wp\/v2\/product"}],"about":[{"href":"https:\/\/secureus.se\/no\/wp-json\/wp\/v2\/types\/product"}],"wp:featuredmedia":[{"embeddable":true,"href":"https:\/\/secureus.se\/no\/wp-json\/wp\/v2\/media\/138075"}],"wp:attachment":[{"href":"https:\/\/secureus.se\/no\/wp-json\/wp\/v2\/media?parent=138076"}],"wp:term":[{"taxonomy":"product_brand","embeddable":true,"href":"https:\/\/secureus.se\/no\/wp-json\/wp\/v2\/product_brand?post=138076"},{"taxonomy":"product_cat","embeddable":true,"href":"https:\/\/secureus.se\/no\/wp-json\/wp\/v2\/product_cat?post=138076"},{"taxonomy":"product_tag","embeddable":true,"href":"https:\/\/secureus.se\/no\/wp-json\/wp\/v2\/product_tag?post=138076"}],"curies":[{"name":"wp","href":"https:\/\/api.w.org\/{rel}","templated":true}]}}