{"id":138084,"date":"2024-06-12T13:12:53","date_gmt":"2024-06-12T11:12:53","guid":{"rendered":"https:\/\/secureus.se\/?post_type=product&#038;p=138084"},"modified":"2026-04-08T16:02:47","modified_gmt":"2026-04-08T14:02:47","slug":"provkit-solo-13-73-m-rok-vaska-nedtagare","status":"publish","type":"product","link":"https:\/\/secureus.se\/no\/provkit-solo-13-73-m-rok-vaska-nedtagare\/","title":{"rendered":"Solo 13 pr\u00f8vesett \u2013 7,3 m (r\u00f8yk) \u2013 bag og nedtagningsenhet"},"content":{"rendered":"<h1>Solo 13 pr\u00f8vesett \u2013 7,3 m (r\u00f8yk) \u2013 bag og nedtagningsenhet<\/h1>\n<h3 data-start=\"363\" data-end=\"409\">Profesjonelt testsett for r\u00f8ykvarslere<\/h3>\n<p data-start=\"410\" data-end=\"679\">Solo 13 er utviklet for sikker og effektiv testing av r\u00f8ykdetektorer i h\u00f8yere h\u00f8yder, opptil omtrent 7,3 m.<\/p>\n<p data-start=\"410\" data-end=\"679\">Settet kombinerer teleskopstenger og forlengelser med universelt testutstyr og b\u00e6revesker, noe som gj\u00f8r det enkelt \u00e5 transportere og bruke p\u00e5 arbeidsplassen.<\/p>\n<h3 data-start=\"681\" data-end=\"705\">Innholdet i Solo 13<\/h3>\n<ul data-start=\"706\" data-end=\"1274\">\n<li data-start=\"706\" data-end=\"822\">\n<p data-start=\"708\" data-end=\"822\"><strong data-start=\"708\" data-end=\"736\">Detektortester Solo 330<\/strong> \u2013 tester r\u00f8yk- og CO-detektorer, kompatibel med Solo A5- og Solo C3-testgassflasker.<\/p>\n<\/li>\n<li data-start=\"823\" data-end=\"913\">\n<p data-start=\"825\" data-end=\"913\"><strong data-start=\"825\" data-end=\"851\">Teleskopstang Solo 108<\/strong> \u2013 2,5 m, glassfiber, ikke-elektrisk ledende, lett og stiv.<\/p>\n<\/li>\n<li data-start=\"914\" data-end=\"1014\">\n<p data-start=\"916\" data-end=\"1014\"><strong data-start=\"916\" data-end=\"952\">3 \u00d7 Forlengelsesstenger Solo 101<\/strong> \u2013 1,13 m hver, kan kobles sammen for \u00e5 n\u00e5 h\u00f8yere h\u00f8yder.<\/p>\n<\/li>\n<li data-start=\"1015\" data-end=\"1098\">\n<p data-start=\"1017\" data-end=\"1098\"><strong data-start=\"1017\" data-end=\"1050\">Universell nedmonteringsenhet Solo 200<\/strong> \u2013 forenkler sikker fjerning av detektorer.<\/p>\n<\/li>\n<li data-start=\"1099\" data-end=\"1183\">\n<p data-start=\"1101\" data-end=\"1183\"><strong data-start=\"1101\" data-end=\"1130\">B\u00e6reveske + kogger Solo 610<\/strong> \u2013 for enkel transport og oppbevaring av utstyr.<\/p>\n<\/li>\n<li data-start=\"1184\" data-end=\"1274\">\n<p data-start=\"1186\" data-end=\"1274\"><strong data-start=\"1186\" data-end=\"1216\">3 \u00d7 Solo A5 testgassflasker<\/strong> \u2013 for r\u00f8yktester, nok til omtrent 400 tester per flaske.<\/p>\n<\/li>\n<\/ul>\n<h3 data-start=\"1276\" data-end=\"1308\">Enkel og trygg bruk<\/h3>\n<ol data-start=\"1309\" data-end=\"1595\">\n<li data-start=\"1309\" data-end=\"1391\">\n<p data-start=\"1312\" data-end=\"1391\">Monter Solo 330 p\u00e5 Solo 108 og eventuelle Solo 101-stenger for \u00f8nsket h\u00f8yde.<\/p>\n<\/li>\n<li data-start=\"1392\" data-end=\"1453\">\n<p data-start=\"1395\" data-end=\"1453\">Rist Solo A5 testgassflasken og installer den i testeren.<\/p>\n<\/li>\n<li data-start=\"1454\" data-end=\"1526\">\n<p data-start=\"1457\" data-end=\"1526\">Plasser koppen rundt detektoren, trykk lett og la gassen str\u00f8mme ut.<\/p>\n<\/li>\n<li data-start=\"1527\" data-end=\"1595\">\n<p data-start=\"1530\" data-end=\"1595\">Vent omtrent 10 sekunder til detektoren avgir en alarm; gjenta om n\u00f8dvendig.<\/p>\n<\/li>\n<\/ol>\n<h3 data-start=\"1597\" data-end=\"1623\">Fordeler med Solo 13<\/h3>\n<ul data-start=\"1624\" data-end=\"1827\">\n<li data-start=\"1624\" data-end=\"1651\">\n<p data-start=\"1626\" data-end=\"1651\">Rekkevidde opptil 7,3 m<\/p>\n<\/li>\n<li data-start=\"1652\" data-end=\"1694\">\n<p data-start=\"1654\" data-end=\"1694\">Kompakt og b\u00e6rbar med Solo 610-vesker<\/p>\n<\/li>\n<li data-start=\"1695\" data-end=\"1770\">\n<p data-start=\"1697\" data-end=\"1770\">Sikker og profesjonell testing av de fleste merker av r\u00f8ykvarslere<\/p>\n<\/li>\n<li data-start=\"1771\" data-end=\"1827\">\n<p data-start=\"1773\" data-end=\"1827\">Enkel montering og h\u00e5ndtering av stenger og testere<\/p>\n<\/li>\n<\/ul>\n<h3 data-start=\"1829\" data-end=\"1859\">Tekniske spesifikasjoner<\/h3>\n<ul data-start=\"1860\" data-end=\"2124\">\n<li data-start=\"1860\" data-end=\"1893\">\n<p data-start=\"1862\" data-end=\"1893\">Testh\u00f8yde: opptil 7,3 m<\/p>\n<\/li>\n<li data-start=\"1894\" data-end=\"1973\">\n<p data-start=\"1896\" data-end=\"1973\">Innhold: Solo 330, Solo 108, 3 \u00d7 Solo 101, Solo 200, Solo 610, 3 \u00d7 Solo A5<\/p>\n<\/li>\n<li data-start=\"1974\" data-end=\"2028\">\n<p data-start=\"1976\" data-end=\"2028\">Stangmateriale: Glassfiber, ikke elektrisk ledende<\/p>\n<\/li>\n<li data-start=\"2029\" data-end=\"2076\">\n<p data-start=\"2031\" data-end=\"2076\">Testgassflaskekapasitet: ca. 400 pr\u00f8ver\/flaske<\/p>\n<\/li>\n<li data-start=\"2077\" data-end=\"2124\">\n<p data-start=\"2079\" data-end=\"2124\">Kompatibel med: Solo- og Testifire-testere<\/p>\n<\/li>\n<\/ul>","protected":false},"excerpt":{"rendered":"<p>Solo 13 testsettet er et komplett sett for testing av r\u00f8ykdetektorer opptil omtrent 7,3 m.<\/p>\n<p>Inneholder Solo 108 teleskopstang, 3 Solo 101 forlengelsesstenger, Solo 330 detektortester, Solo 200 avtakingsenhet, Solo 610 b\u00e6reveske og 3 Solo A5 testgassflasker.<\/p>\n<p>Perfekt for profesjonelle installasjoner og h\u00f8yere takh\u00f8yder.<\/p>","protected":false},"featured_media":138083,"template":"","meta":{"_acf_changed":false},"product_brand":[],"product_cat":[2945,3849],"product_tag":[],"class_list":{"0":"post-138084","1":"product","2":"type-product","3":"status-publish","4":"has-post-thumbnail","6":"product_cat-solo","7":"product_cat-solo-kit","8":"product_shipping_class-tunga-paket","9":"pa_brands-solo","10":"tm-no-options","12":"first","13":"instock","14":"taxable","15":"shipping-taxable","16":"purchasable","17":"product-type-simple"},"acf":[],"_links":{"self":[{"href":"https:\/\/secureus.se\/no\/wp-json\/wp\/v2\/product\/138084","targetHints":{"allow":["GET"]}}],"collection":[{"href":"https:\/\/secureus.se\/no\/wp-json\/wp\/v2\/product"}],"about":[{"href":"https:\/\/secureus.se\/no\/wp-json\/wp\/v2\/types\/product"}],"wp:featuredmedia":[{"embeddable":true,"href":"https:\/\/secureus.se\/no\/wp-json\/wp\/v2\/media\/138083"}],"wp:attachment":[{"href":"https:\/\/secureus.se\/no\/wp-json\/wp\/v2\/media?parent=138084"}],"wp:term":[{"taxonomy":"product_brand","embeddable":true,"href":"https:\/\/secureus.se\/no\/wp-json\/wp\/v2\/product_brand?post=138084"},{"taxonomy":"product_cat","embeddable":true,"href":"https:\/\/secureus.se\/no\/wp-json\/wp\/v2\/product_cat?post=138084"},{"taxonomy":"product_tag","embeddable":true,"href":"https:\/\/secureus.se\/no\/wp-json\/wp\/v2\/product_tag?post=138084"}],"curies":[{"name":"wp","href":"https:\/\/api.w.org\/{rel}","templated":true}]}}