{"id":138484,"date":"2024-03-07T14:56:35","date_gmt":"2024-03-07T13:56:35","guid":{"rendered":"https:\/\/secureus.se\/optex-flx-p-dt-x5-flipx-professional-pir-detektor-med-dubbla-tekniker-for-inomhusbruk-med-mikrovagsugn-vit\/"},"modified":"2025-12-31T21:09:00","modified_gmt":"2025-12-31T20:09:00","slug":"optex-flx-p-dt-x5","status":"publish","type":"product","link":"https:\/\/secureus.se\/no\/optex-flx-p-dt-x5\/","title":{"rendered":"Optex FLX-P-DT-X5 FlipX Professional Kombinasjonsdetektorer PIR+mikrob\u00f8lgeovn 15 meter vinkel eller lang rekkevidde 24 meter"},"content":{"rendered":"<h1><strong>Optex FLX-P-DT-X5 FlipX - Avansert PIR- og mikrob\u00f8lgeteknologi for innend\u00f8rs bruk<\/strong><\/h1>\n<p>Optex FLX-P-DT-X5 FlipX er en profesjonell innend\u00f8rs bevegelsesdetektor som bruker en kombinasjon av PIR (passiv infrar\u00f8d) og mikrob\u00f8lgeteknologi for \u00e5 sikre p\u00e5litelig og n\u00f8yaktig bevegelsesdeteksjon.<\/p>\n<p>Detektoren er designet for \u00e5 gi p\u00e5litelig sikkerhet og effektivitet i en rekke milj\u00f8er, fra boliger til kommersielle anlegg.<\/p>\n<p><strong>Doble teknikker for h\u00f8yere presisjon:<\/strong> FLX-P-DT-X5 FlipX bruker b\u00e5de PIR- og mikrob\u00f8lgeteknologi for \u00e5 optimalisere deteksjonen.<\/p>\n<p>PIR-teknologi fanger opp bevegelse gjennom endringer i infrar\u00f8d str\u00e5ling, mens mikrob\u00f8lgeteknologi bruker radiob\u00f8lger til \u00e5 oppdage bevegelse selv bak gjenstander og vegger.<\/p>\n<p>Denne doble teknologien gj\u00f8r at detektoren kan identifisere bevegelse n\u00f8yaktig og minimere risikoen for falske alarmer.<\/p>\n<p><strong>Vendbar linse for bredere dekning:<\/strong> En av de mest bemerkelsesverdige egenskapene til FlipX-modellen er den vendbare linsen.<\/p>\n<p>Ved ganske enkelt \u00e5 vri p\u00e5 linsen kan brukeren justere dekningsomr\u00e5det til detektoren og tilpasse det til spesifikke behov.<\/p>\n<p>Dette gir ekstra fleksibilitet i installasjonen og gj\u00f8r det enklere \u00e5 optimalisere dekningen for et st\u00f8rre omr\u00e5de.<\/p>\n<p><strong>Forbedret deteksjonsteknologi:<\/strong> Detektoren er utstyrt med en raffinert sf\u00e6risk linse som forbedrer registreringen av bevegelse over hele synsfeltet til detektoren.<\/p>\n<p>Linsen gir en bredere og mer n\u00f8yaktig deteksjonssone, noe som gj\u00f8r det lettere \u00e5 fange bevegelser i alle deler av rommet. Med en deteksjonsvinkel p\u00e5 180 grader kan FLX-P-DT-X5 FlipX effektivt overv\u00e5ke et stort omr\u00e5de, noe som gj\u00f8r den ideell for st\u00f8rre rom eller \u00e5pne omr\u00e5der.<\/p>\n<p><strong>LED-indikator og brukervennlighet:<\/strong> For \u00e5 gi rask tilbakemelding p\u00e5 enhetens status er FLX-P-DT-X5 FlipX utstyrt med en LED-indikator som tydelig viser n\u00e5r detektoren er aktiv eller ikke.<\/p>\n<p>Fargen p\u00e5 LED-en gj\u00f8r det enkelt \u00e5 identifisere enhetens status, noe som letter installasjon og administrasjon. Det er ogs\u00e5 mulig \u00e5 justere f\u00f8lsomheten og konfigurere detektoren via det brukervennlige grensesnittet for enda st\u00f8rre presisjon.<\/p>\n<p><strong>SMDA Logic for Intelligence and Flexibility:<\/strong> En annen avansert funksjon i FlipX er den patenterte SMDA-logikken (Super Multi-Dimensional Analysis).<\/p>\n<p>Denne intelligente teknologien gj\u00f8r at detektoren kan analysere bevegelser mer n\u00f8yaktig og n\u00f8yaktig. SMDA-logikken filtrerer bort un\u00f8dvendige bevegelser, som sm\u00e5 dyr eller vibrasjoner, og gj\u00f8r det mulig for detektoren \u00e5 fokusere p\u00e5 reelle trusler og inntrenging.<\/p>\n<p><strong>Human Capture Element:<\/strong> Detektoren har et spesifikt fangeelement designet for \u00e5 oppdage menneskelig bevegelse med h\u00f8y n\u00f8yaktighet.<\/p>\n<p>Dette gj\u00f8r at FLX-P-DT-X5 kan skille mellom mennesker og andre gjenstander som beveger seg i omr\u00e5det, og minimerer risikoen for falske alarmer for\u00e5rsaket av sm\u00e5 dyr eller andre u\u00f8nskede bevegelser.<\/p>\n<p><strong>Fleksibel installasjon og tilpassbar dekning:<\/strong> FlipX-modellen er enkel \u00e5 installere og kan monteres i forskjellige milj\u00f8er.<\/p>\n<p>Den justerbare og reversible linsen gj\u00f8r det mulig \u00e5 justere deteksjonsomr\u00e5det etter behov og s\u00f8rger for at alle viktige omr\u00e5der dekkes. Detektoren er ogs\u00e5 kompatibel med andre sikkerhetssystemer og kan enkelt integreres i en st\u00f8rre sikkerhetsl\u00f8sning.<\/p>\n<p><strong>Lang levetid og p\u00e5litelighet:<\/strong> Optex FLX-P-DT-X5 FlipX er designet for langtidsbruk og har en robust konstruksjon for \u00e5 vare i \u00e5revis.<\/p>\n<p>Den er designet for \u00e5 gi stabil ytelse og lang levetid, noe som gj\u00f8r den til en p\u00e5litelig sikkerhetsl\u00f8sning for b\u00e5de bolig- og n\u00e6ringseiendommer.<\/p>\n<p><strong>Spesifikasjoner:<\/strong><\/p>\n<ul>\n<li><strong>Teknikk:<\/strong> PIR + Mikrob\u00f8lgeovn<\/li>\n<li><strong>Deteksjonsvinkel:<\/strong> 180 grader<\/li>\n<li><strong>Raffinert sf\u00e6risk linse for bred dekning<\/strong><\/li>\n<li><strong>LED-indikator med lett synlig farge<\/strong><\/li>\n<li><strong>Element for menneskelig bevegelsesfangst<\/strong><\/li>\n<li><strong>Vendbar linse for justerbar dekning<\/strong><\/li>\n<li><strong>SMDA-logikk for intelligente analyser<\/strong><\/li>\n<li><strong>Driftstemperatur:<\/strong> -10\u00b0C til +50\u00b0C<\/li>\n<li><strong>Batteritid:<\/strong> Lang levetid<\/li>\n<li><strong>Installasjon:<\/strong> Enkel og fleksibel, kan monteres p\u00e5 forskjellige m\u00e5ter<\/li>\n<\/ul>\n<p>&nbsp;<\/p>","protected":false},"excerpt":{"rendered":"<p>Optex FLX-P-DT-X5 FlipX er en avansert PIR-detektor for innend\u00f8rs bruk med doble teknologier \u2013 PIR og mikrob\u00f8lgeteknologi.<\/p>\n<p>Designet for \u00e5 gi h\u00f8y p\u00e5litelighet og n\u00f8yaktig deteksjon med en reversibel linse og forbedret sf\u00e6risk linse for bred dekning.<\/p>","protected":false},"featured_media":138481,"template":"","meta":{"_acf_changed":false},"product_brand":[],"product_cat":[1325],"product_tag":[2989,2145,2465],"class_list":{"0":"post-138484","1":"product","2":"type-product","3":"status-publish","4":"has-post-thumbnail","6":"product_cat-larmgivare-skalskydd","7":"product_tag-egen-logo-ej-taggar-kort","8":"product_tag-rorelsedetektor-ir-detektorer","9":"product_tag-sbsc-larmklass2","10":"product_shipping_class-postnord-varubrev","11":"pa_brands-optex","12":"tm-no-options","14":"first","15":"onbackorder","16":"featured","17":"taxable","18":"shipping-taxable","19":"purchasable","20":"product-type-simple"},"acf":[],"_links":{"self":[{"href":"https:\/\/secureus.se\/no\/wp-json\/wp\/v2\/product\/138484","targetHints":{"allow":["GET"]}}],"collection":[{"href":"https:\/\/secureus.se\/no\/wp-json\/wp\/v2\/product"}],"about":[{"href":"https:\/\/secureus.se\/no\/wp-json\/wp\/v2\/types\/product"}],"wp:featuredmedia":[{"embeddable":true,"href":"https:\/\/secureus.se\/no\/wp-json\/wp\/v2\/media\/138481"}],"wp:attachment":[{"href":"https:\/\/secureus.se\/no\/wp-json\/wp\/v2\/media?parent=138484"}],"wp:term":[{"taxonomy":"product_brand","embeddable":true,"href":"https:\/\/secureus.se\/no\/wp-json\/wp\/v2\/product_brand?post=138484"},{"taxonomy":"product_cat","embeddable":true,"href":"https:\/\/secureus.se\/no\/wp-json\/wp\/v2\/product_cat?post=138484"},{"taxonomy":"product_tag","embeddable":true,"href":"https:\/\/secureus.se\/no\/wp-json\/wp\/v2\/product_tag?post=138484"}],"curies":[{"name":"wp","href":"https:\/\/api.w.org\/{rel}","templated":true}]}}