{"id":138490,"date":"2024-01-11T12:35:11","date_gmt":"2024-01-11T11:35:11","guid":{"rendered":"https:\/\/secureus.se\/exxact-stromstallare-utvandig-valfri-gravyr-oppnaknapp-logo\/"},"modified":"2025-11-26T15:08:48","modified_gmt":"2025-11-26T14:08:48","slug":"exxact-stromstallare-utvandig-valfri-gravyr-oppnaknapp-logo","status":"publish","type":"product","link":"https:\/\/secureus.se\/no\/exxact-stromstallare-utvandig-valfri-gravyr-oppnaknapp-logo\/","title":{"rendered":"Exxact Switch Eksteri\u00f8r - Valgfri gravering &quot;Open Button&quot;-logo"},"content":{"rendered":"<p>\u00c5pne-knapp, lukkefunksjon og fj\u00e6ring med ditt valg av design \u2013 Pr\u00f8vetrykk kommer alltid p\u00e5 nye produkter. V\u00e6r oppmerksom p\u00e5 at graveringen er 1-farget.<\/p>\n<p>Leveringstid er 2-5 dager og prisene inkluderer gravering og design.<\/p>\n<p>Hvis du vil at de \u00e5pne knappene skal legges ut p\u00e5 ditt kundeunike lag, gi oss beskjed.<\/p>\n<p>&nbsp;<\/p>","protected":false},"excerpt":{"rendered":"<p>\u00c5pne-knapp, lukkefunksjon og fj\u00e6ring med ditt valg av design \u2013 Pr\u00f8ver kommer alltid p\u00e5 nye produkter. V\u00e6r oppmerksom p\u00e5 at graveringen er 1-farget. Leveringstiden er 2\u20135 dager, og prisene inkluderer gravering.<\/p>","protected":false},"featured_media":138478,"template":"","meta":{"_acf_changed":false},"product_brand":[],"product_cat":[1830,4826],"product_tag":[2989,2936,2937],"class_list":{"0":"post-138490","1":"product","2":"type-product","3":"status-publish","4":"has-post-thumbnail","6":"product_cat-brandknappar","7":"product_cat-exxact","8":"product_tag-egen-logo-ej-taggar-kort","9":"product_tag-oppna-brand-design-produkt","10":"product_tag-oppnaknappar","11":"product_shipping_class-postnord-varubrev","12":"pa_brands-schneider-electric","13":"tm-has-options","15":"first","16":"instock","17":"featured","18":"taxable","19":"shipping-taxable","20":"purchasable","21":"product-type-simple"},"acf":[],"_links":{"self":[{"href":"https:\/\/secureus.se\/no\/wp-json\/wp\/v2\/product\/138490","targetHints":{"allow":["GET"]}}],"collection":[{"href":"https:\/\/secureus.se\/no\/wp-json\/wp\/v2\/product"}],"about":[{"href":"https:\/\/secureus.se\/no\/wp-json\/wp\/v2\/types\/product"}],"wp:featuredmedia":[{"embeddable":true,"href":"https:\/\/secureus.se\/no\/wp-json\/wp\/v2\/media\/138478"}],"wp:attachment":[{"href":"https:\/\/secureus.se\/no\/wp-json\/wp\/v2\/media?parent=138490"}],"wp:term":[{"taxonomy":"product_brand","embeddable":true,"href":"https:\/\/secureus.se\/no\/wp-json\/wp\/v2\/product_brand?post=138490"},{"taxonomy":"product_cat","embeddable":true,"href":"https:\/\/secureus.se\/no\/wp-json\/wp\/v2\/product_cat?post=138490"},{"taxonomy":"product_tag","embeddable":true,"href":"https:\/\/secureus.se\/no\/wp-json\/wp\/v2\/product_tag?post=138490"}],"curies":[{"name":"wp","href":"https:\/\/api.w.org\/{rel}","templated":true}]}}