{"id":139670,"date":"2023-09-26T13:07:14","date_gmt":"2023-09-26T11:07:14","guid":{"rendered":"https:\/\/secureus.se\/elslutbleck-step-28e-hoger-omvand-24v-12mm-regel\/"},"modified":"2026-04-08T16:31:08","modified_gmt":"2026-04-08T14:31:08","slug":"elslutbleck-step-28e-hoger-omvand-24v-12mm-regel","status":"publish","type":"product","link":"https:\/\/secureus.se\/no\/elslutbleck-step-28e-hoger-omvand-24v-12mm-regel\/","title":{"rendered":"Elektrisk endeplate STEP 28E H\u00f8yre Revers 24V 12mm Rulle"},"content":{"rendered":"<h1>Elektrisk endeplate STEP 28E H\u00f8yre Revers 24V 12mm Rulle<\/h1>\n<p>TRINN 28E Sikker elektrisk sluttstykke med reversfunksjon for h\u00f8yrehengte d\u00f8rer.<\/p>\n<p>Tilpasset 12 mm stempel i Modul-serien, 24V DC.<\/p>\n<p>Brannklassifisert E\/EI 60, manipulasjonssikker og klar for adgangskontrollsystemer. Leveres med 5 m halogenfri kabel.<\/p>\n<p class=\"\" data-start=\"421\" data-end=\"878\">STEP 28E Secure elektrisk sluttstykke er et h\u00f8ysikkerhets elektrisk sluttstykke som kombinerer krav til innbruddsbeskyttelse, brannklassifisering og r\u00f8mningsevne i en robust pakke.<\/p>\n<p class=\"\" data-start=\"421\" data-end=\"878\">Denne versjonen er beregnet for h\u00f8yrehengte d\u00f8rer og brukes sammen med boltel\u00e5ser med 12 mm stempel fra Modul-serien.<\/p>\n<p class=\"\" data-start=\"421\" data-end=\"878\">Platen er utstyrt med en reversfunksjon \u2013 som betyr at den er l\u00e5st i spenningsl\u00f8s posisjon, en viktig funksjon i sikkerhetsklassifiserte installasjoner.<\/p>\n<p class=\"\" data-start=\"880\" data-end=\"1168\">STEP 28E Secure er sertifisert etter brannklasse E\/EI 60 og brukes ofte i d\u00f8rmilj\u00f8er med krav etter SS-EN 179.<\/p>\n<p class=\"\" data-start=\"880\" data-end=\"1168\">Takket v\u00e6re innebygd indikasjon for d\u00f8rstatus (\u00e5pen\/lukket) og l\u00e5sestatus (l\u00e5st\/ul\u00e5st) kan panelet enkelt integreres med adgangskontrollsystemer, alarmer eller andre overv\u00e5kingsl\u00f8sninger.<\/p>\n<p class=\"\" data-start=\"1170\" data-end=\"1503\">Med en bruddstyrke p\u00e5 over 15 kN og motstand mot stripetrykk p\u00e5 opptil 500 kg, er dette en meget slitesterk og slagsikker l\u00f8sning.<\/p>\n<p class=\"\" data-start=\"1170\" data-end=\"1503\">Den rustfrie st\u00e5lkonstruksjonen bidrar til lang levetid selv i utsatte milj\u00f8er.<\/p>\n<p class=\"\" data-start=\"1170\" data-end=\"1503\">Produktet er b\u00e5de byggevarevurdert og godkjent av SundaHus og leveres komplett med 5 meter halogenfri tilkoblingskabel.<\/p>\n<p class=\"\" data-start=\"1505\" data-end=\"1629\">Driftsspenningen er 24V DC, noe som gj\u00f8r panelet perfekt for moderne sikkerhetssystemer i kommersielle eller offentlige bygninger.<\/p>","protected":false},"excerpt":{"rendered":"<p>Her kan du se hvilke stolper og modeller som passer sammen fra STEP-serien med elektriske d\u00f8rstoppere.<\/p>\n<h5><strong><a href=\"https:\/\/steplock.com\/sv\/stolpguide\/#!?lang=sv&amp;blog_id=1&amp;paged=1&amp;number=50\" target=\"_blank\" rel=\"noopener\">TRINN Postveiledning\u00a0<\/a><\/strong><\/h5>\n<h5><strong><a href=\"https:\/\/steplock.com\/sv\/projekteringsguide\/#!?lang=sv&amp;blog_id=1&amp;paged=1&amp;number=999\" target=\"_blank\" rel=\"noopener\">STEP design guide<\/a><\/strong><\/h5>","protected":false},"featured_media":139668,"template":"","meta":{"_acf_changed":false},"product_brand":[],"product_cat":[3355],"product_tag":[4197,4201],"class_list":{"0":"post-139670","1":"product","2":"type-product","3":"status-publish","4":"has-post-thumbnail","6":"product_cat-elslutbleck","7":"product_tag-24v","8":"product_tag-omvand","9":"product_shipping_class-tunga-paket","10":"pa_brands-step","11":"tm-no-options","13":"first","14":"onbackorder","15":"sale","16":"taxable","17":"shipping-taxable","18":"purchasable","19":"product-type-simple"},"acf":[],"_links":{"self":[{"href":"https:\/\/secureus.se\/no\/wp-json\/wp\/v2\/product\/139670","targetHints":{"allow":["GET"]}}],"collection":[{"href":"https:\/\/secureus.se\/no\/wp-json\/wp\/v2\/product"}],"about":[{"href":"https:\/\/secureus.se\/no\/wp-json\/wp\/v2\/types\/product"}],"wp:featuredmedia":[{"embeddable":true,"href":"https:\/\/secureus.se\/no\/wp-json\/wp\/v2\/media\/139668"}],"wp:attachment":[{"href":"https:\/\/secureus.se\/no\/wp-json\/wp\/v2\/media?parent=139670"}],"wp:term":[{"taxonomy":"product_brand","embeddable":true,"href":"https:\/\/secureus.se\/no\/wp-json\/wp\/v2\/product_brand?post=139670"},{"taxonomy":"product_cat","embeddable":true,"href":"https:\/\/secureus.se\/no\/wp-json\/wp\/v2\/product_cat?post=139670"},{"taxonomy":"product_tag","embeddable":true,"href":"https:\/\/secureus.se\/no\/wp-json\/wp\/v2\/product_tag?post=139670"}],"curies":[{"name":"wp","href":"https:\/\/api.w.org\/{rel}","templated":true}]}}