{"id":139699,"date":"2023-09-26T13:06:55","date_gmt":"2023-09-26T11:06:55","guid":{"rendered":"https:\/\/secureus.se\/elslutbleck-step-30-rattvand-12v-kolvkontakt\/"},"modified":"2026-04-23T12:56:42","modified_gmt":"2026-04-23T10:56:42","slug":"elslutbleck-step-30-rattvand-12v-kolvkontakt","status":"publish","type":"product","link":"https:\/\/secureus.se\/no\/elslutbleck-step-30-rattvand-12v-kolvkontakt\/","title":{"rendered":"Elektrisk klemmeark TRINN 30 H\u00f8yrevendt 12V Stempelkontakt"},"content":{"rendered":"<h1>Elektrisk klemmeark TRINN 30 H\u00f8yrevendt 12V Stempelkontakt<\/h1>\n<p>STEP 30 Preload er et minimalt elektrisk sluttstykke med stempelkontakt, designet for \u00e5 erstatte eldre enkle elektriske sluttstykker og skape et p\u00e5litelig d\u00f8rmilj\u00f8.<\/p>\n<p>Utstyrt med HPR\u00ae-teknologi og bruddstyrke p\u00e5 500 kg.<\/p>\n<p class=\"\" data-start=\"397\" data-end=\"826\">STEP 30 Preload elektrisk sluttstykke er et kompakt og p\u00e5litelig elektrisk sluttstykke som er perfekt for \u00e5 erstatte eldre eller enklere elektriske sluttstykker og gi et sikkert d\u00f8rmilj\u00f8, selv i eldre d\u00f8rseksjoner og utsparinger.<\/p>\n<p class=\"\" data-start=\"397\" data-end=\"826\">STEP 30 Preload er utstyrt med STEPs patenterte stripetrykkteknologi, som gj\u00f8r at d\u00f8ren alltid kan \u00e5pnes, selv om den utsettes for trykk.<\/p>\n<p class=\"\" data-start=\"397\" data-end=\"826\">Dette gj\u00f8r den til en p\u00e5litelig l\u00f8sning for b\u00e5de nye og eldre d\u00f8rsystemer.<\/p>\n<p class=\"\" data-start=\"828\" data-end=\"1290\">Med en bruddstyrke p\u00e5 5 kN (ca. 500 kg) garanterer STEP 30 b\u00e5de p\u00e5litelighet og langsiktig holdbarhet.<\/p>\n<p class=\"\" data-start=\"828\" data-end=\"1290\">Den har en reversibel funksjon, hvor d\u00f8ren l\u00e5ses opp i spenningsl\u00f8s stilling, som gj\u00f8r at den kan \u00e5pnes raskt og enkelt om n\u00f8dvendig.<\/p>\n<p class=\"\" data-start=\"828\" data-end=\"1290\">Den innebygde stempelbryteren gir indikasjon p\u00e5 d\u00f8rens lukket\/\u00e5pen status, noe som gj\u00f8r integrasjon med adgangskontrollsystemer og alarmsystemer enkel.<\/p>\n<p class=\"\" data-start=\"828\" data-end=\"1290\">STEP 30 er ogs\u00e5 slagsikker og vendbar for \u00e5 passe b\u00e5de h\u00f8yre og venstre d\u00f8rer.<\/p>\n<p class=\"\" data-start=\"1292\" data-end=\"1307\"><strong data-start=\"1292\" data-end=\"1307\">Kjennetegn:<\/strong><\/p>\n<ul data-start=\"1308\" data-end=\"1735\">\n<li class=\"\" data-start=\"1308\" data-end=\"1352\">\n<p class=\"\" data-start=\"1310\" data-end=\"1352\">H\u00f8yrevendt funksjon (l\u00e5st opp i str\u00f8ml\u00f8s modus)<\/p>\n<\/li>\n<li class=\"\" data-start=\"1353\" data-end=\"1408\">\n<p class=\"\" data-start=\"1355\" data-end=\"1408\">Stempelkontakt. D\u00f8rstatusindikasjon (lukket\/\u00e5pen)<\/p>\n<\/li>\n<li class=\"\" data-start=\"1409\" data-end=\"1447\">\n<p class=\"\" data-start=\"1411\" data-end=\"1447\">Innebygd beskyttelsesdiode for \u00f8kt sikkerhet<\/p>\n<\/li>\n<li class=\"\" data-start=\"1448\" data-end=\"1485\">\n<p class=\"\" data-start=\"1450\" data-end=\"1485\">Bruddstyrke p\u00e5 5 kN (ca. 500 kg)<\/p>\n<\/li>\n<li class=\"\" data-start=\"1486\" data-end=\"1588\">\n<p class=\"\" data-start=\"1488\" data-end=\"1588\">Garanterer \u00e5pning til tross for stripetrykk p\u00e5 opptil 0,4 kN (ca. 40 kg) i b\u00e5de forover- og reversfunksjon<\/p>\n<\/li>\n<li class=\"\" data-start=\"1589\" data-end=\"1648\">\n<p class=\"\" data-start=\"1591\" data-end=\"1648\">Bankesikker og vendbar for b\u00e5de h\u00f8yre- og venstred\u00f8rer<\/p>\n<\/li>\n<li class=\"\" data-start=\"1649\" data-end=\"1691\">\n<p class=\"\" data-start=\"1651\" data-end=\"1691\">Egnet for enkeltfl\u00f8yede og tofl\u00f8yede l\u00e5ser<\/p>\n<\/li>\n<li class=\"\" data-start=\"1692\" data-end=\"1735\">\n<p class=\"\" data-start=\"1694\" data-end=\"1735\">5 meter halogenfri tilkoblingskabel f\u00f8lger med<\/p>\n<\/li>\n<\/ul>\n<p class=\"\" data-start=\"1737\" data-end=\"1766\"><strong data-start=\"1737\" data-end=\"1766\">Tekniske spesifikasjoner:<\/strong><\/p>\n<ul data-start=\"1767\" data-end=\"2436\">\n<li class=\"\" data-start=\"1767\" data-end=\"1874\">\n<p class=\"\" data-start=\"1769\" data-end=\"1874\">Str\u00f8mforsyning: 24 V DC (+15% -10%) 110 mAh \/ maks 300 mA eller 12 V DC (+15% -10%) 220 mAh \/ maks 600 mA<\/p>\n<\/li>\n<li class=\"\" data-start=\"1875\" data-end=\"1938\">\n<p class=\"\" data-start=\"1877\" data-end=\"1938\">Stempelkontakt: Mikrobryter enpolet alternerende, maks. 30V DC, 1A<\/p>\n<\/li>\n<li class=\"\" data-start=\"1939\" data-end=\"1979\">\n<p class=\"\" data-start=\"1941\" data-end=\"1979\">Holdbarhet: Grad X i henhold til SS-EN 14846<\/p>\n<\/li>\n<li class=\"\" data-start=\"1980\" data-end=\"2019\">\n<p class=\"\" data-start=\"1982\" data-end=\"2019\">Korrosjon: Grad M i henhold til SS-EN 14846<\/p>\n<\/li>\n<li class=\"\" data-start=\"2020\" data-end=\"2058\">\n<p class=\"\" data-start=\"2022\" data-end=\"2058\">Sikkerhet: Grad 3 i henhold til SS-EN 14846<\/p>\n<\/li>\n<li class=\"\" data-start=\"2059\" data-end=\"2084\">\n<p class=\"\" data-start=\"2061\" data-end=\"2084\">Bruddstyrke: 500 kg<\/p>\n<\/li>\n<li class=\"\" data-start=\"2085\" data-end=\"2115\">\n<p class=\"\" data-start=\"2087\" data-end=\"2115\">D\u00f8rhengsel: H\u00f8yre, Venstre<\/p>\n<\/li>\n<li class=\"\" data-start=\"2116\" data-end=\"2134\">\n<p class=\"\" data-start=\"2118\" data-end=\"2134\">Kabel inkludert: Nei<\/p>\n<\/li>\n<li class=\"\" data-start=\"2135\" data-end=\"2153\">\n<p class=\"\" data-start=\"2137\" data-end=\"2153\">Listetrykk: 40 kg<\/p>\n<\/li>\n<li class=\"\" data-start=\"2154\" data-end=\"2189\">\n<p class=\"\" data-start=\"2156\" data-end=\"2189\">L\u00e5stype: Enkel l\u00e5s, Dobbel l\u00e5s<\/p>\n<\/li>\n<li class=\"\" data-start=\"2190\" data-end=\"2245\">\n<p class=\"\" data-start=\"2192\" data-end=\"2245\">Produktdimensjoner: Bredde: 20,5 mm, Dybde: 28 mm, H\u00f8yde: 99 mm<\/p>\n<\/li>\n<li class=\"\" data-start=\"2246\" data-end=\"2263\">\n<p class=\"\" data-start=\"2248\" data-end=\"2263\">Stempelkontakt: Ja<\/p>\n<\/li>\n<li class=\"\" data-start=\"2264\" data-end=\"2284\">\n<p class=\"\" data-start=\"2266\" data-end=\"2284\">Spenning AC\/DC: DC<\/p>\n<\/li>\n<li class=\"\" data-start=\"2285\" data-end=\"2307\">\n<p class=\"\" data-start=\"2287\" data-end=\"2307\">Spenning maks: 13,8 V<\/p>\n<\/li>\n<li class=\"\" data-start=\"2308\" data-end=\"2330\">\n<p class=\"\" data-start=\"2310\" data-end=\"2330\">Spenning min: 10,8 V<\/p>\n<\/li>\n<li class=\"\" data-start=\"2331\" data-end=\"2359\">\n<p class=\"\" data-start=\"2333\" data-end=\"2359\">Farge\/finish: Rustfritt st\u00e5l<\/p>\n<\/li>\n<li class=\"\" data-start=\"2360\" data-end=\"2380\">\n<p class=\"\" data-start=\"2362\" data-end=\"2380\">Byggeprodukt vurdert: Ja<\/p>\n<\/li>\n<li class=\"\" data-start=\"2381\" data-end=\"2402\">\n<p class=\"\" data-start=\"2383\" data-end=\"2402\">EPD-verifisert: Nei<\/p>\n<\/li>\n<li class=\"\" data-start=\"2403\" data-end=\"2415\">\n<p class=\"\" data-start=\"2405\" data-end=\"2415\">FINFO: Nei<\/p>\n<\/li>\n<li class=\"\" data-start=\"2416\" data-end=\"2436\">\n<p class=\"\" data-start=\"2418\" data-end=\"2436\">SundaHouse vurdert: Ja<\/p>\n<\/li>\n<\/ul>","protected":false},"excerpt":{"rendered":"<p>Her kan du se hvilke stolper og modeller som passer sammen fra STEP-serien med elektriske d\u00f8rstoppere.<\/p>\n<h5><strong><a href=\"https:\/\/steplock.com\/sv\/stolpguide\/#!?lang=sv&amp;blog_id=1&amp;paged=1&amp;number=50\" target=\"_blank\" rel=\"noopener\">TRINN Postveiledning\u00a0<\/a><\/strong><\/h5>\n<h5><strong><a href=\"https:\/\/steplock.com\/sv\/projekteringsguide\/#!?lang=sv&amp;blog_id=1&amp;paged=1&amp;number=999\" target=\"_blank\" rel=\"noopener\">STEP design guide<\/a><\/strong><\/h5>","protected":false},"featured_media":139697,"template":"","meta":{"_acf_changed":false},"product_brand":[],"product_cat":[3355],"product_tag":[4198,4200],"class_list":{"0":"post-139699","1":"product","2":"type-product","3":"status-publish","4":"has-post-thumbnail","6":"product_cat-elslutbleck","7":"product_tag-12v","8":"product_tag-rattvand","9":"product_shipping_class-tunga-paket","10":"pa_brands-step","11":"tm-no-options","13":"first","14":"onbackorder","15":"sale","16":"taxable","17":"shipping-taxable","18":"purchasable","19":"product-type-simple"},"acf":[],"_links":{"self":[{"href":"https:\/\/secureus.se\/no\/wp-json\/wp\/v2\/product\/139699","targetHints":{"allow":["GET"]}}],"collection":[{"href":"https:\/\/secureus.se\/no\/wp-json\/wp\/v2\/product"}],"about":[{"href":"https:\/\/secureus.se\/no\/wp-json\/wp\/v2\/types\/product"}],"wp:featuredmedia":[{"embeddable":true,"href":"https:\/\/secureus.se\/no\/wp-json\/wp\/v2\/media\/139697"}],"wp:attachment":[{"href":"https:\/\/secureus.se\/no\/wp-json\/wp\/v2\/media?parent=139699"}],"wp:term":[{"taxonomy":"product_brand","embeddable":true,"href":"https:\/\/secureus.se\/no\/wp-json\/wp\/v2\/product_brand?post=139699"},{"taxonomy":"product_cat","embeddable":true,"href":"https:\/\/secureus.se\/no\/wp-json\/wp\/v2\/product_cat?post=139699"},{"taxonomy":"product_tag","embeddable":true,"href":"https:\/\/secureus.se\/no\/wp-json\/wp\/v2\/product_tag?post=139699"}],"curies":[{"name":"wp","href":"https:\/\/api.w.org\/{rel}","templated":true}]}}