{"id":139728,"date":"2023-09-26T13:06:34","date_gmt":"2023-09-26T11:06:34","guid":{"rendered":"https:\/\/secureus.se\/elslutbleck-step-30-omstallbar-12v\/"},"modified":"2026-04-23T13:00:14","modified_gmt":"2026-04-23T11:00:14","slug":"elslutbleck-step-30-omstallbar-12v","status":"publish","type":"product","link":"https:\/\/secureus.se\/no\/elslutbleck-step-30-omstallbar-12v\/","title":{"rendered":"Elektrisk termineringsplate TRINN 30 Bryterbar 12V"},"content":{"rendered":"<h1>Elektrisk termineringsplate TRINN 30 Bryterbar 12V<\/h1>\n<p>Elektrisk sluttstykke STEP 30 Preload er et minimalt elektrisk sluttstykke som sikrer p\u00e5litelig d\u00f8rfunksjon i b\u00e5de eldre og nye d\u00f8rsystemer.<\/p>\n<p>Utstyrt med stripetrykkteknologi og en bruddstyrke p\u00e5 opptil 500 kg, \u00e5pner den selv med trykk p\u00e5 opptil 40 kg.<\/p>\n<p class=\"\" data-start=\"401\" data-end=\"752\">STEP 30 Preload elektrisk sluttstykke er det optimale valget for \u00e5 erstatte eksisterende enkle elektriske sluttstykker og skape et p\u00e5litelig d\u00f8rmilj\u00f8, selv i eldre d\u00f8rseksjoner og utsparinger.<\/p>\n<p class=\"\" data-start=\"401\" data-end=\"752\">Med et kompakt design og STEPs patenterte stripetrykkteknologi s\u00f8rger STEP 30 for at d\u00f8ren alltid kan \u00e5pnes, selv n\u00e5r den utsettes for trykk p\u00e5 opptil 40 kg.<\/p>\n<p class=\"\" data-start=\"754\" data-end=\"1074\">Denne elektriske strikken har en bruddstyrke p\u00e5 5 kN (ca. 500 kg) og er en del av STEPs Preload-serie, noe som gj\u00f8r den perfekt for rom som krever h\u00f8y \u00e5pningsfrekvens og driftssikkerhet.<\/p>\n<p class=\"\" data-start=\"754\" data-end=\"1074\">STEP 30 kan enkelt monteres i b\u00e5de forover- og reversdrift og er designet for \u00e5 passe b\u00e5de h\u00f8yre- og venstrehengte d\u00f8rer.<\/p>\n<p class=\"\" data-start=\"1076\" data-end=\"1091\"><strong data-start=\"1076\" data-end=\"1091\">Kjennetegn:<\/strong><\/p>\n<ul data-start=\"1092\" data-end=\"1430\">\n<li class=\"\" data-start=\"1092\" data-end=\"1171\">\n<p class=\"\" data-start=\"1094\" data-end=\"1171\">Byttbar forover- eller reversfunksjon (l\u00e5st eller ul\u00e5st i spenningsl\u00f8s modus)<\/p>\n<\/li>\n<li class=\"\" data-start=\"1172\" data-end=\"1190\">\n<p class=\"\" data-start=\"1174\" data-end=\"1190\">Stempelkontakt: Nei<\/p>\n<\/li>\n<li class=\"\" data-start=\"1191\" data-end=\"1229\">\n<p class=\"\" data-start=\"1193\" data-end=\"1229\">Innebygd beskyttelsesdiode for \u00f8kt sikkerhet<\/p>\n<\/li>\n<li class=\"\" data-start=\"1230\" data-end=\"1267\">\n<p class=\"\" data-start=\"1232\" data-end=\"1267\">Bruddstyrke p\u00e5 5 kN (ca. 500 kg)<\/p>\n<\/li>\n<li class=\"\" data-start=\"1268\" data-end=\"1370\">\n<p class=\"\" data-start=\"1270\" data-end=\"1370\">Garanterer \u00e5pning til tross for stripetrykk p\u00e5 opptil 0,4 kN (ca. 40 kg) i b\u00e5de forover- og reversfunksjon<\/p>\n<\/li>\n<li class=\"\" data-start=\"1371\" data-end=\"1430\">\n<p class=\"\" data-start=\"1373\" data-end=\"1430\">Bankesikker og vendbar for b\u00e5de h\u00f8yre- og venstred\u00f8rer<\/p>\n<\/li>\n<\/ul>\n<p class=\"\" data-start=\"1432\" data-end=\"1461\"><strong data-start=\"1432\" data-end=\"1461\">Tekniske spesifikasjoner:<\/strong><\/p>\n<ul data-start=\"1462\" data-end=\"1955\">\n<li class=\"\" data-start=\"1462\" data-end=\"1491\">\n<p class=\"\" data-start=\"1464\" data-end=\"1491\">Bruddstyrke maks: 500 kg<\/p>\n<\/li>\n<li class=\"\" data-start=\"1492\" data-end=\"1522\">\n<p class=\"\" data-start=\"1494\" data-end=\"1522\">D\u00f8rhengsel: H\u00f8yre, Venstre<\/p>\n<\/li>\n<li class=\"\" data-start=\"1523\" data-end=\"1541\">\n<p class=\"\" data-start=\"1525\" data-end=\"1541\">Kabel inkludert: Nei<\/p>\n<\/li>\n<li class=\"\" data-start=\"1542\" data-end=\"1560\">\n<p class=\"\" data-start=\"1544\" data-end=\"1560\">Listetrykk: 40 kg<\/p>\n<\/li>\n<li class=\"\" data-start=\"1561\" data-end=\"1596\">\n<p class=\"\" data-start=\"1563\" data-end=\"1596\">L\u00e5stype: Enkel l\u00e5s, Dobbel l\u00e5s<\/p>\n<\/li>\n<li class=\"\" data-start=\"1597\" data-end=\"1621\">\n<p class=\"\" data-start=\"1599\" data-end=\"1621\">Produktbredde: 20,5 mm<\/p>\n<\/li>\n<li class=\"\" data-start=\"1622\" data-end=\"1642\">\n<p class=\"\" data-start=\"1624\" data-end=\"1642\">Byggeprodukt vurdert: Ja<\/p>\n<\/li>\n<li class=\"\" data-start=\"1643\" data-end=\"1664\">\n<p class=\"\" data-start=\"1645\" data-end=\"1664\">Produktdybde: 28 mm<\/p>\n<\/li>\n<li class=\"\" data-start=\"1665\" data-end=\"1693\">\n<p class=\"\" data-start=\"1667\" data-end=\"1693\">Driftsspenning 12V\/24V: 12V<\/p>\n<\/li>\n<li class=\"\" data-start=\"1694\" data-end=\"1716\">\n<p class=\"\" data-start=\"1696\" data-end=\"1716\">Dobbel vri drop: Nei<\/p>\n<\/li>\n<li class=\"\" data-start=\"1717\" data-end=\"1738\">\n<p class=\"\" data-start=\"1719\" data-end=\"1738\">EPD-verifisert: Nei<\/p>\n<\/li>\n<li class=\"\" data-start=\"1739\" data-end=\"1751\">\n<p class=\"\" data-start=\"1741\" data-end=\"1751\">FINFO: Nei<\/p>\n<\/li>\n<li class=\"\" data-start=\"1752\" data-end=\"1780\">\n<p class=\"\" data-start=\"1754\" data-end=\"1780\">Farge\/finish: Rustfritt st\u00e5l<\/p>\n<\/li>\n<li class=\"\" data-start=\"1781\" data-end=\"1802\">\n<p class=\"\" data-start=\"1783\" data-end=\"1802\">Produkth\u00f8yde: 99 mm<\/p>\n<\/li>\n<li class=\"\" data-start=\"1803\" data-end=\"1821\">\n<p class=\"\" data-start=\"1805\" data-end=\"1821\">Stempelkontakt: Nei<\/p>\n<\/li>\n<li class=\"\" data-start=\"1822\" data-end=\"1867\">\n<p class=\"\" data-start=\"1824\" data-end=\"1867\">Forover\/bakover: Kan byttes forover\/bakover<\/p>\n<\/li>\n<li class=\"\" data-start=\"1868\" data-end=\"1888\">\n<p class=\"\" data-start=\"1870\" data-end=\"1888\">Spenning AC\/DC: DC<\/p>\n<\/li>\n<li class=\"\" data-start=\"1889\" data-end=\"1911\">\n<p class=\"\" data-start=\"1891\" data-end=\"1911\">Spenning maks: 13,8 V<\/p>\n<\/li>\n<li class=\"\" data-start=\"1912\" data-end=\"1934\">\n<p class=\"\" data-start=\"1914\" data-end=\"1934\">Spenning min: 10,8 V<\/p>\n<\/li>\n<li class=\"\" data-start=\"1935\" data-end=\"1955\">\n<p class=\"\" data-start=\"1937\" data-end=\"1955\">SundaHouse vurdert: Ja<\/p>\n<\/li>\n<\/ul>\n<div>\n<p>&nbsp;<\/p>\n<\/div>","protected":false},"excerpt":{"rendered":"<p>Her kan du se hvilke stolper og modeller som passer sammen fra STEP-serien med elektriske d\u00f8rstoppere.<\/p>\n<h5><strong><a href=\"https:\/\/steplock.com\/sv\/stolpguide\/#!?lang=sv&amp;blog_id=1&amp;paged=1&amp;number=50\" target=\"_blank\" rel=\"noopener\">TRINN Postveiledning\u00a0<\/a><\/strong><\/h5>\n<h5><strong><a href=\"https:\/\/steplock.com\/sv\/projekteringsguide\/#!?lang=sv&amp;blog_id=1&amp;paged=1&amp;number=999\" target=\"_blank\" rel=\"noopener\">STEP design guide<\/a><\/strong><\/h5>","protected":false},"featured_media":139726,"template":"","meta":{"_acf_changed":false},"product_brand":[],"product_cat":[3355],"product_tag":[4198,4202],"class_list":{"0":"post-139728","1":"product","2":"type-product","3":"status-publish","4":"has-post-thumbnail","6":"product_cat-elslutbleck","7":"product_tag-12v","8":"product_tag-omstallbar-rattvand-omvand","9":"product_shipping_class-tunga-paket","10":"pa_brands-step","11":"tm-no-options","13":"first","14":"onbackorder","15":"sale","16":"taxable","17":"shipping-taxable","18":"purchasable","19":"product-type-simple"},"acf":[],"_links":{"self":[{"href":"https:\/\/secureus.se\/no\/wp-json\/wp\/v2\/product\/139728","targetHints":{"allow":["GET"]}}],"collection":[{"href":"https:\/\/secureus.se\/no\/wp-json\/wp\/v2\/product"}],"about":[{"href":"https:\/\/secureus.se\/no\/wp-json\/wp\/v2\/types\/product"}],"wp:featuredmedia":[{"embeddable":true,"href":"https:\/\/secureus.se\/no\/wp-json\/wp\/v2\/media\/139726"}],"wp:attachment":[{"href":"https:\/\/secureus.se\/no\/wp-json\/wp\/v2\/media?parent=139728"}],"wp:term":[{"taxonomy":"product_brand","embeddable":true,"href":"https:\/\/secureus.se\/no\/wp-json\/wp\/v2\/product_brand?post=139728"},{"taxonomy":"product_cat","embeddable":true,"href":"https:\/\/secureus.se\/no\/wp-json\/wp\/v2\/product_cat?post=139728"},{"taxonomy":"product_tag","embeddable":true,"href":"https:\/\/secureus.se\/no\/wp-json\/wp\/v2\/product_tag?post=139728"}],"curies":[{"name":"wp","href":"https:\/\/api.w.org\/{rel}","templated":true}]}}