{"id":139753,"date":"2023-09-26T13:07:49","date_gmt":"2023-09-26T11:07:49","guid":{"rendered":"https:\/\/secureus.se\/elslutbleck-step-40-omvand-12v-kolvkontakt\/"},"modified":"2026-04-08T16:10:28","modified_gmt":"2026-04-08T14:10:28","slug":"elslutbleck-step-40-omvand-12v-kolvkontakt","status":"publish","type":"product","link":"https:\/\/secureus.se\/no\/elslutbleck-step-40-omvand-12v-kolvkontakt\/","title":{"rendered":"Elektrisk klemmeark TRINN 40 Omvendt 12V Stempelkontakt"},"content":{"rendered":"<h1>Elektrisk klemmeark TRINN 40 Omvendt 12V Stempelkontakt<\/h1>\n<p>TRINN 40 Forspenning HPR elektrisk sluttstykke med reversfunksjon og stempelkontakt. Tilpasset 12V anlegg. Stilleg\u00e5ende og p\u00e5litelig \u00e5pning selv med 250 kg stripetrykk. Vendbar design.<\/p>\n<p class=\"\" data-start=\"248\" data-end=\"580\">STEP 40 Preload HPR elektrisk sluttstykke kombinerer p\u00e5litelig funksjon, kompakt design og h\u00f8y sikkerhet \u2013 perfekt for dagl\u00e5sing i d\u00f8rmilj\u00f8er med h\u00f8ye krav.<\/p>\n<p class=\"\" data-start=\"248\" data-end=\"580\">Reversfunksjonen (\u00e5pen ved str\u00f8mbrudd) gj\u00f8r den spesielt egnet for r\u00f8mningsveier eller d\u00f8rer hvor det kreves fri passasje ved str\u00f8mbrudd.<\/p>\n<p class=\"\" data-start=\"582\" data-end=\"933\">Takket v\u00e6re STEPs patenterte HPR\u00ae stripetrykkteknologi kan det elektriske sluttstykket l\u00e5ses opp selv n\u00e5r d\u00f8ren utsettes for trykk p\u00e5 opptil 250 kg.<\/p>\n<p class=\"\" data-start=\"582\" data-end=\"933\">Den gir p\u00e5litelig funksjon selv i tunge d\u00f8rmilj\u00f8er med h\u00f8y bruksflyt. STEP 40 er testet i over 1,5 millioner sykluser og har en bruddstyrke p\u00e5 1200 kg, noe som sikrer lang levetid og sikker l\u00e5sing.<\/p>\n<p class=\"\" data-start=\"935\" data-end=\"1220\">Med innebygget stempelkontakt f\u00e5r du en statusindikasjon p\u00e5 om d\u00f8ren er lukket eller \u00e5pen, noe som forenkler integrasjon med adgangskontrollsystemer eller alarmsystemer.<\/p>\n<p class=\"\" data-start=\"935\" data-end=\"1220\">Platen er vendbar og passer til b\u00e5de h\u00f8yre- og venstred\u00f8rer, og kan monteres p\u00e5 l\u00e5sehus i seriene Connect, Modul og Narrow Profile.<\/p>\n<p class=\"\" data-start=\"1222\" data-end=\"1248\"><strong data-start=\"1222\" data-end=\"1248\">Funksjoner og fordeler:<\/strong><\/p>\n<ul data-start=\"1249\" data-end=\"1555\">\n<li class=\"\" data-start=\"1249\" data-end=\"1294\">\n<p class=\"\" data-start=\"1251\" data-end=\"1294\">Reverseringsfunksjon \u2013 \u00e5pen ved str\u00f8mbrudd<\/p>\n<\/li>\n<li class=\"\" data-start=\"1295\" data-end=\"1325\">\n<p class=\"\" data-start=\"1297\" data-end=\"1325\">Stempelbryter for d\u00f8rstatus<\/p>\n<\/li>\n<li class=\"\" data-start=\"1326\" data-end=\"1355\">\n<p class=\"\" data-start=\"1328\" data-end=\"1355\">Bruddstyrke: 1.200 kg<\/p>\n<\/li>\n<li class=\"\" data-start=\"1356\" data-end=\"1389\">\n<p class=\"\" data-start=\"1358\" data-end=\"1389\">T\u00e5ler st\u00f8petrykk opp til 250 kg<\/p>\n<\/li>\n<li class=\"\" data-start=\"1390\" data-end=\"1416\">\n<p class=\"\" data-start=\"1392\" data-end=\"1416\">Patentert HPR\u00ae-teknologi<\/p>\n<\/li>\n<li class=\"\" data-start=\"1417\" data-end=\"1451\">\n<p class=\"\" data-start=\"1419\" data-end=\"1451\">Kompakt og reversibel design<\/p>\n<\/li>\n<li class=\"\" data-start=\"1452\" data-end=\"1483\">\n<p class=\"\" data-start=\"1454\" data-end=\"1483\">Beskyttelsesdiode og bankebeskyttelse<\/p>\n<\/li>\n<li class=\"\" data-start=\"1484\" data-end=\"1517\">\n<p class=\"\" data-start=\"1486\" data-end=\"1517\">For enkelt- eller tofl\u00f8yede l\u00e5ser<\/p>\n<\/li>\n<li class=\"\" data-start=\"1518\" data-end=\"1555\">\n<p class=\"\" data-start=\"1520\" data-end=\"1555\">Byggevarer vurdert og SundaHus vurdert<\/p>\n<\/li>\n<\/ul>","protected":false},"excerpt":{"rendered":"<p>Her kan du se hvilke stolper og modeller som passer sammen fra STEP-serien med elektriske d\u00f8rstoppere.<\/p>\n<h5><strong><a href=\"https:\/\/steplock.com\/sv\/stolpguide\/#!?lang=sv&amp;blog_id=1&amp;paged=1&amp;number=50\" target=\"_blank\" rel=\"noopener\">TRINN Postveiledning\u00a0<\/a><\/strong><\/h5>\n<h5><strong><a href=\"https:\/\/steplock.com\/sv\/projekteringsguide\/#!?lang=sv&amp;blog_id=1&amp;paged=1&amp;number=999\" target=\"_blank\" rel=\"noopener\">STEP design guide<\/a><\/strong><\/h5>","protected":false},"featured_media":139746,"template":"","meta":{"_acf_changed":false},"product_brand":[],"product_cat":[3355],"product_tag":[4198,4201],"class_list":{"0":"post-139753","1":"product","2":"type-product","3":"status-publish","4":"has-post-thumbnail","6":"product_cat-elslutbleck","7":"product_tag-12v","8":"product_tag-omvand","9":"product_shipping_class-tunga-paket","10":"pa_brands-step","11":"tm-no-options","13":"first","14":"onbackorder","15":"sale","16":"taxable","17":"shipping-taxable","18":"purchasable","19":"product-type-simple"},"acf":[],"_links":{"self":[{"href":"https:\/\/secureus.se\/no\/wp-json\/wp\/v2\/product\/139753","targetHints":{"allow":["GET"]}}],"collection":[{"href":"https:\/\/secureus.se\/no\/wp-json\/wp\/v2\/product"}],"about":[{"href":"https:\/\/secureus.se\/no\/wp-json\/wp\/v2\/types\/product"}],"wp:featuredmedia":[{"embeddable":true,"href":"https:\/\/secureus.se\/no\/wp-json\/wp\/v2\/media\/139746"}],"wp:attachment":[{"href":"https:\/\/secureus.se\/no\/wp-json\/wp\/v2\/media?parent=139753"}],"wp:term":[{"taxonomy":"product_brand","embeddable":true,"href":"https:\/\/secureus.se\/no\/wp-json\/wp\/v2\/product_brand?post=139753"},{"taxonomy":"product_cat","embeddable":true,"href":"https:\/\/secureus.se\/no\/wp-json\/wp\/v2\/product_cat?post=139753"},{"taxonomy":"product_tag","embeddable":true,"href":"https:\/\/secureus.se\/no\/wp-json\/wp\/v2\/product_tag?post=139753"}],"curies":[{"name":"wp","href":"https:\/\/api.w.org\/{rel}","templated":true}]}}