{"id":139763,"date":"2023-09-26T13:07:41","date_gmt":"2023-09-26T11:07:41","guid":{"rendered":"https:\/\/secureus.se\/elslutbleck-step-18-vanster-rattvand-12v-9mm-regel-connect\/"},"modified":"2026-03-26T09:50:01","modified_gmt":"2026-03-26T08:50:01","slug":"elslutbleck-step-18-vanster-rattvand-12v-9mm-regel-connect","status":"publish","type":"product","link":"https:\/\/secureus.se\/no\/elslutbleck-step-18-vanster-rattvand-12v-9mm-regel-connect\/","title":{"rendered":"Elektrisk endeplate TRINN 18 Venstre H\u00f8yre vendt 12V 9mm Regel Connect"},"content":{"rendered":"<h1>Elektrisk endeplate TRINN 18 Venstre H\u00f8yre vendt 12V 9mm Regel Connect<\/h1>\n<p>TRINN 18 Secure er et h\u00f8ysikkerhets elektrisk sluttstykke med h\u00f8yreh\u00e5ndsfunksjon for venstrehengte d\u00f8rer.<\/p>\n<p>Tilpasset 9 mm Connect-bolt, branngodkjent inntil E\/EI60 og utstyrt med stempel- og l\u00e5sekontakt.<\/p>\n<p class=\"\" data-start=\"288\" data-end=\"661\">Elektrisk sluttstykke STEP 18 Secure er et avansert elektrisk sluttstykke utviklet for \u00e5 m\u00f8te h\u00f8ye krav til sikkerhet, holdbarhet og funksjon i d\u00f8rmilj\u00f8er som brukes ofte.<\/p>\n<p class=\"\" data-start=\"288\" data-end=\"661\">Produktet er spesielt tilpasset venstrehengte d\u00f8rer med 9 mm bolt i Connect-serien og brukes ofte i sikkerhetsklassifiserte milj\u00f8er som banker, institusjoner og offentlige bygg.<\/p>\n<p class=\"\" data-start=\"663\" data-end=\"968\">Med sin h\u00f8yrevendte funksjon er platen l\u00e5st i spenningsl\u00f8s tilstand, noe som gir ekstra beskyttelse ved for eksempel str\u00f8mbrudd.<\/p>\n<p class=\"\" data-start=\"663\" data-end=\"968\">Den innebygde stempelbryteren og l\u00e5sebryteren muliggj\u00f8r presis statusoverv\u00e5king av d\u00f8rens lukkede\/\u00e5pne og l\u00e5ste\/ul\u00e5ste posisjoner \u2013 perfekt for integrasjon med alarm- og adgangskontrollsystemer.<\/p>\n<p class=\"\" data-start=\"970\" data-end=\"1277\">STEP 18 er brannsertifisert i henhold til E\/EI60 og testet for \u00e5 t\u00e5le et stripetrykk p\u00e5 500 kg og en bruddstyrke p\u00e5 15 kN, noe som garanterer en sikker l\u00e5s selv under trykkforhold.<\/p>\n<p class=\"\" data-start=\"970\" data-end=\"1277\">Arket er manipulasjonssikkert og utstyrt med en innebygd beskyttelsesdiode. En 5 meter halogenfri tilkoblingskabel er inkludert i leveransen.<\/p>\n<p class=\"\" data-start=\"1279\" data-end=\"1307\"><strong data-start=\"1279\" data-end=\"1305\">Funksjoner og fordeler:<\/strong><\/p>\n<ul data-start=\"1308\" data-end=\"1614\">\n<li class=\"\" data-start=\"1308\" data-end=\"1347\">\n<p class=\"\" data-start=\"1310\" data-end=\"1347\">Riktig funksjon (l\u00e5st uten str\u00f8m)<\/p>\n<\/li>\n<li class=\"\" data-start=\"1348\" data-end=\"1399\">\n<p class=\"\" data-start=\"1350\" data-end=\"1399\">For venstrehengte d\u00f8rer med 9 mm Koblingsbolt<\/p>\n<\/li>\n<li class=\"\" data-start=\"1400\" data-end=\"1448\">\n<p class=\"\" data-start=\"1402\" data-end=\"1448\">Stempel og l\u00e5sekontakt for statusoverv\u00e5king<\/p>\n<\/li>\n<li class=\"\" data-start=\"1449\" data-end=\"1472\">\n<p class=\"\" data-start=\"1451\" data-end=\"1472\">Brannklassifisert E\/EI60<\/p>\n<\/li>\n<li class=\"\" data-start=\"1473\" data-end=\"1506\">\n<p class=\"\" data-start=\"1475\" data-end=\"1506\">T\u00e5ler st\u00f8petrykk opp til 500 kg<\/p>\n<\/li>\n<li class=\"\" data-start=\"1507\" data-end=\"1533\">\n<p class=\"\" data-start=\"1509\" data-end=\"1533\">Bruddstyrke: 15 kN<\/p>\n<\/li>\n<li class=\"\" data-start=\"1534\" data-end=\"1576\">\n<p class=\"\" data-start=\"1536\" data-end=\"1576\">Leveres med 5 meter halogenfri kabel<\/p>\n<\/li>\n<li class=\"\" data-start=\"1577\" data-end=\"1614\">\n<p class=\"\" data-start=\"1579\" data-end=\"1614\">Beskyttelsesdiode og overspenningsvern f\u00f8lger med<\/p>\n<\/li>\n<\/ul>","protected":false},"excerpt":{"rendered":"<p>Her kan du se hvilke stolper og modeller som passer sammen fra STEP-serien med elektriske d\u00f8rstoppere.<\/p>\n<h5><strong><a href=\"https:\/\/steplock.com\/sv\/stolpguide\/#!?lang=sv&amp;blog_id=1&amp;paged=1&amp;number=50\" target=\"_blank\" rel=\"noopener\">TRINN Postveiledning\u00a0<\/a><\/strong><\/h5>\n<h5><strong><a href=\"https:\/\/steplock.com\/sv\/projekteringsguide\/#!?lang=sv&amp;blog_id=1&amp;paged=1&amp;number=999\" target=\"_blank\" rel=\"noopener\">STEP design guide<\/a><\/strong><\/h5>","protected":false},"featured_media":139761,"template":"","meta":{"_acf_changed":false},"product_brand":[],"product_cat":[3355],"product_tag":[4198,4200],"class_list":{"0":"post-139763","1":"product","2":"type-product","3":"status-publish","4":"has-post-thumbnail","6":"product_cat-elslutbleck","7":"product_tag-12v","8":"product_tag-rattvand","9":"product_shipping_class-tunga-paket","10":"pa_brands-step","11":"tm-no-options","13":"first","14":"instock","15":"sale","16":"taxable","17":"shipping-taxable","18":"purchasable","19":"product-type-simple"},"acf":[],"_links":{"self":[{"href":"https:\/\/secureus.se\/no\/wp-json\/wp\/v2\/product\/139763","targetHints":{"allow":["GET"]}}],"collection":[{"href":"https:\/\/secureus.se\/no\/wp-json\/wp\/v2\/product"}],"about":[{"href":"https:\/\/secureus.se\/no\/wp-json\/wp\/v2\/types\/product"}],"wp:featuredmedia":[{"embeddable":true,"href":"https:\/\/secureus.se\/no\/wp-json\/wp\/v2\/media\/139761"}],"wp:attachment":[{"href":"https:\/\/secureus.se\/no\/wp-json\/wp\/v2\/media?parent=139763"}],"wp:term":[{"taxonomy":"product_brand","embeddable":true,"href":"https:\/\/secureus.se\/no\/wp-json\/wp\/v2\/product_brand?post=139763"},{"taxonomy":"product_cat","embeddable":true,"href":"https:\/\/secureus.se\/no\/wp-json\/wp\/v2\/product_cat?post=139763"},{"taxonomy":"product_tag","embeddable":true,"href":"https:\/\/secureus.se\/no\/wp-json\/wp\/v2\/product_tag?post=139763"}],"curies":[{"name":"wp","href":"https:\/\/api.w.org\/{rel}","templated":true}]}}