{"id":139789,"date":"2023-09-26T13:07:31","date_gmt":"2023-09-26T11:07:31","guid":{"rendered":"https:\/\/secureus.se\/elslutbleck-step-28e-vanster-rattvand-12v-9mm-regel\/"},"modified":"2026-04-23T12:43:09","modified_gmt":"2026-04-23T10:43:09","slug":"elslutbleck-step-28e-vanster-rattvand-12v-9mm-regel","status":"publish","type":"product","link":"https:\/\/secureus.se\/no\/elslutbleck-step-28e-vanster-rattvand-12v-9mm-regel\/","title":{"rendered":"Elektrisk klemmeark STEP 28E Venstre H\u00f8yre vendt 12V 9mm regel"},"content":{"rendered":"<h1>Elektrisk klemmeark STEP 28E Venstre H\u00f8yre vendt 12V 9mm regel<\/h1>\n<p>STEP 28E Secure \u2013 Elektrisk sluttstykke for venstrehengte d\u00f8rer med h\u00f8yrefunksjon og 9 mm stempel i Connect-serien. Branngodkjent E\/EI60, h\u00f8y sikkerhet og stempelkontakt.<\/p>\n<p class=\"\" data-start=\"243\" data-end=\"602\">Elektrisk sluttstykke STEP 28E Secure er et robust og p\u00e5litelig elektrisk sluttstykke designet for milj\u00f8er hvor h\u00f8y sikkerhet, brannmotstand og r\u00f8mningsfunksjoner m\u00e5 kombineres med moderne d\u00f8rautomatikk.<\/p>\n<p class=\"\" data-start=\"243\" data-end=\"602\">Denne modellen er tilpasset venstrehengte d\u00f8rer og brukes sammen med innstikkl\u00e5s eller innstikkl\u00e5s med 9 mm stempel i Connect-serien.<\/p>\n<p class=\"\" data-start=\"604\" data-end=\"894\">Med h\u00f8yrefunksjonen (l\u00e5st i spenningsl\u00f8s stilling) s\u00f8rger STEP 28E for at d\u00f8ren forblir l\u00e5st selv ved str\u00f8mbrudd.<\/p>\n<p class=\"\" data-start=\"604\" data-end=\"894\">Det elektriske sluttstykket er branngodkjent opp til klasse E\/EI 60 og har innebygget stempelkontakt og l\u00e5sekontakt som muliggj\u00f8r presis statusoverv\u00e5king via adgangskontrollsystem eller alarmsystem.<\/p>\n<p class=\"\" data-start=\"896\" data-end=\"1192\">Den h\u00f8ye bruddstyrken p\u00e5 over 15 kN og garantert funksjon ved stripetrykk p\u00e5 opptil 500 kg gj\u00f8r dette elektriske sluttstykket til et utmerket valg for sikkerhetsklassifiserte d\u00f8rer og rom.<\/p>\n<p class=\"\" data-start=\"896\" data-end=\"1192\">Konstruksjonen er manipulasjonssikker, og installasjonen er forenklet med medf\u00f8lgende 5 meter halogenfri tilkoblingskabel.<\/p>\n<p class=\"\" data-start=\"1194\" data-end=\"1339\">STEP 28E Secure brukes ofte i kombinasjon med r\u00f8mningsl\u00e5ser etter SS-EN 179, hvor krav til r\u00f8mning, sikkerhet og d\u00f8rautomatikk er sammenfallende.<\/p>\n<p class=\"\" data-start=\"1341\" data-end=\"1369\"><strong data-start=\"1341\" data-end=\"1367\">Funksjoner og fordeler:<\/strong><\/p>\n<ul data-start=\"1370\" data-end=\"1648\">\n<li class=\"\" data-start=\"1370\" data-end=\"1413\">\n<p class=\"\" data-start=\"1372\" data-end=\"1413\">Tilpasset 9 mm stempel i Connect-serien<\/p>\n<\/li>\n<li class=\"\" data-start=\"1414\" data-end=\"1453\">\n<p class=\"\" data-start=\"1416\" data-end=\"1453\">H\u00f8yrevendt funksjon - l\u00e5st uten str\u00f8m<\/p>\n<\/li>\n<li class=\"\" data-start=\"1454\" data-end=\"1482\">\n<p class=\"\" data-start=\"1456\" data-end=\"1482\">For venstrehengslede d\u00f8rer<\/p>\n<\/li>\n<li class=\"\" data-start=\"1483\" data-end=\"1505\">\n<p class=\"\" data-start=\"1485\" data-end=\"1505\">Brannklasse E\/EI 60<\/p>\n<\/li>\n<li class=\"\" data-start=\"1506\" data-end=\"1546\">\n<p class=\"\" data-start=\"1508\" data-end=\"1546\">Innebygd stempelbryter og l\u00e5sebryter<\/p>\n<\/li>\n<li class=\"\" data-start=\"1547\" data-end=\"1577\">\n<p class=\"\" data-start=\"1549\" data-end=\"1577\">Bruddstyrke over 15 kN<\/p>\n<\/li>\n<li class=\"\" data-start=\"1578\" data-end=\"1611\">\n<p class=\"\" data-start=\"1580\" data-end=\"1611\">T\u00e5ler st\u00f8petrykk opp til 500 kg<\/p>\n<\/li>\n<li class=\"\" data-start=\"1612\" data-end=\"1648\">\n<p class=\"\" data-start=\"1614\" data-end=\"1648\">5 meter halogenfri kabel f\u00f8lger med<\/p>\n<\/li>\n<\/ul>","protected":false},"excerpt":{"rendered":"<p>Her kan du se hvilke stolper og modeller som passer sammen fra STEP-serien med elektriske d\u00f8rstoppere.<\/p>\n<h5><strong><a href=\"https:\/\/steplock.com\/sv\/stolpguide\/#!?lang=sv&amp;blog_id=1&amp;paged=1&amp;number=50\" target=\"_blank\" rel=\"noopener\">TRINN Postveiledning\u00a0<\/a><\/strong><\/h5>\n<h5><strong><a href=\"https:\/\/steplock.com\/sv\/projekteringsguide\/#!?lang=sv&amp;blog_id=1&amp;paged=1&amp;number=999\" target=\"_blank\" rel=\"noopener\">STEP design guide<\/a><\/strong><\/h5>","protected":false},"featured_media":139787,"template":"","meta":{"_acf_changed":false},"product_brand":[],"product_cat":[3355],"product_tag":[4198,4200],"class_list":{"0":"post-139789","1":"product","2":"type-product","3":"status-publish","4":"has-post-thumbnail","6":"product_cat-elslutbleck","7":"product_tag-12v","8":"product_tag-rattvand","9":"product_shipping_class-tunga-paket","10":"pa_brands-step","11":"tm-no-options","13":"first","14":"onbackorder","15":"sale","16":"taxable","17":"shipping-taxable","18":"purchasable","19":"product-type-simple"},"acf":[],"_links":{"self":[{"href":"https:\/\/secureus.se\/no\/wp-json\/wp\/v2\/product\/139789","targetHints":{"allow":["GET"]}}],"collection":[{"href":"https:\/\/secureus.se\/no\/wp-json\/wp\/v2\/product"}],"about":[{"href":"https:\/\/secureus.se\/no\/wp-json\/wp\/v2\/types\/product"}],"wp:featuredmedia":[{"embeddable":true,"href":"https:\/\/secureus.se\/no\/wp-json\/wp\/v2\/media\/139787"}],"wp:attachment":[{"href":"https:\/\/secureus.se\/no\/wp-json\/wp\/v2\/media?parent=139789"}],"wp:term":[{"taxonomy":"product_brand","embeddable":true,"href":"https:\/\/secureus.se\/no\/wp-json\/wp\/v2\/product_brand?post=139789"},{"taxonomy":"product_cat","embeddable":true,"href":"https:\/\/secureus.se\/no\/wp-json\/wp\/v2\/product_cat?post=139789"},{"taxonomy":"product_tag","embeddable":true,"href":"https:\/\/secureus.se\/no\/wp-json\/wp\/v2\/product_tag?post=139789"}],"curies":[{"name":"wp","href":"https:\/\/api.w.org\/{rel}","templated":true}]}}