{"id":139800,"date":"2023-09-26T13:07:29","date_gmt":"2023-09-26T11:07:29","guid":{"rendered":"https:\/\/secureus.se\/elslutbleck-step-28e-hoger-rattvand-12v-7mm-regel\/"},"modified":"2026-04-23T12:43:16","modified_gmt":"2026-04-23T10:43:16","slug":"elslutbleck-step-28e-hoger-rattvand-12v-7mm-regel","status":"publish","type":"product","link":"https:\/\/secureus.se\/no\/elslutbleck-step-28e-hoger-rattvand-12v-7mm-regel\/","title":{"rendered":"Elektrisk endeplate STEP 28E H\u00f8yre H\u00f8yre vendt 12V 7mm Rulle"},"content":{"rendered":"<h1>Elektrisk endeplate STEP 28E H\u00f8yre H\u00f8yre vendt 12V 7mm Rulle<\/h1>\n<p>STEP 28E Secure er et branngodkjent elektrisk sluttstykke for h\u00f8yrehengte d\u00f8rer med 7 mm bolt. Riktig funksjon, stempelkontakt og h\u00f8y sikkerhet. Leveres med 5 m kabel.<\/p>\n<p>STEP 28E Secure elektrisk sluttstykke tilbyr en robust l\u00f8sning for milj\u00f8er der sikkerhet, brannkrav og evakuering m\u00e5 kombineres med automatisk d\u00f8rkontroll.<\/p>\n<p>Dette elektriske sluttstykket er utviklet for bruk med boltel\u00e5ser i Connect-serien, spesielt der det brukes 7 mm bolt, og er beregnet p\u00e5 h\u00f8yrehengte d\u00f8rer.<\/p>\n<p class=\"\" data-start=\"572\" data-end=\"916\">H\u00f8yreh\u00e5ndsfunksjonen gj\u00f8r at det elektriske sluttstykket l\u00e5ses i spenningsl\u00f8s stilling, noe som sikrer at d\u00f8ren forblir l\u00e5st ved str\u00f8mbrudd \u2013 et viktig aspekt i sikkerhetsklassifiserte milj\u00f8er.<\/p>\n<p class=\"\" data-start=\"572\" data-end=\"916\">STEP 28E Secure er godkjent for brannmotstand opp til E\/EI 60 i henhold til gjeldende standarder og brukes ofte i kombinasjon med r\u00f8mningsl\u00e5s i henhold til SS-EN 179.<\/p>\n<p class=\"\" data-start=\"918\" data-end=\"1240\">Det elektriske sluttstykket har innebygget stempelkontakt og l\u00e5sekontakt for indikering av d\u00f8rstatus, som muliggj\u00f8r tilkobling til adgangskontrollsystemer, alarmer eller andre kontrollsystemer.<\/p>\n<p class=\"\" data-start=\"918\" data-end=\"1240\">Bruddstyrken overstiger 15 kN og enheten fungerer ogs\u00e5 ved stripetrykk p\u00e5 opptil 500 kg. Konstruksjonen er manipulasjonssikker for \u00f8kt sikkerhet og p\u00e5litelighet.<\/p>\n<p class=\"\" data-start=\"1242\" data-end=\"1374\">Produktet leveres med 5 meter halogenfri tilkoblingskabel og er enkel \u00e5 montere takket v\u00e6re sin gjennomtenkte design og rustfrie st\u00e5loverflate.<\/p>\n<p class=\"\" data-start=\"1376\" data-end=\"1404\"><strong data-start=\"1376\" data-end=\"1402\">Funksjoner og fordeler:<\/strong><\/p>\n<ul data-start=\"1405\" data-end=\"1674\">\n<li class=\"\" data-start=\"1405\" data-end=\"1439\">\n<p class=\"\" data-start=\"1407\" data-end=\"1439\">For 7 mm stempel i Connect-serien<\/p>\n<\/li>\n<li class=\"\" data-start=\"1440\" data-end=\"1479\">\n<p class=\"\" data-start=\"1442\" data-end=\"1479\">H\u00f8yrevendt funksjon - l\u00e5st uten str\u00f8m<\/p>\n<\/li>\n<li class=\"\" data-start=\"1480\" data-end=\"1515\">\n<p class=\"\" data-start=\"1482\" data-end=\"1515\">Tilpasset h\u00f8yrehengte d\u00f8rer<\/p>\n<\/li>\n<li class=\"\" data-start=\"1516\" data-end=\"1538\">\n<p class=\"\" data-start=\"1518\" data-end=\"1538\">Brannklasse E\/EI 60<\/p>\n<\/li>\n<li class=\"\" data-start=\"1539\" data-end=\"1579\">\n<p class=\"\" data-start=\"1541\" data-end=\"1579\">Innebygd stempelbryter og l\u00e5sebryter<\/p>\n<\/li>\n<li class=\"\" data-start=\"1580\" data-end=\"1613\">\n<p class=\"\" data-start=\"1582\" data-end=\"1613\">T\u00e5ler st\u00f8petrykk opp til 500 kg<\/p>\n<\/li>\n<li class=\"\" data-start=\"1614\" data-end=\"1644\">\n<p class=\"\" data-start=\"1616\" data-end=\"1644\">Bruddstyrke over 15 kN<\/p>\n<\/li>\n<li class=\"\" data-start=\"1645\" data-end=\"1674\">\n<p class=\"\" data-start=\"1647\" data-end=\"1674\">Leveres med 5 meter kabel<\/p>\n<\/li>\n<\/ul>","protected":false},"excerpt":{"rendered":"<p>Her kan du se hvilke stolper og modeller som passer sammen fra STEP-serien med elektriske d\u00f8rstoppere.<\/p>\n<h5><strong><a href=\"https:\/\/steplock.com\/sv\/stolpguide\/#!?lang=sv&amp;blog_id=1&amp;paged=1&amp;number=50\" target=\"_blank\" rel=\"noopener\">TRINN Postveiledning\u00a0<\/a><\/strong><\/h5>\n<h5><strong><a href=\"https:\/\/steplock.com\/sv\/projekteringsguide\/#!?lang=sv&amp;blog_id=1&amp;paged=1&amp;number=999\" target=\"_blank\" rel=\"noopener\">STEP design guide<\/a><\/strong><\/h5>","protected":false},"featured_media":139798,"template":"","meta":{"_acf_changed":false},"product_brand":[],"product_cat":[3355],"product_tag":[4198,4200],"class_list":{"0":"post-139800","1":"product","2":"type-product","3":"status-publish","4":"has-post-thumbnail","6":"product_cat-elslutbleck","7":"product_tag-12v","8":"product_tag-rattvand","9":"product_shipping_class-tunga-paket","10":"pa_brands-step","11":"tm-no-options","13":"first","14":"onbackorder","15":"sale","16":"taxable","17":"shipping-taxable","18":"purchasable","19":"product-type-simple"},"acf":[],"_links":{"self":[{"href":"https:\/\/secureus.se\/no\/wp-json\/wp\/v2\/product\/139800","targetHints":{"allow":["GET"]}}],"collection":[{"href":"https:\/\/secureus.se\/no\/wp-json\/wp\/v2\/product"}],"about":[{"href":"https:\/\/secureus.se\/no\/wp-json\/wp\/v2\/types\/product"}],"wp:featuredmedia":[{"embeddable":true,"href":"https:\/\/secureus.se\/no\/wp-json\/wp\/v2\/media\/139798"}],"wp:attachment":[{"href":"https:\/\/secureus.se\/no\/wp-json\/wp\/v2\/media?parent=139800"}],"wp:term":[{"taxonomy":"product_brand","embeddable":true,"href":"https:\/\/secureus.se\/no\/wp-json\/wp\/v2\/product_brand?post=139800"},{"taxonomy":"product_cat","embeddable":true,"href":"https:\/\/secureus.se\/no\/wp-json\/wp\/v2\/product_cat?post=139800"},{"taxonomy":"product_tag","embeddable":true,"href":"https:\/\/secureus.se\/no\/wp-json\/wp\/v2\/product_tag?post=139800"}],"curies":[{"name":"wp","href":"https:\/\/api.w.org\/{rel}","templated":true}]}}