{"id":139811,"date":"2023-09-26T13:07:26","date_gmt":"2023-09-26T11:07:26","guid":{"rendered":"https:\/\/secureus.se\/elslutbleck-step-28e-vanster-rattvand-24v-12mm-regel\/"},"modified":"2026-04-23T12:43:33","modified_gmt":"2026-04-23T10:43:33","slug":"elslutbleck-step-28e-vanster-rattvand-24v-12mm-regel","status":"publish","type":"product","link":"https:\/\/secureus.se\/no\/elslutbleck-step-28e-vanster-rattvand-24v-12mm-regel\/","title":{"rendered":"Elektrisk endeplate STEP 28E Venstre H\u00f8yre vendt 24V 12mm Rulle"},"content":{"rendered":"<h1>Elektrisk endeplate STEP 28E Venstre H\u00f8yre vendt 24V 12mm Rulle<\/h1>\n<p>Elektrisk sluttstykke STEP 28E Sikre med h\u00f8yrehendt funksjon for venstrehengte d\u00f8rer og 12 mm stempel i Modul-serien. Brannklassifisert E\/EI 60. Inkl. 5 m halogenfri kabel.<\/p>\n<p>STEP 28E Secure er et kraftig og allsidig elektrisk sluttstykke som muliggj\u00f8r kombinasjonen av innbruddsbeskyttelse, brannklassifisering og evakueringskrav \u2013 ideelt for d\u00f8rmilj\u00f8er med automatiske d\u00f8rsystemer eller trekkh\u00e5ndtak.<\/p>\n<p>Denne modellen er spesielt tilpasset venstrehengte d\u00f8rer og brukes sammen med 12 mm stempelet i Modul-serien, som gir h\u00f8y sikkerhet mot manipulasjon og fysisk p\u00e5virkning.<\/p>\n<p class=\"\" data-start=\"662\" data-end=\"968\">Med h\u00f8yreh\u00e5ndsfunksjonen forblir det elektriske sluttstykket l\u00e5st i tilfelle str\u00f8mbrudd, og skaper et ekstra lag med beskyttelse.<\/p>\n<p class=\"\" data-start=\"662\" data-end=\"968\">Produktet er godkjent i henhold til brannvernklasse E\/EI 60, og takket v\u00e6re innebygd stempel- og l\u00e5sekontakt kan d\u00f8rens status (\u00e5pen\/lukket og l\u00e5st\/ul\u00e5st) overv\u00e5kes i sanntid via adgangskontroll eller alarmer.<\/p>\n<p class=\"\" data-start=\"970\" data-end=\"1308\">STEP 28E Secure er manipulasjonssikker, har meget h\u00f8y bruddstyrke (over 15 kN) og garanterer sikker \u00e5pning selv ved stripetrykk p\u00e5 opptil 500 kg.<\/p>\n<p class=\"\" data-start=\"970\" data-end=\"1308\">Den kompakte og robuste designen i rustfritt st\u00e5l gj\u00f8r den til et utmerket valg i milj\u00f8er hvor p\u00e5litelighet og holdbarhet er avgj\u00f8rende. Leveres komplett med 5 meter halogenfri tilkoblingskabel.<\/p>\n<p class=\"\" data-start=\"1310\" data-end=\"1338\"><strong data-start=\"1310\" data-end=\"1336\">Funksjoner og fordeler:<\/strong><\/p>\n<ul data-start=\"1339\" data-end=\"1608\">\n<li class=\"\" data-start=\"1339\" data-end=\"1375\">\n<p class=\"\" data-start=\"1341\" data-end=\"1375\">Passer til 12 mm stempel i Modul-serien<\/p>\n<\/li>\n<li class=\"\" data-start=\"1376\" data-end=\"1415\">\n<p class=\"\" data-start=\"1378\" data-end=\"1415\">H\u00f8yrevendt funksjon - l\u00e5st uten str\u00f8m<\/p>\n<\/li>\n<li class=\"\" data-start=\"1416\" data-end=\"1453\">\n<p class=\"\" data-start=\"1418\" data-end=\"1453\">Tilpasset venstrehengte d\u00f8rer<\/p>\n<\/li>\n<li class=\"\" data-start=\"1454\" data-end=\"1485\">\n<p class=\"\" data-start=\"1456\" data-end=\"1485\">Brannklassifisert i henhold til E\/EI 60<\/p>\n<\/li>\n<li class=\"\" data-start=\"1486\" data-end=\"1520\">\n<p class=\"\" data-start=\"1488\" data-end=\"1520\">Innebygd stempel og l\u00e5sebryter<\/p>\n<\/li>\n<li class=\"\" data-start=\"1521\" data-end=\"1551\">\n<p class=\"\" data-start=\"1523\" data-end=\"1551\">Bruddstyrke over 15 kN<\/p>\n<\/li>\n<li class=\"\" data-start=\"1552\" data-end=\"1579\">\n<p class=\"\" data-start=\"1554\" data-end=\"1579\">T\u00e5ler et stripetrykk p\u00e5 500 kg<\/p>\n<\/li>\n<li class=\"\" data-start=\"1580\" data-end=\"1608\">\n<p class=\"\" data-start=\"1582\" data-end=\"1608\">Inkl. 5 m halogenfri kabel<\/p>\n<\/li>\n<\/ul>","protected":false},"excerpt":{"rendered":"<p>Her kan du se hvilke stolper og modeller som passer sammen fra STEP-serien med elektriske d\u00f8rstoppere.<\/p>\n<h5><strong><a href=\"https:\/\/steplock.com\/sv\/stolpguide\/#!?lang=sv&amp;blog_id=1&amp;paged=1&amp;number=50\" target=\"_blank\" rel=\"noopener\">TRINN Postveiledning\u00a0<\/a><\/strong><\/h5>\n<h5><strong><a href=\"https:\/\/steplock.com\/sv\/projekteringsguide\/#!?lang=sv&amp;blog_id=1&amp;paged=1&amp;number=999\" target=\"_blank\" rel=\"noopener\">STEP design guide<\/a><\/strong><\/h5>","protected":false},"featured_media":139809,"template":"","meta":{"_acf_changed":false},"product_brand":[],"product_cat":[3355],"product_tag":[4197,4200],"class_list":{"0":"post-139811","1":"product","2":"type-product","3":"status-publish","4":"has-post-thumbnail","6":"product_cat-elslutbleck","7":"product_tag-24v","8":"product_tag-rattvand","9":"product_shipping_class-tunga-paket","10":"pa_brands-step","11":"tm-no-options","13":"first","14":"onbackorder","15":"sale","16":"taxable","17":"shipping-taxable","18":"purchasable","19":"product-type-simple"},"acf":[],"_links":{"self":[{"href":"https:\/\/secureus.se\/no\/wp-json\/wp\/v2\/product\/139811","targetHints":{"allow":["GET"]}}],"collection":[{"href":"https:\/\/secureus.se\/no\/wp-json\/wp\/v2\/product"}],"about":[{"href":"https:\/\/secureus.se\/no\/wp-json\/wp\/v2\/types\/product"}],"wp:featuredmedia":[{"embeddable":true,"href":"https:\/\/secureus.se\/no\/wp-json\/wp\/v2\/media\/139809"}],"wp:attachment":[{"href":"https:\/\/secureus.se\/no\/wp-json\/wp\/v2\/media?parent=139811"}],"wp:term":[{"taxonomy":"product_brand","embeddable":true,"href":"https:\/\/secureus.se\/no\/wp-json\/wp\/v2\/product_brand?post=139811"},{"taxonomy":"product_cat","embeddable":true,"href":"https:\/\/secureus.se\/no\/wp-json\/wp\/v2\/product_cat?post=139811"},{"taxonomy":"product_tag","embeddable":true,"href":"https:\/\/secureus.se\/no\/wp-json\/wp\/v2\/product_tag?post=139811"}],"curies":[{"name":"wp","href":"https:\/\/api.w.org\/{rel}","templated":true}]}}