{"id":139825,"date":"2023-09-26T13:07:01","date_gmt":"2023-09-26T11:07:01","guid":{"rendered":"https:\/\/secureus.se\/elslutbleck-step-18-vanster-omvand-24v-12mm-regel\/"},"modified":"2026-03-26T09:52:31","modified_gmt":"2026-03-26T08:52:31","slug":"elslutbleck-step-18-vanster-omvand-24v-12mm-regel","status":"publish","type":"product","link":"https:\/\/secureus.se\/no\/elslutbleck-step-18-vanster-omvand-24v-12mm-regel\/","title":{"rendered":"Elektrisk endeplate TRINN 18 Venstre Revers 24V 12mm Rulle"},"content":{"rendered":"<h1>Elektrisk endeplate TRINN 18 Venstre Revers 24V 12mm Rulle<\/h1>\n<p>STEP 18 Secure er en branngodkjent, h\u00f8ysikkerhets elektrisk slutter for boltel\u00e5ser med 12 mm stempel i Modul-serien, designet for sikkerhetsd\u00f8rer med h\u00f8ye krav til innbruddssikring og hurtigl\u00e5sing.<\/p>\n<p class=\"\" data-start=\"389\" data-end=\"786\">STEP 18 Secure elektrisk sluttstykke tilbyr den h\u00f8yeste sikkerheten for d\u00f8rer som krever rask og varig l\u00e5sing og oppl\u00e5sing, noe som gj\u00f8r den perfekt for d\u00f8rer med et h\u00f8yt antall inn- og utganger.<\/p>\n<p class=\"\" data-start=\"389\" data-end=\"786\">Godkjent for \u00e5 l\u00e5se sikkerhetsd\u00f8rer opp til RC4 og brannklassifisert opp til E\/EI 60, gir den h\u00f8y sikkerhet for kritiske milj\u00f8er som fengsler, banker og andre sikkerhetsfasiliteter.<\/p>\n<p class=\"\" data-start=\"788\" data-end=\"1129\">Med en bruddstyrke p\u00e5 15 kN (ca. 1500 kg) og evne til \u00e5 \u00e5pne til tross for stripetrykk p\u00e5 5 kN (ca. 500 kg) i b\u00e5de forover- og bakoverdrift, tilbyr STEP 18 Secure b\u00e5de p\u00e5litelighet og sikkerhet.<\/p>\n<p class=\"\" data-start=\"788\" data-end=\"1129\">Reversfunksjonen gj\u00f8r at d\u00f8ren l\u00e5ses opp i spenningsl\u00f8s tilstand, noe som gj\u00f8r den ideell for bruksomr\u00e5der hvor d\u00f8ren m\u00e5 kunne \u00e5pnes raskt.<\/p>\n<p class=\"\" data-start=\"1131\" data-end=\"1368\">Det elektriske sluttstykket er utstyrt med en innebygd stempelbryter for \u00e5 indikere d\u00f8rens lukket\/\u00e5pen status, noe som gj\u00f8r integrasjon med adgangskontrollsystemer og alarmsystemer enkel. 5 meter halogenfri tilkoblingskabel f\u00f8lger med for enkel installasjon.<\/p>\n<p class=\"\" data-start=\"1370\" data-end=\"1385\"><strong data-start=\"1370\" data-end=\"1385\">Kjennetegn:<\/strong><\/p>\n<ul data-start=\"1386\" data-end=\"1954\">\n<li class=\"\" data-start=\"1386\" data-end=\"1430\">\n<p class=\"\" data-start=\"1388\" data-end=\"1430\">For kontrolll\u00e5s med 12 mm stempel i Modul-serien<\/p>\n<\/li>\n<li class=\"\" data-start=\"1431\" data-end=\"1473\">\n<p class=\"\" data-start=\"1433\" data-end=\"1473\">Reverseringsfunksjon (l\u00e5st opp i str\u00f8ml\u00f8s modus)<\/p>\n<\/li>\n<li class=\"\" data-start=\"1474\" data-end=\"1500\">\n<p class=\"\" data-start=\"1476\" data-end=\"1500\">For venstrehengslede d\u00f8rer<\/p>\n<\/li>\n<li class=\"\" data-start=\"1501\" data-end=\"1532\">\n<p class=\"\" data-start=\"1503\" data-end=\"1532\">Branngodkjent opp til E\/EI 60<\/p>\n<\/li>\n<li class=\"\" data-start=\"1533\" data-end=\"1643\">\n<p class=\"\" data-start=\"1535\" data-end=\"1643\">Innebygd indikasjon for d\u00f8rstatus (lukket\/\u00e5pen) og l\u00e5sestatus (l\u00e5st\/ul\u00e5st) via stempelkontakt og l\u00e5sekontakt<\/p>\n<\/li>\n<li class=\"\" data-start=\"1644\" data-end=\"1682\">\n<p class=\"\" data-start=\"1646\" data-end=\"1682\">Innebygd beskyttelsesdiode for \u00f8kt sikkerhet<\/p>\n<\/li>\n<li class=\"\" data-start=\"1683\" data-end=\"1722\">\n<p class=\"\" data-start=\"1685\" data-end=\"1722\">Bruddstyrke p\u00e5 15 kN (ca. 1500 kg)<\/p>\n<\/li>\n<li class=\"\" data-start=\"1723\" data-end=\"1803\">\n<p class=\"\" data-start=\"1725\" data-end=\"1803\">\u00c5pner til tross for et stripetrykk p\u00e5 5 kN (ca. 500 kg) i b\u00e5de forover- og reversfunksjon<\/p>\n<\/li>\n<li class=\"\" data-start=\"1804\" data-end=\"1863\">\n<p class=\"\" data-start=\"1806\" data-end=\"1863\">Bankesikker og vendbar for b\u00e5de h\u00f8yre- og venstred\u00f8rer<\/p>\n<\/li>\n<li class=\"\" data-start=\"1864\" data-end=\"1910\">\n<p class=\"\" data-start=\"1866\" data-end=\"1910\">Kan l\u00e5se opp kroklinjal eller rett linjal<\/p>\n<\/li>\n<li class=\"\" data-start=\"1911\" data-end=\"1954\">\n<p class=\"\" data-start=\"1913\" data-end=\"1954\">5 meter halogenfri tilkoblingskabel f\u00f8lger med<\/p>\n<\/li>\n<\/ul>\n<p class=\"\" data-start=\"1956\" data-end=\"1985\"><strong data-start=\"1956\" data-end=\"1985\">Tekniske spesifikasjoner:<\/strong><\/p>\n<ul data-start=\"1986\" data-end=\"2627\">\n<li class=\"\" data-start=\"1986\" data-end=\"2077\">\n<p class=\"\" data-start=\"1988\" data-end=\"2077\">Str\u00f8mforsyning: 12 V DC (+15% -10%) 639 mA ul\u00e5st eller 24 V DC (+15% -10%) 313 mA ul\u00e5st<\/p>\n<\/li>\n<li class=\"\" data-start=\"2078\" data-end=\"2142\">\n<p class=\"\" data-start=\"2080\" data-end=\"2142\">Stempelkontakt: Mikrobryter enpolet veksling, maks. 30V DC, 1A<\/p>\n<\/li>\n<li class=\"\" data-start=\"2143\" data-end=\"2183\">\n<p class=\"\" data-start=\"2145\" data-end=\"2183\">Holdbarhet: Grad Y i henhold til SS-EN 14846<\/p>\n<\/li>\n<li class=\"\" data-start=\"2184\" data-end=\"2223\">\n<p class=\"\" data-start=\"2186\" data-end=\"2223\">Korrosjon: Grad M i henhold til SS-EN 14846<\/p>\n<\/li>\n<li class=\"\" data-start=\"2224\" data-end=\"2262\">\n<p class=\"\" data-start=\"2226\" data-end=\"2262\">Sikkerhet: Grad 7 i henhold til SS-EN 14846<\/p>\n<\/li>\n<li class=\"\" data-start=\"2263\" data-end=\"2353\">\n<p class=\"\" data-start=\"2265\" data-end=\"2353\">Sikkerhet elektrisk manipulasjon: Grade 3 (forovervendt) Grade 1 (reversvendt) i henhold til SS-EN 14846<\/p>\n<\/li>\n<li class=\"\" data-start=\"2354\" data-end=\"2375\">\n<p class=\"\" data-start=\"2356\" data-end=\"2375\">Branntestet: 60 min<\/p>\n<\/li>\n<li class=\"\" data-start=\"2376\" data-end=\"2402\">\n<p class=\"\" data-start=\"2378\" data-end=\"2402\">Bruddstyrke: 1500 kg<\/p>\n<\/li>\n<li class=\"\" data-start=\"2403\" data-end=\"2426\">\n<p class=\"\" data-start=\"2405\" data-end=\"2426\">D\u00f8rhengsel: Venstre<\/p>\n<\/li>\n<li class=\"\" data-start=\"2427\" data-end=\"2481\">\n<p class=\"\" data-start=\"2429\" data-end=\"2481\">Kabel inkludert: Ja, 5 meter halogenfri tilkoblingskabel<\/p>\n<\/li>\n<li class=\"\" data-start=\"2482\" data-end=\"2501\">\n<p class=\"\" data-start=\"2484\" data-end=\"2501\">Listetrykk: 500 kg<\/p>\n<\/li>\n<li class=\"\" data-start=\"2502\" data-end=\"2533\">\n<p class=\"\" data-start=\"2504\" data-end=\"2533\">L\u00e5stype: Krokl\u00e5s, L\u00e5sel\u00e5s<\/p>\n<\/li>\n<li class=\"\" data-start=\"2534\" data-end=\"2588\">\n<p class=\"\" data-start=\"2536\" data-end=\"2588\">Produktdimensjoner: Bredde: 35 mm, Dybde: 40 mm, H\u00f8yde: 230 mm<\/p>\n<\/li>\n<li class=\"\" data-start=\"2589\" data-end=\"2606\">\n<p class=\"\" data-start=\"2591\" data-end=\"2606\">Stempelkontakt: Ja<\/p>\n<\/li>\n<li class=\"\" data-start=\"2607\" data-end=\"2627\">\n<p class=\"\" data-start=\"2609\" data-end=\"2627\">Spenning AC\/DC: DC<\/p>\n<\/li>\n<\/ul>","protected":false},"excerpt":{"rendered":"<p>Her kan du se hvilke stolper og modeller som passer sammen fra STEP-serien med elektriske d\u00f8rstoppere.<\/p>\n<h5><strong><a href=\"https:\/\/steplock.com\/sv\/stolpguide\/#!?lang=sv&amp;blog_id=1&amp;paged=1&amp;number=50\" target=\"_blank\" rel=\"noopener\">TRINN Postveiledning\u00a0<\/a><\/strong><\/h5>\n<h5><strong><a href=\"https:\/\/steplock.com\/sv\/projekteringsguide\/#!?lang=sv&amp;blog_id=1&amp;paged=1&amp;number=999\" target=\"_blank\" rel=\"noopener\">STEP design guide<\/a><\/strong><\/h5>","protected":false},"featured_media":139823,"template":"","meta":{"_acf_changed":false},"product_brand":[],"product_cat":[3355],"product_tag":[4197,4201],"class_list":{"0":"post-139825","1":"product","2":"type-product","3":"status-publish","4":"has-post-thumbnail","6":"product_cat-elslutbleck","7":"product_tag-24v","8":"product_tag-omvand","9":"product_shipping_class-tunga-paket","10":"pa_brands-step","11":"tm-no-options","13":"first","14":"onbackorder","15":"sale","16":"taxable","17":"shipping-taxable","18":"purchasable","19":"product-type-simple"},"acf":[],"_links":{"self":[{"href":"https:\/\/secureus.se\/no\/wp-json\/wp\/v2\/product\/139825","targetHints":{"allow":["GET"]}}],"collection":[{"href":"https:\/\/secureus.se\/no\/wp-json\/wp\/v2\/product"}],"about":[{"href":"https:\/\/secureus.se\/no\/wp-json\/wp\/v2\/types\/product"}],"wp:featuredmedia":[{"embeddable":true,"href":"https:\/\/secureus.se\/no\/wp-json\/wp\/v2\/media\/139823"}],"wp:attachment":[{"href":"https:\/\/secureus.se\/no\/wp-json\/wp\/v2\/media?parent=139825"}],"wp:term":[{"taxonomy":"product_brand","embeddable":true,"href":"https:\/\/secureus.se\/no\/wp-json\/wp\/v2\/product_brand?post=139825"},{"taxonomy":"product_cat","embeddable":true,"href":"https:\/\/secureus.se\/no\/wp-json\/wp\/v2\/product_cat?post=139825"},{"taxonomy":"product_tag","embeddable":true,"href":"https:\/\/secureus.se\/no\/wp-json\/wp\/v2\/product_tag?post=139825"}],"curies":[{"name":"wp","href":"https:\/\/api.w.org\/{rel}","templated":true}]}}