{"id":139832,"date":"2023-09-26T13:06:48","date_gmt":"2023-09-26T11:06:48","guid":{"rendered":"https:\/\/secureus.se\/elslutbleck-step-30-rattvand-12v\/"},"modified":"2026-04-23T12:57:33","modified_gmt":"2026-04-23T10:57:33","slug":"elslutbleck-step-30-rattvand-12v","status":"publish","type":"product","link":"https:\/\/secureus.se\/no\/elslutbleck-step-30-rattvand-12v\/","title":{"rendered":"Elektrisk klemmeark TRINN 30 H\u00f8yrevendt 12V"},"content":{"rendered":"<h1>Elektrisk klemmeark TRINN 30 H\u00f8yrevendt 12V<\/h1>\n<p>Elektrisk sluttstykke STEP 30 Preload er et kompakt elektrisk sluttstykke designet for \u00e5 erstatte eldre modeller og skape et p\u00e5litelig d\u00f8rmilj\u00f8, selv i eldre d\u00f8rseksjoner.<\/p>\n<p>Utstyrt med HPR\u00ae-teknologi og bruddstyrke p\u00e5 500 kg.<\/p>\n<p class=\"\" data-start=\"372\" data-end=\"812\">Elektrisk sluttstykke STEP 30 Preload tilbyr en p\u00e5litelig l\u00f8sning for \u00e5 erstatte eksisterende enkle elektriske sluttstykker og sikre et trygt d\u00f8rmilj\u00f8, selv i eldre d\u00f8rseksjoner og utsparinger.<\/p>\n<p class=\"\" data-start=\"372\" data-end=\"812\">Denne elektriske strikken er en del av STEPs Preload-serie, som kombinerer minimale dimensjoner med h\u00f8y kvalitet og fleksibilitet.<\/p>\n<p class=\"\" data-start=\"372\" data-end=\"812\">Utstyrt med STEPs patenterte stripetrykkteknologi s\u00f8rger den for at d\u00f8ren alltid kan \u00e5pnes, selv n\u00e5r den utsettes for trykk.<\/p>\n<p class=\"\" data-start=\"814\" data-end=\"1314\">H\u00f8yrevendt funksjon gj\u00f8r at d\u00f8ren l\u00e5ses opp i spenningsl\u00f8s stilling, noe som gj\u00f8r det mulig \u00e5 \u00e5pne d\u00f8ren raskt ved behov.<\/p>\n<p class=\"\" data-start=\"814\" data-end=\"1314\">Uten stempelkontakt er denne elektriske sluttstykket ideell for installasjoner der stempelkontakt ikke er n\u00f8dvendig.<\/p>\n<p class=\"\" data-start=\"814\" data-end=\"1314\">Den innebygde beskyttelsesdioden \u00f8ker sikkerheten og gj\u00f8r den til en p\u00e5litelig l\u00f8sning for b\u00e5de nye og eldre d\u00f8rsystemer.<\/p>\n<p class=\"\" data-start=\"814\" data-end=\"1314\">Med en bruddstyrke p\u00e5 5 kN (ca. 500 kg) og mulighet til \u00e5 \u00e5pne til tross for stripetrykk p\u00e5 opptil 40 kg, tilbyr STEP 30 Preload b\u00e5de sikkerhet og p\u00e5litelighet.<\/p>\n<p class=\"\" data-start=\"1316\" data-end=\"1331\"><strong data-start=\"1316\" data-end=\"1331\">Kjennetegn:<\/strong><\/p>\n<ul data-start=\"1332\" data-end=\"1696\">\n<li class=\"\" data-start=\"1332\" data-end=\"1376\">\n<p class=\"\" data-start=\"1334\" data-end=\"1376\">H\u00f8yrevendt funksjon (l\u00e5st opp i str\u00f8ml\u00f8s modus)<\/p>\n<\/li>\n<li class=\"\" data-start=\"1377\" data-end=\"1396\">\n<p class=\"\" data-start=\"1379\" data-end=\"1396\">Ingen stempelkontakt<\/p>\n<\/li>\n<li class=\"\" data-start=\"1397\" data-end=\"1435\">\n<p class=\"\" data-start=\"1399\" data-end=\"1435\">Innebygd beskyttelsesdiode for \u00f8kt sikkerhet<\/p>\n<\/li>\n<li class=\"\" data-start=\"1436\" data-end=\"1473\">\n<p class=\"\" data-start=\"1438\" data-end=\"1473\">Bruddstyrke p\u00e5 5 kN (ca. 500 kg)<\/p>\n<\/li>\n<li class=\"\" data-start=\"1474\" data-end=\"1576\">\n<p class=\"\" data-start=\"1476\" data-end=\"1576\">Garanterer \u00e5pning til tross for stripetrykk p\u00e5 opptil 0,4 kN (ca. 40 kg) i b\u00e5de forover- og reversfunksjon<\/p>\n<\/li>\n<li class=\"\" data-start=\"1577\" data-end=\"1636\">\n<p class=\"\" data-start=\"1579\" data-end=\"1636\">Bankesikker og vendbar for b\u00e5de h\u00f8yre- og venstred\u00f8rer<\/p>\n<\/li>\n<li class=\"\" data-start=\"1637\" data-end=\"1679\">\n<p class=\"\" data-start=\"1639\" data-end=\"1679\">Egnet for enkeltfl\u00f8yede og tofl\u00f8yede l\u00e5ser<\/p>\n<\/li>\n<li class=\"\" data-start=\"1680\" data-end=\"1696\">\n<p class=\"\" data-start=\"1682\" data-end=\"1696\">Kabel f\u00f8lger ikke med<\/p>\n<\/li>\n<\/ul>\n<p class=\"\" data-start=\"1698\" data-end=\"1727\"><strong data-start=\"1698\" data-end=\"1727\">Tekniske spesifikasjoner:<\/strong><\/p>\n<ul data-start=\"1728\" data-end=\"2315\">\n<li class=\"\" data-start=\"1728\" data-end=\"1835\">\n<p class=\"\" data-start=\"1730\" data-end=\"1835\">Str\u00f8mforsyning: 24 V DC (+15% -10%) 110 mAh \/ maks 300 mA eller 12 V DC (+15% -10%) 220 mAh \/ maks 600 mA<\/p>\n<\/li>\n<li class=\"\" data-start=\"1836\" data-end=\"1876\">\n<p class=\"\" data-start=\"1838\" data-end=\"1876\">Holdbarhet: Grad X i henhold til SS-EN 14846<\/p>\n<\/li>\n<li class=\"\" data-start=\"1877\" data-end=\"1916\">\n<p class=\"\" data-start=\"1879\" data-end=\"1916\">Korrosjon: Grad M i henhold til SS-EN 14846<\/p>\n<\/li>\n<li class=\"\" data-start=\"1917\" data-end=\"1955\">\n<p class=\"\" data-start=\"1919\" data-end=\"1955\">Sikkerhet: Grad 3 i henhold til SS-EN 14846<\/p>\n<\/li>\n<li class=\"\" data-start=\"1956\" data-end=\"1981\">\n<p class=\"\" data-start=\"1958\" data-end=\"1981\">Bruddstyrke: 500 kg<\/p>\n<\/li>\n<li class=\"\" data-start=\"1982\" data-end=\"2012\">\n<p class=\"\" data-start=\"1984\" data-end=\"2012\">D\u00f8rhengsel: H\u00f8yre, Venstre<\/p>\n<\/li>\n<li class=\"\" data-start=\"2013\" data-end=\"2031\">\n<p class=\"\" data-start=\"2015\" data-end=\"2031\">Listetrykk: 40 kg<\/p>\n<\/li>\n<li class=\"\" data-start=\"2032\" data-end=\"2067\">\n<p class=\"\" data-start=\"2034\" data-end=\"2067\">L\u00e5stype: Enkel l\u00e5s, Dobbel l\u00e5s<\/p>\n<\/li>\n<li class=\"\" data-start=\"2068\" data-end=\"2123\">\n<p class=\"\" data-start=\"2070\" data-end=\"2123\">Produktdimensjoner: Bredde: 20,5 mm, Dybde: 28 mm, H\u00f8yde: 99 mm<\/p>\n<\/li>\n<li class=\"\" data-start=\"2124\" data-end=\"2142\">\n<p class=\"\" data-start=\"2126\" data-end=\"2142\">Stempelkontakt: Nei<\/p>\n<\/li>\n<li class=\"\" data-start=\"2143\" data-end=\"2163\">\n<p class=\"\" data-start=\"2145\" data-end=\"2163\">Spenning AC\/DC: DC<\/p>\n<\/li>\n<li class=\"\" data-start=\"2164\" data-end=\"2186\">\n<p class=\"\" data-start=\"2166\" data-end=\"2186\">Spenning maks: 13,8 V<\/p>\n<\/li>\n<li class=\"\" data-start=\"2187\" data-end=\"2209\">\n<p class=\"\" data-start=\"2189\" data-end=\"2209\">Spenning min: 10,8 V<\/p>\n<\/li>\n<li class=\"\" data-start=\"2210\" data-end=\"2238\">\n<p class=\"\" data-start=\"2212\" data-end=\"2238\">Farge\/finish: Rustfritt st\u00e5l<\/p>\n<\/li>\n<li class=\"\" data-start=\"2239\" data-end=\"2259\">\n<p class=\"\" data-start=\"2241\" data-end=\"2259\">Byggeprodukt vurdert: Ja<\/p>\n<\/li>\n<li class=\"\" data-start=\"2260\" data-end=\"2281\">\n<p class=\"\" data-start=\"2262\" data-end=\"2281\">EPD-verifisert: Nei<\/p>\n<\/li>\n<li class=\"\" data-start=\"2282\" data-end=\"2294\">\n<p class=\"\" data-start=\"2284\" data-end=\"2294\">FINFO: Nei<\/p>\n<\/li>\n<li class=\"\" data-start=\"2295\" data-end=\"2315\">\n<p class=\"\" data-start=\"2297\" data-end=\"2315\">SundaHouse vurdert: Ja<\/p>\n<\/li>\n<\/ul>","protected":false},"excerpt":{"rendered":"<p>Her kan du se hvilke stolper og modeller som passer sammen fra STEP-serien med elektriske d\u00f8rstoppere.<\/p>\n<h5><strong><a href=\"https:\/\/steplock.com\/sv\/stolpguide\/#!?lang=sv&amp;blog_id=1&amp;paged=1&amp;number=50\" target=\"_blank\" rel=\"noopener\">TRINN Postveiledning\u00a0<\/a><\/strong><\/h5>\n<h5><strong><a href=\"https:\/\/steplock.com\/sv\/projekteringsguide\/#!?lang=sv&amp;blog_id=1&amp;paged=1&amp;number=999\" target=\"_blank\" rel=\"noopener\">STEP design guide<\/a><\/strong><\/h5>","protected":false},"featured_media":139831,"template":"","meta":{"_acf_changed":false},"product_brand":[],"product_cat":[3355],"product_tag":[4198,4200],"class_list":{"0":"post-139832","1":"product","2":"type-product","3":"status-publish","4":"has-post-thumbnail","6":"product_cat-elslutbleck","7":"product_tag-12v","8":"product_tag-rattvand","9":"product_shipping_class-tunga-paket","10":"pa_brands-step","11":"tm-no-options","13":"first","14":"onbackorder","15":"sale","16":"taxable","17":"shipping-taxable","18":"purchasable","19":"product-type-simple"},"acf":[],"_links":{"self":[{"href":"https:\/\/secureus.se\/no\/wp-json\/wp\/v2\/product\/139832","targetHints":{"allow":["GET"]}}],"collection":[{"href":"https:\/\/secureus.se\/no\/wp-json\/wp\/v2\/product"}],"about":[{"href":"https:\/\/secureus.se\/no\/wp-json\/wp\/v2\/types\/product"}],"wp:featuredmedia":[{"embeddable":true,"href":"https:\/\/secureus.se\/no\/wp-json\/wp\/v2\/media\/139831"}],"wp:attachment":[{"href":"https:\/\/secureus.se\/no\/wp-json\/wp\/v2\/media?parent=139832"}],"wp:term":[{"taxonomy":"product_brand","embeddable":true,"href":"https:\/\/secureus.se\/no\/wp-json\/wp\/v2\/product_brand?post=139832"},{"taxonomy":"product_cat","embeddable":true,"href":"https:\/\/secureus.se\/no\/wp-json\/wp\/v2\/product_cat?post=139832"},{"taxonomy":"product_tag","embeddable":true,"href":"https:\/\/secureus.se\/no\/wp-json\/wp\/v2\/product_tag?post=139832"}],"curies":[{"name":"wp","href":"https:\/\/api.w.org\/{rel}","templated":true}]}}