{"id":139843,"date":"2023-09-26T13:06:37","date_gmt":"2023-09-26T11:06:37","guid":{"rendered":"https:\/\/secureus.se\/elslutbleck-step-48-rattvand-12v\/"},"modified":"2026-03-26T09:54:05","modified_gmt":"2026-03-26T08:54:05","slug":"elslutbleck-step-48-rattvand-12v","status":"publish","type":"product","link":"https:\/\/secureus.se\/no\/elslutbleck-step-48-rattvand-12v\/","title":{"rendered":"Elektrisk endeplate TRINN 48 H\u00f8yrevendt 12V"},"content":{"rendered":"<h1>Elektrisk endeplate TRINN 48 H\u00f8yrevendt 12V<\/h1>\n<p>STEP 48 Preload elektrisk sluttstykke gir h\u00f8y sikkerhet for d\u00f8rer som skal l\u00e5ses med knott eller n\u00f8kkel.<\/p>\n<p>Utstyrt med stripetrykkteknologi og en bruddstyrke p\u00e5 900 kg, garanterer den \u00e5pning selv ved trykk p\u00e5 opptil 40 kg.<\/p>\n<p class=\"\" data-start=\"371\" data-end=\"784\">STEP 48 Preload elektrisk sluttstykke er konstruert for rom som skal l\u00e5ses med knott eller n\u00f8kkel, og gir mulighet for montering av boltindikator (ST4880), som gj\u00f8r det mulig \u00e5 blokkere d\u00f8rens adgangssystem eller kodel\u00e5s n\u00e5r l\u00e5shusets krokbolt eller rette bolt er mekanisk l\u00e5st opp.<\/p>\n<p class=\"\" data-start=\"371\" data-end=\"784\">Dette gj\u00f8r den til et p\u00e5litelig valg for b\u00e5de nye og eldre d\u00f8rsystemer der det kreves ekstra sikkerhet.<\/p>\n<p class=\"\" data-start=\"786\" data-end=\"1075\">STEPs patenterte stripetrykkteknologi s\u00f8rger for at d\u00f8ren kan \u00e5pnes selv om den utsettes for trykk p\u00e5 opptil 40 kg.<\/p>\n<p class=\"\" data-start=\"786\" data-end=\"1075\">STEP 48 har en bruddstyrke p\u00e5 9 kN (ca. 900 kg) og kan h\u00e5ndtere b\u00e5de forover- og reversfunksjon, noe som gj\u00f8r den til en sikker l\u00f8sning for installasjon i ulike milj\u00f8er.<\/p>\n<p class=\"\" data-start=\"1077\" data-end=\"1092\"><strong data-start=\"1077\" data-end=\"1092\">Kjennetegn:<\/strong><\/p>\n<ul data-start=\"1093\" data-end=\"1500\">\n<li class=\"\" data-start=\"1093\" data-end=\"1136\">\n<p class=\"\" data-start=\"1095\" data-end=\"1136\">H\u00f8yrevendt funksjon (l\u00e5st i str\u00f8ml\u00f8s modus)<\/p>\n<\/li>\n<li class=\"\" data-start=\"1137\" data-end=\"1175\">\n<p class=\"\" data-start=\"1139\" data-end=\"1175\">Innebygd beskyttelsesdiode for \u00f8kt sikkerhet<\/p>\n<\/li>\n<li class=\"\" data-start=\"1176\" data-end=\"1257\">\n<p class=\"\" data-start=\"1178\" data-end=\"1257\">D\u00f8rstatusindikasjon (lukket\/\u00e5pen) (gjelder produkter med stempelkontakt)<\/p>\n<\/li>\n<li class=\"\" data-start=\"1258\" data-end=\"1295\">\n<p class=\"\" data-start=\"1260\" data-end=\"1295\">Bruddstyrke p\u00e5 9 kN (ca. 900 kg)<\/p>\n<\/li>\n<li class=\"\" data-start=\"1296\" data-end=\"1393\">\n<p class=\"\" data-start=\"1298\" data-end=\"1393\">Garanterer \u00e5pning til tross for stripetrykk p\u00e5 opptil 0,4 kN (ca. 40 kg) i forover- og reversfunksjon<\/p>\n<\/li>\n<li class=\"\" data-start=\"1394\" data-end=\"1453\">\n<p class=\"\" data-start=\"1396\" data-end=\"1453\">Bankesikker og vendbar for b\u00e5de h\u00f8yre- og venstred\u00f8rer<\/p>\n<\/li>\n<li class=\"\" data-start=\"1454\" data-end=\"1500\">\n<p class=\"\" data-start=\"1456\" data-end=\"1500\">Kan l\u00e5se opp kroklinjal eller rett linjal<\/p>\n<\/li>\n<\/ul>\n<p class=\"\" data-start=\"1502\" data-end=\"1531\"><strong data-start=\"1502\" data-end=\"1531\">Tekniske spesifikasjoner:<\/strong><\/p>\n<ul data-start=\"1532\" data-end=\"2005\">\n<li class=\"\" data-start=\"1532\" data-end=\"1561\">\n<p class=\"\" data-start=\"1534\" data-end=\"1561\">Bruddstyrke maks: 900 kg<\/p>\n<\/li>\n<li class=\"\" data-start=\"1562\" data-end=\"1592\">\n<p class=\"\" data-start=\"1564\" data-end=\"1592\">D\u00f8rhengsel: H\u00f8yre, Venstre<\/p>\n<\/li>\n<li class=\"\" data-start=\"1593\" data-end=\"1611\">\n<p class=\"\" data-start=\"1595\" data-end=\"1611\">Kabel inkludert: Nei<\/p>\n<\/li>\n<li class=\"\" data-start=\"1612\" data-end=\"1630\">\n<p class=\"\" data-start=\"1614\" data-end=\"1630\">Listetrykk: 40 kg<\/p>\n<\/li>\n<li class=\"\" data-start=\"1631\" data-end=\"1666\">\n<p class=\"\" data-start=\"1633\" data-end=\"1666\">L\u00e5stype: Enkel l\u00e5s, Dobbel l\u00e5s<\/p>\n<\/li>\n<li class=\"\" data-start=\"1667\" data-end=\"1689\">\n<p class=\"\" data-start=\"1669\" data-end=\"1689\">Produktbredde: 25 mm<\/p>\n<\/li>\n<li class=\"\" data-start=\"1690\" data-end=\"1710\">\n<p class=\"\" data-start=\"1692\" data-end=\"1710\">Byggeprodukt vurdert: Ja<\/p>\n<\/li>\n<li class=\"\" data-start=\"1711\" data-end=\"1732\">\n<p class=\"\" data-start=\"1713\" data-end=\"1732\">Produktdybde: 35 mm<\/p>\n<\/li>\n<li class=\"\" data-start=\"1733\" data-end=\"1761\">\n<p class=\"\" data-start=\"1735\" data-end=\"1761\">Driftsspenning 12V\/24V: 12V<\/p>\n<\/li>\n<li class=\"\" data-start=\"1762\" data-end=\"1784\">\n<p class=\"\" data-start=\"1764\" data-end=\"1784\">Dobbel vri drop: Nei<\/p>\n<\/li>\n<li class=\"\" data-start=\"1785\" data-end=\"1806\">\n<p class=\"\" data-start=\"1787\" data-end=\"1806\">EPD-verifisert: Nei<\/p>\n<\/li>\n<li class=\"\" data-start=\"1807\" data-end=\"1819\">\n<p class=\"\" data-start=\"1809\" data-end=\"1819\">FINFO: Nei<\/p>\n<\/li>\n<li class=\"\" data-start=\"1820\" data-end=\"1848\">\n<p class=\"\" data-start=\"1822\" data-end=\"1848\">Farge\/finish: Rustfritt st\u00e5l<\/p>\n<\/li>\n<li class=\"\" data-start=\"1849\" data-end=\"1870\">\n<p class=\"\" data-start=\"1851\" data-end=\"1870\">Produkth\u00f8yde: 90 mm<\/p>\n<\/li>\n<li class=\"\" data-start=\"1871\" data-end=\"1889\">\n<p class=\"\" data-start=\"1873\" data-end=\"1889\">Stempelkontakt: Nei<\/p>\n<\/li>\n<li class=\"\" data-start=\"1890\" data-end=\"1917\">\n<p class=\"\" data-start=\"1892\" data-end=\"1917\">Forside\/Revers: Forside<\/p>\n<\/li>\n<li class=\"\" data-start=\"1918\" data-end=\"1938\">\n<p class=\"\" data-start=\"1920\" data-end=\"1938\">Spenning AC\/DC: DC<\/p>\n<\/li>\n<li class=\"\" data-start=\"1939\" data-end=\"1961\">\n<p class=\"\" data-start=\"1941\" data-end=\"1961\">Spenning maks: 27,6 V<\/p>\n<\/li>\n<li class=\"\" data-start=\"1962\" data-end=\"1984\">\n<p class=\"\" data-start=\"1964\" data-end=\"1984\">Spenning min: 21,6 V<\/p>\n<\/li>\n<li class=\"\" data-start=\"1985\" data-end=\"2005\">\n<p class=\"\" data-start=\"1987\" data-end=\"2005\">SundaHouse vurdert: Ja<\/p>\n<\/li>\n<\/ul>","protected":false},"excerpt":{"rendered":"<p>Her kan du se hvilke stolper og modeller som passer sammen fra STEP-serien med elektriske d\u00f8rstoppere.<\/p>\n<h5><strong><a href=\"https:\/\/steplock.com\/sv\/stolpguide\/#!?lang=sv&amp;blog_id=1&amp;paged=1&amp;number=50\" target=\"_blank\" rel=\"noopener\">TRINN Postveiledning\u00a0<\/a><\/strong><\/h5>\n<h5><strong><a href=\"https:\/\/steplock.com\/sv\/projekteringsguide\/#!?lang=sv&amp;blog_id=1&amp;paged=1&amp;number=999\" target=\"_blank\" rel=\"noopener\">STEP design guide<\/a><\/strong><\/h5>","protected":false},"featured_media":139840,"template":"","meta":{"_acf_changed":false},"product_brand":[],"product_cat":[3355],"product_tag":[4198,4200],"class_list":{"0":"post-139843","1":"product","2":"type-product","3":"status-publish","4":"has-post-thumbnail","6":"product_cat-elslutbleck","7":"product_tag-12v","8":"product_tag-rattvand","9":"product_shipping_class-tunga-paket","10":"pa_brands-step","11":"tm-no-options","13":"first","14":"onbackorder","15":"sale","16":"taxable","17":"shipping-taxable","18":"purchasable","19":"product-type-simple"},"acf":[],"_links":{"self":[{"href":"https:\/\/secureus.se\/no\/wp-json\/wp\/v2\/product\/139843","targetHints":{"allow":["GET"]}}],"collection":[{"href":"https:\/\/secureus.se\/no\/wp-json\/wp\/v2\/product"}],"about":[{"href":"https:\/\/secureus.se\/no\/wp-json\/wp\/v2\/types\/product"}],"wp:featuredmedia":[{"embeddable":true,"href":"https:\/\/secureus.se\/no\/wp-json\/wp\/v2\/media\/139840"}],"wp:attachment":[{"href":"https:\/\/secureus.se\/no\/wp-json\/wp\/v2\/media?parent=139843"}],"wp:term":[{"taxonomy":"product_brand","embeddable":true,"href":"https:\/\/secureus.se\/no\/wp-json\/wp\/v2\/product_brand?post=139843"},{"taxonomy":"product_cat","embeddable":true,"href":"https:\/\/secureus.se\/no\/wp-json\/wp\/v2\/product_cat?post=139843"},{"taxonomy":"product_tag","embeddable":true,"href":"https:\/\/secureus.se\/no\/wp-json\/wp\/v2\/product_tag?post=139843"}],"curies":[{"name":"wp","href":"https:\/\/api.w.org\/{rel}","templated":true}]}}