{"id":139855,"date":"2023-09-26T13:06:31","date_gmt":"2023-09-26T11:06:31","guid":{"rendered":"https:\/\/secureus.se\/elslutbleck-step-48-omstallbar-12v\/"},"modified":"2026-04-23T12:53:01","modified_gmt":"2026-04-23T10:53:01","slug":"elslutbleck-step-48-omstallbar-12v","status":"publish","type":"product","link":"https:\/\/secureus.se\/no\/elslutbleck-step-48-omstallbar-12v\/","title":{"rendered":"Elektrisk termineringsplate TRINN 48 Bryterbar 12V"},"content":{"rendered":"<h1>Elektrisk termineringsplate TRINN 48 Bryterbar 12V<\/h1>\n<p>STEP 48 Preload elektrisk sluttstykke gir p\u00e5litelig \u00e5pning og sikkerhet i rom som er l\u00e5st med en knott eller n\u00f8kkel.<\/p>\n<p>Utstyrt med STEPs stripetrykkteknologi garanterer den funksjon selv under trykk p\u00e5 opptil 40 kg. Perfekt for b\u00e5de forover- og reversfunksjon.<\/p>\n<p class=\"\" data-start=\"411\" data-end=\"791\">STEP 48 Preload elektrisk sluttstykke er den ideelle l\u00f8sningen for rom der sikkerhet og p\u00e5litelighet er avgj\u00f8rende.<\/p>\n<p class=\"\" data-start=\"411\" data-end=\"791\">For d\u00f8rer som skal l\u00e5ses med vrider eller n\u00f8kkel gir den p\u00e5litelig \u00e5pning selv n\u00e5r d\u00f8ren utsettes for st\u00f8petrykk p\u00e5 opptil 40 kg.<\/p>\n<p class=\"\" data-start=\"411\" data-end=\"791\">STEP 48 er en del av STEPs Preload-serie og tilbyr h\u00f8y kvalitet og fleksibilitet for b\u00e5de nye og eldre d\u00f8rsystemer.<\/p>\n<p class=\"\" data-start=\"793\" data-end=\"1212\">Med en bruddstyrke p\u00e5 9 kN (ca. 900 kg) og mulighet for montering av boltindikator ST4880, tilbyr STEP 48 automatisk sperring av d\u00f8rens adgangssystem eller kodel\u00e5s n\u00e5r l\u00e5shusets krokbolt eller rette bolt er mekanisk l\u00e5st ute.<\/p>\n<p class=\"\" data-start=\"793\" data-end=\"1212\">Produktene i STEPs Preload-serie er testet for \u00e5 t\u00e5le h\u00f8ye \u00e5pningsfrekvenser og ekstreme p\u00e5kjenninger, noe som gj\u00f8r dem til et ideelt valg for sikkerhetsbevisste brukere.<\/p>\n<p class=\"\" data-start=\"1214\" data-end=\"1229\"><strong data-start=\"1214\" data-end=\"1229\">Kjennetegn:<\/strong><\/p>\n<ul data-start=\"1230\" data-end=\"1597\">\n<li class=\"\" data-start=\"1230\" data-end=\"1307\">\n<p class=\"\" data-start=\"1232\" data-end=\"1307\">Byttbar forover- og reversfunksjon (l\u00e5st eller ul\u00e5st i spenningsl\u00f8s modus)<\/p>\n<\/li>\n<li class=\"\" data-start=\"1308\" data-end=\"1346\">\n<p class=\"\" data-start=\"1310\" data-end=\"1346\">Innebygd beskyttelsesdiode for \u00f8kt sikkerhet<\/p>\n<\/li>\n<li class=\"\" data-start=\"1347\" data-end=\"1384\">\n<p class=\"\" data-start=\"1349\" data-end=\"1384\">Bruddstyrke p\u00e5 9 kN (ca. 900 kg)<\/p>\n<\/li>\n<li class=\"\" data-start=\"1385\" data-end=\"1487\">\n<p class=\"\" data-start=\"1387\" data-end=\"1487\">Garanterer \u00e5pning til tross for stripetrykk p\u00e5 opptil 0,4 kN (ca. 40 kg) i b\u00e5de forover- og reversfunksjon<\/p>\n<\/li>\n<li class=\"\" data-start=\"1488\" data-end=\"1501\">\n<p class=\"\" data-start=\"1490\" data-end=\"1501\">Anti-banking<\/p>\n<\/li>\n<li class=\"\" data-start=\"1502\" data-end=\"1550\">\n<p class=\"\" data-start=\"1504\" data-end=\"1550\">Vendbar for \u00e5 passe h\u00f8yre og venstre d\u00f8rer<\/p>\n<\/li>\n<li class=\"\" data-start=\"1551\" data-end=\"1597\">\n<p class=\"\" data-start=\"1553\" data-end=\"1597\">Kan l\u00e5se opp kroklinjal eller rett linjal<\/p>\n<\/li>\n<\/ul>\n<p class=\"\" data-start=\"1599\" data-end=\"1628\"><strong data-start=\"1599\" data-end=\"1628\">Tekniske spesifikasjoner:<\/strong><\/p>\n<ul data-start=\"1629\" data-end=\"2102\">\n<li class=\"\" data-start=\"1629\" data-end=\"1658\">\n<p class=\"\" data-start=\"1631\" data-end=\"1658\">Bruddstyrke maks: 900 kg<\/p>\n<\/li>\n<li class=\"\" data-start=\"1659\" data-end=\"1689\">\n<p class=\"\" data-start=\"1661\" data-end=\"1689\">D\u00f8rhengsel: H\u00f8yre, Venstre<\/p>\n<\/li>\n<li class=\"\" data-start=\"1690\" data-end=\"1708\">\n<p class=\"\" data-start=\"1692\" data-end=\"1708\">Kabel inkludert: Nei<\/p>\n<\/li>\n<li class=\"\" data-start=\"1709\" data-end=\"1727\">\n<p class=\"\" data-start=\"1711\" data-end=\"1727\">Listetrykk: 40 kg<\/p>\n<\/li>\n<li class=\"\" data-start=\"1728\" data-end=\"1763\">\n<p class=\"\" data-start=\"1730\" data-end=\"1763\">L\u00e5stype: Enkel l\u00e5s, Dobbel l\u00e5s<\/p>\n<\/li>\n<li class=\"\" data-start=\"1764\" data-end=\"1786\">\n<p class=\"\" data-start=\"1766\" data-end=\"1786\">Produktbredde: 25 mm<\/p>\n<\/li>\n<li class=\"\" data-start=\"1787\" data-end=\"1807\">\n<p class=\"\" data-start=\"1789\" data-end=\"1807\">Byggeprodukt vurdert: Ja<\/p>\n<\/li>\n<li class=\"\" data-start=\"1808\" data-end=\"1829\">\n<p class=\"\" data-start=\"1810\" data-end=\"1829\">Produktdybde: 35 mm<\/p>\n<\/li>\n<li class=\"\" data-start=\"1830\" data-end=\"1858\">\n<p class=\"\" data-start=\"1832\" data-end=\"1858\">Driftsspenning 12V\/24V: 12V<\/p>\n<\/li>\n<li class=\"\" data-start=\"1859\" data-end=\"1881\">\n<p class=\"\" data-start=\"1861\" data-end=\"1881\">Dobbel vri drop: Nei<\/p>\n<\/li>\n<li class=\"\" data-start=\"1882\" data-end=\"1903\">\n<p class=\"\" data-start=\"1884\" data-end=\"1903\">EPD-verifisert: Nei<\/p>\n<\/li>\n<li class=\"\" data-start=\"1904\" data-end=\"1916\">\n<p class=\"\" data-start=\"1906\" data-end=\"1916\">FINFO: Nei<\/p>\n<\/li>\n<li class=\"\" data-start=\"1917\" data-end=\"1945\">\n<p class=\"\" data-start=\"1919\" data-end=\"1945\">Farge\/finish: Rustfritt st\u00e5l<\/p>\n<\/li>\n<li class=\"\" data-start=\"1946\" data-end=\"1967\">\n<p class=\"\" data-start=\"1948\" data-end=\"1967\">Produkth\u00f8yde: 90 mm<\/p>\n<\/li>\n<li class=\"\" data-start=\"1968\" data-end=\"1986\">\n<p class=\"\" data-start=\"1970\" data-end=\"1986\">Stempelkontakt: Nei<\/p>\n<\/li>\n<li class=\"\" data-start=\"1987\" data-end=\"2014\">\n<p class=\"\" data-start=\"1989\" data-end=\"2014\">Forside\/Revers: Forside<\/p>\n<\/li>\n<li class=\"\" data-start=\"2015\" data-end=\"2035\">\n<p class=\"\" data-start=\"2017\" data-end=\"2035\">Spenning AC\/DC: DC<\/p>\n<\/li>\n<li class=\"\" data-start=\"2036\" data-end=\"2058\">\n<p class=\"\" data-start=\"2038\" data-end=\"2058\">Spenning maks: 27,6 V<\/p>\n<\/li>\n<li class=\"\" data-start=\"2059\" data-end=\"2081\">\n<p class=\"\" data-start=\"2061\" data-end=\"2081\">Spenning min: 21,6 V<\/p>\n<\/li>\n<li class=\"\" data-start=\"2082\" data-end=\"2102\">\n<p class=\"\" data-start=\"2084\" data-end=\"2102\">SundaHouse vurdert: Ja<\/p>\n<\/li>\n<\/ul>","protected":false},"excerpt":{"rendered":"<p>Her kan du se hvilke stolper og modeller som passer sammen fra STEP-serien med elektriske d\u00f8rstoppere.<\/p>\n<h5><strong><a href=\"https:\/\/steplock.com\/sv\/stolpguide\/#!?lang=sv&amp;blog_id=1&amp;paged=1&amp;number=50\" target=\"_blank\" rel=\"noopener\">TRINN Postveiledning\u00a0<\/a><\/strong><\/h5>\n<h5><strong><a href=\"https:\/\/steplock.com\/sv\/projekteringsguide\/#!?lang=sv&amp;blog_id=1&amp;paged=1&amp;number=999\" target=\"_blank\" rel=\"noopener\">STEP design guide<\/a><\/strong><\/h5>","protected":false},"featured_media":139853,"template":"","meta":{"_acf_changed":false},"product_brand":[],"product_cat":[3355],"product_tag":[4198,4200],"class_list":{"0":"post-139855","1":"product","2":"type-product","3":"status-publish","4":"has-post-thumbnail","6":"product_cat-elslutbleck","7":"product_tag-12v","8":"product_tag-rattvand","9":"product_shipping_class-tunga-paket","10":"pa_brands-step","11":"tm-no-options","13":"first","14":"onbackorder","15":"sale","16":"taxable","17":"shipping-taxable","18":"purchasable","19":"product-type-simple"},"acf":[],"_links":{"self":[{"href":"https:\/\/secureus.se\/no\/wp-json\/wp\/v2\/product\/139855","targetHints":{"allow":["GET"]}}],"collection":[{"href":"https:\/\/secureus.se\/no\/wp-json\/wp\/v2\/product"}],"about":[{"href":"https:\/\/secureus.se\/no\/wp-json\/wp\/v2\/types\/product"}],"wp:featuredmedia":[{"embeddable":true,"href":"https:\/\/secureus.se\/no\/wp-json\/wp\/v2\/media\/139853"}],"wp:attachment":[{"href":"https:\/\/secureus.se\/no\/wp-json\/wp\/v2\/media?parent=139855"}],"wp:term":[{"taxonomy":"product_brand","embeddable":true,"href":"https:\/\/secureus.se\/no\/wp-json\/wp\/v2\/product_brand?post=139855"},{"taxonomy":"product_cat","embeddable":true,"href":"https:\/\/secureus.se\/no\/wp-json\/wp\/v2\/product_cat?post=139855"},{"taxonomy":"product_tag","embeddable":true,"href":"https:\/\/secureus.se\/no\/wp-json\/wp\/v2\/product_tag?post=139855"}],"curies":[{"name":"wp","href":"https:\/\/api.w.org\/{rel}","templated":true}]}}