{"id":139859,"date":"2023-09-26T13:08:06","date_gmt":"2023-09-26T11:08:06","guid":{"rendered":"https:\/\/secureus.se\/elslutbleck-step-48-omstallbar-24v-kolvkontakt\/"},"modified":"2026-04-08T16:05:07","modified_gmt":"2026-04-08T14:05:07","slug":"elslutbleck-step-48-omstallbar-24v-kolvkontakt","status":"publish","type":"product","link":"https:\/\/secureus.se\/no\/elslutbleck-step-48-omstallbar-24v-kolvkontakt\/","title":{"rendered":"Elektrisk termineringsplate TRINN 48 Justerbar 24V Stempelkontakt"},"content":{"rendered":"<h1>Elektrisk termineringsplate TRINN 48 Justerbar 24V Stempelkontakt<\/h1>\n<p>TRINN 48 Forbelastet elektrisk sluttstykke med koblingsbar funksjon for forover\/bakover drift. Stempelkontakt, stripetrykkteknologi og kompakt design for sikker l\u00e5sing.<\/p>\n<p class=\"\" data-start=\"230\" data-end=\"712\">STEP 48 Preload elektrisk sluttstykke er et kompakt og allsidig elektrisk sluttstykke designet for d\u00f8rmilj\u00f8er hvor fleksibilitet, sikkerhet og h\u00f8y driftssikkerhet kreves.<\/p>\n<p class=\"\" data-start=\"230\" data-end=\"712\">Takket v\u00e6re den vendbare funksjonen kan platen enkelt justeres mellom forovervendt (l\u00e5st ved str\u00f8mbrudd) og bakovervendt (l\u00e5ses opp ved str\u00f8mbrudd) avhengig av installasjonens behov.<\/p>\n<p class=\"\" data-start=\"230\" data-end=\"712\">Dette gj\u00f8r produktet spesielt egnet for milj\u00f8er hvor driftsforholdene kan endres eller hvor det gjelder spesielle sikkerhetskrav.<\/p>\n<p class=\"\" data-start=\"714\" data-end=\"1106\">Dette elektriske sluttstykket er utstyrt med STEPs patenterte listtrykkteknologi, som gj\u00f8r at d\u00f8ren kan l\u00e5ses opp selv med listtrykk p\u00e5 opptil 40 kg \u2013 en funksjon som sikrer problemfri drift i trange eller utsatte d\u00f8rpartier.<\/p>\n<p class=\"\" data-start=\"714\" data-end=\"1106\">Stempelkontakten gir p\u00e5litelig indikasjon p\u00e5 d\u00f8rstatus (\u00e5pen\/lukket), noe som gj\u00f8r STEP 48 til et utmerket valg ved integrering med adgangskontrollsystemer eller alarmer.<\/p>\n<p class=\"\" data-start=\"1108\" data-end=\"1340\">STEP 48 t\u00e5ler en bruddstyrke p\u00e5 9 kN og er vendbar for \u00e5 passe b\u00e5de h\u00f8yre- og venstrehengte d\u00f8rer.<\/p>\n<p class=\"\" data-start=\"1108\" data-end=\"1340\">Den er ogs\u00e5 kompatibel med krokbolt og rette boltl\u00e5ser, og st\u00f8tter ogs\u00e5 ekstern boltindikasjon via ST4880-tilbeh\u00f8ret.<\/p>\n<p class=\"\" data-start=\"1342\" data-end=\"1370\"><strong data-start=\"1342\" data-end=\"1368\">Funksjoner og fordeler:<\/strong><\/p>\n<ul data-start=\"1371\" data-end=\"1680\">\n<li class=\"\" data-start=\"1371\" data-end=\"1421\">\n<p class=\"\" data-start=\"1373\" data-end=\"1421\">Byttbar mellom forover- og reversfunksjon<\/p>\n<\/li>\n<li class=\"\" data-start=\"1422\" data-end=\"1466\">\n<p class=\"\" data-start=\"1424\" data-end=\"1466\">Stempelkontakt for indikering av d\u00f8rstatus<\/p>\n<\/li>\n<li class=\"\" data-start=\"1467\" data-end=\"1502\">\n<p class=\"\" data-start=\"1469\" data-end=\"1502\">Klarer stripetrykk opp til 40 kg<\/p>\n<\/li>\n<li class=\"\" data-start=\"1503\" data-end=\"1527\">\n<p class=\"\" data-start=\"1505\" data-end=\"1527\">Bruddstyrke 9 kN<\/p>\n<\/li>\n<li class=\"\" data-start=\"1528\" data-end=\"1568\">\n<p class=\"\" data-start=\"1530\" data-end=\"1568\">Kompatibel med ST4880 regelindikator<\/p>\n<\/li>\n<li class=\"\" data-start=\"1569\" data-end=\"1605\">\n<p class=\"\" data-start=\"1571\" data-end=\"1605\">Vendbar for h\u00f8yre\/venstre d\u00f8rer<\/p>\n<\/li>\n<li class=\"\" data-start=\"1606\" data-end=\"1643\">\n<p class=\"\" data-start=\"1608\" data-end=\"1643\">Beskyttelsesdiode og overspenningsvern f\u00f8lger med<\/p>\n<\/li>\n<li class=\"\" data-start=\"1644\" data-end=\"1680\">\n<p class=\"\" data-start=\"1646\" data-end=\"1680\">For enkeltl\u00e5s og dobbeltl\u00e5s<\/p>\n<\/li>\n<\/ul>\n<p class=\"\" data-start=\"1682\" data-end=\"1867\"><strong data-start=\"1682\" data-end=\"1705\">Bruksomr\u00e5der:<\/strong><br data-start=\"1705\" data-end=\"1708\" \/>Egnet for kontorer, skoler, n\u00e6ringseiendommer og andre d\u00f8rmilj\u00f8er hvor det kreves ulike l\u00e5seregler, samt i d\u00f8rer med vridere, n\u00f8kler og automatisk oppl\u00e5sing.<\/p>\n<p class=\"\" data-start=\"1869\" data-end=\"2251\"><strong data-start=\"1869\" data-end=\"1898\">Tekniske spesifikasjoner:<\/strong><br data-start=\"1898\" data-end=\"1901\" \/>Driftsspenning: 24 V DC (21,6-27,6 V)<br data-start=\"1937\" data-end=\"1940\" \/>Str\u00f8mforbruk: 110 mAh \/ maks 300 mA<br data-start=\"1978\" data-end=\"1981\" \/>Stempelkontakt: Mikrobryter, 30 V DC \/ 1 A<br data-start=\"2021\" data-end=\"2024\" \/>Bruddstyrke: 900 kg<br data-start=\"2047\" data-end=\"2050\" \/>Listetrykk: 40 kg<br data-start=\"2066\" data-end=\"2069\" \/>D\u00f8rhengsel: H\u00f8yre\/Venstre<br data-start=\"2096\" data-end=\"2099\" \/>L\u00e5stype: Enkel l\u00e5s, Dobbel l\u00e5s<br data-start=\"2132\" data-end=\"2135\" \/>M\u00e5l (BxDxH): 25 x 35 x 90 mm<br data-start=\"2164\" data-end=\"2167\" \/>Overflatebehandling: Rustfritt st\u00e5l<br data-start=\"2188\" data-end=\"2191\" \/>Byggeprodukt vurdert: Ja<br data-start=\"2209\" data-end=\"2212\" \/>SundaHouse vurdert: Ja<br data-start=\"2230\" data-end=\"2233\" \/>Kabel inkludert: Nei<\/p>","protected":false},"excerpt":{"rendered":"<p>Her kan du se hvilke stolper og modeller som passer sammen fra STEP-serien med elektriske d\u00f8rstoppere.<\/p>\n<h5><strong><a href=\"https:\/\/steplock.com\/sv\/stolpguide\/#!?lang=sv&amp;blog_id=1&amp;paged=1&amp;number=50\" target=\"_blank\" rel=\"noopener\">TRINN Postveiledning\u00a0<\/a><\/strong><\/h5>\n<h5><strong><a href=\"https:\/\/steplock.com\/sv\/projekteringsguide\/#!?lang=sv&amp;blog_id=1&amp;paged=1&amp;number=999\" target=\"_blank\" rel=\"noopener\">STEP design guide<\/a><\/strong><\/h5>","protected":false},"featured_media":139857,"template":"","meta":{"_acf_changed":false},"product_brand":[],"product_cat":[3355],"product_tag":[4197,4202],"class_list":{"0":"post-139859","1":"product","2":"type-product","3":"status-publish","4":"has-post-thumbnail","6":"product_cat-elslutbleck","7":"product_tag-24v","8":"product_tag-omstallbar-rattvand-omvand","9":"product_shipping_class-tunga-paket","10":"pa_brands-step","11":"tm-no-options","13":"first","14":"onbackorder","15":"sale","16":"taxable","17":"shipping-taxable","18":"purchasable","19":"product-type-simple"},"acf":[],"_links":{"self":[{"href":"https:\/\/secureus.se\/no\/wp-json\/wp\/v2\/product\/139859","targetHints":{"allow":["GET"]}}],"collection":[{"href":"https:\/\/secureus.se\/no\/wp-json\/wp\/v2\/product"}],"about":[{"href":"https:\/\/secureus.se\/no\/wp-json\/wp\/v2\/types\/product"}],"wp:featuredmedia":[{"embeddable":true,"href":"https:\/\/secureus.se\/no\/wp-json\/wp\/v2\/media\/139857"}],"wp:attachment":[{"href":"https:\/\/secureus.se\/no\/wp-json\/wp\/v2\/media?parent=139859"}],"wp:term":[{"taxonomy":"product_brand","embeddable":true,"href":"https:\/\/secureus.se\/no\/wp-json\/wp\/v2\/product_brand?post=139859"},{"taxonomy":"product_cat","embeddable":true,"href":"https:\/\/secureus.se\/no\/wp-json\/wp\/v2\/product_cat?post=139859"},{"taxonomy":"product_tag","embeddable":true,"href":"https:\/\/secureus.se\/no\/wp-json\/wp\/v2\/product_tag?post=139859"}],"curies":[{"name":"wp","href":"https:\/\/api.w.org\/{rel}","templated":true}]}}