{"id":139864,"date":"2023-09-26T13:06:28","date_gmt":"2023-09-26T11:06:28","guid":{"rendered":"https:\/\/secureus.se\/elslutbleck-step-60-rattvand-12v-kolvkontakt-10m-kabel\/"},"modified":"2026-04-08T16:29:57","modified_gmt":"2026-04-08T14:29:57","slug":"elslutbleck-step-60-rattvand-12v-kolvkontakt-10m-kabel","status":"publish","type":"product","link":"https:\/\/secureus.se\/no\/elslutbleck-step-60-rattvand-12v-kolvkontakt-10m-kabel\/","title":{"rendered":"Elektrisk termineringsplate STEP 60 H\u00f8yrevendt 12V Stempelkontakt 10m Kabel"},"content":{"rendered":"<div>\n<h1>Elektrisk termineringsplate STEP 60 H\u00f8yrevendt 12V Stempelkontakt 10m Kabel<\/h1>\n<p>STEP 60 Silent elektrisk sluttstykke tilbyr stille og sikker drift for d\u00f8rer med h\u00f8y bruksfrekvens.<\/p>\n<p>Med en solid konstruksjon, brannklasse E\/EI120, og 10 meter kabel inkludert, er det en effektiv l\u00f8sning for b\u00e5de sikkerhet og lyddemping.<\/p>\n<p class=\"\" data-start=\"423\" data-end=\"918\">STEP 60 Silent elektrisk sluttstykke er designet for \u00e5 redusere st\u00f8yniv\u00e5et ved \u00e5pning og lukking, samtidig som det sikrer et h\u00f8yt niv\u00e5 av inntrengningssikkerhet.<\/p>\n<p class=\"\" data-start=\"423\" data-end=\"918\">Dette elektriske sluttstykket er perfekt for montering i d\u00f8rer som brukes ofte, for eksempel i milj\u00f8er hvor lydisolering er prioritert.<\/p>\n<p class=\"\" data-start=\"423\" data-end=\"918\">STEP 60 Silent tilh\u00f8rer STEPs Silent-serie og bruker patentert STEP silent-teknologi som gj\u00f8r gangene stille og jevne, reduserer forstyrrende st\u00f8y og forbedrer brukeropplevelsen.<\/p>\n<p class=\"\" data-start=\"920\" data-end=\"1316\">Den er sertifisert for brannmotstand opp til E\/EI 120, noe som gj\u00f8r den egnet for branncellegrenser.<\/p>\n<p class=\"\" data-start=\"920\" data-end=\"1316\">Den tilbyr ogs\u00e5 en meget h\u00f8y bruddstyrke p\u00e5 16 kN (ca. 1600 kg) og kan \u00e5pnes selv under stripetrykk p\u00e5 opptil 100 kg.<\/p>\n<p class=\"\" data-start=\"920\" data-end=\"1316\">Den innebygde stempelbryteren gir indikasjon p\u00e5 om d\u00f8ren er lukket\/\u00e5pen og l\u00e5st\/ul\u00e5st, noe som gj\u00f8r den ideell for integrasjon med adgangskontrollsystemer eller alarmsystemer.<\/p>\n<p class=\"\" data-start=\"1318\" data-end=\"1333\"><strong data-start=\"1318\" data-end=\"1333\">Kjennetegn:<\/strong><\/p>\n<ul data-start=\"1334\" data-end=\"1854\">\n<li class=\"\" data-start=\"1334\" data-end=\"1377\">\n<p class=\"\" data-start=\"1336\" data-end=\"1377\">H\u00f8yrevendt funksjon (l\u00e5st i str\u00f8ml\u00f8s modus)<\/p>\n<\/li>\n<li class=\"\" data-start=\"1378\" data-end=\"1451\">\n<p class=\"\" data-start=\"1380\" data-end=\"1451\">Sertifisert for brannmotstand opp til E\/EI 120 i henhold til SS-EN 14846:2008<\/p>\n<\/li>\n<li class=\"\" data-start=\"1452\" data-end=\"1503\">\n<p class=\"\" data-start=\"1454\" data-end=\"1503\">Mikrobryter enpolet alternerende, maks. 30 V DC, 1 A<\/p>\n<\/li>\n<li class=\"\" data-start=\"1504\" data-end=\"1599\">\n<p class=\"\" data-start=\"1506\" data-end=\"1599\">Innebygd stempelbryter med indikasjon for registrering av d\u00f8rstatus (lukket\/\u00e5pen, l\u00e5st\/ul\u00e5st)<\/p>\n<\/li>\n<li class=\"\" data-start=\"1600\" data-end=\"1666\">\n<p class=\"\" data-start=\"1602\" data-end=\"1666\">Forriglingskontakt for tilkobling til adgangskontrollsystem eller alarmsystem<\/p>\n<\/li>\n<li class=\"\" data-start=\"1667\" data-end=\"1706\">\n<p class=\"\" data-start=\"1669\" data-end=\"1706\">Bruddstyrke p\u00e5 16 kN (ca. 1600 kg)<\/p>\n<\/li>\n<li class=\"\" data-start=\"1707\" data-end=\"1793\">\n<p class=\"\" data-start=\"1709\" data-end=\"1793\">Garanterer \u00e5pning til tross for stripetrykk p\u00e5 opptil 100 kg i forover- og reversfunksjon<\/p>\n<\/li>\n<li class=\"\" data-start=\"1794\" data-end=\"1820\">\n<p class=\"\" data-start=\"1796\" data-end=\"1820\">Anti-bank konstruksjon<\/p>\n<\/li>\n<li class=\"\" data-start=\"1821\" data-end=\"1854\">\n<p class=\"\" data-start=\"1823\" data-end=\"1854\">10 meter halogenfri kabel f\u00f8lger med<\/p>\n<\/li>\n<\/ul>\n<p class=\"\" data-start=\"1856\" data-end=\"1885\"><strong data-start=\"1856\" data-end=\"1885\">Tekniske spesifikasjoner:<\/strong><\/p>\n<ul data-start=\"1886\" data-end=\"2390\">\n<li class=\"\" data-start=\"1886\" data-end=\"1916\">\n<p class=\"\" data-start=\"1888\" data-end=\"1916\">Bruddstyrke maks: 1600 kg<\/p>\n<\/li>\n<li class=\"\" data-start=\"1917\" data-end=\"1947\">\n<p class=\"\" data-start=\"1919\" data-end=\"1947\">D\u00f8rhengsel: H\u00f8yre, Venstre<\/p>\n<\/li>\n<li class=\"\" data-start=\"1948\" data-end=\"1993\">\n<p class=\"\" data-start=\"1950\" data-end=\"1993\">Kabel inkludert: Ja (10 meter halogenfri kabel)<\/p>\n<\/li>\n<li class=\"\" data-start=\"1994\" data-end=\"2013\">\n<p class=\"\" data-start=\"1996\" data-end=\"2013\">Listetrykk: 100 kg<\/p>\n<\/li>\n<li class=\"\" data-start=\"2014\" data-end=\"2049\">\n<p class=\"\" data-start=\"2016\" data-end=\"2049\">L\u00e5stype: Enkel l\u00e5s, Dobbel l\u00e5s<\/p>\n<\/li>\n<li class=\"\" data-start=\"2050\" data-end=\"2072\">\n<p class=\"\" data-start=\"2052\" data-end=\"2072\">Produktbredde: 28 mm<\/p>\n<\/li>\n<li class=\"\" data-start=\"2073\" data-end=\"2093\">\n<p class=\"\" data-start=\"2075\" data-end=\"2093\">Byggeprodukt vurdert: Ja<\/p>\n<\/li>\n<li class=\"\" data-start=\"2094\" data-end=\"2115\">\n<p class=\"\" data-start=\"2096\" data-end=\"2115\">Produktdybde: 34 mm<\/p>\n<\/li>\n<li class=\"\" data-start=\"2116\" data-end=\"2144\">\n<p class=\"\" data-start=\"2118\" data-end=\"2144\">Driftsspenning 12V\/24V: 12V<\/p>\n<\/li>\n<li class=\"\" data-start=\"2145\" data-end=\"2167\">\n<p class=\"\" data-start=\"2147\" data-end=\"2167\">Dobbel vri drop: Nei<\/p>\n<\/li>\n<li class=\"\" data-start=\"2168\" data-end=\"2189\">\n<p class=\"\" data-start=\"2170\" data-end=\"2189\">EPD-verifisert: Nei<\/p>\n<\/li>\n<li class=\"\" data-start=\"2190\" data-end=\"2202\">\n<p class=\"\" data-start=\"2192\" data-end=\"2202\">FINFO: Nei<\/p>\n<\/li>\n<li class=\"\" data-start=\"2203\" data-end=\"2231\">\n<p class=\"\" data-start=\"2205\" data-end=\"2231\">Farge\/finish: Rustfritt st\u00e5l<\/p>\n<\/li>\n<li class=\"\" data-start=\"2232\" data-end=\"2256\">\n<p class=\"\" data-start=\"2234\" data-end=\"2256\">Produkth\u00f8yde: 149,5 mm<\/p>\n<\/li>\n<li class=\"\" data-start=\"2257\" data-end=\"2274\">\n<p class=\"\" data-start=\"2259\" data-end=\"2274\">Stempelkontakt: Ja<\/p>\n<\/li>\n<li class=\"\" data-start=\"2275\" data-end=\"2302\">\n<p class=\"\" data-start=\"2277\" data-end=\"2302\">Forside\/Revers: Forside<\/p>\n<\/li>\n<li class=\"\" data-start=\"2303\" data-end=\"2323\">\n<p class=\"\" data-start=\"2305\" data-end=\"2323\">Spenning AC\/DC: DC<\/p>\n<\/li>\n<li class=\"\" data-start=\"2324\" data-end=\"2346\">\n<p class=\"\" data-start=\"2326\" data-end=\"2346\">Spenning maks: 13,8 V<\/p>\n<\/li>\n<li class=\"\" data-start=\"2347\" data-end=\"2369\">\n<p class=\"\" data-start=\"2349\" data-end=\"2369\">Spenning min: 10,8 V<\/p>\n<\/li>\n<li class=\"\" data-start=\"2370\" data-end=\"2390\">\n<p class=\"\" data-start=\"2372\" data-end=\"2390\">SundaHouse vurdert: Ja<\/p>\n<\/li>\n<\/ul>\n<div>\n<div><\/div>\n<\/div>\n<\/div>","protected":false},"excerpt":{"rendered":"<p>Her kan du se hvilke stolper og modeller som passer sammen fra STEP-serien med elektriske d\u00f8rstoppere.<\/p>\n<h5><strong><a href=\"https:\/\/steplock.com\/sv\/stolpguide\/#!?lang=sv&amp;blog_id=1&amp;paged=1&amp;number=50\" target=\"_blank\" rel=\"noopener\">TRINN Postveiledning\u00a0<\/a><\/strong><\/h5>\n<h5><strong><a href=\"https:\/\/steplock.com\/sv\/projekteringsguide\/#!?lang=sv&amp;blog_id=1&amp;paged=1&amp;number=999\" target=\"_blank\" rel=\"noopener\">STEP design guide<\/a><\/strong><\/h5>","protected":false},"featured_media":139863,"template":"","meta":{"_acf_changed":false},"product_brand":[],"product_cat":[3355],"product_tag":[4198,4200],"class_list":{"0":"post-139864","1":"product","2":"type-product","3":"status-publish","4":"has-post-thumbnail","6":"product_cat-elslutbleck","7":"product_tag-12v","8":"product_tag-rattvand","9":"product_shipping_class-tunga-paket","10":"pa_brands-step","11":"tm-no-options","13":"first","14":"onbackorder","15":"sale","16":"taxable","17":"shipping-taxable","18":"purchasable","19":"product-type-simple"},"acf":[],"_links":{"self":[{"href":"https:\/\/secureus.se\/no\/wp-json\/wp\/v2\/product\/139864","targetHints":{"allow":["GET"]}}],"collection":[{"href":"https:\/\/secureus.se\/no\/wp-json\/wp\/v2\/product"}],"about":[{"href":"https:\/\/secureus.se\/no\/wp-json\/wp\/v2\/types\/product"}],"wp:featuredmedia":[{"embeddable":true,"href":"https:\/\/secureus.se\/no\/wp-json\/wp\/v2\/media\/139863"}],"wp:attachment":[{"href":"https:\/\/secureus.se\/no\/wp-json\/wp\/v2\/media?parent=139864"}],"wp:term":[{"taxonomy":"product_brand","embeddable":true,"href":"https:\/\/secureus.se\/no\/wp-json\/wp\/v2\/product_brand?post=139864"},{"taxonomy":"product_cat","embeddable":true,"href":"https:\/\/secureus.se\/no\/wp-json\/wp\/v2\/product_cat?post=139864"},{"taxonomy":"product_tag","embeddable":true,"href":"https:\/\/secureus.se\/no\/wp-json\/wp\/v2\/product_tag?post=139864"}],"curies":[{"name":"wp","href":"https:\/\/api.w.org\/{rel}","templated":true}]}}