{"id":139871,"date":"2023-09-26T13:08:04","date_gmt":"2023-09-26T11:08:04","guid":{"rendered":"https:\/\/secureus.se\/elslutbleck-step-48-omvand-24v\/"},"modified":"2026-03-26T09:48:11","modified_gmt":"2026-03-26T08:48:11","slug":"elslutbleck-step-48-omvand-24v","status":"publish","type":"product","link":"https:\/\/secureus.se\/no\/elslutbleck-step-48-omvand-24v\/","title":{"rendered":"Elektrisk termineringsplate TRINN 48 Revers 24V"},"content":{"rendered":"<h1>Elektrisk termineringsplate TRINN 48 Revers 24V<\/h1>\n<p>TRINN 48 Preload er et elektrisk sluttstykke med reversfunksjon for d\u00f8rer med vrider eller n\u00f8kkel. Kompakt design, stripetrykkteknologi og h\u00f8y driftssikkerhet \u2013 perfekt for moderne d\u00f8rmilj\u00f8er.<\/p>\n<p class=\"\" data-start=\"246\" data-end=\"586\">Elektrisk sluttstykke STEP 48 Preload er et p\u00e5litelig elektrisk sluttstykke tilpasset dagl\u00e5sing i milj\u00f8er hvor d\u00f8ren l\u00e5ses med knott eller n\u00f8kkel.<\/p>\n<p class=\"\" data-start=\"246\" data-end=\"586\">Denne modellen har en reversfunksjon, som betyr at platen l\u00e5ses opp ved str\u00f8mbrudd \u2013 en funksjon som ofte ettersp\u00f8rres i r\u00f8mningsveier og d\u00f8rer hvor tilgjengelighet er prioritert.<\/p>\n<p class=\"\" data-start=\"588\" data-end=\"954\">Det elektriske sluttstykket er utstyrt med STEPs patenterte stripetrykkteknologi, som gj\u00f8r at d\u00f8ren kan l\u00e5ses opp selv n\u00e5r det er et stripetrykk p\u00e5 opptil 40 kg.<\/p>\n<p class=\"\" data-start=\"588\" data-end=\"954\">Dette bidrar til problemfri drift i d\u00f8rmilj\u00f8er som ofte er utsatt for trykk, f.eks. av d\u00f8rpakninger eller overtrykk.<\/p>\n<p class=\"\" data-start=\"588\" data-end=\"954\">Produktet er manipulasjonssikkert og har innebygget beskyttelsesdiode for sikker drift og beskyttelse mot spenningsspiker.<\/p>\n<p class=\"\" data-start=\"956\" data-end=\"1203\">STEP 48 er vendbar og kan monteres i b\u00e5de h\u00f8yre- og venstrehengte d\u00f8rer.<\/p>\n<p class=\"\" data-start=\"956\" data-end=\"1203\">Den er ogs\u00e5 kompatibel med l\u00e5sehus med krokbolter eller rette bolter, og t\u00e5ler en bruddstyrke p\u00e5 opptil 900 kg, og gir en sikker l\u00e5s selv i ofte brukte d\u00f8rer.<\/p>\n<p class=\"\" data-start=\"1205\" data-end=\"1233\"><strong data-start=\"1205\" data-end=\"1231\">Funksjoner og fordeler:<\/strong><\/p>\n<ul data-start=\"1234\" data-end=\"1512\">\n<li class=\"\" data-start=\"1234\" data-end=\"1278\">\n<p class=\"\" data-start=\"1236\" data-end=\"1278\">Reverseringsfunksjon - l\u00e5st opp i spenningsl\u00f8s modus<\/p>\n<\/li>\n<li class=\"\" data-start=\"1279\" data-end=\"1327\">\n<p class=\"\" data-start=\"1281\" data-end=\"1327\">Patentert stripeutskriftsteknologi (opptil 40 kg)<\/p>\n<\/li>\n<li class=\"\" data-start=\"1328\" data-end=\"1379\">\n<p class=\"\" data-start=\"1330\" data-end=\"1379\">Kompatibel med ST4880 regelindikasjon (valgfritt)<\/p>\n<\/li>\n<li class=\"\" data-start=\"1380\" data-end=\"1405\">\n<p class=\"\" data-start=\"1382\" data-end=\"1405\">Vendbar h\u00f8yre\/venstre<\/p>\n<\/li>\n<li class=\"\" data-start=\"1406\" data-end=\"1443\">\n<p class=\"\" data-start=\"1408\" data-end=\"1443\">Beskyttelsesdiode og overspenningsvern f\u00f8lger med<\/p>\n<\/li>\n<li class=\"\" data-start=\"1444\" data-end=\"1474\">\n<p class=\"\" data-start=\"1446\" data-end=\"1474\">For krokline og rett linjal<\/p>\n<\/li>\n<li class=\"\" data-start=\"1475\" data-end=\"1512\">\n<p class=\"\" data-start=\"1477\" data-end=\"1512\">H\u00f8y driftssikkerhet i kompakte dimensjoner<\/p>\n<\/li>\n<\/ul>\n<p class=\"\" data-start=\"1514\" data-end=\"1680\"><strong data-start=\"1514\" data-end=\"1537\">Bruksomr\u00e5der:<\/strong><br data-start=\"1537\" data-end=\"1540\" \/>Ideell for rom som trenger sikker og p\u00e5litelig dagl\u00e5sing, f.eks. kontorer, korridorer, trapperom, boliginnganger eller r\u00f8mningsveier.<\/p>\n<p class=\"\" data-start=\"1682\" data-end=\"2040\"><strong data-start=\"1682\" data-end=\"1711\">Tekniske spesifikasjoner:<\/strong><br data-start=\"1711\" data-end=\"1714\" \/>Driftsspenning: 24 V DC (21,6-27,6 V)<br data-start=\"1750\" data-end=\"1753\" \/>Str\u00f8mforbruk: 110 mAh \/ maks 300 mA<br data-start=\"1791\" data-end=\"1794\" \/>Bruddstyrke: 900 kg<br data-start=\"1817\" data-end=\"1820\" \/>Listetrykk: 40 kg<br data-start=\"1836\" data-end=\"1839\" \/>D\u00f8rhengsel: H\u00f8yre\/Venstre<br data-start=\"1866\" data-end=\"1869\" \/>Kabel inkludert: Nei<br data-start=\"1885\" data-end=\"1888\" \/>L\u00e5stype: Enkel l\u00e5s, Dobbel l\u00e5s<br data-start=\"1921\" data-end=\"1924\" \/>M\u00e5l (BxDxH): 25 x 35 x 90 mm<br data-start=\"1953\" data-end=\"1956\" \/>Overflatebehandling: Rustfritt st\u00e5l<br data-start=\"1977\" data-end=\"1980\" \/>Byggeprodukt vurdert: Ja<br data-start=\"1998\" data-end=\"2001\" \/>SundaHouse vurdert: Ja<br data-start=\"2019\" data-end=\"2022\" \/>Stempelkontakt: Nei<\/p>","protected":false},"excerpt":{"rendered":"<p>Her kan du se hvilke stolper og modeller som passer sammen fra STEP-serien med elektriske d\u00f8rstoppere.<\/p>\n<h5><strong><a href=\"https:\/\/steplock.com\/sv\/stolpguide\/#!?lang=sv&amp;blog_id=1&amp;paged=1&amp;number=50\" target=\"_blank\" rel=\"noopener\">TRINN Postveiledning\u00a0<\/a><\/strong><\/h5>\n<h5><strong><a href=\"https:\/\/steplock.com\/sv\/projekteringsguide\/#!?lang=sv&amp;blog_id=1&amp;paged=1&amp;number=999\" target=\"_blank\" rel=\"noopener\">STEP design guide<\/a><\/strong><\/h5>","protected":false},"featured_media":139868,"template":"","meta":{"_acf_changed":false},"product_brand":[],"product_cat":[3355],"product_tag":[4197,4201],"class_list":{"0":"post-139871","1":"product","2":"type-product","3":"status-publish","4":"has-post-thumbnail","6":"product_cat-elslutbleck","7":"product_tag-24v","8":"product_tag-omvand","9":"product_shipping_class-tunga-paket","10":"pa_brands-step","11":"tm-no-options","13":"first","14":"instock","15":"sale","16":"taxable","17":"shipping-taxable","18":"purchasable","19":"product-type-simple"},"acf":[],"_links":{"self":[{"href":"https:\/\/secureus.se\/no\/wp-json\/wp\/v2\/product\/139871","targetHints":{"allow":["GET"]}}],"collection":[{"href":"https:\/\/secureus.se\/no\/wp-json\/wp\/v2\/product"}],"about":[{"href":"https:\/\/secureus.se\/no\/wp-json\/wp\/v2\/types\/product"}],"wp:featuredmedia":[{"embeddable":true,"href":"https:\/\/secureus.se\/no\/wp-json\/wp\/v2\/media\/139868"}],"wp:attachment":[{"href":"https:\/\/secureus.se\/no\/wp-json\/wp\/v2\/media?parent=139871"}],"wp:term":[{"taxonomy":"product_brand","embeddable":true,"href":"https:\/\/secureus.se\/no\/wp-json\/wp\/v2\/product_brand?post=139871"},{"taxonomy":"product_cat","embeddable":true,"href":"https:\/\/secureus.se\/no\/wp-json\/wp\/v2\/product_cat?post=139871"},{"taxonomy":"product_tag","embeddable":true,"href":"https:\/\/secureus.se\/no\/wp-json\/wp\/v2\/product_tag?post=139871"}],"curies":[{"name":"wp","href":"https:\/\/api.w.org\/{rel}","templated":true}]}}