{"id":139873,"date":"2023-09-26T13:06:25","date_gmt":"2023-09-26T11:06:25","guid":{"rendered":"https:\/\/secureus.se\/elslutbleck-step-98-rattvand-12v-kolvkontakt\/"},"modified":"2026-04-08T16:35:39","modified_gmt":"2026-04-08T14:35:39","slug":"elslutbleck-step-98-rattvand-12v-kolvkontakt","status":"publish","type":"product","link":"https:\/\/secureus.se\/no\/elslutbleck-step-98-rattvand-12v-kolvkontakt\/","title":{"rendered":"Elektrisk klemmeark TRINN 98 H\u00f8yrevendt 12V Stempelkontakt"},"content":{"rendered":"<div>\n<h1>Elektrisk klemmeark TRINN 98 H\u00f8yrevendt 12V Stempelkontakt<\/h1>\n<p>Elektrisk sluttstykke STEP 98 Preload HPR er et branngodkjent elektrisk sluttstykke med h\u00f8y sikkerhet og funksjonalitet, designet for \u00e5 passe h\u00f8yfrekvente d\u00f8rer og rom med sikkerhetskrav.<\/p>\n<p class=\"\" data-start=\"349\" data-end=\"871\">STEP 98 Preload er et branngodkjent elektrisk sluttstykke, perfekt for d\u00f8rer som skal l\u00e5ses med knott eller n\u00f8kkel.<\/p>\n<p class=\"\" data-start=\"349\" data-end=\"871\">Produktet er sertifisert for brannmotstand opp til E\/EI 120 og har en patentert stripetrykkteknologi som sikrer at d\u00f8ren kan \u00e5pnes selv ved trykk p\u00e5 opptil 40 kg.<\/p>\n<p class=\"\" data-start=\"349\" data-end=\"871\">STEP 98 Preload er en del av STEPs Preload-serie og egner seg for montering i b\u00e5de venstre- og h\u00f8yrehengte d\u00f8rer. Med den vendbare funksjonen kan den brukes til \u00e5 passe b\u00e5de forover og bakover.<\/p>\n<p class=\"\" data-start=\"873\" data-end=\"1156\">Det elektriske sluttstykket er utstyrt med en stempelkontakt som gj\u00f8r det mulig \u00e5 indikere n\u00e5r d\u00f8ren er lukket\/\u00e5pen og l\u00e5st\/ul\u00e5st, noe som gj\u00f8r den ideell for integrering i adgangskontrollsystemer og alarmsystemer.<\/p>\n<p class=\"\" data-start=\"873\" data-end=\"1156\">Produktet er ogs\u00e5 manipulasjonssikkert og reversibelt for enkel installasjon i forskjellige d\u00f8rsystemer.<\/p>\n<p class=\"\" data-start=\"1158\" data-end=\"1175\"><strong data-start=\"1158\" data-end=\"1172\">Kjennetegn<\/strong>:<\/p>\n<ul data-start=\"1176\" data-end=\"1692\">\n<li class=\"\" data-start=\"1176\" data-end=\"1221\">\n<p class=\"\" data-start=\"1178\" data-end=\"1221\">H\u00f8yrevendt funksjon (l\u00e5st i str\u00f8ml\u00f8s modus)<\/p>\n<\/li>\n<li class=\"\" data-start=\"1222\" data-end=\"1274\">\n<p class=\"\" data-start=\"1224\" data-end=\"1274\">Mikrobryter enpolet bytte (maks 30 V DC, 1A)<\/p>\n<\/li>\n<li class=\"\" data-start=\"1275\" data-end=\"1330\">\n<p class=\"\" data-start=\"1277\" data-end=\"1330\">Deteksjonsindikasjon for lukket\/\u00e5pen d\u00f8r<\/p>\n<\/li>\n<li class=\"\" data-start=\"1331\" data-end=\"1410\">\n<p class=\"\" data-start=\"1333\" data-end=\"1410\">Sertifisert for brannmotstand opp til F (E\/EI 120) i henhold til SS-EN 14846:2008<\/p>\n<\/li>\n<li class=\"\" data-start=\"1411\" data-end=\"1444\">\n<p class=\"\" data-start=\"1413\" data-end=\"1444\">Bruddstyrke 900 kg (9 kN)<\/p>\n<\/li>\n<li class=\"\" data-start=\"1445\" data-end=\"1529\">\n<p class=\"\" data-start=\"1447\" data-end=\"1529\">Garanterer \u00e5pning til tross for stripetrykk p\u00e5 opptil 40 kg i forover- og reversfunksjon<\/p>\n<\/li>\n<li class=\"\" data-start=\"1530\" data-end=\"1545\">\n<p class=\"\" data-start=\"1532\" data-end=\"1545\">Anti-banking<\/p>\n<\/li>\n<li class=\"\" data-start=\"1546\" data-end=\"1596\">\n<p class=\"\" data-start=\"1548\" data-end=\"1596\">Vendbar for \u00e5 passe h\u00f8yre og venstre d\u00f8rer<\/p>\n<\/li>\n<li class=\"\" data-start=\"1597\" data-end=\"1645\">\n<p class=\"\" data-start=\"1599\" data-end=\"1645\">Kan l\u00e5se opp kroklinjal eller rett linjal<\/p>\n<\/li>\n<li class=\"\" data-start=\"1646\" data-end=\"1692\">\n<p class=\"\" data-start=\"1648\" data-end=\"1692\">10 meter halogenfri tilkoblingskabel f\u00f8lger med<\/p>\n<\/li>\n<\/ul>\n<p class=\"\" data-start=\"1694\" data-end=\"1725\"><strong data-start=\"1694\" data-end=\"1722\">Tekniske spesifikasjoner<\/strong>:<\/p>\n<ul data-start=\"1726\" data-end=\"2318\">\n<li class=\"\" data-start=\"1726\" data-end=\"1761\">\n<p class=\"\" data-start=\"1728\" data-end=\"1761\"><strong data-start=\"1728\" data-end=\"1751\">Bruddstyrke maks<\/strong>: 900 kg<\/p>\n<\/li>\n<li class=\"\" data-start=\"1762\" data-end=\"1798\">\n<p class=\"\" data-start=\"1764\" data-end=\"1798\"><strong data-start=\"1764\" data-end=\"1780\">D\u00f8r hengende<\/strong>: H\u00f8yre, venstre<\/p>\n<\/li>\n<li class=\"\" data-start=\"1799\" data-end=\"1823\">\n<p class=\"\" data-start=\"1801\" data-end=\"1823\"><strong data-start=\"1801\" data-end=\"1816\">Kabel inkludert<\/strong>: Nei<\/p>\n<\/li>\n<li class=\"\" data-start=\"1824\" data-end=\"1848\">\n<p class=\"\" data-start=\"1826\" data-end=\"1848\"><strong data-start=\"1826\" data-end=\"1839\">Listeutskrift<\/strong>: 40 kg<\/p>\n<\/li>\n<li class=\"\" data-start=\"1849\" data-end=\"1890\">\n<p class=\"\" data-start=\"1851\" data-end=\"1890\"><strong data-start=\"1851\" data-end=\"1861\">L\u00e5s type<\/strong>: Enkel falll\u00e5s, Dobbel falll\u00e5s<\/p>\n<\/li>\n<li class=\"\" data-start=\"1891\" data-end=\"1919\">\n<p class=\"\" data-start=\"1893\" data-end=\"1919\"><strong data-start=\"1893\" data-end=\"1910\">Bredt produkt<\/strong>: 25 mm<\/p>\n<\/li>\n<li class=\"\" data-start=\"1920\" data-end=\"1946\">\n<p class=\"\" data-start=\"1922\" data-end=\"1946\"><strong data-start=\"1922\" data-end=\"1940\">Byggematerialer vurdert<\/strong>: Ja<\/p>\n<\/li>\n<li class=\"\" data-start=\"1947\" data-end=\"1974\">\n<p class=\"\" data-start=\"1949\" data-end=\"1974\"><strong data-start=\"1949\" data-end=\"1965\">Dyp produkt<\/strong>: 35 mm<\/p>\n<\/li>\n<li class=\"\" data-start=\"1975\" data-end=\"2009\">\n<p class=\"\" data-start=\"1977\" data-end=\"2009\"><strong data-start=\"1977\" data-end=\"2002\">Driftsspenning 12V\/24V<\/strong>: 12V<\/p>\n<\/li>\n<li class=\"\" data-start=\"2010\" data-end=\"2038\">\n<p class=\"\" data-start=\"2012\" data-end=\"2038\"><strong data-start=\"2012\" data-end=\"2031\">Dobbel vri etui<\/strong>: Nei<\/p>\n<\/li>\n<li class=\"\" data-start=\"2039\" data-end=\"2066\">\n<p class=\"\" data-start=\"2041\" data-end=\"2066\"><strong data-start=\"2041\" data-end=\"2059\">EPD-verifisert<\/strong>: Nei<\/p>\n<\/li>\n<li class=\"\" data-start=\"2067\" data-end=\"2085\">\n<p class=\"\" data-start=\"2069\" data-end=\"2085\"><strong data-start=\"2069\" data-end=\"2078\">FIN INFO<\/strong>: Nei<\/p>\n<\/li>\n<li class=\"\" data-start=\"2086\" data-end=\"2120\">\n<p class=\"\" data-start=\"2088\" data-end=\"2120\"><strong data-start=\"2088\" data-end=\"2109\">Farge\/Overflatebehandling<\/strong>: Rustfritt st\u00e5l<\/p>\n<\/li>\n<li class=\"\" data-start=\"2121\" data-end=\"2148\">\n<p class=\"\" data-start=\"2123\" data-end=\"2148\"><strong data-start=\"2123\" data-end=\"2139\">Forh\u00f8yet produkt<\/strong>: 90 mm<\/p>\n<\/li>\n<li class=\"\" data-start=\"2149\" data-end=\"2172\">\n<p class=\"\" data-start=\"2151\" data-end=\"2172\"><strong data-start=\"2151\" data-end=\"2166\">Stempelkobling<\/strong>: Ja<\/p>\n<\/li>\n<li class=\"\" data-start=\"2173\" data-end=\"2206\">\n<p class=\"\" data-start=\"2175\" data-end=\"2206\"><strong data-start=\"2175\" data-end=\"2194\">H\u00f8yre\/revers<\/strong>: H\u00f8yrevendt<\/p>\n<\/li>\n<li class=\"\" data-start=\"2207\" data-end=\"2233\">\n<p class=\"\" data-start=\"2209\" data-end=\"2233\"><strong data-start=\"2209\" data-end=\"2227\">Spenning AC\/DC<\/strong>: DC<\/p>\n<\/li>\n<li class=\"\" data-start=\"2234\" data-end=\"2262\">\n<p class=\"\" data-start=\"2236\" data-end=\"2262\"><strong data-start=\"2236\" data-end=\"2252\">Spenning maks<\/strong>: 13,8V<\/p>\n<\/li>\n<li class=\"\" data-start=\"2263\" data-end=\"2291\">\n<p class=\"\" data-start=\"2265\" data-end=\"2291\"><strong data-start=\"2265\" data-end=\"2281\">Spenning min<\/strong>: 10,8V<\/p>\n<\/li>\n<li class=\"\" data-start=\"2292\" data-end=\"2318\">\n<p class=\"\" data-start=\"2294\" data-end=\"2318\"><strong data-start=\"2294\" data-end=\"2312\">SundaHouse vurdert<\/strong>: Ja<\/p>\n<\/li>\n<\/ul>\n<div>\n<div>\n<p>&nbsp;<\/p>\n<\/div>\n<\/div>\n<\/div>","protected":false},"excerpt":{"rendered":"<p>Her kan du se hvilke stolper og modeller som passer sammen fra STEP-serien med elektriske d\u00f8rstoppere.<\/p>\n<h5><strong><a href=\"https:\/\/steplock.com\/sv\/stolpguide\/#!?lang=sv&amp;blog_id=1&amp;paged=1&amp;number=50\" target=\"_blank\" rel=\"noopener\">TRINN Postveiledning\u00a0<\/a><\/strong><\/h5>\n<h5><strong><a href=\"https:\/\/steplock.com\/sv\/projekteringsguide\/#!?lang=sv&amp;blog_id=1&amp;paged=1&amp;number=999\" target=\"_blank\" rel=\"noopener\">STEP design guide<\/a><\/strong><\/h5>","protected":false},"featured_media":139872,"template":"","meta":{"_acf_changed":false},"product_brand":[],"product_cat":[3355],"product_tag":[4198,4200],"class_list":{"0":"post-139873","1":"product","2":"type-product","3":"status-publish","4":"has-post-thumbnail","6":"product_cat-elslutbleck","7":"product_tag-12v","8":"product_tag-rattvand","9":"product_shipping_class-tunga-paket","10":"pa_brands-step","11":"tm-no-options","13":"first","14":"onbackorder","15":"sale","16":"taxable","17":"shipping-taxable","18":"purchasable","19":"product-type-simple"},"acf":[],"_links":{"self":[{"href":"https:\/\/secureus.se\/no\/wp-json\/wp\/v2\/product\/139873","targetHints":{"allow":["GET"]}}],"collection":[{"href":"https:\/\/secureus.se\/no\/wp-json\/wp\/v2\/product"}],"about":[{"href":"https:\/\/secureus.se\/no\/wp-json\/wp\/v2\/types\/product"}],"wp:featuredmedia":[{"embeddable":true,"href":"https:\/\/secureus.se\/no\/wp-json\/wp\/v2\/media\/139872"}],"wp:attachment":[{"href":"https:\/\/secureus.se\/no\/wp-json\/wp\/v2\/media?parent=139873"}],"wp:term":[{"taxonomy":"product_brand","embeddable":true,"href":"https:\/\/secureus.se\/no\/wp-json\/wp\/v2\/product_brand?post=139873"},{"taxonomy":"product_cat","embeddable":true,"href":"https:\/\/secureus.se\/no\/wp-json\/wp\/v2\/product_cat?post=139873"},{"taxonomy":"product_tag","embeddable":true,"href":"https:\/\/secureus.se\/no\/wp-json\/wp\/v2\/product_tag?post=139873"}],"curies":[{"name":"wp","href":"https:\/\/api.w.org\/{rel}","templated":true}]}}