{"id":139884,"date":"2023-09-26T13:06:20","date_gmt":"2023-09-26T11:06:20","guid":{"rendered":"https:\/\/secureus.se\/elslutbleck-step-98-omstallbar-12v\/"},"modified":"2026-04-08T16:30:28","modified_gmt":"2026-04-08T14:30:28","slug":"elslutbleck-step-98-omstallbar-12v","status":"publish","type":"product","link":"https:\/\/secureus.se\/no\/elslutbleck-step-98-omstallbar-12v\/","title":{"rendered":"Elektrisk endeplate TRINN 98 Bryterbar 12V"},"content":{"rendered":"<div>\n<h1>Elektrisk endeplate TRINN 98 Bryterbar 12V<\/h1>\n<p>Elektrisk sluttstykke STEP 98 Preload HPR er et branngodkjent elektrisk sluttstykke som kombinerer h\u00f8y sikkerhet og p\u00e5litelig funksjon for d\u00f8rer som krever b\u00e5de brannmotstand og h\u00f8y inntrengningsmotstand.<\/p>\n<p class=\"\" data-start=\"334\" data-end=\"824\">TRINN 98 Preload er et branngodkjent elektrisk sluttstykke designet for rom som skal l\u00e5ses med knott eller n\u00f8kkel.<\/p>\n<p class=\"\" data-start=\"334\" data-end=\"824\">For STEP 98 Preload er det mulig \u00e5 installere en boltindikator ST4880, som kan brukes til automatisk \u00e5 blokkere d\u00f8rens adgangssystem eller kodel\u00e5s n\u00e5r l\u00e5shusets krokbolt eller rette bolt er blitt mekanisk l\u00e5st opp.<\/p>\n<p class=\"\" data-start=\"334\" data-end=\"824\">Dette elektriske sluttstykket er utstyrt med STEPs patenterte stripetrykkteknologi, som gj\u00f8r at d\u00f8ren alltid kan \u00e5pnes selv ved trykk p\u00e5 opptil 40 kg.<\/p>\n<p class=\"\" data-start=\"826\" data-end=\"1078\">STEP 98 Preload tilbyr b\u00e5de forover- og reversfunksjon (l\u00e5st eller ul\u00e5st i spenningsl\u00f8s posisjon) og er sertifisert for brannmotstand opp til E\/EI 120 (120 min).<\/p>\n<p class=\"\" data-start=\"826\" data-end=\"1078\">Den elektriske sluttplaten er ogs\u00e5 manipulasjonssikker og vendbar for \u00e5 passe b\u00e5de h\u00f8yre og venstre d\u00f8rer.<\/p>\n<div>\n<div>\n<p class=\"\" data-start=\"1080\" data-end=\"1097\"><strong data-start=\"1080\" data-end=\"1094\">Kjennetegn<\/strong>:<\/p>\n<ul data-start=\"1098\" data-end=\"1555\">\n<li class=\"\" data-start=\"1098\" data-end=\"1151\">\n<p class=\"\" data-start=\"1100\" data-end=\"1151\">Byttbar funksjon (l\u00e5st\/l\u00e5st opp i spenningsl\u00f8s modus)<\/p>\n<\/li>\n<li class=\"\" data-start=\"1152\" data-end=\"1210\">\n<p class=\"\" data-start=\"1154\" data-end=\"1210\">Branngodkjent opp til E\/EI 120 i henhold til SS-EN 14846:2008<\/p>\n<\/li>\n<li class=\"\" data-start=\"1211\" data-end=\"1247\">\n<p class=\"\" data-start=\"1213\" data-end=\"1247\">Bruddstyrke 9 kN (ca. 900 kg)<\/p>\n<\/li>\n<li class=\"\" data-start=\"1248\" data-end=\"1335\">\n<p class=\"\" data-start=\"1250\" data-end=\"1335\">Garanterer \u00e5pning til tross for stripetrykk p\u00e5 opptil 40 kg i forover- og reversfunksjon<\/p>\n<\/li>\n<li class=\"\" data-start=\"1336\" data-end=\"1358\">\n<p class=\"\" data-start=\"1338\" data-end=\"1358\">Beskyttelsesdiode innebygd<\/p>\n<\/li>\n<li class=\"\" data-start=\"1359\" data-end=\"1455\">\n<p class=\"\" data-start=\"1361\" data-end=\"1455\">Indikasjon for \u00e5 registrere om d\u00f8ren er lukket\/\u00e5pen (gjelder produkter med stempelkontakt)<\/p>\n<\/li>\n<li class=\"\" data-start=\"1456\" data-end=\"1506\">\n<p class=\"\" data-start=\"1458\" data-end=\"1506\">Vendbar for \u00e5 passe h\u00f8yre og venstre d\u00f8rer<\/p>\n<\/li>\n<li class=\"\" data-start=\"1507\" data-end=\"1555\">\n<p class=\"\" data-start=\"1509\" data-end=\"1555\">Kan l\u00e5se opp kroklinjal eller rett linjal<\/p>\n<\/li>\n<\/ul>\n<p class=\"\" data-start=\"1557\" data-end=\"1588\"><strong data-start=\"1557\" data-end=\"1585\">Tekniske spesifikasjoner<\/strong>:<\/p>\n<ul data-start=\"1589\" data-end=\"2200\">\n<li class=\"\" data-start=\"1589\" data-end=\"1624\">\n<p class=\"\" data-start=\"1591\" data-end=\"1624\"><strong data-start=\"1591\" data-end=\"1614\">Bruddstyrke maks<\/strong>: 900 kg<\/p>\n<\/li>\n<li class=\"\" data-start=\"1625\" data-end=\"1661\">\n<p class=\"\" data-start=\"1627\" data-end=\"1661\"><strong data-start=\"1627\" data-end=\"1643\">D\u00f8r hengende<\/strong>: H\u00f8yre, venstre<\/p>\n<\/li>\n<li class=\"\" data-start=\"1662\" data-end=\"1686\">\n<p class=\"\" data-start=\"1664\" data-end=\"1686\"><strong data-start=\"1664\" data-end=\"1679\">Kabel inkludert<\/strong>: Nei<\/p>\n<\/li>\n<li class=\"\" data-start=\"1687\" data-end=\"1711\">\n<p class=\"\" data-start=\"1689\" data-end=\"1711\"><strong data-start=\"1689\" data-end=\"1702\">Listeutskrift<\/strong>: 40 kg<\/p>\n<\/li>\n<li class=\"\" data-start=\"1712\" data-end=\"1753\">\n<p class=\"\" data-start=\"1714\" data-end=\"1753\"><strong data-start=\"1714\" data-end=\"1724\">L\u00e5s type<\/strong>: Enkel falll\u00e5s, Dobbel falll\u00e5s<\/p>\n<\/li>\n<li class=\"\" data-start=\"1754\" data-end=\"1782\">\n<p class=\"\" data-start=\"1756\" data-end=\"1782\"><strong data-start=\"1756\" data-end=\"1773\">Bredt produkt<\/strong>: 25 mm<\/p>\n<\/li>\n<li class=\"\" data-start=\"1783\" data-end=\"1809\">\n<p class=\"\" data-start=\"1785\" data-end=\"1809\"><strong data-start=\"1785\" data-end=\"1803\">Byggematerialer vurdert<\/strong>: Ja<\/p>\n<\/li>\n<li class=\"\" data-start=\"1810\" data-end=\"1837\">\n<p class=\"\" data-start=\"1812\" data-end=\"1837\"><strong data-start=\"1812\" data-end=\"1828\">Dyp produkt<\/strong>: 35 mm<\/p>\n<\/li>\n<li class=\"\" data-start=\"1838\" data-end=\"1872\">\n<p class=\"\" data-start=\"1840\" data-end=\"1872\"><strong data-start=\"1840\" data-end=\"1865\">Driftsspenning 12V\/24V<\/strong>: 12V<\/p>\n<\/li>\n<li class=\"\" data-start=\"1873\" data-end=\"1901\">\n<p class=\"\" data-start=\"1875\" data-end=\"1901\"><strong data-start=\"1875\" data-end=\"1894\">Dobbel vri etui<\/strong>: Nei<\/p>\n<\/li>\n<li class=\"\" data-start=\"1902\" data-end=\"1929\">\n<p class=\"\" data-start=\"1904\" data-end=\"1929\"><strong data-start=\"1904\" data-end=\"1922\">EPD-verifisert<\/strong>: Nei<\/p>\n<\/li>\n<li class=\"\" data-start=\"1930\" data-end=\"1948\">\n<p class=\"\" data-start=\"1932\" data-end=\"1948\"><strong data-start=\"1932\" data-end=\"1941\">FIN INFO<\/strong>: Nei<\/p>\n<\/li>\n<li class=\"\" data-start=\"1949\" data-end=\"1983\">\n<p class=\"\" data-start=\"1951\" data-end=\"1983\"><strong data-start=\"1951\" data-end=\"1972\">Farge\/Overflatebehandling<\/strong>: Rustfritt st\u00e5l<\/p>\n<\/li>\n<li class=\"\" data-start=\"1984\" data-end=\"2011\">\n<p class=\"\" data-start=\"1986\" data-end=\"2011\"><strong data-start=\"1986\" data-end=\"2002\">Forh\u00f8yet produkt<\/strong>: 90 mm<\/p>\n<\/li>\n<li class=\"\" data-start=\"2012\" data-end=\"2036\">\n<p class=\"\" data-start=\"2014\" data-end=\"2036\"><strong data-start=\"2014\" data-end=\"2029\">Stempelkobling<\/strong>: Nei<\/p>\n<\/li>\n<li class=\"\" data-start=\"2037\" data-end=\"2088\">\n<p class=\"\" data-start=\"2039\" data-end=\"2088\"><strong data-start=\"2039\" data-end=\"2058\">H\u00f8yre\/revers<\/strong>: Kan byttes forover\/bakover<\/p>\n<\/li>\n<li class=\"\" data-start=\"2089\" data-end=\"2115\">\n<p class=\"\" data-start=\"2091\" data-end=\"2115\"><strong data-start=\"2091\" data-end=\"2109\">Spenning AC\/DC<\/strong>: DC<\/p>\n<\/li>\n<li class=\"\" data-start=\"2116\" data-end=\"2144\">\n<p class=\"\" data-start=\"2118\" data-end=\"2144\"><strong data-start=\"2118\" data-end=\"2134\">Spenning maks<\/strong>: 13,8V<\/p>\n<\/li>\n<li class=\"\" data-start=\"2145\" data-end=\"2173\">\n<p class=\"\" data-start=\"2147\" data-end=\"2173\"><strong data-start=\"2147\" data-end=\"2163\">Spenning min<\/strong>: 10,8V<\/p>\n<\/li>\n<li class=\"\" data-start=\"2174\" data-end=\"2200\">\n<p class=\"\" data-start=\"2176\" data-end=\"2200\"><strong data-start=\"2176\" data-end=\"2194\">SundaHouse vurdert<\/strong>: Ja<\/p>\n<\/li>\n<\/ul>\n<\/div>\n<\/div>\n<\/div>","protected":false},"excerpt":{"rendered":"<p>Her kan du se hvilke stolper og modeller som passer sammen fra STEP-serien med elektriske d\u00f8rstoppere.<\/p>\n<h5><strong><a href=\"https:\/\/steplock.com\/sv\/stolpguide\/#!?lang=sv&amp;blog_id=1&amp;paged=1&amp;number=50\" target=\"_blank\" rel=\"noopener\">TRINN Postveiledning\u00a0<\/a><\/strong><\/h5>\n<h5><strong><a href=\"https:\/\/steplock.com\/sv\/projekteringsguide\/#!?lang=sv&amp;blog_id=1&amp;paged=1&amp;number=999\" target=\"_blank\" rel=\"noopener\">STEP design guide<\/a><\/strong><\/h5>","protected":false},"featured_media":139883,"template":"","meta":{"_acf_changed":false},"product_brand":[],"product_cat":[3355],"product_tag":[4198,4202],"class_list":{"0":"post-139884","1":"product","2":"type-product","3":"status-publish","4":"has-post-thumbnail","6":"product_cat-elslutbleck","7":"product_tag-12v","8":"product_tag-omstallbar-rattvand-omvand","9":"product_shipping_class-tunga-paket","10":"pa_brands-step","11":"tm-no-options","13":"first","14":"onbackorder","15":"sale","16":"taxable","17":"shipping-taxable","18":"purchasable","19":"product-type-simple"},"acf":[],"_links":{"self":[{"href":"https:\/\/secureus.se\/no\/wp-json\/wp\/v2\/product\/139884","targetHints":{"allow":["GET"]}}],"collection":[{"href":"https:\/\/secureus.se\/no\/wp-json\/wp\/v2\/product"}],"about":[{"href":"https:\/\/secureus.se\/no\/wp-json\/wp\/v2\/types\/product"}],"wp:featuredmedia":[{"embeddable":true,"href":"https:\/\/secureus.se\/no\/wp-json\/wp\/v2\/media\/139883"}],"wp:attachment":[{"href":"https:\/\/secureus.se\/no\/wp-json\/wp\/v2\/media?parent=139884"}],"wp:term":[{"taxonomy":"product_brand","embeddable":true,"href":"https:\/\/secureus.se\/no\/wp-json\/wp\/v2\/product_brand?post=139884"},{"taxonomy":"product_cat","embeddable":true,"href":"https:\/\/secureus.se\/no\/wp-json\/wp\/v2\/product_cat?post=139884"},{"taxonomy":"product_tag","embeddable":true,"href":"https:\/\/secureus.se\/no\/wp-json\/wp\/v2\/product_tag?post=139884"}],"curies":[{"name":"wp","href":"https:\/\/api.w.org\/{rel}","templated":true}]}}