{"id":139899,"date":"2023-09-26T13:07:46","date_gmt":"2023-09-26T11:07:46","guid":{"rendered":"https:\/\/secureus.se\/elslutbleck-step-90-rattvand-12v-kolvkontakt\/"},"modified":"2026-04-08T16:11:49","modified_gmt":"2026-04-08T14:11:49","slug":"elslutbleck-step-90-rattvand-12v-kolvkontakt","status":"publish","type":"product","link":"https:\/\/secureus.se\/no\/elslutbleck-step-90-rattvand-12v-kolvkontakt\/","title":{"rendered":"Elektrisk klemmeark TRINN 90 H\u00f8yrevendt 12V Stempelkontakt"},"content":{"rendered":"<h1>Elektrisk klemmeark TRINN 90 H\u00f8yrevendt 12V Stempelkontakt<\/h1>\n<p>STEP 90 Preload HPR er et kompakt, h\u00f8yrehendt elektrisk sluttstykke med stempelkontakt og h\u00f8y driftssikkerhet. Brannklassifisert opp til E\/EI120 og \u00e5pner til tross for et stripetrykk p\u00e5 250 kg.<\/p>\n<p class=\"\" data-start=\"246\" data-end=\"576\">STEP 90 Preload HPR elektrisk sluttstykke er utviklet for milj\u00f8er med h\u00f8ye krav til sikkerhet, driftssikkerhet og kompakt installasjon.<\/p>\n<p class=\"\" data-start=\"246\" data-end=\"576\">Med h\u00f8yrevendt funksjon (l\u00e5st i spenningsl\u00f8s posisjon) og stempelkontakt gir den en tydelig statusindikasjon p\u00e5 d\u00f8rens posisjon - ideell for tilkobling til adgangskontrollsystem eller alarm.<\/p>\n<p class=\"\" data-start=\"578\" data-end=\"837\">STEP 90 tilh\u00f8rer STEPs Preload-serie og er utstyrt med den patenterte HPR\u00ae stripetrykkteknologien, som garanterer oppl\u00e5sing selv om d\u00f8ren utsettes for trykk p\u00e5 opptil 250 kg.<\/p>\n<p class=\"\" data-start=\"578\" data-end=\"837\">Dette gj\u00f8r den til et sv\u00e6rt p\u00e5litelig valg i d\u00f8rmilj\u00f8er med h\u00f8y \u00e5pningsfrekvens.<\/p>\n<p class=\"\" data-start=\"839\" data-end=\"1177\">Den er brannklassifisert etter E\/EI120 og har h\u00f8y bruddstyrke p\u00e5 1200 kg. Konstruksjonen er robust og manipulasjonssikker, samtidig som dimensjonene er s\u00e5 sm\u00e5 at metallplaten enkelt kan monteres selv p\u00e5 trange steder.<\/p>\n<p class=\"\" data-start=\"839\" data-end=\"1177\">Produktet er vendbart for b\u00e5de h\u00f8yre- og venstrehengte d\u00f8rer, og passer til l\u00e5sehus i seriene Connect, Modul og Narrow Profile.<\/p>\n<p class=\"\" data-start=\"1179\" data-end=\"1207\"><strong data-start=\"1179\" data-end=\"1205\">Funksjoner og fordeler:<\/strong><\/p>\n<ul data-start=\"1208\" data-end=\"1512\">\n<li class=\"\" data-start=\"1208\" data-end=\"1247\">\n<p class=\"\" data-start=\"1210\" data-end=\"1247\">Riktig funksjon (l\u00e5st uten str\u00f8m)<\/p>\n<\/li>\n<li class=\"\" data-start=\"1248\" data-end=\"1291\">\n<p class=\"\" data-start=\"1250\" data-end=\"1291\">Stempelbryter for \u00e5 registrere d\u00f8rstatus<\/p>\n<\/li>\n<li class=\"\" data-start=\"1292\" data-end=\"1325\">\n<p class=\"\" data-start=\"1294\" data-end=\"1325\">Brannklassifisert opp til E\/EI120<\/p>\n<\/li>\n<li class=\"\" data-start=\"1326\" data-end=\"1373\">\n<p class=\"\" data-start=\"1328\" data-end=\"1373\">HPR\u00ae-teknologi \u2013 \u00e5pner til tross for 250 kg stripetrykk<\/p>\n<\/li>\n<li class=\"\" data-start=\"1374\" data-end=\"1402\">\n<p class=\"\" data-start=\"1376\" data-end=\"1402\">Bruddstyrke 1.200 kg<\/p>\n<\/li>\n<li class=\"\" data-start=\"1403\" data-end=\"1433\">\n<p class=\"\" data-start=\"1405\" data-end=\"1433\">Kompakt og reversibel design<\/p>\n<\/li>\n<li class=\"\" data-start=\"1434\" data-end=\"1477\">\n<p class=\"\" data-start=\"1436\" data-end=\"1477\">Sl\u00e5sikker og utstyrt med beskyttelsesdiode<\/p>\n<\/li>\n<li class=\"\" data-start=\"1478\" data-end=\"1512\">\n<p class=\"\" data-start=\"1480\" data-end=\"1512\">Passer til enkle og doble falll\u00e5ser<\/p>\n<\/li>\n<\/ul>","protected":false},"excerpt":{"rendered":"<p>Her kan du se hvilke stolper og modeller som passer sammen fra STEP-serien med elektriske d\u00f8rstoppere.<\/p>\n<h5><strong><a href=\"https:\/\/steplock.com\/sv\/stolpguide\/#!?lang=sv&amp;blog_id=1&amp;paged=1&amp;number=50\" target=\"_blank\" rel=\"noopener\">TRINN Postveiledning\u00a0<\/a><\/strong><\/h5>\n<h5><strong><a href=\"https:\/\/steplock.com\/sv\/projekteringsguide\/#!?lang=sv&amp;blog_id=1&amp;paged=1&amp;number=999\" target=\"_blank\" rel=\"noopener\">STEP design guide<\/a><\/strong><\/h5>","protected":false},"featured_media":139893,"template":"","meta":{"_acf_changed":false},"product_brand":[],"product_cat":[3355],"product_tag":[4196,4200],"class_list":{"0":"post-139899","1":"product","2":"type-product","3":"status-publish","4":"has-post-thumbnail","6":"product_cat-elslutbleck","7":"product_tag-12-24v","8":"product_tag-rattvand","9":"product_shipping_class-tunga-paket","10":"pa_brands-step","11":"tm-no-options","13":"first","14":"onbackorder","15":"sale","16":"taxable","17":"shipping-taxable","18":"purchasable","19":"product-type-simple"},"acf":[],"_links":{"self":[{"href":"https:\/\/secureus.se\/no\/wp-json\/wp\/v2\/product\/139899","targetHints":{"allow":["GET"]}}],"collection":[{"href":"https:\/\/secureus.se\/no\/wp-json\/wp\/v2\/product"}],"about":[{"href":"https:\/\/secureus.se\/no\/wp-json\/wp\/v2\/types\/product"}],"wp:featuredmedia":[{"embeddable":true,"href":"https:\/\/secureus.se\/no\/wp-json\/wp\/v2\/media\/139893"}],"wp:attachment":[{"href":"https:\/\/secureus.se\/no\/wp-json\/wp\/v2\/media?parent=139899"}],"wp:term":[{"taxonomy":"product_brand","embeddable":true,"href":"https:\/\/secureus.se\/no\/wp-json\/wp\/v2\/product_brand?post=139899"},{"taxonomy":"product_cat","embeddable":true,"href":"https:\/\/secureus.se\/no\/wp-json\/wp\/v2\/product_cat?post=139899"},{"taxonomy":"product_tag","embeddable":true,"href":"https:\/\/secureus.se\/no\/wp-json\/wp\/v2\/product_tag?post=139899"}],"curies":[{"name":"wp","href":"https:\/\/api.w.org\/{rel}","templated":true}]}}