{"id":139920,"date":"2023-09-26T13:07:38","date_gmt":"2023-09-26T11:07:38","guid":{"rendered":"https:\/\/secureus.se\/elslutbleck-step-18-vanster-omvand-12v-7mm-regel-connect\/"},"modified":"2026-04-23T12:42:25","modified_gmt":"2026-04-23T10:42:25","slug":"elslutbleck-step-18-vanster-omvand-12v-7mm-regel-connect","status":"publish","type":"product","link":"https:\/\/secureus.se\/no\/elslutbleck-step-18-vanster-omvand-12v-7mm-regel-connect\/","title":{"rendered":"Elektrisk endeplate TRINN 18 Venstre Revers 12V 7mm Regel Connect"},"content":{"rendered":"<h1>Elektrisk endeplate TRINN 18 Venstre Revers 12V 7mm Regel Connect<\/h1>\n<p>TRINN 18 Sikre for venstrehengte d\u00f8rer med 7 mm Koblingsbolt. Omvendt funksjon, h\u00f8y sikkerhet, brannklasse E\/EI60, stempelkontakt og 5 m halogenfri kabel.<\/p>\n<p>STEP 18 Secure elektrisk sluttstykke er et h\u00f8ysikkerhets elektrisk sluttstykke designet for milj\u00f8er med h\u00f8ye krav til sikkerhet og p\u00e5litelighet.<\/p>\n<p>Med sin holdbare konstruksjon og raske drift er den ideell for d\u00f8rer med intensiv bruk, som i fengsler, banker eller andre sikkerhetsklassifiserte lokaler.<\/p>\n<p>Denne modellen er beregnet for venstrehengte d\u00f8rer med 7 mm stempel i Connect-serien og har reversfunksjon, som gj\u00f8r at sluttstykket l\u00e5ses opp ved str\u00f8mbrudd \u2013 en funksjon som ofte \u00f8nskes i evakueringsmilj\u00f8er.<\/p>\n<p class=\"\" data-start=\"778\" data-end=\"1032\">STEP 18 er godkjent for sikkerhetsd\u00f8rer opp til RC4 og brannklasse E\/EI60. Den er utstyrt med en stempelkontakt og l\u00e5sekontakt som gir indikasjon p\u00e5 d\u00f8rens status (\u00e5pen\/lukket, l\u00e5st\/ul\u00e5st), noe som gj\u00f8r den utmerket for integrering i adgangskontrollsystemer eller alarmer.<\/p>\n<p class=\"\" data-start=\"1034\" data-end=\"1266\">Platen t\u00e5ler en bruddstyrke p\u00e5 hele 15 kN og et stripetrykk p\u00e5 opptil 500 kg, noe som betyr at den \u00e5pner seg selv under trykk. Den medf\u00f8lgende halogenfrie 5 meter lange tilkoblingskabelen og beskyttelsesdioden forenkler installasjonen og \u00f8ker sikkerheten.<\/p>\n<p class=\"\" data-start=\"1268\" data-end=\"1296\"><strong data-start=\"1268\" data-end=\"1294\">Funksjoner og fordeler:<\/strong><\/p>\n<ul data-start=\"1297\" data-end=\"1596\">\n<li class=\"\" data-start=\"1297\" data-end=\"1326\">\n<p class=\"\" data-start=\"1299\" data-end=\"1326\">Passer 7 mm Connect stud<\/p>\n<\/li>\n<li class=\"\" data-start=\"1327\" data-end=\"1355\">\n<p class=\"\" data-start=\"1329\" data-end=\"1355\">For venstrehengslede d\u00f8rer<\/p>\n<\/li>\n<li class=\"\" data-start=\"1356\" data-end=\"1394\">\n<p class=\"\" data-start=\"1358\" data-end=\"1394\">Reverseringsfunksjon \u2013 l\u00e5st opp uten str\u00f8m<\/p>\n<\/li>\n<li class=\"\" data-start=\"1395\" data-end=\"1427\">\n<p class=\"\" data-start=\"1397\" data-end=\"1427\">Brannklassifisert opp til E\/EI60<\/p>\n<\/li>\n<li class=\"\" data-start=\"1428\" data-end=\"1471\">\n<p class=\"\" data-start=\"1430\" data-end=\"1471\">Stempel og l\u00e5sekontakt for adgangskontrollsystemer<\/p>\n<\/li>\n<li class=\"\" data-start=\"1472\" data-end=\"1498\">\n<p class=\"\" data-start=\"1474\" data-end=\"1498\">Bruddstyrke: 15 kN<\/p>\n<\/li>\n<li class=\"\" data-start=\"1499\" data-end=\"1535\">\n<p class=\"\" data-start=\"1501\" data-end=\"1535\">T\u00e5ler st\u00f8petrykk opp til 500 kg<\/p>\n<\/li>\n<li class=\"\" data-start=\"1536\" data-end=\"1566\">\n<p class=\"\" data-start=\"1538\" data-end=\"1566\">5 m halogenfri kabel f\u00f8lger med<\/p>\n<\/li>\n<li class=\"\" data-start=\"1567\" data-end=\"1596\">\n<p class=\"\" data-start=\"1569\" data-end=\"1596\">Beskyttelsesdiode og bankebeskyttelse<\/p>\n<\/li>\n<\/ul>","protected":false},"excerpt":{"rendered":"<p>Her kan du se hvilke stolper og modeller som passer sammen fra STEP-serien med elektriske d\u00f8rstoppere.<\/p>\n<h5><strong><a href=\"https:\/\/steplock.com\/sv\/stolpguide\/#!?lang=sv&amp;blog_id=1&amp;paged=1&amp;number=50\" target=\"_blank\" rel=\"noopener\">TRINN Postveiledning\u00a0<\/a><\/strong><\/h5>\n<h5><strong><a href=\"https:\/\/steplock.com\/sv\/projekteringsguide\/#!?lang=sv&amp;blog_id=1&amp;paged=1&amp;number=999\" target=\"_blank\" rel=\"noopener\">STEP design guide<\/a><\/strong><\/h5>","protected":false},"featured_media":139917,"template":"","meta":{"_acf_changed":false},"product_brand":[],"product_cat":[3355],"product_tag":[4198,4201],"class_list":{"0":"post-139920","1":"product","2":"type-product","3":"status-publish","4":"has-post-thumbnail","6":"product_cat-elslutbleck","7":"product_tag-12v","8":"product_tag-omvand","9":"product_shipping_class-tunga-paket","10":"pa_brands-step","11":"tm-no-options","13":"first","14":"onbackorder","15":"sale","16":"taxable","17":"shipping-taxable","18":"purchasable","19":"product-type-simple"},"acf":[],"_links":{"self":[{"href":"https:\/\/secureus.se\/no\/wp-json\/wp\/v2\/product\/139920","targetHints":{"allow":["GET"]}}],"collection":[{"href":"https:\/\/secureus.se\/no\/wp-json\/wp\/v2\/product"}],"about":[{"href":"https:\/\/secureus.se\/no\/wp-json\/wp\/v2\/types\/product"}],"wp:featuredmedia":[{"embeddable":true,"href":"https:\/\/secureus.se\/no\/wp-json\/wp\/v2\/media\/139917"}],"wp:attachment":[{"href":"https:\/\/secureus.se\/no\/wp-json\/wp\/v2\/media?parent=139920"}],"wp:term":[{"taxonomy":"product_brand","embeddable":true,"href":"https:\/\/secureus.se\/no\/wp-json\/wp\/v2\/product_brand?post=139920"},{"taxonomy":"product_cat","embeddable":true,"href":"https:\/\/secureus.se\/no\/wp-json\/wp\/v2\/product_cat?post=139920"},{"taxonomy":"product_tag","embeddable":true,"href":"https:\/\/secureus.se\/no\/wp-json\/wp\/v2\/product_tag?post=139920"}],"curies":[{"name":"wp","href":"https:\/\/api.w.org\/{rel}","templated":true}]}}