{"id":139934,"date":"2023-09-26T13:07:37","date_gmt":"2023-09-26T11:07:37","guid":{"rendered":"https:\/\/secureus.se\/elslutbleck-step-18-vanster-omvand-12v-9mm-regel-connect\/"},"modified":"2026-04-08T16:19:21","modified_gmt":"2026-04-08T14:19:21","slug":"elslutbleck-step-18-vanster-omvand-12v-9mm-regel-connect","status":"publish","type":"product","link":"https:\/\/secureus.se\/no\/elslutbleck-step-18-vanster-omvand-12v-9mm-regel-connect\/","title":{"rendered":"Elektrisk endeplate TRINN 18 Venstre Revers 12V 9mm Regel Connect"},"content":{"rendered":"<h1>Elektrisk endeplate TRINN 18 Venstre Revers 12V 9mm Regel Connect<\/h1>\n<p>TRINN 18 Sikre elektrisk sluttstykke for venstrehengte d\u00f8rer med 9 mm koblingsbolt. Omvendt funksjon, brannklasse E\/EI60, stempelkontakt og h\u00f8y bruddstyrke.<\/p>\n<p class=\"\" data-start=\"237\" data-end=\"695\">STEP 18 Secure elektrisk sluttstykke er et kraftig og p\u00e5litelig elektrisk sluttstykke som er utviklet for milj\u00f8er med sv\u00e6rt h\u00f8ye krav til b\u00e5de sikkerhet og p\u00e5litelighet.<\/p>\n<p class=\"\" data-start=\"237\" data-end=\"695\">Denne modellen er designet for boltel\u00e5ser med 9 mm stempel i Connect-serien og er tilpasset venstrehengte d\u00f8rer.<\/p>\n<p class=\"\" data-start=\"237\" data-end=\"695\">Platen har en reversfunksjon, som betyr at den l\u00e5ses opp i str\u00f8ml\u00f8s posisjon \u2013 perfekt for r\u00f8mningsveier hvor sikkerhet b\u00f8r kombineres med rask tilgang.<\/p>\n<p class=\"\" data-start=\"697\" data-end=\"1029\">Produktet er brannklassifisert opp til E\/EI60 og godkjent for sikkerhetsd\u00f8rer opp til RC4, noe som gj\u00f8r det spesielt egnet for bruk i for eksempel banker, fengsler og andre h\u00f8yrisikomilj\u00f8er.<\/p>\n<p class=\"\" data-start=\"697\" data-end=\"1029\">STEP 18 er utstyrt med stempel- og l\u00e5sekontakt som muliggj\u00f8r integrering i moderne adgangskontrollsystemer og gir en klar indikasjon p\u00e5 d\u00f8rens status.<\/p>\n<p class=\"\" data-start=\"1031\" data-end=\"1259\">Den patenterte teknologien gir en bruddstyrke p\u00e5 hele 15 kN og metallplaten \u00e5pner selv med et stripetrykk p\u00e5 opptil 500 kg.<\/p>\n<p class=\"\" data-start=\"1031\" data-end=\"1259\">Det f\u00f8lger med halogenfri 5-meters kabel, og beskyttelsesdiode og overspenningsvern gir ekstra sikkerhet i installasjonen.<\/p>\n<p class=\"\" data-start=\"1261\" data-end=\"1289\"><strong data-start=\"1261\" data-end=\"1287\">Funksjoner og fordeler:<\/strong><\/p>\n<ul data-start=\"1290\" data-end=\"1585\">\n<li class=\"\" data-start=\"1290\" data-end=\"1319\">\n<p class=\"\" data-start=\"1292\" data-end=\"1319\">Passer 9 mm Koblingsstang<\/p>\n<\/li>\n<li class=\"\" data-start=\"1320\" data-end=\"1348\">\n<p class=\"\" data-start=\"1322\" data-end=\"1348\">For venstrehengslede d\u00f8rer<\/p>\n<\/li>\n<li class=\"\" data-start=\"1349\" data-end=\"1387\">\n<p class=\"\" data-start=\"1351\" data-end=\"1387\">Reverseringsfunksjon (l\u00e5st opp uten str\u00f8m)<\/p>\n<\/li>\n<li class=\"\" data-start=\"1388\" data-end=\"1420\">\n<p class=\"\" data-start=\"1390\" data-end=\"1420\">Brannklassifisert opp til E\/EI60<\/p>\n<\/li>\n<li class=\"\" data-start=\"1421\" data-end=\"1464\">\n<p class=\"\" data-start=\"1423\" data-end=\"1464\">Stempel og l\u00e5sekontakt for adgangskontrollsystemer<\/p>\n<\/li>\n<li class=\"\" data-start=\"1465\" data-end=\"1491\">\n<p class=\"\" data-start=\"1467\" data-end=\"1491\">Bruddstyrke: 15 kN<\/p>\n<\/li>\n<li class=\"\" data-start=\"1492\" data-end=\"1525\">\n<p class=\"\" data-start=\"1494\" data-end=\"1525\">T\u00e5ler st\u00f8petrykk opp til 500 kg<\/p>\n<\/li>\n<li class=\"\" data-start=\"1526\" data-end=\"1556\">\n<p class=\"\" data-start=\"1528\" data-end=\"1556\">Halogenfri 5 m kabel medf\u00f8lger<\/p>\n<\/li>\n<li class=\"\" data-start=\"1557\" data-end=\"1585\">\n<p class=\"\" data-start=\"1559\" data-end=\"1585\">Beskyttelsesdiode og st\u00f8tsikker<\/p>\n<\/li>\n<\/ul>","protected":false},"excerpt":{"rendered":"<p>Her kan du se hvilke stolper og modeller som passer sammen fra STEP-serien med elektriske d\u00f8rstoppere.<\/p>\n<h5><strong><a href=\"https:\/\/steplock.com\/sv\/stolpguide\/#!?lang=sv&amp;blog_id=1&amp;paged=1&amp;number=50\" target=\"_blank\" rel=\"noopener\">TRINN Postveiledning\u00a0<\/a><\/strong><\/h5>\n<h5><strong><a href=\"https:\/\/steplock.com\/sv\/projekteringsguide\/#!?lang=sv&amp;blog_id=1&amp;paged=1&amp;number=999\" target=\"_blank\" rel=\"noopener\">STEP design guide<\/a><\/strong><\/h5>","protected":false},"featured_media":139930,"template":"","meta":{"_acf_changed":false},"product_brand":[],"product_cat":[3355],"product_tag":[4198,4201],"class_list":{"0":"post-139934","1":"product","2":"type-product","3":"status-publish","4":"has-post-thumbnail","6":"product_cat-elslutbleck","7":"product_tag-12v","8":"product_tag-omvand","9":"product_shipping_class-tunga-paket","10":"pa_brands-step","11":"tm-no-options","13":"first","14":"onbackorder","15":"sale","16":"taxable","17":"shipping-taxable","18":"purchasable","19":"product-type-simple"},"acf":[],"_links":{"self":[{"href":"https:\/\/secureus.se\/no\/wp-json\/wp\/v2\/product\/139934","targetHints":{"allow":["GET"]}}],"collection":[{"href":"https:\/\/secureus.se\/no\/wp-json\/wp\/v2\/product"}],"about":[{"href":"https:\/\/secureus.se\/no\/wp-json\/wp\/v2\/types\/product"}],"wp:featuredmedia":[{"embeddable":true,"href":"https:\/\/secureus.se\/no\/wp-json\/wp\/v2\/media\/139930"}],"wp:attachment":[{"href":"https:\/\/secureus.se\/no\/wp-json\/wp\/v2\/media?parent=139934"}],"wp:term":[{"taxonomy":"product_brand","embeddable":true,"href":"https:\/\/secureus.se\/no\/wp-json\/wp\/v2\/product_brand?post=139934"},{"taxonomy":"product_cat","embeddable":true,"href":"https:\/\/secureus.se\/no\/wp-json\/wp\/v2\/product_cat?post=139934"},{"taxonomy":"product_tag","embeddable":true,"href":"https:\/\/secureus.se\/no\/wp-json\/wp\/v2\/product_tag?post=139934"}],"curies":[{"name":"wp","href":"https:\/\/api.w.org\/{rel}","templated":true}]}}