{"id":139960,"date":"2023-09-26T13:07:27","date_gmt":"2023-09-26T11:07:27","guid":{"rendered":"https:\/\/secureus.se\/elslutbleck-step-28e-hoger-rattvand-12v-9mm-regel\/"},"modified":"2026-03-26T09:50:29","modified_gmt":"2026-03-26T08:50:29","slug":"elslutbleck-step-28e-hoger-rattvand-12v-9mm-regel","status":"publish","type":"product","link":"https:\/\/secureus.se\/no\/elslutbleck-step-28e-hoger-rattvand-12v-9mm-regel\/","title":{"rendered":"Elektrisk klemmeark STEP 28E H\u00f8yre H\u00f8yre vendt 12V 9mm regel"},"content":{"rendered":"<h1>Elektrisk klemmeark STEP 28E H\u00f8yre H\u00f8yre vendt 12V 9mm regel<\/h1>\n<p>TRINN 28E Sikkert elektrisk sluttstykke med h\u00f8yrehendt funksjon, tilpasset h\u00f8yrehengte d\u00f8rer og 9 mm stempel i Connect-serien. Brannklasse E\/EI 60. Inkl. 5m kabel.<\/p>\n<p class=\"\" data-start=\"233\" data-end=\"584\">STEP 28E Secure elektrisk sluttstykke er et p\u00e5litelig elektrisk sluttstykke designet for sikkerhetsmilj\u00f8er der krav til inntrengningsmotstand, brannklassifisering og evakuering kombineres.<\/p>\n<p class=\"\" data-start=\"233\" data-end=\"584\">Denne modellen er tilpasset h\u00f8yrehengte d\u00f8rer med 9 mm bolt i Connect-serien og brukes sammen med sperrel\u00e5s eller sperrel\u00e5s for maksimal l\u00e5seeffekt.<\/p>\n<p class=\"\" data-start=\"586\" data-end=\"872\">Med sin reverseringsfunksjon forblir den elektriske sluttstykket l\u00e5st i spenningsl\u00f8s stilling \u2013 en sikkerhetsfunksjon som beskytter d\u00f8ren ved str\u00f8mbrudd.<\/p>\n<p class=\"\" data-start=\"586\" data-end=\"872\">Den er sertifisert etter brannvernklasse E\/EI 60 og er et utmerket valg for installasjoner hvor d\u00f8rer skal kombineres med d\u00f8rautomatikk eller trekkh\u00e5ndtak.<\/p>\n<p class=\"\" data-start=\"874\" data-end=\"1253\">STEP 28E er utstyrt med b\u00e5de en stempelbryter og en l\u00e5sebryter, som muliggj\u00f8r n\u00f8yaktig overv\u00e5king av d\u00f8rstatus (\u00e5pen\/lukket og l\u00e5st\/ul\u00e5st) via adgangskontrollsystemer eller alarmsystemer.<\/p>\n<p class=\"\" data-start=\"874\" data-end=\"1253\">Den robuste konstruksjonen t\u00e5ler en bruddstyrke p\u00e5 over 15 kN og fungerer ogs\u00e5 med et stripetrykk p\u00e5 opptil 500 kg.<\/p>\n<p class=\"\" data-start=\"874\" data-end=\"1253\">Produktet er manipulasjonssikkert og leveres med en 5 meter halogenfri tilkoblingskabel.<\/p>\n<p class=\"\" data-start=\"1255\" data-end=\"1283\"><strong data-start=\"1255\" data-end=\"1281\">Funksjoner og fordeler:<\/strong><\/p>\n<ul data-start=\"1284\" data-end=\"1581\">\n<li class=\"\" data-start=\"1284\" data-end=\"1331\">\n<p class=\"\" data-start=\"1286\" data-end=\"1331\">For reguleringsl\u00e5s med 9 mm stempel i Connect-serien<\/p>\n<\/li>\n<li class=\"\" data-start=\"1332\" data-end=\"1377\">\n<p class=\"\" data-start=\"1334\" data-end=\"1377\">H\u00f8yrevendt funksjon \u2013 l\u00e5st i spenningsl\u00f8s modus<\/p>\n<\/li>\n<li class=\"\" data-start=\"1378\" data-end=\"1413\">\n<p class=\"\" data-start=\"1380\" data-end=\"1413\">Tilpasset h\u00f8yrehengte d\u00f8rer<\/p>\n<\/li>\n<li class=\"\" data-start=\"1414\" data-end=\"1447\">\n<p class=\"\" data-start=\"1416\" data-end=\"1447\">Branngodkjent opp til E\/EI 60<\/p>\n<\/li>\n<li class=\"\" data-start=\"1448\" data-end=\"1482\">\n<p class=\"\" data-start=\"1450\" data-end=\"1482\">Innebygd stempel og l\u00e5sebryter<\/p>\n<\/li>\n<li class=\"\" data-start=\"1483\" data-end=\"1516\">\n<p class=\"\" data-start=\"1485\" data-end=\"1516\">T\u00e5ler st\u00f8petrykk opp til 500 kg<\/p>\n<\/li>\n<li class=\"\" data-start=\"1517\" data-end=\"1547\">\n<p class=\"\" data-start=\"1519\" data-end=\"1547\">Bruddstyrke over 15 kN<\/p>\n<\/li>\n<li class=\"\" data-start=\"1548\" data-end=\"1581\">\n<p class=\"\" data-start=\"1550\" data-end=\"1581\">Inkluderer 5 m halogenfri kabel<\/p>\n<\/li>\n<\/ul>","protected":false},"excerpt":{"rendered":"<p>Her kan du se hvilke stolper og modeller som passer sammen fra STEP-serien med elektriske d\u00f8rstoppere.<\/p>\n<h5><strong><a href=\"https:\/\/steplock.com\/sv\/stolpguide\/#!?lang=sv&amp;blog_id=1&amp;paged=1&amp;number=50\" target=\"_blank\" rel=\"noopener\">TRINN Postveiledning\u00a0<\/a><\/strong><\/h5>\n<h5><strong><a href=\"https:\/\/steplock.com\/sv\/projekteringsguide\/#!?lang=sv&amp;blog_id=1&amp;paged=1&amp;number=999\" target=\"_blank\" rel=\"noopener\">STEP design guide<\/a><\/strong><\/h5>","protected":false},"featured_media":139956,"template":"","meta":{"_acf_changed":false},"product_brand":[],"product_cat":[3355],"product_tag":[4198,4200],"class_list":{"0":"post-139960","1":"product","2":"type-product","3":"status-publish","4":"has-post-thumbnail","6":"product_cat-elslutbleck","7":"product_tag-12v","8":"product_tag-rattvand","9":"product_shipping_class-tunga-paket","10":"pa_brands-step","11":"tm-no-options","13":"first","14":"instock","15":"sale","16":"taxable","17":"shipping-taxable","18":"purchasable","19":"product-type-simple"},"acf":[],"_links":{"self":[{"href":"https:\/\/secureus.se\/no\/wp-json\/wp\/v2\/product\/139960","targetHints":{"allow":["GET"]}}],"collection":[{"href":"https:\/\/secureus.se\/no\/wp-json\/wp\/v2\/product"}],"about":[{"href":"https:\/\/secureus.se\/no\/wp-json\/wp\/v2\/types\/product"}],"wp:featuredmedia":[{"embeddable":true,"href":"https:\/\/secureus.se\/no\/wp-json\/wp\/v2\/media\/139956"}],"wp:attachment":[{"href":"https:\/\/secureus.se\/no\/wp-json\/wp\/v2\/media?parent=139960"}],"wp:term":[{"taxonomy":"product_brand","embeddable":true,"href":"https:\/\/secureus.se\/no\/wp-json\/wp\/v2\/product_brand?post=139960"},{"taxonomy":"product_cat","embeddable":true,"href":"https:\/\/secureus.se\/no\/wp-json\/wp\/v2\/product_cat?post=139960"},{"taxonomy":"product_tag","embeddable":true,"href":"https:\/\/secureus.se\/no\/wp-json\/wp\/v2\/product_tag?post=139960"}],"curies":[{"name":"wp","href":"https:\/\/api.w.org\/{rel}","templated":true}]}}