{"id":139969,"date":"2023-09-26T13:07:11","date_gmt":"2023-09-26T11:07:11","guid":{"rendered":"https:\/\/secureus.se\/elslutbleck-step-28e-hoger-rattvand-12v-12mm-regel\/"},"modified":"2026-04-08T16:32:04","modified_gmt":"2026-04-08T14:32:04","slug":"elslutbleck-step-28e-hoger-rattvand-12v-12mm-regel","status":"publish","type":"product","link":"https:\/\/secureus.se\/no\/elslutbleck-step-28e-hoger-rattvand-12v-12mm-regel\/","title":{"rendered":"Elektrisk endeplate TRINN 28E H\u00f8yre H\u00f8yre vendt 12V 12mm Rulle"},"content":{"rendered":"<h1>Elektrisk endeplate TRINN 28E H\u00f8yre H\u00f8yre vendt 12V 12mm Rulle<\/h1>\n<p>STEP 28E Secure er et branngodkjent elektrisk sluttstykke med h\u00f8y inntrengningsmotstand og d\u00f8rholdefunksjon.<\/p>\n<p>Perfekt for sikkerhetsd\u00f8rer med h\u00f8ye krav til brannmotstand og evakuering.<\/p>\n<p class=\"\" data-start=\"349\" data-end=\"786\">STEP 28E Secure elektrisk sluttstykke er en p\u00e5litelig l\u00f8sning for d\u00f8rer som krever b\u00e5de sikkerhet og brannmotstand, spesielt n\u00e5r evakuering og d\u00f8rautomatikk skal kombineres.<\/p>\n<p class=\"\" data-start=\"349\" data-end=\"786\">Den er designet for \u00e5 brukes sammen med boltel\u00e5ser med 12 mm bolt i Modul-serien og er perfekt for h\u00f8yrehengte d\u00f8rer.<\/p>\n<p class=\"\" data-start=\"349\" data-end=\"786\">STEP 28E Secure oppfyller brannkrav opp til E\/EI 60, noe som gj\u00f8r den til et utmerket valg for d\u00f8rer som m\u00e5 t\u00e5le brann i minst 60 minutter.<\/p>\n<p class=\"\" data-start=\"788\" data-end=\"1182\">Med sin innebygde stempelkontakt kan d\u00f8rstatus (lukket\/\u00e5pen) og l\u00e5sestatus (l\u00e5st\/ul\u00e5st) enkelt integreres i adgangskontrollsystemer og alarmsystemer.<\/p>\n<p class=\"\" data-start=\"788\" data-end=\"1182\">STEP 28E Secure har en bruddstyrke p\u00e5 over 15 kN (ca. 1500 kg) og s\u00f8rger for at d\u00f8ren \u00e5pnes til tross for et listtrykk p\u00e5 5 kN (ca. 500 kg) i b\u00e5de forover- og reversfunksjon.<\/p>\n<p class=\"\" data-start=\"788\" data-end=\"1182\">Det f\u00f8lger ogs\u00e5 med en 5 meter halogenfri tilkoblingskabel for enkel installasjon.<\/p>\n<p class=\"\" data-start=\"1184\" data-end=\"1199\"><strong data-start=\"1184\" data-end=\"1199\">Kjennetegn:<\/strong><\/p>\n<ul data-start=\"1200\" data-end=\"1682\">\n<li class=\"\" data-start=\"1200\" data-end=\"1243\">\n<p class=\"\" data-start=\"1202\" data-end=\"1243\">For kontrolll\u00e5s med 12mm stempel i Modul-serien<\/p>\n<\/li>\n<li class=\"\" data-start=\"1244\" data-end=\"1287\">\n<p class=\"\" data-start=\"1246\" data-end=\"1287\">H\u00f8yrevendt funksjon (l\u00e5st i str\u00f8ml\u00f8s modus)<\/p>\n<\/li>\n<li class=\"\" data-start=\"1288\" data-end=\"1312\">\n<p class=\"\" data-start=\"1290\" data-end=\"1312\">For h\u00f8yrehengslede d\u00f8rer<\/p>\n<\/li>\n<li class=\"\" data-start=\"1313\" data-end=\"1344\">\n<p class=\"\" data-start=\"1315\" data-end=\"1344\">Branngodkjent opp til E\/EI 60<\/p>\n<\/li>\n<li class=\"\" data-start=\"1345\" data-end=\"1396\">\n<p class=\"\" data-start=\"1347\" data-end=\"1396\">Mikrobryter enpolet alternerende, maks. 30 V DC, 1 A<\/p>\n<\/li>\n<li class=\"\" data-start=\"1397\" data-end=\"1499\">\n<p class=\"\" data-start=\"1399\" data-end=\"1499\">Indikering av d\u00f8rstatus (lukket\/\u00e5pen) og l\u00e5sestatus (l\u00e5st\/ul\u00e5st) via stempelkontakt og l\u00e5sekontakt<\/p>\n<\/li>\n<li class=\"\" data-start=\"1500\" data-end=\"1541\">\n<p class=\"\" data-start=\"1502\" data-end=\"1541\">Bruddstyrke over 15 kN (ca. 1500 kg)<\/p>\n<\/li>\n<li class=\"\" data-start=\"1542\" data-end=\"1617\">\n<p class=\"\" data-start=\"1544\" data-end=\"1617\">\u00c5pner til tross for et stripetrykk p\u00e5 5 kN (ca. 500 kg) i forover- og reversfunksjon<\/p>\n<\/li>\n<li class=\"\" data-start=\"1618\" data-end=\"1682\">\n<p class=\"\" data-start=\"1620\" data-end=\"1682\">Sl\u00e5ssikker og inkluderer 5 meter halogenfri tilkoblingskabel<\/p>\n<\/li>\n<\/ul>\n<p class=\"\" data-start=\"1684\" data-end=\"1713\"><strong data-start=\"1684\" data-end=\"1713\">Tekniske spesifikasjoner:<\/strong><\/p>\n<ul data-start=\"1714\" data-end=\"2289\">\n<li class=\"\" data-start=\"1714\" data-end=\"1806\">\n<p class=\"\" data-start=\"1716\" data-end=\"1806\">Str\u00f8mforsyning: 12 V DC (+15% -10%) 1000 mA ul\u00e5st eller 24 V DC (+15% -10%) 500 mA ul\u00e5st<\/p>\n<\/li>\n<li class=\"\" data-start=\"1807\" data-end=\"1847\">\n<p class=\"\" data-start=\"1809\" data-end=\"1847\">Holdbarhet: Grad Y i henhold til SS-EN 14846<\/p>\n<\/li>\n<li class=\"\" data-start=\"1848\" data-end=\"1887\">\n<p class=\"\" data-start=\"1850\" data-end=\"1887\">Korrosjon: Grad M i henhold til SS-EN 14846<\/p>\n<\/li>\n<li class=\"\" data-start=\"1888\" data-end=\"1926\">\n<p class=\"\" data-start=\"1890\" data-end=\"1926\">Sikkerhet: Grad 7 i henhold til SS-EN 14846<\/p>\n<\/li>\n<li class=\"\" data-start=\"1927\" data-end=\"2017\">\n<p class=\"\" data-start=\"1929\" data-end=\"2017\">Sikkerhet elektrisk manipulasjon: Grade 3 (forovervendt) Grade 1 (reversvendt) i henhold til SS-EN 14846<\/p>\n<\/li>\n<li class=\"\" data-start=\"2018\" data-end=\"2039\">\n<p class=\"\" data-start=\"2020\" data-end=\"2039\">Branntestet: 60 min<\/p>\n<\/li>\n<li class=\"\" data-start=\"2040\" data-end=\"2066\">\n<p class=\"\" data-start=\"2042\" data-end=\"2066\">Bruddstyrke: 1500 kg<\/p>\n<\/li>\n<li class=\"\" data-start=\"2067\" data-end=\"2088\">\n<p class=\"\" data-start=\"2069\" data-end=\"2088\">D\u00f8rhengsel: H\u00f8yre<\/p>\n<\/li>\n<li class=\"\" data-start=\"2089\" data-end=\"2143\">\n<p class=\"\" data-start=\"2091\" data-end=\"2143\">Kabel inkludert: Ja, 5 meter halogenfri tilkoblingskabel<\/p>\n<\/li>\n<li class=\"\" data-start=\"2144\" data-end=\"2163\">\n<p class=\"\" data-start=\"2146\" data-end=\"2163\">Listetrykk: 500 kg<\/p>\n<\/li>\n<li class=\"\" data-start=\"2164\" data-end=\"2195\">\n<p class=\"\" data-start=\"2166\" data-end=\"2195\">L\u00e5stype: Krokl\u00e5s, L\u00e5sel\u00e5s<\/p>\n<\/li>\n<li class=\"\" data-start=\"2196\" data-end=\"2250\">\n<p class=\"\" data-start=\"2198\" data-end=\"2250\">Produktdimensjoner: Bredde: 35 mm, Dybde: 40 mm, H\u00f8yde: 230 mm<\/p>\n<\/li>\n<li class=\"\" data-start=\"2251\" data-end=\"2268\">\n<p class=\"\" data-start=\"2253\" data-end=\"2268\">Stempelkontakt: Ja<\/p>\n<\/li>\n<li class=\"\" data-start=\"2269\" data-end=\"2289\">\n<p class=\"\" data-start=\"2271\" data-end=\"2289\">Spenning AC\/DC: DC<\/p>\n<\/li>\n<\/ul>","protected":false},"excerpt":{"rendered":"<p>Her kan du se hvilke stolper og modeller som passer sammen fra STEP-serien med elektriske d\u00f8rstoppere.<\/p>\n<h5><strong><a href=\"https:\/\/steplock.com\/sv\/stolpguide\/#!?lang=sv&amp;blog_id=1&amp;paged=1&amp;number=50\" target=\"_blank\" rel=\"noopener\">TRINN Postveiledning\u00a0<\/a><\/strong><\/h5>\n<h5><strong><a href=\"https:\/\/steplock.com\/sv\/projekteringsguide\/#!?lang=sv&amp;blog_id=1&amp;paged=1&amp;number=999\" target=\"_blank\" rel=\"noopener\">STEP design guide<\/a><\/strong><\/h5>","protected":false},"featured_media":139967,"template":"","meta":{"_acf_changed":false},"product_brand":[],"product_cat":[3355],"product_tag":[4198,4200],"class_list":{"0":"post-139969","1":"product","2":"type-product","3":"status-publish","4":"has-post-thumbnail","6":"product_cat-elslutbleck","7":"product_tag-12v","8":"product_tag-rattvand","9":"product_shipping_class-tunga-paket","10":"pa_brands-step","11":"tm-no-options","13":"first","14":"onbackorder","15":"sale","16":"taxable","17":"shipping-taxable","18":"purchasable","19":"product-type-simple"},"acf":[],"_links":{"self":[{"href":"https:\/\/secureus.se\/no\/wp-json\/wp\/v2\/product\/139969","targetHints":{"allow":["GET"]}}],"collection":[{"href":"https:\/\/secureus.se\/no\/wp-json\/wp\/v2\/product"}],"about":[{"href":"https:\/\/secureus.se\/no\/wp-json\/wp\/v2\/types\/product"}],"wp:featuredmedia":[{"embeddable":true,"href":"https:\/\/secureus.se\/no\/wp-json\/wp\/v2\/media\/139967"}],"wp:attachment":[{"href":"https:\/\/secureus.se\/no\/wp-json\/wp\/v2\/media?parent=139969"}],"wp:term":[{"taxonomy":"product_brand","embeddable":true,"href":"https:\/\/secureus.se\/no\/wp-json\/wp\/v2\/product_brand?post=139969"},{"taxonomy":"product_cat","embeddable":true,"href":"https:\/\/secureus.se\/no\/wp-json\/wp\/v2\/product_cat?post=139969"},{"taxonomy":"product_tag","embeddable":true,"href":"https:\/\/secureus.se\/no\/wp-json\/wp\/v2\/product_tag?post=139969"}],"curies":[{"name":"wp","href":"https:\/\/api.w.org\/{rel}","templated":true}]}}