{"id":140005,"date":"2023-09-26T13:06:54","date_gmt":"2023-09-26T11:06:54","guid":{"rendered":"https:\/\/secureus.se\/elslutbleck-step-30-omvand-24v-kolvkontakt\/"},"modified":"2026-04-23T12:56:48","modified_gmt":"2026-04-23T10:56:48","slug":"elslutbleck-step-30-omvand-24v-kolvkontakt","status":"publish","type":"product","link":"https:\/\/secureus.se\/no\/elslutbleck-step-30-omvand-24v-kolvkontakt\/","title":{"rendered":"Elektrisk endeplate TRINN 30 Omvendt 24V Stempelkontakt"},"content":{"rendered":"<h1>Elektrisk endeplate TRINN 30 Omvendt 24V Stempelkontakt<\/h1>\n<p>Elektrisk sluttstykke STEP 30 Preload er et kompakt elektrisk sluttstykke designet for \u00e5 erstatte eldre modeller og skape et p\u00e5litelig d\u00f8rmilj\u00f8, selv i eldre d\u00f8rseksjoner.<\/p>\n<p>Utstyrt med HPR\u00ae-teknologi og bruddstyrke p\u00e5 500 kg.<\/p>\n<p class=\"\" data-start=\"392\" data-end=\"873\">STEP 30 Preload elektrisk sluttstykke er det optimale valget for \u00e5 erstatte eksisterende enkle elektriske sluttstykker og sikre et p\u00e5litelig d\u00f8rmilj\u00f8, selv i eldre d\u00f8rseksjoner og utsparinger.<\/p>\n<p class=\"\" data-start=\"392\" data-end=\"873\">Den er en del av STEPs Preload-serie, som kombinerer minimale dimensjoner med h\u00f8y kvalitet og fleksibilitet. STEP 30 er designet for \u00e5 t\u00e5le h\u00f8y \u00e5pningsfrekvens og er utstyrt med STEPs patenterte stripetrykkteknologi, som gj\u00f8r at d\u00f8ren alltid kan \u00e5pnes selv om den utsettes for trykk.<\/p>\n<p class=\"\" data-start=\"875\" data-end=\"1319\">Reversfunksjonen gj\u00f8r at d\u00f8ren l\u00e5ses opp i spenningsl\u00f8s posisjon, slik at d\u00f8ren kan \u00e5pnes raskt og enkelt om n\u00f8dvendig.<\/p>\n<p class=\"\" data-start=\"875\" data-end=\"1319\">Den innebygde stempelbryteren gir en indikasjon p\u00e5 d\u00f8rens status (lukket\/\u00e5pen), noe som gj\u00f8r det mulig \u00e5 integrere med adgangskontrollsystemer og alarmsystemer.<\/p>\n<p class=\"\" data-start=\"875\" data-end=\"1319\">Med en bruddstyrke p\u00e5 5 kN (ca. 500 kg) og mulighet til \u00e5 \u00e5pne til tross for stripetrykk p\u00e5 opptil 40 kg, tilbyr STEP 30 Preload b\u00e5de sikkerhet og p\u00e5litelighet.<\/p>\n<p class=\"\" data-start=\"1321\" data-end=\"1336\"><strong data-start=\"1321\" data-end=\"1336\">Kjennetegn:<\/strong><\/p>\n<ul data-start=\"1337\" data-end=\"1734\">\n<li class=\"\" data-start=\"1337\" data-end=\"1378\">\n<p class=\"\" data-start=\"1339\" data-end=\"1378\">Reverseringsfunksjon (l\u00e5st i str\u00f8ml\u00f8s modus)<\/p>\n<\/li>\n<li class=\"\" data-start=\"1379\" data-end=\"1434\">\n<p class=\"\" data-start=\"1381\" data-end=\"1434\">Stempelkontakt. D\u00f8rstatusindikasjon (lukket\/\u00e5pen)<\/p>\n<\/li>\n<li class=\"\" data-start=\"1435\" data-end=\"1473\">\n<p class=\"\" data-start=\"1437\" data-end=\"1473\">Innebygd beskyttelsesdiode for \u00f8kt sikkerhet<\/p>\n<\/li>\n<li class=\"\" data-start=\"1474\" data-end=\"1511\">\n<p class=\"\" data-start=\"1476\" data-end=\"1511\">Bruddstyrke p\u00e5 5 kN (ca. 500 kg)<\/p>\n<\/li>\n<li class=\"\" data-start=\"1512\" data-end=\"1614\">\n<p class=\"\" data-start=\"1514\" data-end=\"1614\">Garanterer \u00e5pning til tross for stripetrykk p\u00e5 opptil 0,4 kN (ca. 40 kg) i b\u00e5de forover- og reversfunksjon<\/p>\n<\/li>\n<li class=\"\" data-start=\"1615\" data-end=\"1674\">\n<p class=\"\" data-start=\"1617\" data-end=\"1674\">Bankesikker og vendbar for b\u00e5de h\u00f8yre- og venstred\u00f8rer<\/p>\n<\/li>\n<li class=\"\" data-start=\"1675\" data-end=\"1717\">\n<p class=\"\" data-start=\"1677\" data-end=\"1717\">Egnet for enkeltfl\u00f8yede og tofl\u00f8yede l\u00e5ser<\/p>\n<\/li>\n<li class=\"\" data-start=\"1718\" data-end=\"1734\">\n<p class=\"\" data-start=\"1720\" data-end=\"1734\">Kabel f\u00f8lger ikke med<\/p>\n<\/li>\n<\/ul>\n<p class=\"\" data-start=\"1736\" data-end=\"1765\"><strong data-start=\"1736\" data-end=\"1765\">Tekniske spesifikasjoner:<\/strong><\/p>\n<ul data-start=\"1766\" data-end=\"2416\">\n<li class=\"\" data-start=\"1766\" data-end=\"1873\">\n<p class=\"\" data-start=\"1768\" data-end=\"1873\">Str\u00f8mforsyning: 24 V DC (+15% -10%) 110 mAh \/ maks 300 mA eller 12 V DC (+15% -10%) 220 mAh \/ maks 600 mA<\/p>\n<\/li>\n<li class=\"\" data-start=\"1874\" data-end=\"1937\">\n<p class=\"\" data-start=\"1876\" data-end=\"1937\">Stempelkontakt: Mikrobryter enpolet alternerende, maks. 30V DC, 1A<\/p>\n<\/li>\n<li class=\"\" data-start=\"1938\" data-end=\"1978\">\n<p class=\"\" data-start=\"1940\" data-end=\"1978\">Holdbarhet: Grad X i henhold til SS-EN 14846<\/p>\n<\/li>\n<li class=\"\" data-start=\"1979\" data-end=\"2018\">\n<p class=\"\" data-start=\"1981\" data-end=\"2018\">Korrosjon: Grad M i henhold til SS-EN 14846<\/p>\n<\/li>\n<li class=\"\" data-start=\"2019\" data-end=\"2057\">\n<p class=\"\" data-start=\"2021\" data-end=\"2057\">Sikkerhet: Grad 3 i henhold til SS-EN 14846<\/p>\n<\/li>\n<li class=\"\" data-start=\"2058\" data-end=\"2083\">\n<p class=\"\" data-start=\"2060\" data-end=\"2083\">Bruddstyrke: 500 kg<\/p>\n<\/li>\n<li class=\"\" data-start=\"2084\" data-end=\"2114\">\n<p class=\"\" data-start=\"2086\" data-end=\"2114\">D\u00f8rhengsel: H\u00f8yre, Venstre<\/p>\n<\/li>\n<li class=\"\" data-start=\"2115\" data-end=\"2133\">\n<p class=\"\" data-start=\"2117\" data-end=\"2133\">Listetrykk: 40 kg<\/p>\n<\/li>\n<li class=\"\" data-start=\"2134\" data-end=\"2169\">\n<p class=\"\" data-start=\"2136\" data-end=\"2169\">L\u00e5stype: Enkel l\u00e5s, Dobbel l\u00e5s<\/p>\n<\/li>\n<li class=\"\" data-start=\"2170\" data-end=\"2225\">\n<p class=\"\" data-start=\"2172\" data-end=\"2225\">Produktdimensjoner: Bredde: 20,5 mm, Dybde: 28 mm, H\u00f8yde: 99 mm<\/p>\n<\/li>\n<li class=\"\" data-start=\"2226\" data-end=\"2243\">\n<p class=\"\" data-start=\"2228\" data-end=\"2243\">Stempelkontakt: Ja<\/p>\n<\/li>\n<li class=\"\" data-start=\"2244\" data-end=\"2264\">\n<p class=\"\" data-start=\"2246\" data-end=\"2264\">Spenning AC\/DC: DC<\/p>\n<\/li>\n<li class=\"\" data-start=\"2265\" data-end=\"2287\">\n<p class=\"\" data-start=\"2267\" data-end=\"2287\">Spenning maks: 27,6 V<\/p>\n<\/li>\n<li class=\"\" data-start=\"2288\" data-end=\"2310\">\n<p class=\"\" data-start=\"2290\" data-end=\"2310\">Spenning min: 21,6 V<\/p>\n<\/li>\n<li class=\"\" data-start=\"2311\" data-end=\"2339\">\n<p class=\"\" data-start=\"2313\" data-end=\"2339\">Farge\/finish: Rustfritt st\u00e5l<\/p>\n<\/li>\n<li class=\"\" data-start=\"2340\" data-end=\"2360\">\n<p class=\"\" data-start=\"2342\" data-end=\"2360\">Byggeprodukt vurdert: Ja<\/p>\n<\/li>\n<li class=\"\" data-start=\"2361\" data-end=\"2382\">\n<p class=\"\" data-start=\"2363\" data-end=\"2382\">EPD-verifisert: Nei<\/p>\n<\/li>\n<li class=\"\" data-start=\"2383\" data-end=\"2395\">\n<p class=\"\" data-start=\"2385\" data-end=\"2395\">FINFO: Nei<\/p>\n<\/li>\n<li class=\"\" data-start=\"2396\" data-end=\"2416\">\n<p class=\"\" data-start=\"2398\" data-end=\"2416\">SundaHouse vurdert: Ja<\/p>\n<\/li>\n<\/ul>","protected":false},"excerpt":{"rendered":"<p>Her kan du se hvilke stolper og modeller som passer sammen fra STEP-serien med elektriske d\u00f8rstoppere.<\/p>\n<h5><strong><a href=\"https:\/\/steplock.com\/sv\/stolpguide\/#!?lang=sv&amp;blog_id=1&amp;paged=1&amp;number=50\" target=\"_blank\" rel=\"noopener\">TRINN Postveiledning\u00a0<\/a><\/strong><\/h5>\n<h5><strong><a href=\"https:\/\/steplock.com\/sv\/projekteringsguide\/#!?lang=sv&amp;blog_id=1&amp;paged=1&amp;number=999\" target=\"_blank\" rel=\"noopener\">STEP design guide<\/a><\/strong><\/h5>","protected":false},"featured_media":140004,"template":"","meta":{"_acf_changed":false},"product_brand":[],"product_cat":[3355],"product_tag":[4197,4201],"class_list":{"0":"post-140005","1":"product","2":"type-product","3":"status-publish","4":"has-post-thumbnail","6":"product_cat-elslutbleck","7":"product_tag-24v","8":"product_tag-omvand","9":"product_shipping_class-tunga-paket","10":"pa_brands-step","11":"tm-no-options","13":"first","14":"onbackorder","15":"sale","16":"taxable","17":"shipping-taxable","18":"purchasable","19":"product-type-simple"},"acf":[],"_links":{"self":[{"href":"https:\/\/secureus.se\/no\/wp-json\/wp\/v2\/product\/140005","targetHints":{"allow":["GET"]}}],"collection":[{"href":"https:\/\/secureus.se\/no\/wp-json\/wp\/v2\/product"}],"about":[{"href":"https:\/\/secureus.se\/no\/wp-json\/wp\/v2\/types\/product"}],"wp:featuredmedia":[{"embeddable":true,"href":"https:\/\/secureus.se\/no\/wp-json\/wp\/v2\/media\/140004"}],"wp:attachment":[{"href":"https:\/\/secureus.se\/no\/wp-json\/wp\/v2\/media?parent=140005"}],"wp:term":[{"taxonomy":"product_brand","embeddable":true,"href":"https:\/\/secureus.se\/no\/wp-json\/wp\/v2\/product_brand?post=140005"},{"taxonomy":"product_cat","embeddable":true,"href":"https:\/\/secureus.se\/no\/wp-json\/wp\/v2\/product_cat?post=140005"},{"taxonomy":"product_tag","embeddable":true,"href":"https:\/\/secureus.se\/no\/wp-json\/wp\/v2\/product_tag?post=140005"}],"curies":[{"name":"wp","href":"https:\/\/api.w.org\/{rel}","templated":true}]}}