{"id":140012,"date":"2023-09-26T13:06:46","date_gmt":"2023-09-26T11:06:46","guid":{"rendered":"https:\/\/secureus.se\/elslutbleck-step-30-omstallbar-12v-kolvkontakt\/"},"modified":"2026-04-08T16:42:51","modified_gmt":"2026-04-08T14:42:51","slug":"elslutbleck-step-30-omstallbar-12v-kolvkontakt","status":"publish","type":"product","link":"https:\/\/secureus.se\/no\/elslutbleck-step-30-omstallbar-12v-kolvkontakt\/","title":{"rendered":"Elektrisk termineringsplate TRINN 30 Justerbar 12V Stempelkontakt"},"content":{"rendered":"<h1>Elektrisk termineringsplate TRINN 30 Justerbar 12V Stempelkontakt<\/h1>\n<p>STEP 30 Preload elektrisk sluttstykke er et kompakt elektrisk sluttstykke designet for \u00e5 erstatte eldre modeller og sikre et p\u00e5litelig d\u00f8rmilj\u00f8.<\/p>\n<p>Utstyrt med justerbar funksjon og bruddstyrke p\u00e5 500 kg.<\/p>\n<p class=\"\" data-start=\"388\" data-end=\"825\">Elektrisk sluttstykke STEP 30 Preload tilbyr en h\u00f8ykvalitetsl\u00f8sning for \u00e5 erstatte eksisterende enkle elektriske sluttstykker og sikre et trygt d\u00f8rmilj\u00f8 ogs\u00e5 i eldre d\u00f8rseksjoner og utsparinger.<\/p>\n<p class=\"\" data-start=\"388\" data-end=\"825\">En del av STEPs Preload-serie, kombinerer STEP 30 minimale dimensjoner med h\u00f8y kvalitet og fleksibilitet. Det elektriske sluttstykket er utstyrt med STEPs patenterte stripetrykkteknologi, som gj\u00f8r at d\u00f8ren alltid kan \u00e5pnes selv om den utsettes for trykk.<\/p>\n<p class=\"\" data-start=\"827\" data-end=\"1262\">Den koblingsbare funksjonen gj\u00f8r at d\u00f8ren kan l\u00e5ses eller l\u00e5ses opp i spenningsl\u00f8s stilling, noe som gj\u00f8r det mulig \u00e5 \u00e5pne d\u00f8ren raskt om n\u00f8dvendig.<\/p>\n<p class=\"\" data-start=\"827\" data-end=\"1262\">Stempelbryteren gir en indikasjon p\u00e5 d\u00f8rens status (lukket\/\u00e5pen) og gj\u00f8r den enkel \u00e5 integrere med adgangskontrollsystemer og alarmsystemer.<\/p>\n<p class=\"\" data-start=\"827\" data-end=\"1262\">Med en bruddstyrke p\u00e5 5 kN (ca. 500 kg) og mulighet til \u00e5 \u00e5pne til tross for stripetrykk p\u00e5 opptil 40 kg, gir STEP 30 Preload b\u00e5de sikkerhet og p\u00e5litelighet.<\/p>\n<p class=\"\" data-start=\"1264\" data-end=\"1279\"><strong data-start=\"1264\" data-end=\"1279\">Kjennetegn:<\/strong><\/p>\n<ul data-start=\"1280\" data-end=\"1715\">\n<li class=\"\" data-start=\"1280\" data-end=\"1359\">\n<p class=\"\" data-start=\"1282\" data-end=\"1359\">Byttbar forover- eller reversfunksjon (l\u00e5st eller ul\u00e5st i spenningsl\u00f8s modus)<\/p>\n<\/li>\n<li class=\"\" data-start=\"1360\" data-end=\"1415\">\n<p class=\"\" data-start=\"1362\" data-end=\"1415\">Stempelkontakt. D\u00f8rstatusindikasjon (lukket\/\u00e5pen)<\/p>\n<\/li>\n<li class=\"\" data-start=\"1416\" data-end=\"1454\">\n<p class=\"\" data-start=\"1418\" data-end=\"1454\">Innebygd beskyttelsesdiode for \u00f8kt sikkerhet<\/p>\n<\/li>\n<li class=\"\" data-start=\"1455\" data-end=\"1492\">\n<p class=\"\" data-start=\"1457\" data-end=\"1492\">Bruddstyrke p\u00e5 5 kN (ca. 500 kg)<\/p>\n<\/li>\n<li class=\"\" data-start=\"1493\" data-end=\"1595\">\n<p class=\"\" data-start=\"1495\" data-end=\"1595\">Garanterer \u00e5pning til tross for stripetrykk p\u00e5 opptil 0,4 kN (ca. 40 kg) i b\u00e5de forover- og reversfunksjon<\/p>\n<\/li>\n<li class=\"\" data-start=\"1596\" data-end=\"1655\">\n<p class=\"\" data-start=\"1598\" data-end=\"1655\">Bankesikker og vendbar for b\u00e5de h\u00f8yre- og venstred\u00f8rer<\/p>\n<\/li>\n<li class=\"\" data-start=\"1656\" data-end=\"1698\">\n<p class=\"\" data-start=\"1658\" data-end=\"1698\">Egnet for enkeltfl\u00f8yede og tofl\u00f8yede l\u00e5ser<\/p>\n<\/li>\n<li class=\"\" data-start=\"1699\" data-end=\"1715\">\n<p class=\"\" data-start=\"1701\" data-end=\"1715\">Kabel f\u00f8lger ikke med<\/p>\n<\/li>\n<\/ul>\n<p class=\"\" data-start=\"1717\" data-end=\"1746\"><strong data-start=\"1717\" data-end=\"1746\">Tekniske spesifikasjoner:<\/strong><\/p>\n<ul data-start=\"1747\" data-end=\"2397\">\n<li class=\"\" data-start=\"1747\" data-end=\"1854\">\n<p class=\"\" data-start=\"1749\" data-end=\"1854\">Str\u00f8mforsyning: 24 V DC (+15% -10%) 110 mAh \/ maks 300 mA eller 12 V DC (+15% -10%) 220 mAh \/ maks 600 mA<\/p>\n<\/li>\n<li class=\"\" data-start=\"1855\" data-end=\"1918\">\n<p class=\"\" data-start=\"1857\" data-end=\"1918\">Stempelkontakt: Mikrobryter enpolet alternerende, maks. 30V DC, 1A<\/p>\n<\/li>\n<li class=\"\" data-start=\"1919\" data-end=\"1959\">\n<p class=\"\" data-start=\"1921\" data-end=\"1959\">Holdbarhet: Grad X i henhold til SS-EN 14846<\/p>\n<\/li>\n<li class=\"\" data-start=\"1960\" data-end=\"1999\">\n<p class=\"\" data-start=\"1962\" data-end=\"1999\">Korrosjon: Grad M i henhold til SS-EN 14846<\/p>\n<\/li>\n<li class=\"\" data-start=\"2000\" data-end=\"2038\">\n<p class=\"\" data-start=\"2002\" data-end=\"2038\">Sikkerhet: Grad 3 i henhold til SS-EN 14846<\/p>\n<\/li>\n<li class=\"\" data-start=\"2039\" data-end=\"2064\">\n<p class=\"\" data-start=\"2041\" data-end=\"2064\">Bruddstyrke: 500 kg<\/p>\n<\/li>\n<li class=\"\" data-start=\"2065\" data-end=\"2095\">\n<p class=\"\" data-start=\"2067\" data-end=\"2095\">D\u00f8rhengsel: H\u00f8yre, Venstre<\/p>\n<\/li>\n<li class=\"\" data-start=\"2096\" data-end=\"2114\">\n<p class=\"\" data-start=\"2098\" data-end=\"2114\">Listetrykk: 40 kg<\/p>\n<\/li>\n<li class=\"\" data-start=\"2115\" data-end=\"2150\">\n<p class=\"\" data-start=\"2117\" data-end=\"2150\">L\u00e5stype: Enkel l\u00e5s, Dobbel l\u00e5s<\/p>\n<\/li>\n<li class=\"\" data-start=\"2151\" data-end=\"2206\">\n<p class=\"\" data-start=\"2153\" data-end=\"2206\">Produktdimensjoner: Bredde: 20,5 mm, Dybde: 28 mm, H\u00f8yde: 99 mm<\/p>\n<\/li>\n<li class=\"\" data-start=\"2207\" data-end=\"2224\">\n<p class=\"\" data-start=\"2209\" data-end=\"2224\">Stempelkontakt: Ja<\/p>\n<\/li>\n<li class=\"\" data-start=\"2225\" data-end=\"2245\">\n<p class=\"\" data-start=\"2227\" data-end=\"2245\">Spenning AC\/DC: DC<\/p>\n<\/li>\n<li class=\"\" data-start=\"2246\" data-end=\"2268\">\n<p class=\"\" data-start=\"2248\" data-end=\"2268\">Spenning maks: 13,8 V<\/p>\n<\/li>\n<li class=\"\" data-start=\"2269\" data-end=\"2291\">\n<p class=\"\" data-start=\"2271\" data-end=\"2291\">Spenning min: 10,8 V<\/p>\n<\/li>\n<li class=\"\" data-start=\"2292\" data-end=\"2320\">\n<p class=\"\" data-start=\"2294\" data-end=\"2320\">Farge\/finish: Rustfritt st\u00e5l<\/p>\n<\/li>\n<li class=\"\" data-start=\"2321\" data-end=\"2341\">\n<p class=\"\" data-start=\"2323\" data-end=\"2341\">Byggeprodukt vurdert: Ja<\/p>\n<\/li>\n<li class=\"\" data-start=\"2342\" data-end=\"2363\">\n<p class=\"\" data-start=\"2344\" data-end=\"2363\">EPD-verifisert: Nei<\/p>\n<\/li>\n<li class=\"\" data-start=\"2364\" data-end=\"2376\">\n<p class=\"\" data-start=\"2366\" data-end=\"2376\">FINFO: Nei<\/p>\n<\/li>\n<li class=\"\" data-start=\"2377\" data-end=\"2397\">\n<p class=\"\" data-start=\"2379\" data-end=\"2397\">SundaHouse vurdert: Ja<\/p>\n<\/li>\n<\/ul>","protected":false},"excerpt":{"rendered":"<p>Her kan du se hvilke stolper og modeller som passer sammen fra STEP-serien med elektriske d\u00f8rstoppere.<\/p>\n<h5><strong><a href=\"https:\/\/steplock.com\/sv\/stolpguide\/#!?lang=sv&amp;blog_id=1&amp;paged=1&amp;number=50\" target=\"_blank\" rel=\"noopener\">TRINN Postveiledning\u00a0<\/a><\/strong><\/h5>\n<h5><strong><a href=\"https:\/\/steplock.com\/sv\/projekteringsguide\/#!?lang=sv&amp;blog_id=1&amp;paged=1&amp;number=999\" target=\"_blank\" rel=\"noopener\">STEP design guide<\/a><\/strong><\/h5>","protected":false},"featured_media":140011,"template":"","meta":{"_acf_changed":false},"product_brand":[],"product_cat":[3355],"product_tag":[4198,4202],"class_list":{"0":"post-140012","1":"product","2":"type-product","3":"status-publish","4":"has-post-thumbnail","6":"product_cat-elslutbleck","7":"product_tag-12v","8":"product_tag-omstallbar-rattvand-omvand","9":"product_shipping_class-tunga-paket","10":"pa_brands-step","11":"tm-no-options","13":"first","14":"onbackorder","15":"sale","16":"taxable","17":"shipping-taxable","18":"purchasable","19":"product-type-simple"},"acf":[],"_links":{"self":[{"href":"https:\/\/secureus.se\/no\/wp-json\/wp\/v2\/product\/140012","targetHints":{"allow":["GET"]}}],"collection":[{"href":"https:\/\/secureus.se\/no\/wp-json\/wp\/v2\/product"}],"about":[{"href":"https:\/\/secureus.se\/no\/wp-json\/wp\/v2\/types\/product"}],"wp:featuredmedia":[{"embeddable":true,"href":"https:\/\/secureus.se\/no\/wp-json\/wp\/v2\/media\/140011"}],"wp:attachment":[{"href":"https:\/\/secureus.se\/no\/wp-json\/wp\/v2\/media?parent=140012"}],"wp:term":[{"taxonomy":"product_brand","embeddable":true,"href":"https:\/\/secureus.se\/no\/wp-json\/wp\/v2\/product_brand?post=140012"},{"taxonomy":"product_cat","embeddable":true,"href":"https:\/\/secureus.se\/no\/wp-json\/wp\/v2\/product_cat?post=140012"},{"taxonomy":"product_tag","embeddable":true,"href":"https:\/\/secureus.se\/no\/wp-json\/wp\/v2\/product_tag?post=140012"}],"curies":[{"name":"wp","href":"https:\/\/api.w.org\/{rel}","templated":true}]}}