{"id":140045,"date":"2023-09-26T13:06:13","date_gmt":"2023-09-26T11:06:13","guid":{"rendered":"https:\/\/secureus.se\/elslutbleck-step-18-hoger-rattvand-12v-for-assa-511\/"},"modified":"2026-04-23T12:56:36","modified_gmt":"2026-04-23T10:56:36","slug":"elslutbleck-step-18-hoger-rattvand-12v-for-assa-511","status":"publish","type":"product","link":"https:\/\/secureus.se\/no\/elslutbleck-step-18-hoger-rattvand-12v-for-assa-511\/","title":{"rendered":"Elektrisk endeplate TRINN 18 H\u00f8yre H\u00f8yrevendt 12V for Assa 511"},"content":{"rendered":"<h1>Elektrisk endeplate TRINN 18 H\u00f8yre H\u00f8yrevendt 12V for Assa 511<\/h1>\n<p>STEP 18 Secure elektrisk sluttstykke for Assa 511 er en branngodkjent h\u00f8ysikkerhetsl\u00e5s med h\u00f8y bruddstyrke. Designet for d\u00f8rer med et h\u00f8yt antall inn- og utganger.<\/p>\n<p class=\"\" data-start=\"346\" data-end=\"752\">TRINN 18 Secure er et h\u00f8ysikkerhets elektrisk sluttstykke egnet for d\u00f8rer med h\u00f8ye krav til inntrengningsmotstand, som sikkerhetsd\u00f8rer eller d\u00f8rer i fengsler og banker.<\/p>\n<p class=\"\" data-start=\"346\" data-end=\"752\">Denne elektriske sluttstykket er godkjent for l\u00e5sing av sikkerhetsd\u00f8rer opp til RC4 og er branngodkjent opp til E\/EI 60. Den passer til Assa 511 krokboltl\u00e5s med 10 mm stempel og har en foroverfunksjon (l\u00e5st i spenningsl\u00f8s stilling).<\/p>\n<p class=\"\" data-start=\"754\" data-end=\"1121\">TRINN 18 Secure har en bruddstyrke p\u00e5 15 kN (ca. 1500 kg) og \u00e5pner selv med et stripetrykk p\u00e5 opptil 5 kN (ca. 500 kg) i b\u00e5de forover- og reversfunksjon.<\/p>\n<p class=\"\" data-start=\"754\" data-end=\"1121\">Den inkluderer en stempelbryter for \u00e5 indikere om d\u00f8ren er lukket\/\u00e5pen og l\u00e5st\/ul\u00e5st, noe som gj\u00f8r den egnet for bruk med adgangskontrollsystemer eller alarmsystemer. 5 meter halogenfri tilkoblingskabel f\u00f8lger med.<\/p>\n<p class=\"\" data-start=\"1123\" data-end=\"1140\"><strong data-start=\"1123\" data-end=\"1137\">Kjennetegn<\/strong>:<\/p>\n<ul data-start=\"1141\" data-end=\"1583\">\n<li class=\"\" data-start=\"1141\" data-end=\"1184\">\n<p class=\"\" data-start=\"1143\" data-end=\"1184\">For krokstokkl\u00e5s Assa 511 med 10 mm stempel<\/p>\n<\/li>\n<li class=\"\" data-start=\"1185\" data-end=\"1230\">\n<p class=\"\" data-start=\"1187\" data-end=\"1230\">H\u00f8yrevendt funksjon (l\u00e5st i str\u00f8ml\u00f8s modus)<\/p>\n<\/li>\n<li class=\"\" data-start=\"1231\" data-end=\"1257\">\n<p class=\"\" data-start=\"1233\" data-end=\"1257\">For h\u00f8yrehengslede d\u00f8rer<\/p>\n<\/li>\n<li class=\"\" data-start=\"1258\" data-end=\"1291\">\n<p class=\"\" data-start=\"1260\" data-end=\"1291\">Branngodkjent opp til E\/EI 60<\/p>\n<\/li>\n<li class=\"\" data-start=\"1292\" data-end=\"1376\">\n<p class=\"\" data-start=\"1294\" data-end=\"1376\">Innebygd stempelbryter for \u00e5 indikere d\u00f8rens lukket\/\u00e5pen og l\u00e5st\/ul\u00e5st status<\/p>\n<\/li>\n<li class=\"\" data-start=\"1377\" data-end=\"1399\">\n<p class=\"\" data-start=\"1379\" data-end=\"1399\">Beskyttelsesdiode innebygd<\/p>\n<\/li>\n<li class=\"\" data-start=\"1400\" data-end=\"1438\">\n<p class=\"\" data-start=\"1402\" data-end=\"1438\">Bruddstyrke 15 kN (ca. 1500 kg)<\/p>\n<\/li>\n<li class=\"\" data-start=\"1439\" data-end=\"1521\">\n<p class=\"\" data-start=\"1441\" data-end=\"1521\">\u00c5pner til tross for et stripetrykk p\u00e5 5 kN (ca. 500 kg) i b\u00e5de forover- og reversfunksjon<\/p>\n<\/li>\n<li class=\"\" data-start=\"1522\" data-end=\"1537\">\n<p class=\"\" data-start=\"1524\" data-end=\"1537\">Anti-banking<\/p>\n<\/li>\n<li class=\"\" data-start=\"1538\" data-end=\"1583\">\n<p class=\"\" data-start=\"1540\" data-end=\"1583\">5 meter halogenfri tilkoblingskabel f\u00f8lger med<\/p>\n<\/li>\n<\/ul>\n<p class=\"\" data-start=\"1585\" data-end=\"1616\"><strong data-start=\"1585\" data-end=\"1613\">Tekniske spesifikasjoner<\/strong>:<\/p>\n<ul data-start=\"1617\" data-end=\"2198\">\n<li class=\"\" data-start=\"1617\" data-end=\"1653\">\n<p class=\"\" data-start=\"1619\" data-end=\"1653\"><strong data-start=\"1619\" data-end=\"1642\">Bruddstyrke maks<\/strong>: 1500 kg<\/p>\n<\/li>\n<li class=\"\" data-start=\"1654\" data-end=\"1681\">\n<p class=\"\" data-start=\"1656\" data-end=\"1681\"><strong data-start=\"1656\" data-end=\"1672\">D\u00f8r hengende<\/strong>: H\u00f8yre<\/p>\n<\/li>\n<li class=\"\" data-start=\"1682\" data-end=\"1705\">\n<p class=\"\" data-start=\"1684\" data-end=\"1705\"><strong data-start=\"1684\" data-end=\"1699\">Kabel inkludert<\/strong>: Ja<\/p>\n<\/li>\n<li class=\"\" data-start=\"1706\" data-end=\"1731\">\n<p class=\"\" data-start=\"1708\" data-end=\"1731\"><strong data-start=\"1708\" data-end=\"1721\">Listeutskrift<\/strong>: 500 kg<\/p>\n<\/li>\n<li class=\"\" data-start=\"1732\" data-end=\"1769\">\n<p class=\"\" data-start=\"1734\" data-end=\"1769\"><strong data-start=\"1734\" data-end=\"1744\">L\u00e5s type<\/strong>: Hook rule lock, Rule lock<\/p>\n<\/li>\n<li class=\"\" data-start=\"1770\" data-end=\"1798\">\n<p class=\"\" data-start=\"1772\" data-end=\"1798\"><strong data-start=\"1772\" data-end=\"1789\">Bredt produkt<\/strong>: 35 mm<\/p>\n<\/li>\n<li class=\"\" data-start=\"1799\" data-end=\"1825\">\n<p class=\"\" data-start=\"1801\" data-end=\"1825\"><strong data-start=\"1801\" data-end=\"1819\">Byggematerialer vurdert<\/strong>: Ja<\/p>\n<\/li>\n<li class=\"\" data-start=\"1826\" data-end=\"1853\">\n<p class=\"\" data-start=\"1828\" data-end=\"1853\"><strong data-start=\"1828\" data-end=\"1844\">Dyp produkt<\/strong>: 40 mm<\/p>\n<\/li>\n<li class=\"\" data-start=\"1854\" data-end=\"1888\">\n<p class=\"\" data-start=\"1856\" data-end=\"1888\"><strong data-start=\"1856\" data-end=\"1881\">Driftsspenning 12V\/24V<\/strong>: 12V<\/p>\n<\/li>\n<li class=\"\" data-start=\"1889\" data-end=\"1917\">\n<p class=\"\" data-start=\"1891\" data-end=\"1917\"><strong data-start=\"1891\" data-end=\"1910\">Dobbel vri etui<\/strong>: Nei<\/p>\n<\/li>\n<li class=\"\" data-start=\"1918\" data-end=\"1945\">\n<p class=\"\" data-start=\"1920\" data-end=\"1945\"><strong data-start=\"1920\" data-end=\"1938\">EPD-verifisert<\/strong>: Nei<\/p>\n<\/li>\n<li class=\"\" data-start=\"1946\" data-end=\"1964\">\n<p class=\"\" data-start=\"1948\" data-end=\"1964\"><strong data-start=\"1948\" data-end=\"1957\">FIN INFO<\/strong>: Nei<\/p>\n<\/li>\n<li class=\"\" data-start=\"1965\" data-end=\"1999\">\n<p class=\"\" data-start=\"1967\" data-end=\"1999\"><strong data-start=\"1967\" data-end=\"1988\">Farge\/Overflatebehandling<\/strong>: Rustfritt st\u00e5l<\/p>\n<\/li>\n<li class=\"\" data-start=\"2000\" data-end=\"2028\">\n<p class=\"\" data-start=\"2002\" data-end=\"2028\"><strong data-start=\"2002\" data-end=\"2018\">Forh\u00f8yet produkt<\/strong>: 230 mm<\/p>\n<\/li>\n<li class=\"\" data-start=\"2029\" data-end=\"2052\">\n<p class=\"\" data-start=\"2031\" data-end=\"2052\"><strong data-start=\"2031\" data-end=\"2046\">Stempelkobling<\/strong>: Ja<\/p>\n<\/li>\n<li class=\"\" data-start=\"2053\" data-end=\"2086\">\n<p class=\"\" data-start=\"2055\" data-end=\"2086\"><strong data-start=\"2055\" data-end=\"2074\">H\u00f8yre\/revers<\/strong>: H\u00f8yrevendt<\/p>\n<\/li>\n<li class=\"\" data-start=\"2087\" data-end=\"2113\">\n<p class=\"\" data-start=\"2089\" data-end=\"2113\"><strong data-start=\"2089\" data-end=\"2107\">Spenning AC\/DC<\/strong>: DC<\/p>\n<\/li>\n<li class=\"\" data-start=\"2114\" data-end=\"2142\">\n<p class=\"\" data-start=\"2116\" data-end=\"2142\"><strong data-start=\"2116\" data-end=\"2132\">Spenning maks<\/strong>: 13,8V<\/p>\n<\/li>\n<li class=\"\" data-start=\"2143\" data-end=\"2171\">\n<p class=\"\" data-start=\"2145\" data-end=\"2171\"><strong data-start=\"2145\" data-end=\"2161\">Spenning min<\/strong>: 10,8V<\/p>\n<\/li>\n<li class=\"\" data-start=\"2172\" data-end=\"2198\">\n<p class=\"\" data-start=\"2174\" data-end=\"2198\"><strong data-start=\"2174\" data-end=\"2192\">SundaHouse vurdert<\/strong>: Ja<\/p>\n<\/li>\n<\/ul>","protected":false},"excerpt":{"rendered":"<p>Her kan du se hvilke stolper og modeller som passer sammen fra STEP-serien med elektriske d\u00f8rstoppere.<\/p>\n<h5><strong><a href=\"https:\/\/steplock.com\/sv\/stolpguide\/#!?lang=sv&amp;blog_id=1&amp;paged=1&amp;number=50\" target=\"_blank\" rel=\"noopener\">TRINN Postveiledning\u00a0<\/a><\/strong><\/h5>\n<h5><strong><a href=\"https:\/\/steplock.com\/sv\/projekteringsguide\/#!?lang=sv&amp;blog_id=1&amp;paged=1&amp;number=999\" target=\"_blank\" rel=\"noopener\">STEP design guide<\/a><\/strong><\/h5>","protected":false},"featured_media":140043,"template":"","meta":{"_acf_changed":false},"product_brand":[],"product_cat":[3355],"product_tag":[4198,4200],"class_list":{"0":"post-140045","1":"product","2":"type-product","3":"status-publish","4":"has-post-thumbnail","6":"product_cat-elslutbleck","7":"product_tag-12v","8":"product_tag-rattvand","9":"product_shipping_class-tunga-paket","10":"pa_brands-step","11":"tm-no-options","13":"first","14":"onbackorder","15":"sale","16":"taxable","17":"shipping-taxable","18":"purchasable","19":"product-type-simple"},"acf":[],"_links":{"self":[{"href":"https:\/\/secureus.se\/no\/wp-json\/wp\/v2\/product\/140045","targetHints":{"allow":["GET"]}}],"collection":[{"href":"https:\/\/secureus.se\/no\/wp-json\/wp\/v2\/product"}],"about":[{"href":"https:\/\/secureus.se\/no\/wp-json\/wp\/v2\/types\/product"}],"wp:featuredmedia":[{"embeddable":true,"href":"https:\/\/secureus.se\/no\/wp-json\/wp\/v2\/media\/140043"}],"wp:attachment":[{"href":"https:\/\/secureus.se\/no\/wp-json\/wp\/v2\/media?parent=140045"}],"wp:term":[{"taxonomy":"product_brand","embeddable":true,"href":"https:\/\/secureus.se\/no\/wp-json\/wp\/v2\/product_brand?post=140045"},{"taxonomy":"product_cat","embeddable":true,"href":"https:\/\/secureus.se\/no\/wp-json\/wp\/v2\/product_cat?post=140045"},{"taxonomy":"product_tag","embeddable":true,"href":"https:\/\/secureus.se\/no\/wp-json\/wp\/v2\/product_tag?post=140045"}],"curies":[{"name":"wp","href":"https:\/\/api.w.org\/{rel}","templated":true}]}}