{"id":140049,"date":"2023-09-26T13:06:06","date_gmt":"2023-09-26T11:06:06","guid":{"rendered":"https:\/\/secureus.se\/elslutbleck-step-60-omvand-12v-kolvkontakt-10m-kabel\/"},"modified":"2026-04-08T16:25:06","modified_gmt":"2026-04-08T14:25:06","slug":"elslutbleck-step-60-omvand-12v-kolvkontakt-10m-kabel","status":"publish","type":"product","link":"https:\/\/secureus.se\/no\/elslutbleck-step-60-omvand-12v-kolvkontakt-10m-kabel\/","title":{"rendered":"Elektrisk termineringsplate STEP 60 Omvendt 12V Stempelkontakt 10m Kabel"},"content":{"rendered":"<h1>Elektrisk termineringsplate STEP 60 Omvendt 12V Stempelkontakt 10m Kabel<\/h1>\n<p>STEP 60 Silent gir en jevn og stilleg\u00e5ende drift, perfekt for d\u00f8rer med h\u00f8y \u00e5pningsfrekvens og krav til redusert st\u00f8y.<\/p>\n<p>Branngodkjent opp til E\/EI120, med robust konstruksjon og h\u00f8y innbruddssikkerhet.<\/p>\n<p class=\"\" data-start=\"393\" data-end=\"777\">STEP 60 Silent er designet for \u00e5 gi en nesten lydl\u00f8s drift ved \u00e5pning og lukking, noe som gj\u00f8r den ideell for bruk i milj\u00f8er med mye trafikk, eller hvor redusert st\u00f8y er et krav.<\/p>\n<p class=\"\" data-start=\"393\" data-end=\"777\">Produktet er bygget for \u00e5 t\u00e5le t\u00f8ffe milj\u00f8er og er sertifisert for brannmotstand opp til E\/EI120 i henhold til SS-EN 14846:2008.<\/p>\n<p class=\"\" data-start=\"393\" data-end=\"777\">Den passer b\u00e5de enkeltfoldl\u00e5s og dobbeltfoldl\u00e5s.<\/p>\n<p class=\"\" data-start=\"779\" data-end=\"1160\">En patentert STEP silent-teknologi garanterer en jevn kj\u00f8ring, samtidig som den opprettholder et h\u00f8yt sikkerhetsniv\u00e5 og bruddstyrke.<\/p>\n<p class=\"\" data-start=\"779\" data-end=\"1160\">Den er ogs\u00e5 utstyrt med en stempelkontakt for \u00e5 indikere d\u00f8rens lukket\/\u00e5pen og l\u00e5st\/ul\u00e5st status, noe som gj\u00f8r det enkelt \u00e5 koble til tilgangssystemer eller alarmsystemer.<\/p>\n<p class=\"\" data-start=\"779\" data-end=\"1160\">En 10 meter halogenfri tilkoblingskabel f\u00f8lger med for enkel installasjon.<\/p>\n<div>\n<p class=\"\" data-start=\"1162\" data-end=\"1179\"><strong data-start=\"1162\" data-end=\"1176\">Kjennetegn<\/strong>:<\/p>\n<ul data-start=\"1180\" data-end=\"1693\">\n<li class=\"\" data-start=\"1180\" data-end=\"1224\">\n<p class=\"\" data-start=\"1182\" data-end=\"1224\">Reverseringsfunksjon (l\u00e5st opp i str\u00f8ml\u00f8s modus)<\/p>\n<\/li>\n<li class=\"\" data-start=\"1225\" data-end=\"1283\">\n<p class=\"\" data-start=\"1227\" data-end=\"1283\">Branngodkjent opp til E\/EI 120 i henhold til SS-EN 14846:2008<\/p>\n<\/li>\n<li class=\"\" data-start=\"1284\" data-end=\"1336\">\n<p class=\"\" data-start=\"1286\" data-end=\"1336\">Enpolet alternerende mikrobryter, maks 30 V DC, 1 A<\/p>\n<\/li>\n<li class=\"\" data-start=\"1337\" data-end=\"1421\">\n<p class=\"\" data-start=\"1339\" data-end=\"1421\">Innebygd stempelbryter for \u00e5 indikere d\u00f8rens lukket\/\u00e5pen og l\u00e5st\/ul\u00e5st status<\/p>\n<\/li>\n<li class=\"\" data-start=\"1422\" data-end=\"1490\">\n<p class=\"\" data-start=\"1424\" data-end=\"1490\">L\u00e5sekontakt for tilkobling til adgangsanlegg, alarmanlegg m.m.<\/p>\n<\/li>\n<li class=\"\" data-start=\"1491\" data-end=\"1529\">\n<p class=\"\" data-start=\"1493\" data-end=\"1529\">Bruddstyrke 16 kN (ca. 1600 kg)<\/p>\n<\/li>\n<li class=\"\" data-start=\"1530\" data-end=\"1619\">\n<p class=\"\" data-start=\"1532\" data-end=\"1619\">Garanterer \u00e5pning til tross for et stripetrykk p\u00e5 1 kN (ca. 100 kg) i oppreist og reversert funksjon<\/p>\n<\/li>\n<li class=\"\" data-start=\"1620\" data-end=\"1642\">\n<p class=\"\" data-start=\"1622\" data-end=\"1642\">Beskyttelsesdiode innebygd<\/p>\n<\/li>\n<li class=\"\" data-start=\"1643\" data-end=\"1658\">\n<p class=\"\" data-start=\"1645\" data-end=\"1658\">Anti-banking<\/p>\n<\/li>\n<li class=\"\" data-start=\"1659\" data-end=\"1693\">\n<p class=\"\" data-start=\"1661\" data-end=\"1693\">10 meter halogenfri kabel f\u00f8lger med<\/p>\n<\/li>\n<\/ul>\n<p class=\"\" data-start=\"1695\" data-end=\"1726\"><strong data-start=\"1695\" data-end=\"1723\">Tekniske spesifikasjoner<\/strong>:<\/p>\n<ul data-start=\"1727\" data-end=\"2350\">\n<li class=\"\" data-start=\"1727\" data-end=\"1763\">\n<p class=\"\" data-start=\"1729\" data-end=\"1763\"><strong data-start=\"1729\" data-end=\"1752\">Bruddstyrke maks<\/strong>: 1600 kg<\/p>\n<\/li>\n<li class=\"\" data-start=\"1764\" data-end=\"1800\">\n<p class=\"\" data-start=\"1766\" data-end=\"1800\"><strong data-start=\"1766\" data-end=\"1782\">D\u00f8r hengende<\/strong>: H\u00f8yre, venstre<\/p>\n<\/li>\n<li class=\"\" data-start=\"1801\" data-end=\"1824\">\n<p class=\"\" data-start=\"1803\" data-end=\"1824\"><strong data-start=\"1803\" data-end=\"1818\">Kabel inkludert<\/strong>: Ja<\/p>\n<\/li>\n<li class=\"\" data-start=\"1825\" data-end=\"1850\">\n<p class=\"\" data-start=\"1827\" data-end=\"1850\"><strong data-start=\"1827\" data-end=\"1840\">Listeutskrift<\/strong>: 100 kg<\/p>\n<\/li>\n<li class=\"\" data-start=\"1851\" data-end=\"1892\">\n<p class=\"\" data-start=\"1853\" data-end=\"1892\"><strong data-start=\"1853\" data-end=\"1863\">L\u00e5s type<\/strong>: Enkel falll\u00e5s, Dobbel falll\u00e5s<\/p>\n<\/li>\n<li class=\"\" data-start=\"1893\" data-end=\"1921\">\n<p class=\"\" data-start=\"1895\" data-end=\"1921\"><strong data-start=\"1895\" data-end=\"1912\">Bredt produkt<\/strong>: 28 mm<\/p>\n<\/li>\n<li class=\"\" data-start=\"1922\" data-end=\"1948\">\n<p class=\"\" data-start=\"1924\" data-end=\"1948\"><strong data-start=\"1924\" data-end=\"1942\">Byggematerialer vurdert<\/strong>: Ja<\/p>\n<\/li>\n<li class=\"\" data-start=\"1949\" data-end=\"1976\">\n<p class=\"\" data-start=\"1951\" data-end=\"1976\"><strong data-start=\"1951\" data-end=\"1967\">Dyp produkt<\/strong>: 35 mm<\/p>\n<\/li>\n<li class=\"\" data-start=\"1977\" data-end=\"2011\">\n<p class=\"\" data-start=\"1979\" data-end=\"2011\"><strong data-start=\"1979\" data-end=\"2004\">Driftsspenning 12V\/24V<\/strong>: 24V<\/p>\n<\/li>\n<li class=\"\" data-start=\"2012\" data-end=\"2040\">\n<p class=\"\" data-start=\"2014\" data-end=\"2040\"><strong data-start=\"2014\" data-end=\"2033\">Dobbel vri etui<\/strong>: Nei<\/p>\n<\/li>\n<li class=\"\" data-start=\"2041\" data-end=\"2068\">\n<p class=\"\" data-start=\"2043\" data-end=\"2068\"><strong data-start=\"2043\" data-end=\"2061\">EPD-verifisert<\/strong>: Nei<\/p>\n<\/li>\n<li class=\"\" data-start=\"2069\" data-end=\"2087\">\n<p class=\"\" data-start=\"2071\" data-end=\"2087\"><strong data-start=\"2071\" data-end=\"2080\">FIN INFO<\/strong>: Nei<\/p>\n<\/li>\n<li class=\"\" data-start=\"2088\" data-end=\"2122\">\n<p class=\"\" data-start=\"2090\" data-end=\"2122\"><strong data-start=\"2090\" data-end=\"2111\">Farge\/Overflatebehandling<\/strong>: Rustfritt st\u00e5l<\/p>\n<\/li>\n<li class=\"\" data-start=\"2123\" data-end=\"2153\">\n<p class=\"\" data-start=\"2125\" data-end=\"2153\"><strong data-start=\"2125\" data-end=\"2141\">Forh\u00f8yet produkt<\/strong>: 149,5 mm<\/p>\n<\/li>\n<li class=\"\" data-start=\"2154\" data-end=\"2182\">\n<p class=\"\" data-start=\"2156\" data-end=\"2182\"><strong data-start=\"2156\" data-end=\"2170\">Kabel lengde<\/strong>: 10 meter<\/p>\n<\/li>\n<li class=\"\" data-start=\"2183\" data-end=\"2206\">\n<p class=\"\" data-start=\"2185\" data-end=\"2206\"><strong data-start=\"2185\" data-end=\"2200\">Stempelkobling<\/strong>: Ja<\/p>\n<\/li>\n<li class=\"\" data-start=\"2207\" data-end=\"2238\">\n<p class=\"\" data-start=\"2209\" data-end=\"2238\"><strong data-start=\"2209\" data-end=\"2228\">H\u00f8yre\/revers<\/strong>: Omvendt<\/p>\n<\/li>\n<li class=\"\" data-start=\"2239\" data-end=\"2265\">\n<p class=\"\" data-start=\"2241\" data-end=\"2265\"><strong data-start=\"2241\" data-end=\"2259\">Spenning AC\/DC<\/strong>: DC<\/p>\n<\/li>\n<li class=\"\" data-start=\"2266\" data-end=\"2294\">\n<p class=\"\" data-start=\"2268\" data-end=\"2294\"><strong data-start=\"2268\" data-end=\"2284\">Spenning maks<\/strong>: 13,8V<\/p>\n<\/li>\n<li class=\"\" data-start=\"2295\" data-end=\"2323\">\n<p class=\"\" data-start=\"2297\" data-end=\"2323\"><strong data-start=\"2297\" data-end=\"2313\">Spenning min<\/strong>: 10,8V<\/p>\n<\/li>\n<li class=\"\" data-start=\"2324\" data-end=\"2350\">\n<p class=\"\" data-start=\"2326\" data-end=\"2350\"><strong data-start=\"2326\" data-end=\"2344\">SundaHouse vurdert<\/strong>: Ja<\/p>\n<\/li>\n<\/ul>\n<\/div>","protected":false},"excerpt":{"rendered":"<p>Her kan du se hvilke stolper og modeller som passer sammen fra STEP-serien med elektriske d\u00f8rstoppere.<\/p>\n<h5><strong><a href=\"https:\/\/steplock.com\/sv\/stolpguide\/#!?lang=sv&amp;blog_id=1&amp;paged=1&amp;number=50\" target=\"_blank\" rel=\"noopener\">TRINN Postveiledning\u00a0<\/a><\/strong><\/h5>\n<h5><strong><a href=\"https:\/\/steplock.com\/sv\/projekteringsguide\/#!?lang=sv&amp;blog_id=1&amp;paged=1&amp;number=999\" target=\"_blank\" rel=\"noopener\">STEP design guide<\/a><\/strong><\/h5>","protected":false},"featured_media":140048,"template":"","meta":{"_acf_changed":false},"product_brand":[],"product_cat":[3355],"product_tag":[4197,4201],"class_list":{"0":"post-140049","1":"product","2":"type-product","3":"status-publish","4":"has-post-thumbnail","6":"product_cat-elslutbleck","7":"product_tag-24v","8":"product_tag-omvand","9":"product_shipping_class-tunga-paket","10":"pa_brands-step","11":"tm-no-options","13":"first","14":"onbackorder","15":"sale","16":"taxable","17":"shipping-taxable","18":"purchasable","19":"product-type-simple"},"acf":[],"_links":{"self":[{"href":"https:\/\/secureus.se\/no\/wp-json\/wp\/v2\/product\/140049","targetHints":{"allow":["GET"]}}],"collection":[{"href":"https:\/\/secureus.se\/no\/wp-json\/wp\/v2\/product"}],"about":[{"href":"https:\/\/secureus.se\/no\/wp-json\/wp\/v2\/types\/product"}],"wp:featuredmedia":[{"embeddable":true,"href":"https:\/\/secureus.se\/no\/wp-json\/wp\/v2\/media\/140048"}],"wp:attachment":[{"href":"https:\/\/secureus.se\/no\/wp-json\/wp\/v2\/media?parent=140049"}],"wp:term":[{"taxonomy":"product_brand","embeddable":true,"href":"https:\/\/secureus.se\/no\/wp-json\/wp\/v2\/product_brand?post=140049"},{"taxonomy":"product_cat","embeddable":true,"href":"https:\/\/secureus.se\/no\/wp-json\/wp\/v2\/product_cat?post=140049"},{"taxonomy":"product_tag","embeddable":true,"href":"https:\/\/secureus.se\/no\/wp-json\/wp\/v2\/product_tag?post=140049"}],"curies":[{"name":"wp","href":"https:\/\/api.w.org\/{rel}","templated":true}]}}