{"id":140059,"date":"2023-09-26T13:06:02","date_gmt":"2023-09-26T11:06:02","guid":{"rendered":"https:\/\/secureus.se\/elslutbleck-step-28e-vanster-rattvand-12v-12mm-regel\/"},"modified":"2026-04-23T12:56:35","modified_gmt":"2026-04-23T10:56:35","slug":"elslutbleck-step-28e-vanster-rattvand-12v-12mm-regel","status":"publish","type":"product","link":"https:\/\/secureus.se\/no\/elslutbleck-step-28e-vanster-rattvand-12v-12mm-regel\/","title":{"rendered":"Elektrisk endeplate STEP 28E Venstre H\u00f8yre vendt 12V 12mm Rulle"},"content":{"rendered":"<h1>Elektrisk endeplate STEP 28E Venstre H\u00f8yre vendt 12V 12mm Rulle<\/h1>\n<p>STEP 28E Secure er et branngodkjent elektrisk sluttstykke med h\u00f8y inntrengningsmotstand, sertifisert for brannmotstand opp til E\/EI 60. 5 meter kabel medf\u00f8lger, perfekt for d\u00f8rer med h\u00f8ye krav til sikkerhet og evakuering.<\/p>\n<p class=\"\" data-start=\"400\" data-end=\"747\">STEP 28E Secure tilbyr en kombinasjon av sikkerhet, brannkrav og evakuering i et lite og robust elektrisk sluttstykke.<\/p>\n<p class=\"\" data-start=\"400\" data-end=\"747\">Designet for bruk med 12 mm boltel\u00e5ser i Modul-serien, er dette elektriske sluttstykket perfekt for d\u00f8rer hvor det er n\u00f8dvendig \u00e5 sikre b\u00e5de inntrengningsmotstand og en jevn d\u00f8rholdefunksjon.<\/p>\n<p class=\"\" data-start=\"749\" data-end=\"1161\">Den er ideell for bruksomr\u00e5der hvor d\u00f8rautomatikk eller trekkh\u00e5ndtak kombineres med brannkrav, og brukes ofte ved installasjon av r\u00f8mningsl\u00e5s i henhold til SS-EN 179.<\/p>\n<p class=\"\" data-start=\"749\" data-end=\"1161\">Brannklassifisert opp til E\/EI 60 og med en styrke p\u00e5 over 1500 kg, s\u00f8rger dette elektriske sluttstykket for at d\u00f8ren forblir sikker selv under h\u00f8yt trykk.<\/p>\n<p class=\"\" data-start=\"749\" data-end=\"1161\">Inkludert 5 meter halogenfri tilkoblingskabel er den b\u00e5de slitesterk og enkel \u00e5 installere.<\/p>\n<p class=\"\" data-start=\"1163\" data-end=\"1180\"><strong data-start=\"1163\" data-end=\"1177\">Kjennetegn<\/strong>:<\/p>\n<ul data-start=\"1181\" data-end=\"1687\">\n<li class=\"\" data-start=\"1181\" data-end=\"1226\">\n<p class=\"\" data-start=\"1183\" data-end=\"1226\">For kontrolll\u00e5s med 12mm stempel i Modul-serien<\/p>\n<\/li>\n<li class=\"\" data-start=\"1227\" data-end=\"1272\">\n<p class=\"\" data-start=\"1229\" data-end=\"1272\">H\u00f8yrevendt funksjon (l\u00e5st i str\u00f8ml\u00f8s modus)<\/p>\n<\/li>\n<li class=\"\" data-start=\"1273\" data-end=\"1301\">\n<p class=\"\" data-start=\"1275\" data-end=\"1301\">For venstrehengslede d\u00f8rer<\/p>\n<\/li>\n<li class=\"\" data-start=\"1302\" data-end=\"1354\">\n<p class=\"\" data-start=\"1304\" data-end=\"1354\">Branngodkjent opp til brannteknisk klasse E\/EI 60<\/p>\n<\/li>\n<li class=\"\" data-start=\"1355\" data-end=\"1408\">\n<p class=\"\" data-start=\"1357\" data-end=\"1408\">Mikrobryter enpolet alternerende, maks. 30 V DC, 1 A<\/p>\n<\/li>\n<li class=\"\" data-start=\"1409\" data-end=\"1487\">\n<p class=\"\" data-start=\"1411\" data-end=\"1487\">Innebygd indikasjon for \u00e5 f\u00f8le at d\u00f8ren er lukket\/\u00e5pen og l\u00e5st\/ul\u00e5st<\/p>\n<\/li>\n<li class=\"\" data-start=\"1488\" data-end=\"1531\">\n<p class=\"\" data-start=\"1490\" data-end=\"1531\">Bruddstyrke over 15 kN (ca. 1500 kg)<\/p>\n<\/li>\n<li class=\"\" data-start=\"1532\" data-end=\"1621\">\n<p class=\"\" data-start=\"1534\" data-end=\"1621\">Garanterer \u00e5pning til tross for et stripetrykk p\u00e5 5 kN (ca. 500 kg) i oppreist og reversert funksjon<\/p>\n<\/li>\n<li class=\"\" data-start=\"1622\" data-end=\"1637\">\n<p class=\"\" data-start=\"1624\" data-end=\"1637\">Anti-banking<\/p>\n<\/li>\n<li class=\"\" data-start=\"1638\" data-end=\"1687\">\n<p class=\"\" data-start=\"1640\" data-end=\"1687\">Inkludert 5 meter halogenfri tilkoblingskabel<\/p>\n<\/li>\n<\/ul>\n<p class=\"\" data-start=\"1689\" data-end=\"1720\"><strong data-start=\"1689\" data-end=\"1717\">Tekniske spesifikasjoner<\/strong>:<\/p>\n<ul data-start=\"1721\" data-end=\"2331\">\n<li class=\"\" data-start=\"1721\" data-end=\"1757\">\n<p class=\"\" data-start=\"1723\" data-end=\"1757\"><strong data-start=\"1723\" data-end=\"1746\">Bruddstyrke maks<\/strong>: 1500 kg<\/p>\n<\/li>\n<li class=\"\" data-start=\"1758\" data-end=\"1787\">\n<p class=\"\" data-start=\"1760\" data-end=\"1787\"><strong data-start=\"1760\" data-end=\"1776\">D\u00f8r hengende<\/strong>: Venstre<\/p>\n<\/li>\n<li class=\"\" data-start=\"1788\" data-end=\"1811\">\n<p class=\"\" data-start=\"1790\" data-end=\"1811\"><strong data-start=\"1790\" data-end=\"1805\">Kabel inkludert<\/strong>: Ja<\/p>\n<\/li>\n<li class=\"\" data-start=\"1812\" data-end=\"1837\">\n<p class=\"\" data-start=\"1814\" data-end=\"1837\"><strong data-start=\"1814\" data-end=\"1827\">Listeutskrift<\/strong>: 500 kg<\/p>\n<\/li>\n<li class=\"\" data-start=\"1838\" data-end=\"1875\">\n<p class=\"\" data-start=\"1840\" data-end=\"1875\"><strong data-start=\"1840\" data-end=\"1850\">L\u00e5s type<\/strong>: Hook rule lock, Rule lock<\/p>\n<\/li>\n<li class=\"\" data-start=\"1876\" data-end=\"1904\">\n<p class=\"\" data-start=\"1878\" data-end=\"1904\"><strong data-start=\"1878\" data-end=\"1895\">Bredt produkt<\/strong>: 35 mm<\/p>\n<\/li>\n<li class=\"\" data-start=\"1905\" data-end=\"1931\">\n<p class=\"\" data-start=\"1907\" data-end=\"1931\"><strong data-start=\"1907\" data-end=\"1925\">Byggematerialer vurdert<\/strong>: Ja<\/p>\n<\/li>\n<li class=\"\" data-start=\"1932\" data-end=\"1959\">\n<p class=\"\" data-start=\"1934\" data-end=\"1959\"><strong data-start=\"1934\" data-end=\"1950\">Dyp produkt<\/strong>: 40 mm<\/p>\n<\/li>\n<li class=\"\" data-start=\"1960\" data-end=\"1994\">\n<p class=\"\" data-start=\"1962\" data-end=\"1994\"><strong data-start=\"1962\" data-end=\"1987\">Driftsspenning 12V\/24V<\/strong>: 12V<\/p>\n<\/li>\n<li class=\"\" data-start=\"1995\" data-end=\"2022\">\n<p class=\"\" data-start=\"1997\" data-end=\"2022\"><strong data-start=\"1997\" data-end=\"2016\">Dobbel vri etui<\/strong>: Ja<\/p>\n<\/li>\n<li class=\"\" data-start=\"2023\" data-end=\"2050\">\n<p class=\"\" data-start=\"2025\" data-end=\"2050\"><strong data-start=\"2025\" data-end=\"2043\">EPD-verifisert<\/strong>: Nei<\/p>\n<\/li>\n<li class=\"\" data-start=\"2051\" data-end=\"2069\">\n<p class=\"\" data-start=\"2053\" data-end=\"2069\"><strong data-start=\"2053\" data-end=\"2062\">FIN INFO<\/strong>: Nei<\/p>\n<\/li>\n<li class=\"\" data-start=\"2070\" data-end=\"2104\">\n<p class=\"\" data-start=\"2072\" data-end=\"2104\"><strong data-start=\"2072\" data-end=\"2093\">Farge\/Overflatebehandling<\/strong>: Rustfritt st\u00e5l<\/p>\n<\/li>\n<li class=\"\" data-start=\"2105\" data-end=\"2133\">\n<p class=\"\" data-start=\"2107\" data-end=\"2133\"><strong data-start=\"2107\" data-end=\"2123\">Forh\u00f8yet produkt<\/strong>: 230 mm<\/p>\n<\/li>\n<li class=\"\" data-start=\"2134\" data-end=\"2161\">\n<p class=\"\" data-start=\"2136\" data-end=\"2161\"><strong data-start=\"2136\" data-end=\"2150\">Kabel lengde<\/strong>: 5 meter<\/p>\n<\/li>\n<li class=\"\" data-start=\"2162\" data-end=\"2185\">\n<p class=\"\" data-start=\"2164\" data-end=\"2185\"><strong data-start=\"2164\" data-end=\"2179\">Stempelkobling<\/strong>: Ja<\/p>\n<\/li>\n<li class=\"\" data-start=\"2186\" data-end=\"2219\">\n<p class=\"\" data-start=\"2188\" data-end=\"2219\"><strong data-start=\"2188\" data-end=\"2207\">H\u00f8yre\/revers<\/strong>: H\u00f8yrevendt<\/p>\n<\/li>\n<li class=\"\" data-start=\"2220\" data-end=\"2246\">\n<p class=\"\" data-start=\"2222\" data-end=\"2246\"><strong data-start=\"2222\" data-end=\"2240\">Spenning AC\/DC<\/strong>: DC<\/p>\n<\/li>\n<li class=\"\" data-start=\"2247\" data-end=\"2275\">\n<p class=\"\" data-start=\"2249\" data-end=\"2275\"><strong data-start=\"2249\" data-end=\"2265\">Spenning maks<\/strong>: 13,8V<\/p>\n<\/li>\n<li class=\"\" data-start=\"2276\" data-end=\"2304\">\n<p class=\"\" data-start=\"2278\" data-end=\"2304\"><strong data-start=\"2278\" data-end=\"2294\">Spenning min<\/strong>: 10,8V<\/p>\n<\/li>\n<li class=\"\" data-start=\"2305\" data-end=\"2331\">\n<p class=\"\" data-start=\"2307\" data-end=\"2331\"><strong data-start=\"2307\" data-end=\"2325\">SundaHouse vurdert<\/strong>: Ja<\/p>\n<\/li>\n<\/ul>\n<div>\n<p>&nbsp;<\/p>\n<\/div>","protected":false},"excerpt":{"rendered":"<p>Her kan du se hvilke stolper og modeller som passer sammen fra STEP-serien med elektriske d\u00f8rstoppere.<\/p>\n<h5><strong><a href=\"https:\/\/steplock.com\/sv\/stolpguide\/#!?lang=sv&amp;blog_id=1&amp;paged=1&amp;number=50\" target=\"_blank\" rel=\"noopener\">TRINN Postveiledning\u00a0<\/a><\/strong><\/h5>\n<h5><strong><a href=\"https:\/\/steplock.com\/sv\/projekteringsguide\/#!?lang=sv&amp;blog_id=1&amp;paged=1&amp;number=999\" target=\"_blank\" rel=\"noopener\">STEP design guide<\/a><\/strong><\/h5>","protected":false},"featured_media":140057,"template":"","meta":{"_acf_changed":false},"product_brand":[],"product_cat":[3355],"product_tag":[4198,4200],"class_list":{"0":"post-140059","1":"product","2":"type-product","3":"status-publish","4":"has-post-thumbnail","6":"product_cat-elslutbleck","7":"product_tag-12v","8":"product_tag-rattvand","9":"product_shipping_class-tunga-paket","10":"pa_brands-step","11":"tm-no-options","13":"first","14":"onbackorder","15":"sale","16":"taxable","17":"shipping-taxable","18":"purchasable","19":"product-type-simple"},"acf":[],"_links":{"self":[{"href":"https:\/\/secureus.se\/no\/wp-json\/wp\/v2\/product\/140059","targetHints":{"allow":["GET"]}}],"collection":[{"href":"https:\/\/secureus.se\/no\/wp-json\/wp\/v2\/product"}],"about":[{"href":"https:\/\/secureus.se\/no\/wp-json\/wp\/v2\/types\/product"}],"wp:featuredmedia":[{"embeddable":true,"href":"https:\/\/secureus.se\/no\/wp-json\/wp\/v2\/media\/140057"}],"wp:attachment":[{"href":"https:\/\/secureus.se\/no\/wp-json\/wp\/v2\/media?parent=140059"}],"wp:term":[{"taxonomy":"product_brand","embeddable":true,"href":"https:\/\/secureus.se\/no\/wp-json\/wp\/v2\/product_brand?post=140059"},{"taxonomy":"product_cat","embeddable":true,"href":"https:\/\/secureus.se\/no\/wp-json\/wp\/v2\/product_cat?post=140059"},{"taxonomy":"product_tag","embeddable":true,"href":"https:\/\/secureus.se\/no\/wp-json\/wp\/v2\/product_tag?post=140059"}],"curies":[{"name":"wp","href":"https:\/\/api.w.org\/{rel}","templated":true}]}}