{"id":140082,"date":"2023-09-26T13:08:03","date_gmt":"2023-09-26T11:08:03","guid":{"rendered":"https:\/\/secureus.se\/elslutbleck-step-48-omstallbar-24v\/"},"modified":"2026-03-26T09:48:24","modified_gmt":"2026-03-26T08:48:24","slug":"elslutbleck-step-48-omstallbar-24v","status":"publish","type":"product","link":"https:\/\/secureus.se\/no\/elslutbleck-step-48-omstallbar-24v\/","title":{"rendered":"Elektrisk termineringsplate TRINN 48 Bryterbar 24V"},"content":{"rendered":"<h1>Elektrisk termineringsplate TRINN 48 Bryterbar 24V<\/h1>\n<p>Elektrisk sluttstykke STEP 48 Forspenning med justerbar funksjon gir fleksibel installasjon i b\u00e5de forover- og bakoverstilling.<\/p>\n<p>Kompakt, p\u00e5litelig og klar for hyppig bruk.<\/p>\n<p class=\"\" data-start=\"237\" data-end=\"641\">STEP 48 Preload elektrisk strike er en allsidig elektrisk strike som kombinerer driftssikkerhet og fleksibilitet i en kompakt design.<\/p>\n<p class=\"\" data-start=\"237\" data-end=\"641\">Med sin reversible funksjon kan produktet konfigureres som enten forovervendt (l\u00e5st uten str\u00f8m) eller bakovervendt (l\u00e5st opp uten str\u00f8m), noe som gj\u00f8r det ideelt for en rekke d\u00f8rmilj\u00f8er \u2013 fra kontorer til offentlige rom med krav til tilpasningsevne.<\/p>\n<p class=\"\" data-start=\"643\" data-end=\"893\">Platen er utstyrt med STEPs patenterte stripetrykkteknologi, som sikrer at d\u00f8ren kan l\u00e5ses opp selv med stripetrykk p\u00e5 opptil 40 kg.<\/p>\n<p class=\"\" data-start=\"643\" data-end=\"893\">Dette gj\u00f8r STEP 48 Preload spesielt egnet for d\u00f8rer med tetningslister eller hvor trykkforhold kan oppst\u00e5.<\/p>\n<p class=\"\" data-start=\"895\" data-end=\"1222\">Med en bruddstyrke p\u00e5 9 kN (ca. 900 kg) gir STEP 48 p\u00e5litelig beskyttelse. Den manipulasjonssikre designen, den innebygde beskyttelsesdioden og kompatibiliteten med krok eller rette knaster gj\u00f8r produktet trygt og enkelt \u00e5 installere.<\/p>\n<p class=\"\" data-start=\"895\" data-end=\"1222\">Den er ogs\u00e5 vendbar for h\u00f8yre- eller venstrehengte d\u00f8rer og kan h\u00e5ndtere b\u00e5de enkelt- og tofl\u00f8yede l\u00e5ser.<\/p>\n<p class=\"\" data-start=\"1224\" data-end=\"1252\"><strong data-start=\"1224\" data-end=\"1250\">Funksjoner og fordeler:<\/strong><\/p>\n<ul data-start=\"1253\" data-end=\"1544\">\n<li class=\"\" data-start=\"1253\" data-end=\"1303\">\n<p class=\"\" data-start=\"1255\" data-end=\"1303\">Byttbar mellom forover- og reversfunksjon<\/p>\n<\/li>\n<li class=\"\" data-start=\"1304\" data-end=\"1362\">\n<p class=\"\" data-start=\"1306\" data-end=\"1362\">Patentert stripeutskriftsteknologi (t\u00e5ler opptil 40 kg trykk)<\/p>\n<\/li>\n<li class=\"\" data-start=\"1363\" data-end=\"1417\">\n<p class=\"\" data-start=\"1365\" data-end=\"1417\">Beskyttelsesdiode og bankebeskyttelse for \u00f8kt driftssikkerhet<\/p>\n<\/li>\n<li class=\"\" data-start=\"1418\" data-end=\"1460\">\n<p class=\"\" data-start=\"1420\" data-end=\"1460\">Vendbar for h\u00f8yre\/venstrehengte d\u00f8rer<\/p>\n<\/li>\n<li class=\"\" data-start=\"1461\" data-end=\"1494\">\n<p class=\"\" data-start=\"1463\" data-end=\"1494\">H\u00e5ndterer krok og rett linjal<\/p>\n<\/li>\n<li class=\"\" data-start=\"1495\" data-end=\"1544\">\n<p class=\"\" data-start=\"1497\" data-end=\"1544\">Kompatibel med regelindikasjon ST4880 (valgfritt)<\/p>\n<\/li>\n<\/ul>\n<p class=\"\" data-start=\"1546\" data-end=\"1701\"><strong data-start=\"1546\" data-end=\"1569\">Bruksomr\u00e5der:<\/strong><br data-start=\"1569\" data-end=\"1572\" \/>Perfekt for kontord\u00f8rer, inngangspartier, tekniske rom og andre d\u00f8rmilj\u00f8er med behov for fleksibel l\u00e5selogikk og h\u00f8y \u00e5pningsfrekvens.<\/p>\n<p class=\"\" data-start=\"1703\" data-end=\"2059\"><strong data-start=\"1703\" data-end=\"1732\">Tekniske spesifikasjoner:<\/strong><br data-start=\"1732\" data-end=\"1735\" \/>Driftsspenning: 24 V DC (21,6-27,6 V)<br data-start=\"1771\" data-end=\"1774\" \/>Str\u00f8mforbruk: 110 mAh \/ maks 300 mA<br data-start=\"1812\" data-end=\"1815\" \/>Bruddstyrke: 900 kg<br data-start=\"1838\" data-end=\"1841\" \/>Listetrykk: 40 kg<br data-start=\"1857\" data-end=\"1860\" \/>D\u00f8rhengsel: H\u00f8yre\/Venstre<br data-start=\"1887\" data-end=\"1890\" \/>Kabel inkludert: Nei<br data-start=\"1906\" data-end=\"1909\" \/>L\u00e5stype: Enkel l\u00e5s, Dobbel l\u00e5s<br data-start=\"1942\" data-end=\"1945\" \/>M\u00e5l (BxDxH): 25 x 35 x 90 mm<br data-start=\"1974\" data-end=\"1977\" \/>Overflatebehandling: Rustfritt st\u00e5l<br data-start=\"1998\" data-end=\"2001\" \/>Byggeprodukt vurdert: Ja<br data-start=\"2019\" data-end=\"2022\" \/>SundaHouse vurdert: Ja<br data-start=\"2040\" data-end=\"2043\" \/>Stempelkontakt: Nei<\/p>","protected":false},"excerpt":{"rendered":"<p>Her kan du se hvilke stolper og modeller som passer sammen fra STEP-serien med elektriske d\u00f8rstoppere.<\/p>\n<h5><strong><a href=\"https:\/\/steplock.com\/sv\/stolpguide\/#!?lang=sv&amp;blog_id=1&amp;paged=1&amp;number=50\" target=\"_blank\" rel=\"noopener\">TRINN Postveiledning\u00a0<\/a><\/strong><\/h5>\n<h5><strong><a href=\"https:\/\/steplock.com\/sv\/projekteringsguide\/#!?lang=sv&amp;blog_id=1&amp;paged=1&amp;number=999\" target=\"_blank\" rel=\"noopener\">STEP design guide<\/a><\/strong><\/h5>","protected":false},"featured_media":140080,"template":"","meta":{"_acf_changed":false},"product_brand":[],"product_cat":[3355],"product_tag":[4197,4202],"class_list":{"0":"post-140082","1":"product","2":"type-product","3":"status-publish","4":"has-post-thumbnail","6":"product_cat-elslutbleck","7":"product_tag-24v","8":"product_tag-omstallbar-rattvand-omvand","9":"product_shipping_class-tunga-paket","10":"pa_brands-step","11":"tm-no-options","13":"first","14":"instock","15":"sale","16":"taxable","17":"shipping-taxable","18":"purchasable","19":"product-type-simple"},"acf":[],"_links":{"self":[{"href":"https:\/\/secureus.se\/no\/wp-json\/wp\/v2\/product\/140082","targetHints":{"allow":["GET"]}}],"collection":[{"href":"https:\/\/secureus.se\/no\/wp-json\/wp\/v2\/product"}],"about":[{"href":"https:\/\/secureus.se\/no\/wp-json\/wp\/v2\/types\/product"}],"wp:featuredmedia":[{"embeddable":true,"href":"https:\/\/secureus.se\/no\/wp-json\/wp\/v2\/media\/140080"}],"wp:attachment":[{"href":"https:\/\/secureus.se\/no\/wp-json\/wp\/v2\/media?parent=140082"}],"wp:term":[{"taxonomy":"product_brand","embeddable":true,"href":"https:\/\/secureus.se\/no\/wp-json\/wp\/v2\/product_brand?post=140082"},{"taxonomy":"product_cat","embeddable":true,"href":"https:\/\/secureus.se\/no\/wp-json\/wp\/v2\/product_cat?post=140082"},{"taxonomy":"product_tag","embeddable":true,"href":"https:\/\/secureus.se\/no\/wp-json\/wp\/v2\/product_tag?post=140082"}],"curies":[{"name":"wp","href":"https:\/\/api.w.org\/{rel}","templated":true}]}}