{"id":140103,"date":"2023-09-26T13:07:51","date_gmt":"2023-09-26T11:07:51","guid":{"rendered":"https:\/\/secureus.se\/elslutbleck-step-18-hoger-rattvand-24v-10mm-regel-modul\/"},"modified":"2026-02-20T11:30:36","modified_gmt":"2026-02-20T10:30:36","slug":"elslutbleck-step-18-hoger-rattvand-24v-10mm-regel-modul","status":"publish","type":"product","link":"https:\/\/secureus.se\/no\/elslutbleck-step-18-hoger-rattvand-24v-10mm-regel-modul\/","title":{"rendered":"Elektrisk endeplate TRINN 18 H\u00f8yre H\u00f8yrevendt 24V 10mm Rule Module"},"content":{"rendered":"<h1>Elektrisk endeplate TRINN 18 H\u00f8yre H\u00f8yrevendt 24V 10mm Rule Module<\/h1>\n<p>TRINN 18 Sikre elektrisk sluttstykke for h\u00f8yrehengte d\u00f8rer i Modul-serien med 10 mm bolt. H\u00f8yreh\u00e5ndsfunksjon, branngodkjent E\/EI 60 og stempel\/l\u00e5sekontakt. 5 m kabel f\u00f8lger med.<\/p>\n<p class=\"\" data-start=\"249\" data-end=\"575\">STEP 18 Secure Electric strike er en robust og h\u00f8ysikkerhetsl\u00f8sning designet for milj\u00f8er med h\u00f8ye krav til innbruddsbeskyttelse, som fengsler, offentlige etater og sikkerhetsklassifiserte eiendommer.<\/p>\n<p class=\"\" data-start=\"249\" data-end=\"575\">Denne varianten er spesielt tilpasset h\u00f8yrehengte d\u00f8rer med boltel\u00e5s i Modul-serien og 10 mm stempel.<\/p>\n<p class=\"\" data-start=\"577\" data-end=\"962\">STEP 18 har en feilsikker funksjon, som betyr at den l\u00e5ses ved str\u00f8mbrudd \u2013 en viktig funksjon i installasjoner hvor sikkerheten alltid skal ivaretas.<\/p>\n<p class=\"\" data-start=\"577\" data-end=\"962\">Produktet er testet og godkjent for brannmotstand opp til E\/EI 60 og gir en imponerende bruddstyrke p\u00e5 15 kN.<\/p>\n<p class=\"\" data-start=\"577\" data-end=\"962\">Den \u00e5pner selv under stripetrykk p\u00e5 opptil 5 kN, takket v\u00e6re den slagsikre og sterke konstruksjonen.<\/p>\n<p class=\"\" data-start=\"964\" data-end=\"1178\">Med et innebygd stempel og l\u00e5sekontakt muliggj\u00f8r den elektriske sluttplaten p\u00e5litelig statusdeteksjon og enkel integrering i adgangskontrollsystemer eller alarmer.<\/p>\n<p class=\"\" data-start=\"964\" data-end=\"1178\">Den leveres med en 5 meter halogenfri tilkoblingskabel for enkel installasjon.<\/p>\n<p class=\"\" data-start=\"1180\" data-end=\"1206\"><strong data-start=\"1180\" data-end=\"1206\">Funksjoner og fordeler:<\/strong><\/p>\n<ul data-start=\"1207\" data-end=\"1495\">\n<li class=\"\" data-start=\"1207\" data-end=\"1242\">\n<p class=\"\" data-start=\"1209\" data-end=\"1242\">For Modul boltl\u00e5s med 10 mm stempel<\/p>\n<\/li>\n<li class=\"\" data-start=\"1243\" data-end=\"1280\">\n<p class=\"\" data-start=\"1245\" data-end=\"1280\">H\u00f8yrevendt funksjon - l\u00e5st uten str\u00f8m<\/p>\n<\/li>\n<li class=\"\" data-start=\"1281\" data-end=\"1298\">\n<p class=\"\" data-start=\"1283\" data-end=\"1298\">H\u00f8yrehengslet d\u00f8r<\/p>\n<\/li>\n<li class=\"\" data-start=\"1299\" data-end=\"1321\">\n<p class=\"\" data-start=\"1301\" data-end=\"1321\">Brannklassifisert E\/EI 60<\/p>\n<\/li>\n<li class=\"\" data-start=\"1322\" data-end=\"1346\">\n<p class=\"\" data-start=\"1324\" data-end=\"1346\">Bruddstyrke: 15 kN<\/p>\n<\/li>\n<li class=\"\" data-start=\"1347\" data-end=\"1376\">\n<p class=\"\" data-start=\"1349\" data-end=\"1376\">T\u00e5ler st\u00f8petrykk opp til 5 kN<\/p>\n<\/li>\n<li class=\"\" data-start=\"1377\" data-end=\"1407\">\n<p class=\"\" data-start=\"1379\" data-end=\"1407\">Stempelkontakt og l\u00e5sekontakt<\/p>\n<\/li>\n<li class=\"\" data-start=\"1408\" data-end=\"1428\">\n<p class=\"\" data-start=\"1410\" data-end=\"1428\">Anti-bank design<\/p>\n<\/li>\n<li class=\"\" data-start=\"1429\" data-end=\"1461\">\n<p class=\"\" data-start=\"1431\" data-end=\"1461\">5 meter halogenfri kabel f\u00f8lger med<\/p>\n<\/li>\n<li class=\"\" data-start=\"1462\" data-end=\"1495\">\n<p class=\"\" data-start=\"1464\" data-end=\"1495\">Byggevarer vurdert &amp; SundaHus vurdert<\/p>\n<\/li>\n<\/ul>","protected":false},"excerpt":{"rendered":"<p>Her kan du se hvilke stolper og modeller som passer sammen fra STEP-serien med elektriske d\u00f8rstoppere.<\/p>\n<h5><strong><a href=\"https:\/\/steplock.com\/sv\/stolpguide\/#!?lang=sv&amp;blog_id=1&amp;paged=1&amp;number=50\" target=\"_blank\" rel=\"noopener\">TRINN Postveiledning\u00a0<\/a><\/strong><\/h5>\n<h5><strong><a href=\"https:\/\/steplock.com\/sv\/projekteringsguide\/#!?lang=sv&amp;blog_id=1&amp;paged=1&amp;number=999\" target=\"_blank\" rel=\"noopener\">STEP design guide<\/a><\/strong><\/h5>","protected":false},"featured_media":140100,"template":"","meta":{"_acf_changed":false},"product_brand":[],"product_cat":[3355],"product_tag":[4197,4200],"class_list":{"0":"post-140103","1":"product","2":"type-product","3":"status-publish","4":"has-post-thumbnail","6":"product_cat-elslutbleck","7":"product_tag-24v","8":"product_tag-rattvand","9":"product_shipping_class-tunga-paket","10":"pa_brands-step","11":"tm-no-options","13":"first","14":"onbackorder","15":"sale","16":"taxable","17":"shipping-taxable","18":"purchasable","19":"product-type-simple"},"acf":[],"_links":{"self":[{"href":"https:\/\/secureus.se\/no\/wp-json\/wp\/v2\/product\/140103","targetHints":{"allow":["GET"]}}],"collection":[{"href":"https:\/\/secureus.se\/no\/wp-json\/wp\/v2\/product"}],"about":[{"href":"https:\/\/secureus.se\/no\/wp-json\/wp\/v2\/types\/product"}],"wp:featuredmedia":[{"embeddable":true,"href":"https:\/\/secureus.se\/no\/wp-json\/wp\/v2\/media\/140100"}],"wp:attachment":[{"href":"https:\/\/secureus.se\/no\/wp-json\/wp\/v2\/media?parent=140103"}],"wp:term":[{"taxonomy":"product_brand","embeddable":true,"href":"https:\/\/secureus.se\/no\/wp-json\/wp\/v2\/product_brand?post=140103"},{"taxonomy":"product_cat","embeddable":true,"href":"https:\/\/secureus.se\/no\/wp-json\/wp\/v2\/product_cat?post=140103"},{"taxonomy":"product_tag","embeddable":true,"href":"https:\/\/secureus.se\/no\/wp-json\/wp\/v2\/product_tag?post=140103"}],"curies":[{"name":"wp","href":"https:\/\/api.w.org\/{rel}","templated":true}]}}