{"id":140123,"date":"2023-09-26T13:07:47","date_gmt":"2023-09-26T11:07:47","guid":{"rendered":"https:\/\/secureus.se\/elslutbleck-step-40-omstallbar-12v-kolvkontakt\/"},"modified":"2026-04-08T16:11:13","modified_gmt":"2026-04-08T14:11:13","slug":"elslutbleck-step-40-omstallbar-12v-kolvkontakt","status":"publish","type":"product","link":"https:\/\/secureus.se\/no\/elslutbleck-step-40-omstallbar-12v-kolvkontakt\/","title":{"rendered":"Elektrisk termineringsplate STEP 40 Justerbar 12V Stempelkontakt"},"content":{"rendered":"<h1>Elektrisk termineringsplate STEP 40 Justerbar 12V Stempelkontakt<\/h1>\n<p>STEP 40 Preload HPR \u2013 kompakt elektrisk sluttstykke med reversibel funksjon (forover\/revers), stempelkontakt og h\u00f8y driftssikkerhet. T\u00e5ler opptil 250 kg stripetrykk.<\/p>\n<p class=\"\" data-start=\"234\" data-end=\"603\">Elektrisk sluttstykke STEP 40 Preload HPR er et allsidig og kraftig elektrisk sluttstykke tilpasset moderne d\u00f8rmilj\u00f8er med h\u00f8ye krav til b\u00e5de funksjon og sikkerhet.<\/p>\n<p class=\"\" data-start=\"234\" data-end=\"603\">Takket v\u00e6re den vendbare funksjonen kan den enkelt konfigureres som forovervendt (l\u00e5st uten str\u00f8m) eller bakovervendt (l\u00e5st opp uten str\u00f8m), noe som gir maksimal fleksibilitet i installasjonen.<\/p>\n<p class=\"\" data-start=\"605\" data-end=\"889\">Med STEPs patenterte HPR\u00ae stripetrykkteknologi \u00e5pnes d\u00f8ren selv n\u00e5r den utsettes for et trykk p\u00e5 opptil 250 kg, noe som gj\u00f8r det elektriske sluttstykket til et p\u00e5litelig valg selv i milj\u00f8er med mye stress.<\/p>\n<p class=\"\" data-start=\"605\" data-end=\"889\">Platen er testet i over 1,5 millioner sykluser og har en bruddstyrke p\u00e5 hele 1200 kg.<\/p>\n<p class=\"\" data-start=\"891\" data-end=\"1166\">Innebygd stempelkontakt gir en p\u00e5litelig indikasjon p\u00e5 om d\u00f8ren er lukket eller \u00e5pen, og kan enkelt integreres med adgangskontrollsystemer eller alarmsystemer.<\/p>\n<p class=\"\" data-start=\"891\" data-end=\"1166\">STEP 40 er vendbar for h\u00f8yre- og venstred\u00f8rer og har en kompakt design som passer i trange rom eller eldre d\u00f8rmilj\u00f8er.<\/p>\n<p class=\"\" data-start=\"1168\" data-end=\"1194\"><strong data-start=\"1168\" data-end=\"1194\">Funksjoner og fordeler:<\/strong><\/p>\n<ul data-start=\"1195\" data-end=\"1540\">\n<li class=\"\" data-start=\"1195\" data-end=\"1242\">\n<p class=\"\" data-start=\"1197\" data-end=\"1242\">Byttbar funksjon - forover eller bakover<\/p>\n<\/li>\n<li class=\"\" data-start=\"1243\" data-end=\"1279\">\n<p class=\"\" data-start=\"1245\" data-end=\"1279\">Stempelkontakt med statusindikasjon<\/p>\n<\/li>\n<li class=\"\" data-start=\"1280\" data-end=\"1327\">\n<p class=\"\" data-start=\"1282\" data-end=\"1327\">HPR\u00ae-teknologi \u2013 \u00e5pner til tross for 250 kg stripetrykk<\/p>\n<\/li>\n<li class=\"\" data-start=\"1328\" data-end=\"1356\">\n<p class=\"\" data-start=\"1330\" data-end=\"1356\">Bruddstyrke 1.200 kg<\/p>\n<\/li>\n<li class=\"\" data-start=\"1357\" data-end=\"1390\">\n<p class=\"\" data-start=\"1359\" data-end=\"1390\">For enkelt- eller tofl\u00f8yede l\u00e5ser<\/p>\n<\/li>\n<li class=\"\" data-start=\"1391\" data-end=\"1420\">\n<p class=\"\" data-start=\"1393\" data-end=\"1420\">Beskyttelsesdiode og bankebeskyttelse<\/p>\n<\/li>\n<li class=\"\" data-start=\"1421\" data-end=\"1471\">\n<p class=\"\" data-start=\"1423\" data-end=\"1471\">Vendbar - passer b\u00e5de h\u00f8yre og venstre d\u00f8r<\/p>\n<\/li>\n<li class=\"\" data-start=\"1472\" data-end=\"1507\">\n<p class=\"\" data-start=\"1474\" data-end=\"1507\">Testet til 1,5 millioner sykluser<\/p>\n<\/li>\n<li class=\"\" data-start=\"1508\" data-end=\"1540\">\n<p class=\"\" data-start=\"1510\" data-end=\"1540\">Kompatibel med 12V DC-systemer<\/p>\n<\/li>\n<\/ul>","protected":false},"excerpt":{"rendered":"<p>Her kan du se hvilke stolper og modeller som passer sammen fra STEP-serien med elektriske d\u00f8rstoppere.<\/p>\n<h5><strong><a href=\"https:\/\/steplock.com\/sv\/stolpguide\/#!?lang=sv&amp;blog_id=1&amp;paged=1&amp;number=50\" target=\"_blank\" rel=\"noopener\">TRINN Postveiledning\u00a0<\/a><\/strong><\/h5>\n<h5><strong><a href=\"https:\/\/steplock.com\/sv\/projekteringsguide\/#!?lang=sv&amp;blog_id=1&amp;paged=1&amp;number=999\" target=\"_blank\" rel=\"noopener\">STEP design guide<\/a><\/strong><\/h5>","protected":false},"featured_media":140116,"template":"","meta":{"_acf_changed":false},"product_brand":[],"product_cat":[3355],"product_tag":[4198,4202],"class_list":{"0":"post-140123","1":"product","2":"type-product","3":"status-publish","4":"has-post-thumbnail","6":"product_cat-elslutbleck","7":"product_tag-12v","8":"product_tag-omstallbar-rattvand-omvand","9":"product_shipping_class-tunga-paket","10":"pa_brands-step","11":"tm-no-options","13":"first","14":"onbackorder","15":"sale","16":"taxable","17":"shipping-taxable","18":"purchasable","19":"product-type-simple"},"acf":[],"_links":{"self":[{"href":"https:\/\/secureus.se\/no\/wp-json\/wp\/v2\/product\/140123","targetHints":{"allow":["GET"]}}],"collection":[{"href":"https:\/\/secureus.se\/no\/wp-json\/wp\/v2\/product"}],"about":[{"href":"https:\/\/secureus.se\/no\/wp-json\/wp\/v2\/types\/product"}],"wp:featuredmedia":[{"embeddable":true,"href":"https:\/\/secureus.se\/no\/wp-json\/wp\/v2\/media\/140116"}],"wp:attachment":[{"href":"https:\/\/secureus.se\/no\/wp-json\/wp\/v2\/media?parent=140123"}],"wp:term":[{"taxonomy":"product_brand","embeddable":true,"href":"https:\/\/secureus.se\/no\/wp-json\/wp\/v2\/product_brand?post=140123"},{"taxonomy":"product_cat","embeddable":true,"href":"https:\/\/secureus.se\/no\/wp-json\/wp\/v2\/product_cat?post=140123"},{"taxonomy":"product_tag","embeddable":true,"href":"https:\/\/secureus.se\/no\/wp-json\/wp\/v2\/product_tag?post=140123"}],"curies":[{"name":"wp","href":"https:\/\/api.w.org\/{rel}","templated":true}]}}