{"id":140139,"date":"2023-09-26T13:07:22","date_gmt":"2023-09-26T11:07:22","guid":{"rendered":"https:\/\/secureus.se\/elslutbleck-step-28e-vanster-omvand-12v-7mm-regel\/"},"modified":"2026-03-26T09:50:31","modified_gmt":"2026-03-26T08:50:31","slug":"elslutbleck-step-28e-vanster-omvand-12v-7mm-regel","status":"publish","type":"product","link":"https:\/\/secureus.se\/no\/elslutbleck-step-28e-vanster-omvand-12v-7mm-regel\/","title":{"rendered":"Elektrisk endeplate STEP 28E Venstre Revers 12V 7mm Rulle"},"content":{"rendered":"<h1>Elektrisk endeplate STEP 28E Venstre Revers 12V 7mm Rulle<\/h1>\n<p>STEP 28E Secure er omvendt elektrisk sluttstykke for venstrehengte d\u00f8rer, brannklassifisert opp til E\/EI 60. Passer til 7 mm boltel\u00e5ser i Connect-serien og inkluderer 5 m halogenfri kabel. H\u00f8y sikkerhet, manipulasjonssikker og kompatibel med adgangskontrollsystemer.<\/p>\n<p class=\"\" data-start=\"398\" data-end=\"880\">Elektrisk sluttstykke STEP 28E Secure er et avansert elektrisk sluttstykke som kombinerer h\u00f8y sikkerhet, brannkrav og mulighet for d\u00f8rautomatisering \u2013 perfekt for bruk i r\u00f8mningsveier.<\/p>\n<p class=\"\" data-start=\"398\" data-end=\"880\">Med sin reversfunksjon (l\u00e5st i spenningsl\u00f8s stilling) er denne platen spesielt egnet der sikkerheten krever at d\u00f8ren forblir l\u00e5st ved str\u00f8mbrudd.<\/p>\n<p class=\"\" data-start=\"398\" data-end=\"880\">Den er utviklet for venstrehengte d\u00f8rer og brukes med sperrel\u00e5s eller sperrel\u00e5s med 7 mm bolt, som gir utmerket innbruddsbeskyttelse.<\/p>\n<p class=\"\" data-start=\"882\" data-end=\"1283\">TRINN 28E er brannklassifisert opp til E\/EI 60 og inng\u00e5r ofte i installasjoner med r\u00f8mningsl\u00e5s etter SS-EN 179.<\/p>\n<p class=\"\" data-start=\"882\" data-end=\"1283\">Produktet har innebygget mikrobryter og indikasjon som tillater tilkobling til adgangskontrollsystem, alarm eller overv\u00e5king for \u00e5 sjekke om d\u00f8ren er lukket og l\u00e5st.<\/p>\n<p class=\"\" data-start=\"882\" data-end=\"1283\">Med en bruddstyrke p\u00e5 over 15 kN og motstand mot stripetrykk p\u00e5 opptil 5 kN fungerer den selv i krevende milj\u00f8er.<\/p>\n<p class=\"\" data-start=\"1285\" data-end=\"1513\">Platen leveres med 5 meter halogenfri tilkoblingskabel, er manipulasjonssikker, og er byggevareklassifisert og SundaHus-klassifisert.<\/p>\n<p class=\"\" data-start=\"1285\" data-end=\"1513\">Den robuste rustfrie st\u00e5lkonstruksjonen sikrer holdbarhet i b\u00e5de fysisk og elektrisk krevende milj\u00f8er.<\/p>","protected":false},"excerpt":{"rendered":"<p>Her kan du se hvilke stolper og modeller som passer sammen fra STEP-serien med elektriske d\u00f8rstoppere.<\/p>\n<h5><strong><a href=\"https:\/\/steplock.com\/sv\/stolpguide\/#!?lang=sv&amp;blog_id=1&amp;paged=1&amp;number=50\" target=\"_blank\" rel=\"noopener\">TRINN Postveiledning\u00a0<\/a><\/strong><\/h5>\n<h5><strong><a href=\"https:\/\/steplock.com\/sv\/projekteringsguide\/#!?lang=sv&amp;blog_id=1&amp;paged=1&amp;number=999\" target=\"_blank\" rel=\"noopener\">STEP design guide<\/a><\/strong><\/h5>","protected":false},"featured_media":140137,"template":"","meta":{"_acf_changed":false},"product_brand":[],"product_cat":[3355],"product_tag":[4198,4201],"class_list":{"0":"post-140139","1":"product","2":"type-product","3":"status-publish","4":"has-post-thumbnail","6":"product_cat-elslutbleck","7":"product_tag-12v","8":"product_tag-omvand","9":"product_shipping_class-tunga-paket","10":"pa_brands-step","11":"tm-no-options","13":"first","14":"instock","15":"sale","16":"taxable","17":"shipping-taxable","18":"purchasable","19":"product-type-simple"},"acf":[],"_links":{"self":[{"href":"https:\/\/secureus.se\/no\/wp-json\/wp\/v2\/product\/140139","targetHints":{"allow":["GET"]}}],"collection":[{"href":"https:\/\/secureus.se\/no\/wp-json\/wp\/v2\/product"}],"about":[{"href":"https:\/\/secureus.se\/no\/wp-json\/wp\/v2\/types\/product"}],"wp:featuredmedia":[{"embeddable":true,"href":"https:\/\/secureus.se\/no\/wp-json\/wp\/v2\/media\/140137"}],"wp:attachment":[{"href":"https:\/\/secureus.se\/no\/wp-json\/wp\/v2\/media?parent=140139"}],"wp:term":[{"taxonomy":"product_brand","embeddable":true,"href":"https:\/\/secureus.se\/no\/wp-json\/wp\/v2\/product_brand?post=140139"},{"taxonomy":"product_cat","embeddable":true,"href":"https:\/\/secureus.se\/no\/wp-json\/wp\/v2\/product_cat?post=140139"},{"taxonomy":"product_tag","embeddable":true,"href":"https:\/\/secureus.se\/no\/wp-json\/wp\/v2\/product_tag?post=140139"}],"curies":[{"name":"wp","href":"https:\/\/api.w.org\/{rel}","templated":true}]}}