{"id":140150,"date":"2023-09-26T13:07:18","date_gmt":"2023-09-26T11:07:18","guid":{"rendered":"https:\/\/secureus.se\/elslutbleck-step-28e-hoger-omvand-24v-7mm-regel\/"},"modified":"2026-04-08T16:23:12","modified_gmt":"2026-04-08T14:23:12","slug":"elslutbleck-step-28e-hoger-omvand-24v-7mm-regel","status":"publish","type":"product","link":"https:\/\/secureus.se\/no\/elslutbleck-step-28e-hoger-omvand-24v-7mm-regel\/","title":{"rendered":"Elektrisk endeplate STEP 28E H\u00f8yre Revers 24V 7mm Rulle"},"content":{"rendered":"<h1>Elektrisk endeplate STEP 28E H\u00f8yre Revers 24V 7mm Rulle<\/h1>\n<p>TRINN 28E Sikker elektrisk sluttstykke med reversfunksjon for h\u00f8yrehengte d\u00f8rer.<\/p>\n<p>Passer til 7 mm kontrolll\u00e5s, driftsspenning 24V DC. Brannklasse E\/EI 60, slagsikker og inkluderer 5 m halogenfri kabel.<\/p>\n<p class=\"\" data-start=\"386\" data-end=\"811\">STEP 28E Secure er et p\u00e5litelig og sikkert elektrisk sluttstykke for h\u00f8yrehengte d\u00f8rer, spesialdesignet for bruksomr\u00e5der hvor b\u00e5de brannsikkerhet, innbruddssikring og r\u00f8mningsfunksjon er p\u00e5krevd.<\/p>\n<p class=\"\" data-start=\"386\" data-end=\"811\">Dette elektriske sluttstykket brukes med boltl\u00e5s eller krokboltl\u00e5s med 7 mm bolt og er designet med en reversfunksjon - noe som betyr at den l\u00e5ses i tilfelle str\u00f8mbrudd, noe som \u00f8ker sikkerheten ved str\u00f8mbrudd.<\/p>\n<p class=\"\" data-start=\"813\" data-end=\"1132\">STEP 28E oppfyller med sin brannklasse opp til E\/EI 60 kravene til montering sammen med r\u00f8mningsl\u00e5s iht SS-EN 179.<\/p>\n<p class=\"\" data-start=\"813\" data-end=\"1132\">Den er utstyrt med mikrobrytere og doble indikatorer som registrerer status p\u00e5 d\u00f8ren og l\u00e5sen \u2013 som muliggj\u00f8r tilkobling til adgangskontrollsystemer, alarmsystemer eller andre kontrollsystemer.<\/p>\n<p class=\"\" data-start=\"1134\" data-end=\"1500\">Platen t\u00e5ler et b\u00e5ndtrykk p\u00e5 opptil 500 kg og har en bruddstyrke p\u00e5 over 15 kN, noe som gj\u00f8r den sv\u00e6rt motstandsdyktig mot manipulasjon.<\/p>\n<p class=\"\" data-start=\"1134\" data-end=\"1500\">Konstruksjonen er manipulasjonssikker og laget av rustfritt st\u00e5l for lang holdbarhet.<\/p>\n<p class=\"\" data-start=\"1134\" data-end=\"1500\">En 5 meter halogenfri tilkoblingskabel er inkludert for enkel installasjon. Produktet er b\u00e5de byggevarevurdert og godkjent av SundaHus.<\/p>\n<p class=\"\" data-start=\"1502\" data-end=\"1633\">Med 24V DC som driftsspenning er den perfekt egnet for moderne installasjoner hvor det kreves h\u00f8y ytelse i kombinasjon med driftssikkerhet.<\/p>","protected":false},"excerpt":{"rendered":"<p>Her kan du se hvilke stolper og modeller som passer sammen fra STEP-serien med elektriske d\u00f8rstoppere.<\/p>\n<h5><strong><a href=\"https:\/\/steplock.com\/sv\/stolpguide\/#!?lang=sv&amp;blog_id=1&amp;paged=1&amp;number=50\" target=\"_blank\" rel=\"noopener\">TRINN Postveiledning\u00a0<\/a><\/strong><\/h5>\n<h5><strong><a href=\"https:\/\/steplock.com\/sv\/projekteringsguide\/#!?lang=sv&amp;blog_id=1&amp;paged=1&amp;number=999\" target=\"_blank\" rel=\"noopener\">STEP design guide<\/a><\/strong><\/h5>","protected":false},"featured_media":140146,"template":"","meta":{"_acf_changed":false},"product_brand":[],"product_cat":[3355],"product_tag":[4197,4201],"class_list":{"0":"post-140150","1":"product","2":"type-product","3":"status-publish","4":"has-post-thumbnail","6":"product_cat-elslutbleck","7":"product_tag-24v","8":"product_tag-omvand","9":"product_shipping_class-tunga-paket","10":"pa_brands-step","11":"tm-no-options","13":"first","14":"onbackorder","15":"sale","16":"taxable","17":"shipping-taxable","18":"purchasable","19":"product-type-simple"},"acf":[],"_links":{"self":[{"href":"https:\/\/secureus.se\/no\/wp-json\/wp\/v2\/product\/140150","targetHints":{"allow":["GET"]}}],"collection":[{"href":"https:\/\/secureus.se\/no\/wp-json\/wp\/v2\/product"}],"about":[{"href":"https:\/\/secureus.se\/no\/wp-json\/wp\/v2\/types\/product"}],"wp:featuredmedia":[{"embeddable":true,"href":"https:\/\/secureus.se\/no\/wp-json\/wp\/v2\/media\/140146"}],"wp:attachment":[{"href":"https:\/\/secureus.se\/no\/wp-json\/wp\/v2\/media?parent=140150"}],"wp:term":[{"taxonomy":"product_brand","embeddable":true,"href":"https:\/\/secureus.se\/no\/wp-json\/wp\/v2\/product_brand?post=140150"},{"taxonomy":"product_cat","embeddable":true,"href":"https:\/\/secureus.se\/no\/wp-json\/wp\/v2\/product_cat?post=140150"},{"taxonomy":"product_tag","embeddable":true,"href":"https:\/\/secureus.se\/no\/wp-json\/wp\/v2\/product_tag?post=140150"}],"curies":[{"name":"wp","href":"https:\/\/api.w.org\/{rel}","templated":true}]}}