{"id":140167,"date":"2023-09-26T13:07:16","date_gmt":"2023-09-26T11:07:16","guid":{"rendered":"https:\/\/secureus.se\/elslutbleck-step-28e-vanster-omvand-24v-12mm-regel\/"},"modified":"2026-03-26T09:50:35","modified_gmt":"2026-03-26T08:50:35","slug":"elslutbleck-step-28e-vanster-omvand-24v-12mm-regel","status":"publish","type":"product","link":"https:\/\/secureus.se\/no\/elslutbleck-step-28e-vanster-omvand-24v-12mm-regel\/","title":{"rendered":"Elektrisk endeplate STEP 28E Venstre Revers 24V 12mm Rulle"},"content":{"rendered":"<h1>Elektrisk endeplate STEP 28E Venstre Revers 24V 12mm Rulle<\/h1>\n<p>TRINN 28E Sikker elektrisk sluttstykke med reversfunksjon for venstrehengte d\u00f8rer.<\/p>\n<p>Tilpasset 12 mm stempel i Modul-serien, 24V DC, brannklasse E\/EI 60.<\/p>\n<p>Robust konstruksjon med st\u00f8tte for tilgangssystem og 5 m halogenfri kabel.<\/p>\n<p class=\"\" data-start=\"428\" data-end=\"823\">STEP 28E Secure er et kraftig og p\u00e5litelig elektrisk sluttstykke som oppfyller h\u00f8ye krav til sikkerhet, brannbeskyttelse og funksjon i r\u00f8mningsveier.<\/p>\n<p class=\"\" data-start=\"428\" data-end=\"823\">Den er spesielt tilpasset venstrehengte d\u00f8rer og brukes med boltel\u00e5ser med 12 mm stempel i Modul-serien.<\/p>\n<p class=\"\" data-start=\"428\" data-end=\"823\">Med sin reversfunksjon \u2013 l\u00e5st ved str\u00f8mbrudd \u2013 sikrer den effektiv beskyttelse selv ved str\u00f8mbrudd.<\/p>\n<p class=\"\" data-start=\"825\" data-end=\"1173\">Dette elektriske sluttstykket er brannklassifisert opp til E\/EI 60 og egner seg godt for installasjoner hvor n\u00f8devakuering etter SS-EN 179 skal kombineres med d\u00f8rautomatikk eller andre sikkerhetskrav.<\/p>\n<p class=\"\" data-start=\"825\" data-end=\"1173\">Med innebygget stempel og l\u00e5sekontakt gir den signaler om d\u00f8rstatus (\u00e5pen\/lukket) og l\u00e5sestatus (l\u00e5st\/ul\u00e5st) til adgangskontrollsystemer, alarmsystemer eller andre kontrollsystemer.<\/p>\n<p class=\"\" data-start=\"1175\" data-end=\"1582\">STEP 28E har en bruddstyrke p\u00e5 over 15 kN og t\u00e5ler stripetrykk p\u00e5 opptil 500 kg, noe som gj\u00f8r den motstandsdyktig selv i krevende milj\u00f8er.<\/p>\n<p class=\"\" data-start=\"1175\" data-end=\"1582\">Den rustfrie st\u00e5lkonstruksjonen er manipulasjonssikker og designet for langvarig holdbarhet.<\/p>\n<p class=\"\" data-start=\"1175\" data-end=\"1582\">Leveres med 5 meter halogenfri tilkoblingskabel og er b\u00e5de byggevarevurdert og godkjent av SundaHus - perfekt for profesjonelle sikkerhetsl\u00f8sninger i offentlige og kommersielle milj\u00f8er.<\/p>","protected":false},"excerpt":{"rendered":"<p>Her kan du se hvilke stolper og modeller som passer sammen fra STEP-serien med elektriske d\u00f8rstoppere.<\/p>\n<h5><strong><a href=\"https:\/\/steplock.com\/sv\/stolpguide\/#!?lang=sv&amp;blog_id=1&amp;paged=1&amp;number=50\" target=\"_blank\" rel=\"noopener\">TRINN Postveiledning\u00a0<\/a><\/strong><\/h5>\n<h5><strong><a href=\"https:\/\/steplock.com\/sv\/projekteringsguide\/#!?lang=sv&amp;blog_id=1&amp;paged=1&amp;number=999\" target=\"_blank\" rel=\"noopener\">STEP design guide<\/a><\/strong><\/h5>","protected":false},"featured_media":140165,"template":"","meta":{"_acf_changed":false},"product_brand":[],"product_cat":[3355],"product_tag":[4197,4201],"class_list":{"0":"post-140167","1":"product","2":"type-product","3":"status-publish","4":"has-post-thumbnail","6":"product_cat-elslutbleck","7":"product_tag-24v","8":"product_tag-omvand","9":"product_shipping_class-tunga-paket","10":"pa_brands-step","11":"tm-no-options","13":"first","14":"instock","15":"sale","16":"taxable","17":"shipping-taxable","18":"purchasable","19":"product-type-simple"},"acf":[],"_links":{"self":[{"href":"https:\/\/secureus.se\/no\/wp-json\/wp\/v2\/product\/140167","targetHints":{"allow":["GET"]}}],"collection":[{"href":"https:\/\/secureus.se\/no\/wp-json\/wp\/v2\/product"}],"about":[{"href":"https:\/\/secureus.se\/no\/wp-json\/wp\/v2\/types\/product"}],"wp:featuredmedia":[{"embeddable":true,"href":"https:\/\/secureus.se\/no\/wp-json\/wp\/v2\/media\/140165"}],"wp:attachment":[{"href":"https:\/\/secureus.se\/no\/wp-json\/wp\/v2\/media?parent=140167"}],"wp:term":[{"taxonomy":"product_brand","embeddable":true,"href":"https:\/\/secureus.se\/no\/wp-json\/wp\/v2\/product_brand?post=140167"},{"taxonomy":"product_cat","embeddable":true,"href":"https:\/\/secureus.se\/no\/wp-json\/wp\/v2\/product_cat?post=140167"},{"taxonomy":"product_tag","embeddable":true,"href":"https:\/\/secureus.se\/no\/wp-json\/wp\/v2\/product_tag?post=140167"}],"curies":[{"name":"wp","href":"https:\/\/api.w.org\/{rel}","templated":true}]}}