{"id":140178,"date":"2023-09-26T13:07:06","date_gmt":"2023-09-26T11:07:06","guid":{"rendered":"https:\/\/secureus.se\/elslutbleck-step-98-omvand-24v\/"},"modified":"2026-04-23T12:33:13","modified_gmt":"2026-04-23T10:33:13","slug":"elslutbleck-step-98-omvand-24v","status":"publish","type":"product","link":"https:\/\/secureus.se\/no\/elslutbleck-step-98-omvand-24v\/","title":{"rendered":"Elektrisk termineringsplate TRINN 98 Revers 24V"},"content":{"rendered":"<p>Elektrisk termineringsplate TRINN 98 Revers 24V<\/p>\n<p>STEP 98 Preload er et branngodkjent elektrisk sluttstykke med reversfunksjon, designet for sikkerhetsd\u00f8rer som l\u00e5ses med knott eller n\u00f8kkel.<\/p>\n<p>Utstyrt med HPR\u00ae-teknologi og en bruddstyrke p\u00e5 900 kg, gir den sikker \u00e5pning selv n\u00e5r den presses mot rammen.<\/p>\n<p>Elektrisk sluttstykke STEP 98 Preload er et elektrisk sluttstykke som tilbyr b\u00e5de sikkerhet og funksjonalitet for d\u00f8rer som l\u00e5ses med knott eller n\u00f8kkel.<\/p>\n<p>Den er branngodkjent opp til E\/EI 120 i henhold til SS-EN 14846:2008, noe som gj\u00f8r den til et p\u00e5litelig valg for d\u00f8rer som skal t\u00e5le h\u00f8ye brannkrav.<\/p>\n<p>Med STEPs patenterte stripetrykkteknologi garanterer STEP 98 \u00e5pning av d\u00f8ren selv n\u00e5r den utsettes for stripetrykk p\u00e5 opptil 40 kg.<\/p>\n<p class=\"\" data-start=\"809\" data-end=\"1162\">Reversfunksjonen gj\u00f8r at det elektriske sluttstykket l\u00e5ses opp i spenningsl\u00f8s posisjon, noe som er en viktig funksjon for sikkerhetsl\u00f8sninger der det kreves rask tilgang.<\/p>\n<p class=\"\" data-start=\"809\" data-end=\"1162\">STEP 98 har en bruddstyrke p\u00e5 9 kN (ca. 900 kg) og tilbyr en p\u00e5litelig l\u00f8sning for b\u00e5de forover- og bakoverkj\u00f8ring. Den er ogs\u00e5 manipulasjonssikker og vendbar for \u00e5 passe b\u00e5de h\u00f8yre- og venstred\u00f8rer.<\/p>\n<p class=\"\" data-start=\"1164\" data-end=\"1449\">Det er ogs\u00e5 mulig \u00e5 installere en bolteindikator (ST4880), som gj\u00f8r det mulig \u00e5 blokkere d\u00f8rens adgangskontrollsystem eller d\u00f8rautomatikk n\u00e5r l\u00e5shusets krokbolt eller rette bolt er mekanisk l\u00e5st opp, noe som gir ekstra funksjonalitet for adgangskontrollsystemer og sikkerhetsl\u00f8sninger.<\/p>\n<p class=\"\" data-start=\"1451\" data-end=\"1466\"><strong data-start=\"1451\" data-end=\"1466\">Kjennetegn:<\/strong><\/p>\n<ul data-start=\"1467\" data-end=\"1911\">\n<li class=\"\" data-start=\"1467\" data-end=\"1509\">\n<p class=\"\" data-start=\"1469\" data-end=\"1509\">Reverseringsfunksjon (l\u00e5st opp i str\u00f8ml\u00f8s modus)<\/p>\n<\/li>\n<li class=\"\" data-start=\"1510\" data-end=\"1566\">\n<p class=\"\" data-start=\"1512\" data-end=\"1566\">Branngodkjent opp til E\/EI 120 i henhold til SS-EN 14846:2008<\/p>\n<\/li>\n<li class=\"\" data-start=\"1567\" data-end=\"1615\">\n<p class=\"\" data-start=\"1569\" data-end=\"1615\">Innebygd beskyttelsesdiode for \u00f8kt elektrisk sikkerhet<\/p>\n<\/li>\n<li class=\"\" data-start=\"1616\" data-end=\"1653\">\n<p class=\"\" data-start=\"1618\" data-end=\"1653\">Bruddstyrke p\u00e5 9 kN (ca. 900 kg)<\/p>\n<\/li>\n<li class=\"\" data-start=\"1654\" data-end=\"1753\">\n<p class=\"\" data-start=\"1656\" data-end=\"1753\">Garanterer \u00e5pning til tross for stripetrykk p\u00e5 opptil 40 kg (0,4 kN) i b\u00e5de forover- og reversfunksjon<\/p>\n<\/li>\n<li class=\"\" data-start=\"1754\" data-end=\"1813\">\n<p class=\"\" data-start=\"1756\" data-end=\"1813\">Bankesikker og vendbar for b\u00e5de h\u00f8yre- og venstred\u00f8rer<\/p>\n<\/li>\n<li class=\"\" data-start=\"1814\" data-end=\"1860\">\n<p class=\"\" data-start=\"1816\" data-end=\"1860\">Kan l\u00e5se opp kroklinjal eller rett linjal<\/p>\n<\/li>\n<li class=\"\" data-start=\"1861\" data-end=\"1911\">\n<p class=\"\" data-start=\"1863\" data-end=\"1911\">Mikrobryter enpolet omkobling, maks. 30V DC, 1A<\/p>\n<\/li>\n<\/ul>\n<p class=\"\" data-start=\"1913\" data-end=\"1942\"><strong data-start=\"1913\" data-end=\"1942\">Tekniske spesifikasjoner:<\/strong><\/p>\n<ul data-start=\"1943\" data-end=\"2481\">\n<li class=\"\" data-start=\"1943\" data-end=\"2050\">\n<p class=\"\" data-start=\"1945\" data-end=\"2050\">Str\u00f8mforsyning: 12 V DC (+15% -10%) 220 mAh \/ maks 600 mA eller 24 V DC (+15% -10%) 110 mAh \/ maks 300 mA<\/p>\n<\/li>\n<li class=\"\" data-start=\"2051\" data-end=\"2091\">\n<p class=\"\" data-start=\"2053\" data-end=\"2091\">Holdbarhet: Grad X i henhold til SS-EN 14846<\/p>\n<\/li>\n<li class=\"\" data-start=\"2092\" data-end=\"2131\">\n<p class=\"\" data-start=\"2094\" data-end=\"2131\">Korrosjon: Grad M i henhold til SS-EN 14846<\/p>\n<\/li>\n<li class=\"\" data-start=\"2132\" data-end=\"2170\">\n<p class=\"\" data-start=\"2134\" data-end=\"2170\">Sikkerhet: Grad 3 i henhold til SS-EN 14846<\/p>\n<\/li>\n<li class=\"\" data-start=\"2171\" data-end=\"2233\">\n<p class=\"\" data-start=\"2173\" data-end=\"2233\">Sikkerhet elektrisk manipulasjon: Grad 1 i henhold til SS-EN 14846<\/p>\n<\/li>\n<li class=\"\" data-start=\"2234\" data-end=\"2256\">\n<p class=\"\" data-start=\"2236\" data-end=\"2256\">Branntestet: 120 min<\/p>\n<\/li>\n<li class=\"\" data-start=\"2257\" data-end=\"2282\">\n<p class=\"\" data-start=\"2259\" data-end=\"2282\">Bruddstyrke: 900 kg<\/p>\n<\/li>\n<li class=\"\" data-start=\"2283\" data-end=\"2313\">\n<p class=\"\" data-start=\"2285\" data-end=\"2313\">D\u00f8rhengsel: H\u00f8yre, Venstre<\/p>\n<\/li>\n<li class=\"\" data-start=\"2314\" data-end=\"2332\">\n<p class=\"\" data-start=\"2316\" data-end=\"2332\">Kabel inkludert: Nei<\/p>\n<\/li>\n<li class=\"\" data-start=\"2333\" data-end=\"2351\">\n<p class=\"\" data-start=\"2335\" data-end=\"2351\">Listetrykk: 40 kg<\/p>\n<\/li>\n<li class=\"\" data-start=\"2352\" data-end=\"2387\">\n<p class=\"\" data-start=\"2354\" data-end=\"2387\">L\u00e5stype: Enkel l\u00e5s, Dobbel l\u00e5s<\/p>\n<\/li>\n<li class=\"\" data-start=\"2388\" data-end=\"2441\">\n<p class=\"\" data-start=\"2390\" data-end=\"2441\">Produktdimensjoner: Bredde: 25 mm, Dybde: 35 mm, H\u00f8yde: 90 mm<\/p>\n<\/li>\n<li class=\"\" data-start=\"2442\" data-end=\"2460\">\n<p class=\"\" data-start=\"2444\" data-end=\"2460\">Stempelkontakt: Nei<\/p>\n<\/li>\n<li class=\"\" data-start=\"2461\" data-end=\"2481\">\n<p class=\"\" data-start=\"2463\" data-end=\"2481\">Spenning AC\/DC: DC<\/p>\n<\/li>\n<\/ul>","protected":false},"excerpt":{"rendered":"<p>Her kan du se hvilke stolper og modeller som passer sammen fra STEP-serien med elektriske d\u00f8rstoppere.<\/p>\n<h5><strong><a href=\"https:\/\/steplock.com\/sv\/stolpguide\/#!?lang=sv&amp;blog_id=1&amp;paged=1&amp;number=50\" target=\"_blank\" rel=\"noopener\">TRINN Postveiledning\u00a0<\/a><\/strong><\/h5>\n<h5><strong><a href=\"https:\/\/steplock.com\/sv\/projekteringsguide\/#!?lang=sv&amp;blog_id=1&amp;paged=1&amp;number=999\" target=\"_blank\" rel=\"noopener\">STEP design guide<\/a><\/strong><\/h5>","protected":false},"featured_media":140177,"template":"","meta":{"_acf_changed":false},"product_brand":[],"product_cat":[3355],"product_tag":[4197,4201],"class_list":{"0":"post-140178","1":"product","2":"type-product","3":"status-publish","4":"has-post-thumbnail","6":"product_cat-elslutbleck","7":"product_tag-24v","8":"product_tag-omvand","9":"product_shipping_class-tunga-paket","10":"pa_brands-step","11":"tm-no-options","13":"first","14":"onbackorder","15":"sale","16":"taxable","17":"shipping-taxable","18":"purchasable","19":"product-type-simple"},"acf":[],"_links":{"self":[{"href":"https:\/\/secureus.se\/no\/wp-json\/wp\/v2\/product\/140178","targetHints":{"allow":["GET"]}}],"collection":[{"href":"https:\/\/secureus.se\/no\/wp-json\/wp\/v2\/product"}],"about":[{"href":"https:\/\/secureus.se\/no\/wp-json\/wp\/v2\/types\/product"}],"wp:featuredmedia":[{"embeddable":true,"href":"https:\/\/secureus.se\/no\/wp-json\/wp\/v2\/media\/140177"}],"wp:attachment":[{"href":"https:\/\/secureus.se\/no\/wp-json\/wp\/v2\/media?parent=140178"}],"wp:term":[{"taxonomy":"product_brand","embeddable":true,"href":"https:\/\/secureus.se\/no\/wp-json\/wp\/v2\/product_brand?post=140178"},{"taxonomy":"product_cat","embeddable":true,"href":"https:\/\/secureus.se\/no\/wp-json\/wp\/v2\/product_cat?post=140178"},{"taxonomy":"product_tag","embeddable":true,"href":"https:\/\/secureus.se\/no\/wp-json\/wp\/v2\/product_tag?post=140178"}],"curies":[{"name":"wp","href":"https:\/\/api.w.org\/{rel}","templated":true}]}}