{"id":140192,"date":"2023-09-26T13:07:04","date_gmt":"2023-09-26T11:07:04","guid":{"rendered":"https:\/\/secureus.se\/elslutbleck-step-98-omstallbar-24v\/"},"modified":"2026-04-08T16:28:32","modified_gmt":"2026-04-08T14:28:32","slug":"elslutbleck-step-98-omstallbar-24v","status":"publish","type":"product","link":"https:\/\/secureus.se\/no\/elslutbleck-step-98-omstallbar-24v\/","title":{"rendered":"Elektrisk endeplate TRINN 98 Byttbar 24V"},"content":{"rendered":"<p>Elektrisk endeplate TRINN 98 Byttbar 24V<\/p>\n<p>STEP 98 Preload er et branngodkjent elektrisk sluttstykke med justerbar funksjon, designet for sikkerhetsd\u00f8rer som l\u00e5ses med knott eller n\u00f8kkel.<\/p>\n<p>Elektrisk sluttplate STEP 98 Utstyrt med HPR\u00ae-teknologi, beskyttelsesdiode og h\u00f8y bruddstyrke.<\/p>\n<p class=\"\" data-start=\"345\" data-end=\"805\">Preload er et elektrisk sluttstykke med h\u00f8y sikkerhet som tilbyr b\u00e5de p\u00e5litelig sikkerhet og funksjonalitet for d\u00f8rer som l\u00e5ses med knott eller n\u00f8kkel.<\/p>\n<p class=\"\" data-start=\"345\" data-end=\"805\">Sertifisert for brannmotstand opp til E\/EI 120 i henhold til SS-EN 14846:2008, s\u00f8rger dette elektriske sluttstykket for at d\u00f8ren forblir l\u00e5st under ekstreme forhold.<\/p>\n<p class=\"\" data-start=\"345\" data-end=\"805\">STEP 98 er utstyrt med STEPs patenterte stripetrykkteknologi, som gj\u00f8r at d\u00f8ren kan l\u00e5ses opp selv med et stripetrykk p\u00e5 opptil 40 kg.<\/p>\n<p class=\"\" data-start=\"807\" data-end=\"1111\">Den vendbare funksjonen (forover eller bakover) gj\u00f8r at STEP 98 kan tilpasses installasjonsbehov, noe som gir \u00f8kt fleksibilitet for ulike d\u00f8rsystemer.<\/p>\n<p class=\"\" data-start=\"807\" data-end=\"1111\">Den er ogs\u00e5 utstyrt med en stempelbryter som gir indikasjon p\u00e5 d\u00f8rens status (lukket\/\u00e5pen) for integrasjon med adgangskontrollsystemer og alarmsystemer.<\/p>\n<p class=\"\" data-start=\"1113\" data-end=\"1305\">Med en bruddstyrke p\u00e5 9 kN (ca. 900 kg), slagsikker design, og muligheten til \u00e5 \u00e5pne til tross for stripetrykk p\u00e5 opptil 40 kg, tilbyr STEP 98 p\u00e5litelig ytelse b\u00e5de forover og bakover.<\/p>\n<p class=\"\" data-start=\"1307\" data-end=\"1322\"><strong data-start=\"1307\" data-end=\"1322\">Kjennetegn:<\/strong><\/p>\n<ul data-start=\"1323\" data-end=\"1863\">\n<li class=\"\" data-start=\"1323\" data-end=\"1402\">\n<p class=\"\" data-start=\"1325\" data-end=\"1402\">Byttbar forover- eller reversfunksjon (l\u00e5st eller ul\u00e5st i spenningsl\u00f8s modus)<\/p>\n<\/li>\n<li class=\"\" data-start=\"1403\" data-end=\"1459\">\n<p class=\"\" data-start=\"1405\" data-end=\"1459\">Branngodkjent opp til E\/EI 120 i henhold til SS-EN 14846:2008<\/p>\n<\/li>\n<li class=\"\" data-start=\"1460\" data-end=\"1508\">\n<p class=\"\" data-start=\"1462\" data-end=\"1508\">Innebygd beskyttelsesdiode for \u00f8kt elektrisk sikkerhet<\/p>\n<\/li>\n<li class=\"\" data-start=\"1509\" data-end=\"1567\">\n<p class=\"\" data-start=\"1511\" data-end=\"1567\">D\u00f8rstatusindikering (lukket\/\u00e5pen) via stempelkontakt<\/p>\n<\/li>\n<li class=\"\" data-start=\"1568\" data-end=\"1605\">\n<p class=\"\" data-start=\"1570\" data-end=\"1605\">Bruddstyrke p\u00e5 9 kN (ca. 900 kg)<\/p>\n<\/li>\n<li class=\"\" data-start=\"1606\" data-end=\"1705\">\n<p class=\"\" data-start=\"1608\" data-end=\"1705\">Garanterer \u00e5pning til tross for stripetrykk p\u00e5 opptil 40 kg (0,4 kN) i b\u00e5de forover- og reversfunksjon<\/p>\n<\/li>\n<li class=\"\" data-start=\"1706\" data-end=\"1765\">\n<p class=\"\" data-start=\"1708\" data-end=\"1765\">Bankesikker og vendbar for b\u00e5de h\u00f8yre- og venstred\u00f8rer<\/p>\n<\/li>\n<li class=\"\" data-start=\"1766\" data-end=\"1812\">\n<p class=\"\" data-start=\"1768\" data-end=\"1812\">Kan l\u00e5se opp kroklinjal eller rett linjal<\/p>\n<\/li>\n<li class=\"\" data-start=\"1813\" data-end=\"1863\">\n<p class=\"\" data-start=\"1815\" data-end=\"1863\">Mikrobryter enpolet omkobling, maks. 30V DC, 1A<\/p>\n<\/li>\n<\/ul>\n<p class=\"\" data-start=\"1865\" data-end=\"1894\"><strong data-start=\"1865\" data-end=\"1894\">Tekniske spesifikasjoner:<\/strong><\/p>\n<ul data-start=\"1895\" data-end=\"2433\">\n<li class=\"\" data-start=\"1895\" data-end=\"2002\">\n<p class=\"\" data-start=\"1897\" data-end=\"2002\">Str\u00f8mforsyning: 12 V DC (+15% -10%) 220 mAh \/ maks 600 mA eller 24 V DC (+15% -10%) 110 mAh \/ maks 300 mA<\/p>\n<\/li>\n<li class=\"\" data-start=\"2003\" data-end=\"2043\">\n<p class=\"\" data-start=\"2005\" data-end=\"2043\">Holdbarhet: Grad X i henhold til SS-EN 14846<\/p>\n<\/li>\n<li class=\"\" data-start=\"2044\" data-end=\"2083\">\n<p class=\"\" data-start=\"2046\" data-end=\"2083\">Korrosjon: Grad M i henhold til SS-EN 14846<\/p>\n<\/li>\n<li class=\"\" data-start=\"2084\" data-end=\"2122\">\n<p class=\"\" data-start=\"2086\" data-end=\"2122\">Sikkerhet: Grad 3 i henhold til SS-EN 14846<\/p>\n<\/li>\n<li class=\"\" data-start=\"2123\" data-end=\"2185\">\n<p class=\"\" data-start=\"2125\" data-end=\"2185\">Sikkerhet elektrisk manipulasjon: Grad 1 i henhold til SS-EN 14846<\/p>\n<\/li>\n<li class=\"\" data-start=\"2186\" data-end=\"2208\">\n<p class=\"\" data-start=\"2188\" data-end=\"2208\">Branntestet: 120 min<\/p>\n<\/li>\n<li class=\"\" data-start=\"2209\" data-end=\"2234\">\n<p class=\"\" data-start=\"2211\" data-end=\"2234\">Bruddstyrke: 900 kg<\/p>\n<\/li>\n<li class=\"\" data-start=\"2235\" data-end=\"2265\">\n<p class=\"\" data-start=\"2237\" data-end=\"2265\">D\u00f8rhengsel: H\u00f8yre, Venstre<\/p>\n<\/li>\n<li class=\"\" data-start=\"2266\" data-end=\"2284\">\n<p class=\"\" data-start=\"2268\" data-end=\"2284\">Kabel inkludert: Nei<\/p>\n<\/li>\n<li class=\"\" data-start=\"2285\" data-end=\"2303\">\n<p class=\"\" data-start=\"2287\" data-end=\"2303\">Listetrykk: 40 kg<\/p>\n<\/li>\n<li class=\"\" data-start=\"2304\" data-end=\"2339\">\n<p class=\"\" data-start=\"2306\" data-end=\"2339\">L\u00e5stype: Enkel l\u00e5s, Dobbel l\u00e5s<\/p>\n<\/li>\n<li class=\"\" data-start=\"2340\" data-end=\"2393\">\n<p class=\"\" data-start=\"2342\" data-end=\"2393\">Produktdimensjoner: Bredde: 25 mm, Dybde: 35 mm, H\u00f8yde: 90 mm<\/p>\n<\/li>\n<li class=\"\" data-start=\"2394\" data-end=\"2412\">\n<p class=\"\" data-start=\"2396\" data-end=\"2412\">Stempelkontakt: Nei<\/p>\n<\/li>\n<li class=\"\" data-start=\"2413\" data-end=\"2433\">\n<p class=\"\" data-start=\"2415\" data-end=\"2433\">Spenning AC\/DC: DC<\/p>\n<\/li>\n<\/ul>","protected":false},"excerpt":{"rendered":"<p>Her kan du se hvilke stolper og modeller som passer sammen fra STEP-serien med elektriske d\u00f8rstoppere.<\/p>\n<h5><strong><a href=\"https:\/\/steplock.com\/sv\/stolpguide\/#!?lang=sv&amp;blog_id=1&amp;paged=1&amp;number=50\" target=\"_blank\" rel=\"noopener\">TRINN Postveiledning\u00a0<\/a><\/strong><\/h5>\n<h5><strong><a href=\"https:\/\/steplock.com\/sv\/projekteringsguide\/#!?lang=sv&amp;blog_id=1&amp;paged=1&amp;number=999\" target=\"_blank\" rel=\"noopener\">STEP design guide<\/a><\/strong><\/h5>","protected":false},"featured_media":140191,"template":"","meta":{"_acf_changed":false},"product_brand":[],"product_cat":[3355],"product_tag":[4197,4202],"class_list":{"0":"post-140192","1":"product","2":"type-product","3":"status-publish","4":"has-post-thumbnail","6":"product_cat-elslutbleck","7":"product_tag-24v","8":"product_tag-omstallbar-rattvand-omvand","9":"product_shipping_class-tunga-paket","10":"pa_brands-step","11":"tm-no-options","13":"first","14":"outofstock","15":"sale","16":"taxable","17":"shipping-taxable","18":"purchasable","19":"product-type-simple"},"acf":[],"_links":{"self":[{"href":"https:\/\/secureus.se\/no\/wp-json\/wp\/v2\/product\/140192","targetHints":{"allow":["GET"]}}],"collection":[{"href":"https:\/\/secureus.se\/no\/wp-json\/wp\/v2\/product"}],"about":[{"href":"https:\/\/secureus.se\/no\/wp-json\/wp\/v2\/types\/product"}],"wp:featuredmedia":[{"embeddable":true,"href":"https:\/\/secureus.se\/no\/wp-json\/wp\/v2\/media\/140191"}],"wp:attachment":[{"href":"https:\/\/secureus.se\/no\/wp-json\/wp\/v2\/media?parent=140192"}],"wp:term":[{"taxonomy":"product_brand","embeddable":true,"href":"https:\/\/secureus.se\/no\/wp-json\/wp\/v2\/product_brand?post=140192"},{"taxonomy":"product_cat","embeddable":true,"href":"https:\/\/secureus.se\/no\/wp-json\/wp\/v2\/product_cat?post=140192"},{"taxonomy":"product_tag","embeddable":true,"href":"https:\/\/secureus.se\/no\/wp-json\/wp\/v2\/product_tag?post=140192"}],"curies":[{"name":"wp","href":"https:\/\/api.w.org\/{rel}","templated":true}]}}