{"id":140202,"date":"2023-09-26T13:06:52","date_gmt":"2023-09-26T11:06:52","guid":{"rendered":"https:\/\/secureus.se\/elslutbleck-step-18-hoger-omvand-24v-10mm-regel\/"},"modified":"2026-04-08T16:23:01","modified_gmt":"2026-04-08T14:23:01","slug":"elslutbleck-step-18-hoger-omvand-24v-10mm-regel","status":"publish","type":"product","link":"https:\/\/secureus.se\/no\/elslutbleck-step-18-hoger-omvand-24v-10mm-regel\/","title":{"rendered":"Elektrisk endeplate TRINN 18 H\u00f8yre Revers 24V 10mm Rulle"},"content":{"rendered":"<h1>Elektrisk endeplate TRINN 18 H\u00f8yre Revers 24V 10mm Rulle<\/h1>\n<p>Elektrisk sluttstykke STEP 18 Secure er en branngodkjent elektrisk sluttplate for boltel\u00e5ser med 10 mm stempel i Modul-serien, designet for d\u00f8rer med h\u00f8y innbruddssikkerhet og hurtigl\u00e5sing.<\/p>\n<p class=\"\" data-start=\"357\" data-end=\"700\">STEP 18 Secure elektrisk sluttstykke er en del av STEPs Secure-serie og tilbyr den h\u00f8yeste sikkerheten for d\u00f8rer som krever rask og varig l\u00e5sing og oppl\u00e5sing, noe som gj\u00f8r den perfekt for d\u00f8rer med et h\u00f8yt antall inn- og utganger.<\/p>\n<p class=\"\" data-start=\"357\" data-end=\"700\">Den er godkjent for l\u00e5sing av sikkerhetsd\u00f8rer opp til RC4 og brannklassifisert opp til E\/EI 60.<\/p>\n<p class=\"\" data-start=\"702\" data-end=\"1186\">Med en bruddstyrke p\u00e5 15 kN (ca. 1500 kg) og evne til \u00e5 \u00e5pne til tross for stripetrykk p\u00e5 5 kN (ca. 500 kg) i b\u00e5de forover- og bakoverdrift, tilbyr STEP 18 Secure b\u00e5de p\u00e5litelighet og sikkerhet.<\/p>\n<p class=\"\" data-start=\"702\" data-end=\"1186\">Reversfunksjonen gj\u00f8r at d\u00f8ren l\u00e5ses opp i spenningsl\u00f8s stilling, noe som gj\u00f8r det mulig \u00e5 \u00e5pne d\u00f8ren raskt ved behov.<\/p>\n<p class=\"\" data-start=\"702\" data-end=\"1186\">Innebygd stempelkontakt gir indikasjon p\u00e5 d\u00f8rens lukket\/\u00e5pen status og l\u00e5sestatus (l\u00e5st\/ul\u00e5st), noe som gj\u00f8r integrasjon med adgangskontrollsystemer og alarmsystemer enkel.<\/p>\n<p class=\"\" data-start=\"1188\" data-end=\"1328\">STEP 18 Secure er ogs\u00e5 manipulasjonssikker for \u00e5 t\u00e5le ytre p\u00e5virkninger og har en 5 meter halogenfri tilkoblingskabel for enkel installasjon.<\/p>\n<p class=\"\" data-start=\"1330\" data-end=\"1345\"><strong data-start=\"1330\" data-end=\"1345\">Kjennetegn:<\/strong><\/p>\n<ul data-start=\"1346\" data-end=\"1879\">\n<li class=\"\" data-start=\"1346\" data-end=\"1390\">\n<p class=\"\" data-start=\"1348\" data-end=\"1390\">For reguleringsl\u00e5s med 10 mm stempel i Modul-serien<\/p>\n<\/li>\n<li class=\"\" data-start=\"1391\" data-end=\"1433\">\n<p class=\"\" data-start=\"1393\" data-end=\"1433\">Reverseringsfunksjon (l\u00e5st opp i str\u00f8ml\u00f8s modus)<\/p>\n<\/li>\n<li class=\"\" data-start=\"1434\" data-end=\"1458\">\n<p class=\"\" data-start=\"1436\" data-end=\"1458\">For h\u00f8yrehengslede d\u00f8rer<\/p>\n<\/li>\n<li class=\"\" data-start=\"1459\" data-end=\"1490\">\n<p class=\"\" data-start=\"1461\" data-end=\"1490\">Branngodkjent opp til E\/EI 60<\/p>\n<\/li>\n<li class=\"\" data-start=\"1491\" data-end=\"1568\">\n<p class=\"\" data-start=\"1493\" data-end=\"1568\">Innebygd indikasjon for d\u00f8rstatus (lukket\/\u00e5pen) og l\u00e5sestatus (l\u00e5st\/ul\u00e5st)<\/p>\n<\/li>\n<li class=\"\" data-start=\"1569\" data-end=\"1607\">\n<p class=\"\" data-start=\"1571\" data-end=\"1607\">Innebygd beskyttelsesdiode for \u00f8kt sikkerhet<\/p>\n<\/li>\n<li class=\"\" data-start=\"1608\" data-end=\"1647\">\n<p class=\"\" data-start=\"1610\" data-end=\"1647\">Bruddstyrke p\u00e5 15 kN (ca. 1500 kg)<\/p>\n<\/li>\n<li class=\"\" data-start=\"1648\" data-end=\"1728\">\n<p class=\"\" data-start=\"1650\" data-end=\"1728\">\u00c5pner til tross for et stripetrykk p\u00e5 5 kN (ca. 500 kg) i b\u00e5de forover- og reversfunksjon<\/p>\n<\/li>\n<li class=\"\" data-start=\"1729\" data-end=\"1788\">\n<p class=\"\" data-start=\"1731\" data-end=\"1788\">Bankesikker og vendbar for b\u00e5de h\u00f8yre- og venstred\u00f8rer<\/p>\n<\/li>\n<li class=\"\" data-start=\"1789\" data-end=\"1835\">\n<p class=\"\" data-start=\"1791\" data-end=\"1835\">Kan l\u00e5se opp kroklinjal eller rett linjal<\/p>\n<\/li>\n<li class=\"\" data-start=\"1836\" data-end=\"1879\">\n<p class=\"\" data-start=\"1838\" data-end=\"1879\">5 meter halogenfri tilkoblingskabel f\u00f8lger med<\/p>\n<\/li>\n<\/ul>\n<p class=\"\" data-start=\"1881\" data-end=\"1910\"><strong data-start=\"1881\" data-end=\"1910\">Tekniske spesifikasjoner:<\/strong><\/p>\n<ul data-start=\"1911\" data-end=\"2702\">\n<li class=\"\" data-start=\"1911\" data-end=\"2002\">\n<p class=\"\" data-start=\"1913\" data-end=\"2002\">Str\u00f8mforsyning: 12 V DC (+15% -10%) 639 mA ul\u00e5st eller 24 V DC (+15% -10%) 313 mA ul\u00e5st<\/p>\n<\/li>\n<li class=\"\" data-start=\"2003\" data-end=\"2067\">\n<p class=\"\" data-start=\"2005\" data-end=\"2067\">Stempelkontakt: Mikrobryter enpolet veksling, maks. 30V DC, 1A<\/p>\n<\/li>\n<li class=\"\" data-start=\"2068\" data-end=\"2108\">\n<p class=\"\" data-start=\"2070\" data-end=\"2108\">Holdbarhet: Grad Y i henhold til SS-EN 14846<\/p>\n<\/li>\n<li class=\"\" data-start=\"2109\" data-end=\"2148\">\n<p class=\"\" data-start=\"2111\" data-end=\"2148\">Korrosjon: Grad M i henhold til SS-EN 14846<\/p>\n<\/li>\n<li class=\"\" data-start=\"2149\" data-end=\"2187\">\n<p class=\"\" data-start=\"2151\" data-end=\"2187\">Sikkerhet: Grad 7 i henhold til SS-EN 14846<\/p>\n<\/li>\n<li class=\"\" data-start=\"2188\" data-end=\"2278\">\n<p class=\"\" data-start=\"2190\" data-end=\"2278\">Sikkerhet elektrisk manipulasjon: Grade 3 (forovervendt) Grade 1 (reversvendt) i henhold til SS-EN 14846<\/p>\n<\/li>\n<li class=\"\" data-start=\"2279\" data-end=\"2300\">\n<p class=\"\" data-start=\"2281\" data-end=\"2300\">Branntestet: 60 min<\/p>\n<\/li>\n<li class=\"\" data-start=\"2301\" data-end=\"2327\">\n<p class=\"\" data-start=\"2303\" data-end=\"2327\">Bruddstyrke: 1500 kg<\/p>\n<\/li>\n<li class=\"\" data-start=\"2328\" data-end=\"2349\">\n<p class=\"\" data-start=\"2330\" data-end=\"2349\">D\u00f8rhengsel: H\u00f8yre<\/p>\n<\/li>\n<li class=\"\" data-start=\"2350\" data-end=\"2404\">\n<p class=\"\" data-start=\"2352\" data-end=\"2404\">Kabel inkludert: Ja, 5 meter halogenfri tilkoblingskabel<\/p>\n<\/li>\n<li class=\"\" data-start=\"2405\" data-end=\"2424\">\n<p class=\"\" data-start=\"2407\" data-end=\"2424\">Listetrykk: 500 kg<\/p>\n<\/li>\n<li class=\"\" data-start=\"2425\" data-end=\"2456\">\n<p class=\"\" data-start=\"2427\" data-end=\"2456\">L\u00e5stype: Krokl\u00e5s, L\u00e5sel\u00e5s<\/p>\n<\/li>\n<li class=\"\" data-start=\"2457\" data-end=\"2511\">\n<p class=\"\" data-start=\"2459\" data-end=\"2511\">Produktdimensjoner: Bredde: 35 mm, Dybde: 40 mm, H\u00f8yde: 230 mm<\/p>\n<\/li>\n<li class=\"\" data-start=\"2512\" data-end=\"2529\">\n<p class=\"\" data-start=\"2514\" data-end=\"2529\">Stempelkontakt: Ja<\/p>\n<\/li>\n<li class=\"\" data-start=\"2530\" data-end=\"2550\">\n<p class=\"\" data-start=\"2532\" data-end=\"2550\">Spenning AC\/DC: DC<\/p>\n<\/li>\n<li class=\"\" data-start=\"2551\" data-end=\"2573\">\n<p class=\"\" data-start=\"2553\" data-end=\"2573\">Spenning maks: 27,6 V<\/p>\n<\/li>\n<li class=\"\" data-start=\"2574\" data-end=\"2596\">\n<p class=\"\" data-start=\"2576\" data-end=\"2596\">Spenning min: 21,6 V<\/p>\n<\/li>\n<li class=\"\" data-start=\"2597\" data-end=\"2625\">\n<p class=\"\" data-start=\"2599\" data-end=\"2625\">Farge\/finish: Rustfritt st\u00e5l<\/p>\n<\/li>\n<li class=\"\" data-start=\"2626\" data-end=\"2646\">\n<p class=\"\" data-start=\"2628\" data-end=\"2646\">Byggeprodukt vurdert: Ja<\/p>\n<\/li>\n<li class=\"\" data-start=\"2647\" data-end=\"2668\">\n<p class=\"\" data-start=\"2649\" data-end=\"2668\">EPD-verifisert: Nei<\/p>\n<\/li>\n<li class=\"\" data-start=\"2669\" data-end=\"2681\">\n<p class=\"\" data-start=\"2671\" data-end=\"2681\">FINFO: Nei<\/p>\n<\/li>\n<li class=\"\" data-start=\"2682\" data-end=\"2702\">\n<p class=\"\" data-start=\"2684\" data-end=\"2702\">SundaHouse vurdert: Ja<\/p>\n<\/li>\n<\/ul>","protected":false},"excerpt":{"rendered":"<p>Her kan du se hvilke stolper og modeller som passer sammen fra STEP-serien med elektriske d\u00f8rstoppere.<\/p>\n<h5><strong><a href=\"https:\/\/steplock.com\/sv\/stolpguide\/#!?lang=sv&amp;blog_id=1&amp;paged=1&amp;number=50\" target=\"_blank\" rel=\"noopener\">TRINN Postveiledning\u00a0<\/a><\/strong><\/h5>\n<h5><strong><a href=\"https:\/\/steplock.com\/sv\/projekteringsguide\/#!?lang=sv&amp;blog_id=1&amp;paged=1&amp;number=999\" target=\"_blank\" rel=\"noopener\">STEP design guide<\/a><\/strong><\/h5>","protected":false},"featured_media":140199,"template":"","meta":{"_acf_changed":false},"product_brand":[],"product_cat":[3355],"product_tag":[4197,4201],"class_list":{"0":"post-140202","1":"product","2":"type-product","3":"status-publish","4":"has-post-thumbnail","6":"product_cat-elslutbleck","7":"product_tag-24v","8":"product_tag-omvand","9":"product_shipping_class-tunga-paket","10":"pa_brands-step","11":"tm-no-options","13":"first","14":"onbackorder","15":"sale","16":"taxable","17":"shipping-taxable","18":"purchasable","19":"product-type-simple"},"acf":[],"_links":{"self":[{"href":"https:\/\/secureus.se\/no\/wp-json\/wp\/v2\/product\/140202","targetHints":{"allow":["GET"]}}],"collection":[{"href":"https:\/\/secureus.se\/no\/wp-json\/wp\/v2\/product"}],"about":[{"href":"https:\/\/secureus.se\/no\/wp-json\/wp\/v2\/types\/product"}],"wp:featuredmedia":[{"embeddable":true,"href":"https:\/\/secureus.se\/no\/wp-json\/wp\/v2\/media\/140199"}],"wp:attachment":[{"href":"https:\/\/secureus.se\/no\/wp-json\/wp\/v2\/media?parent=140202"}],"wp:term":[{"taxonomy":"product_brand","embeddable":true,"href":"https:\/\/secureus.se\/no\/wp-json\/wp\/v2\/product_brand?post=140202"},{"taxonomy":"product_cat","embeddable":true,"href":"https:\/\/secureus.se\/no\/wp-json\/wp\/v2\/product_cat?post=140202"},{"taxonomy":"product_tag","embeddable":true,"href":"https:\/\/secureus.se\/no\/wp-json\/wp\/v2\/product_tag?post=140202"}],"curies":[{"name":"wp","href":"https:\/\/api.w.org\/{rel}","templated":true}]}}