{"id":140218,"date":"2023-09-26T13:06:43","date_gmt":"2023-09-26T11:06:43","guid":{"rendered":"https:\/\/secureus.se\/elslutbleck-step-30-omstallbar-24v\/"},"modified":"2026-03-26T09:54:50","modified_gmt":"2026-03-26T08:54:50","slug":"elslutbleck-step-30-omstallbar-24v","status":"publish","type":"product","link":"https:\/\/secureus.se\/no\/elslutbleck-step-30-omstallbar-24v\/","title":{"rendered":"Elektrisk termineringsplate STEP 30 Omkoblingsbar 24V"},"content":{"rendered":"<h1>Elektrisk termineringsplate STEP 30 Omkoblingsbar 24V<\/h1>\n<p>Elektrisk sluttstykke STEP 30 Preload er et kompakt elektrisk sluttstykke designet for \u00e5 erstatte eldre modeller og skape et trygt og p\u00e5litelig d\u00f8rmilj\u00f8, selv i eldre d\u00f8rseksjoner.<\/p>\n<p>Utstyrt med justerbar funksjon og bruddstyrke p\u00e5 500 kg.<\/p>\n<p class=\"\" data-start=\"394\" data-end=\"830\">Elektrisk sluttstykke STEP 30 Preload tilbyr en p\u00e5litelig l\u00f8sning for \u00e5 erstatte eldre eller enklere elektriske sluttstykker og sikre et trygt d\u00f8rmilj\u00f8, selv i eldre d\u00f8rseksjoner og utsparinger.<\/p>\n<p class=\"\" data-start=\"394\" data-end=\"830\">En del av STEPs Preload-serie, kombinerer STEP 30 minimale dimensjoner med h\u00f8y kvalitet og fleksibilitet.<\/p>\n<p class=\"\" data-start=\"394\" data-end=\"830\">Det elektriske sluttstykket er utstyrt med STEPs patenterte stripetrykkteknologi, som gj\u00f8r at d\u00f8ren alltid kan \u00e5pnes selv om den utsettes for trykk.<\/p>\n<p class=\"\" data-start=\"832\" data-end=\"1328\">Den byttebare funksjonen gj\u00f8r at d\u00f8ren kan l\u00e5ses eller l\u00e5ses opp i str\u00f8ml\u00f8s tilstand, slik at den raskt kan \u00e5pnes ved behov.<\/p>\n<p class=\"\" data-start=\"832\" data-end=\"1328\">Uten stempelkontakt er denne elektriske sluttstykket ideell for installasjoner der stempelkontakt ikke er n\u00f8dvendig.<\/p>\n<p class=\"\" data-start=\"832\" data-end=\"1328\">Den innebygde beskyttelsesdioden \u00f8ker sikkerheten og gj\u00f8r den til en p\u00e5litelig l\u00f8sning for b\u00e5de nye og eldre d\u00f8rsystemer.<\/p>\n<p class=\"\" data-start=\"832\" data-end=\"1328\">Med en bruddstyrke p\u00e5 5 kN (ca. 500 kg) og mulighet til \u00e5 \u00e5pne til tross for stripetrykk p\u00e5 opptil 40 kg, gir STEP 30 b\u00e5de sikkerhet og p\u00e5litelighet.<\/p>\n<p class=\"\" data-start=\"1330\" data-end=\"1345\"><strong data-start=\"1330\" data-end=\"1345\">Kjennetegn:<\/strong><\/p>\n<ul data-start=\"1346\" data-end=\"1745\">\n<li class=\"\" data-start=\"1346\" data-end=\"1425\">\n<p class=\"\" data-start=\"1348\" data-end=\"1425\">Byttbar forover- eller reversfunksjon (l\u00e5st eller ul\u00e5st i spenningsl\u00f8s modus)<\/p>\n<\/li>\n<li class=\"\" data-start=\"1426\" data-end=\"1445\">\n<p class=\"\" data-start=\"1428\" data-end=\"1445\">Ingen stempelkontakt<\/p>\n<\/li>\n<li class=\"\" data-start=\"1446\" data-end=\"1484\">\n<p class=\"\" data-start=\"1448\" data-end=\"1484\">Innebygd beskyttelsesdiode for \u00f8kt sikkerhet<\/p>\n<\/li>\n<li class=\"\" data-start=\"1485\" data-end=\"1522\">\n<p class=\"\" data-start=\"1487\" data-end=\"1522\">Bruddstyrke p\u00e5 5 kN (ca. 500 kg)<\/p>\n<\/li>\n<li class=\"\" data-start=\"1523\" data-end=\"1625\">\n<p class=\"\" data-start=\"1525\" data-end=\"1625\">Garanterer \u00e5pning til tross for stripetrykk p\u00e5 opptil 0,4 kN (ca. 40 kg) i b\u00e5de forover- og reversfunksjon<\/p>\n<\/li>\n<li class=\"\" data-start=\"1626\" data-end=\"1685\">\n<p class=\"\" data-start=\"1628\" data-end=\"1685\">Bankesikker og vendbar for b\u00e5de h\u00f8yre- og venstred\u00f8rer<\/p>\n<\/li>\n<li class=\"\" data-start=\"1686\" data-end=\"1728\">\n<p class=\"\" data-start=\"1688\" data-end=\"1728\">Egnet for enkeltfl\u00f8yede og tofl\u00f8yede l\u00e5ser<\/p>\n<\/li>\n<li class=\"\" data-start=\"1729\" data-end=\"1745\">\n<p class=\"\" data-start=\"1731\" data-end=\"1745\">Kabel f\u00f8lger ikke med<\/p>\n<\/li>\n<\/ul>\n<p class=\"\" data-start=\"1747\" data-end=\"1776\"><strong data-start=\"1747\" data-end=\"1776\">Tekniske spesifikasjoner:<\/strong><\/p>\n<ul data-start=\"1777\" data-end=\"2364\">\n<li class=\"\" data-start=\"1777\" data-end=\"1884\">\n<p class=\"\" data-start=\"1779\" data-end=\"1884\">Str\u00f8mforsyning: 24 V DC (+15% -10%) 110 mAh \/ maks 300 mA eller 12 V DC (+15% -10%) 220 mAh \/ maks 600 mA<\/p>\n<\/li>\n<li class=\"\" data-start=\"1885\" data-end=\"1925\">\n<p class=\"\" data-start=\"1887\" data-end=\"1925\">Holdbarhet: Grad X i henhold til SS-EN 14846<\/p>\n<\/li>\n<li class=\"\" data-start=\"1926\" data-end=\"1965\">\n<p class=\"\" data-start=\"1928\" data-end=\"1965\">Korrosjon: Grad M i henhold til SS-EN 14846<\/p>\n<\/li>\n<li class=\"\" data-start=\"1966\" data-end=\"2004\">\n<p class=\"\" data-start=\"1968\" data-end=\"2004\">Sikkerhet: Grad 3 i henhold til SS-EN 14846<\/p>\n<\/li>\n<li class=\"\" data-start=\"2005\" data-end=\"2030\">\n<p class=\"\" data-start=\"2007\" data-end=\"2030\">Bruddstyrke: 500 kg<\/p>\n<\/li>\n<li class=\"\" data-start=\"2031\" data-end=\"2061\">\n<p class=\"\" data-start=\"2033\" data-end=\"2061\">D\u00f8rhengsel: H\u00f8yre, Venstre<\/p>\n<\/li>\n<li class=\"\" data-start=\"2062\" data-end=\"2080\">\n<p class=\"\" data-start=\"2064\" data-end=\"2080\">Listetrykk: 40 kg<\/p>\n<\/li>\n<li class=\"\" data-start=\"2081\" data-end=\"2116\">\n<p class=\"\" data-start=\"2083\" data-end=\"2116\">L\u00e5stype: Enkel l\u00e5s, Dobbel l\u00e5s<\/p>\n<\/li>\n<li class=\"\" data-start=\"2117\" data-end=\"2172\">\n<p class=\"\" data-start=\"2119\" data-end=\"2172\">Produktdimensjoner: Bredde: 20,5 mm, Dybde: 28 mm, H\u00f8yde: 99 mm<\/p>\n<\/li>\n<li class=\"\" data-start=\"2173\" data-end=\"2191\">\n<p class=\"\" data-start=\"2175\" data-end=\"2191\">Stempelkontakt: Nei<\/p>\n<\/li>\n<li class=\"\" data-start=\"2192\" data-end=\"2212\">\n<p class=\"\" data-start=\"2194\" data-end=\"2212\">Spenning AC\/DC: DC<\/p>\n<\/li>\n<li class=\"\" data-start=\"2213\" data-end=\"2235\">\n<p class=\"\" data-start=\"2215\" data-end=\"2235\">Spenning maks: 27,6 V<\/p>\n<\/li>\n<li class=\"\" data-start=\"2236\" data-end=\"2258\">\n<p class=\"\" data-start=\"2238\" data-end=\"2258\">Spenning min: 21,6 V<\/p>\n<\/li>\n<li class=\"\" data-start=\"2259\" data-end=\"2287\">\n<p class=\"\" data-start=\"2261\" data-end=\"2287\">Farge\/finish: Rustfritt st\u00e5l<\/p>\n<\/li>\n<li class=\"\" data-start=\"2288\" data-end=\"2308\">\n<p class=\"\" data-start=\"2290\" data-end=\"2308\">Byggeprodukt vurdert: Ja<\/p>\n<\/li>\n<li class=\"\" data-start=\"2309\" data-end=\"2330\">\n<p class=\"\" data-start=\"2311\" data-end=\"2330\">EPD-verifisert: Nei<\/p>\n<\/li>\n<li class=\"\" data-start=\"2331\" data-end=\"2343\">\n<p class=\"\" data-start=\"2333\" data-end=\"2343\">FINFO: Nei<\/p>\n<\/li>\n<li class=\"\" data-start=\"2344\" data-end=\"2364\">\n<p class=\"\" data-start=\"2346\" data-end=\"2364\">SundaHouse vurdert: Ja<\/p>\n<\/li>\n<\/ul>","protected":false},"excerpt":{"rendered":"<p>Her kan du se hvilke stolper og modeller som passer sammen fra STEP-serien med elektriske d\u00f8rstoppere.<\/p>\n<h5><strong><a href=\"https:\/\/steplock.com\/sv\/stolpguide\/#!?lang=sv&amp;blog_id=1&amp;paged=1&amp;number=50\" target=\"_blank\" rel=\"noopener\">TRINN Postveiledning\u00a0<\/a><\/strong><\/h5>\n<h5><strong><a href=\"https:\/\/steplock.com\/sv\/projekteringsguide\/#!?lang=sv&amp;blog_id=1&amp;paged=1&amp;number=999\" target=\"_blank\" rel=\"noopener\">STEP design guide<\/a><\/strong><\/h5>","protected":false},"featured_media":140217,"template":"","meta":{"_acf_changed":false},"product_brand":[],"product_cat":[3355],"product_tag":[4197,4202],"class_list":{"0":"post-140218","1":"product","2":"type-product","3":"status-publish","4":"has-post-thumbnail","6":"product_cat-elslutbleck","7":"product_tag-24v","8":"product_tag-omstallbar-rattvand-omvand","9":"product_shipping_class-tunga-paket","10":"pa_brands-step","11":"tm-no-options","13":"first","14":"onbackorder","15":"sale","16":"taxable","17":"shipping-taxable","18":"purchasable","19":"product-type-simple"},"acf":[],"_links":{"self":[{"href":"https:\/\/secureus.se\/no\/wp-json\/wp\/v2\/product\/140218","targetHints":{"allow":["GET"]}}],"collection":[{"href":"https:\/\/secureus.se\/no\/wp-json\/wp\/v2\/product"}],"about":[{"href":"https:\/\/secureus.se\/no\/wp-json\/wp\/v2\/types\/product"}],"wp:featuredmedia":[{"embeddable":true,"href":"https:\/\/secureus.se\/no\/wp-json\/wp\/v2\/media\/140217"}],"wp:attachment":[{"href":"https:\/\/secureus.se\/no\/wp-json\/wp\/v2\/media?parent=140218"}],"wp:term":[{"taxonomy":"product_brand","embeddable":true,"href":"https:\/\/secureus.se\/no\/wp-json\/wp\/v2\/product_brand?post=140218"},{"taxonomy":"product_cat","embeddable":true,"href":"https:\/\/secureus.se\/no\/wp-json\/wp\/v2\/product_cat?post=140218"},{"taxonomy":"product_tag","embeddable":true,"href":"https:\/\/secureus.se\/no\/wp-json\/wp\/v2\/product_tag?post=140218"}],"curies":[{"name":"wp","href":"https:\/\/api.w.org\/{rel}","templated":true}]}}