{"id":140231,"date":"2023-09-26T13:06:40","date_gmt":"2023-09-26T11:06:40","guid":{"rendered":"https:\/\/secureus.se\/elslutbleck-step-30-omvand-24v\/"},"modified":"2026-03-26T09:57:17","modified_gmt":"2026-03-26T08:57:17","slug":"elslutbleck-step-30-omvand-24v","status":"publish","type":"product","link":"https:\/\/secureus.se\/no\/elslutbleck-step-30-omvand-24v\/","title":{"rendered":"Elektrisk termineringsplate TRINN 30 Revers 24V"},"content":{"rendered":"<h1>Elektrisk termineringsplate TRINN 30 Revers 24V<\/h1>\n<p>STEP 30 Preload elektrisk sluttstykke er et kompakt og p\u00e5litelig elektrisk sluttstykke for eldre d\u00f8rseksjoner, utstyrt med reversfunksjon og bruddstyrke p\u00e5 500 kg for sikker d\u00f8rfunksjon.<\/p>\n<p class=\"\" data-start=\"333\" data-end=\"757\">STEP 30 Preload elektrisk sluttstykke er en p\u00e5litelig l\u00f8sning for \u00e5 erstatte eldre eller enklere elektriske sluttstykker og skape et sikkert d\u00f8rmilj\u00f8, selv i eldre d\u00f8rseksjoner og utsparinger.<\/p>\n<p class=\"\" data-start=\"333\" data-end=\"757\">En del av STEPs Preload-serie, kombinerer STEP 30 minimale dimensjoner med h\u00f8y kvalitet og fleksibilitet. Utstyrt med STEPs patenterte stripetrykkteknologi s\u00f8rger dette elektriske sluttstykket for at d\u00f8ren alltid kan \u00e5pnes selv om den utsettes for trykk.<\/p>\n<p class=\"\" data-start=\"759\" data-end=\"1257\">Reversfunksjonen gj\u00f8r at d\u00f8ren l\u00e5ses opp i spenningsl\u00f8s stilling, noe som gj\u00f8r det mulig \u00e5 \u00e5pne d\u00f8ren raskt ved behov.<\/p>\n<p class=\"\" data-start=\"759\" data-end=\"1257\">Uten stempelkontakt er denne elektriske sluttstykket ideell for installasjoner der stempelkontakt ikke er n\u00f8dvendig.<\/p>\n<p class=\"\" data-start=\"759\" data-end=\"1257\">Den innebygde beskyttelsesdioden \u00f8ker sikkerheten og gj\u00f8r den til en p\u00e5litelig l\u00f8sning for b\u00e5de nye og eldre d\u00f8rsystemer.<\/p>\n<p class=\"\" data-start=\"759\" data-end=\"1257\">Med en bruddstyrke p\u00e5 5 kN (ca. 500 kg) og mulighet til \u00e5 \u00e5pne til tross for stripetrykk p\u00e5 opptil 40 kg, tilbyr STEP 30 Preload b\u00e5de sikkerhet og p\u00e5litelighet.<\/p>\n<p class=\"\" data-start=\"1259\" data-end=\"1274\"><strong data-start=\"1259\" data-end=\"1274\">Kjennetegn:<\/strong><\/p>\n<ul data-start=\"1275\" data-end=\"1636\">\n<li class=\"\" data-start=\"1275\" data-end=\"1316\">\n<p class=\"\" data-start=\"1277\" data-end=\"1316\">Reverseringsfunksjon (l\u00e5st i str\u00f8ml\u00f8s modus)<\/p>\n<\/li>\n<li class=\"\" data-start=\"1317\" data-end=\"1336\">\n<p class=\"\" data-start=\"1319\" data-end=\"1336\">Ingen stempelkontakt<\/p>\n<\/li>\n<li class=\"\" data-start=\"1337\" data-end=\"1375\">\n<p class=\"\" data-start=\"1339\" data-end=\"1375\">Innebygd beskyttelsesdiode for \u00f8kt sikkerhet<\/p>\n<\/li>\n<li class=\"\" data-start=\"1376\" data-end=\"1413\">\n<p class=\"\" data-start=\"1378\" data-end=\"1413\">Bruddstyrke p\u00e5 5 kN (ca. 500 kg)<\/p>\n<\/li>\n<li class=\"\" data-start=\"1414\" data-end=\"1516\">\n<p class=\"\" data-start=\"1416\" data-end=\"1516\">Garanterer \u00e5pning til tross for stripetrykk p\u00e5 opptil 0,4 kN (ca. 40 kg) i b\u00e5de forover- og reversfunksjon<\/p>\n<\/li>\n<li class=\"\" data-start=\"1517\" data-end=\"1576\">\n<p class=\"\" data-start=\"1519\" data-end=\"1576\">Bankesikker og vendbar for b\u00e5de h\u00f8yre- og venstred\u00f8rer<\/p>\n<\/li>\n<li class=\"\" data-start=\"1577\" data-end=\"1619\">\n<p class=\"\" data-start=\"1579\" data-end=\"1619\">Egnet for enkeltfl\u00f8yede og tofl\u00f8yede l\u00e5ser<\/p>\n<\/li>\n<li class=\"\" data-start=\"1620\" data-end=\"1636\">\n<p class=\"\" data-start=\"1622\" data-end=\"1636\">Kabel f\u00f8lger ikke med<\/p>\n<\/li>\n<\/ul>\n<p class=\"\" data-start=\"1638\" data-end=\"1667\"><strong data-start=\"1638\" data-end=\"1667\">Tekniske spesifikasjoner:<\/strong><\/p>\n<ul data-start=\"1668\" data-end=\"2255\">\n<li class=\"\" data-start=\"1668\" data-end=\"1775\">\n<p class=\"\" data-start=\"1670\" data-end=\"1775\">Str\u00f8mforsyning: 24 V DC (+15% -10%) 110 mAh \/ maks 300 mA eller 12 V DC (+15% -10%) 220 mAh \/ maks 600 mA<\/p>\n<\/li>\n<li class=\"\" data-start=\"1776\" data-end=\"1816\">\n<p class=\"\" data-start=\"1778\" data-end=\"1816\">Holdbarhet: Grad X i henhold til SS-EN 14846<\/p>\n<\/li>\n<li class=\"\" data-start=\"1817\" data-end=\"1856\">\n<p class=\"\" data-start=\"1819\" data-end=\"1856\">Korrosjon: Grad M i henhold til SS-EN 14846<\/p>\n<\/li>\n<li class=\"\" data-start=\"1857\" data-end=\"1895\">\n<p class=\"\" data-start=\"1859\" data-end=\"1895\">Sikkerhet: Grad 3 i henhold til SS-EN 14846<\/p>\n<\/li>\n<li class=\"\" data-start=\"1896\" data-end=\"1921\">\n<p class=\"\" data-start=\"1898\" data-end=\"1921\">Bruddstyrke: 500 kg<\/p>\n<\/li>\n<li class=\"\" data-start=\"1922\" data-end=\"1952\">\n<p class=\"\" data-start=\"1924\" data-end=\"1952\">D\u00f8rhengsel: H\u00f8yre, Venstre<\/p>\n<\/li>\n<li class=\"\" data-start=\"1953\" data-end=\"1971\">\n<p class=\"\" data-start=\"1955\" data-end=\"1971\">Listetrykk: 40 kg<\/p>\n<\/li>\n<li class=\"\" data-start=\"1972\" data-end=\"2007\">\n<p class=\"\" data-start=\"1974\" data-end=\"2007\">L\u00e5stype: Enkel l\u00e5s, Dobbel l\u00e5s<\/p>\n<\/li>\n<li class=\"\" data-start=\"2008\" data-end=\"2063\">\n<p class=\"\" data-start=\"2010\" data-end=\"2063\">Produktdimensjoner: Bredde: 20,5 mm, Dybde: 28 mm, H\u00f8yde: 99 mm<\/p>\n<\/li>\n<li class=\"\" data-start=\"2064\" data-end=\"2082\">\n<p class=\"\" data-start=\"2066\" data-end=\"2082\">Stempelkontakt: Nei<\/p>\n<\/li>\n<li class=\"\" data-start=\"2083\" data-end=\"2103\">\n<p class=\"\" data-start=\"2085\" data-end=\"2103\">Spenning AC\/DC: DC<\/p>\n<\/li>\n<li class=\"\" data-start=\"2104\" data-end=\"2126\">\n<p class=\"\" data-start=\"2106\" data-end=\"2126\">Spenning maks: 27,6 V<\/p>\n<\/li>\n<li class=\"\" data-start=\"2127\" data-end=\"2149\">\n<p class=\"\" data-start=\"2129\" data-end=\"2149\">Spenning min: 21,6 V<\/p>\n<\/li>\n<li class=\"\" data-start=\"2150\" data-end=\"2178\">\n<p class=\"\" data-start=\"2152\" data-end=\"2178\">Farge\/finish: Rustfritt st\u00e5l<\/p>\n<\/li>\n<li class=\"\" data-start=\"2179\" data-end=\"2199\">\n<p class=\"\" data-start=\"2181\" data-end=\"2199\">Byggeprodukt vurdert: Ja<\/p>\n<\/li>\n<li class=\"\" data-start=\"2200\" data-end=\"2221\">\n<p class=\"\" data-start=\"2202\" data-end=\"2221\">EPD-verifisert: Nei<\/p>\n<\/li>\n<li class=\"\" data-start=\"2222\" data-end=\"2234\">\n<p class=\"\" data-start=\"2224\" data-end=\"2234\">FINFO: Nei<\/p>\n<\/li>\n<li class=\"\" data-start=\"2235\" data-end=\"2255\">\n<p class=\"\" data-start=\"2237\" data-end=\"2255\">SundaHouse vurdert: Ja<\/p>\n<\/li>\n<\/ul>","protected":false},"excerpt":{"rendered":"<p>Her kan du se hvilke stolper og modeller som passer sammen fra STEP-serien med elektriske d\u00f8rstoppere.<\/p>\n<h5><strong><a href=\"https:\/\/steplock.com\/sv\/stolpguide\/#!?lang=sv&amp;blog_id=1&amp;paged=1&amp;number=50\" target=\"_blank\" rel=\"noopener\">TRINN Postveiledning\u00a0<\/a><\/strong><\/h5>\n<h5><strong><a href=\"https:\/\/steplock.com\/sv\/projekteringsguide\/#!?lang=sv&amp;blog_id=1&amp;paged=1&amp;number=999\" target=\"_blank\" rel=\"noopener\">STEP design guide<\/a><\/strong><\/h5>","protected":false},"featured_media":140230,"template":"","meta":{"_acf_changed":false},"product_brand":[],"product_cat":[3355],"product_tag":[4197,4201],"class_list":{"0":"post-140231","1":"product","2":"type-product","3":"status-publish","4":"has-post-thumbnail","6":"product_cat-elslutbleck","7":"product_tag-24v","8":"product_tag-omvand","9":"product_shipping_class-tunga-paket","10":"pa_brands-step","11":"tm-no-options","13":"first","14":"onbackorder","15":"sale","16":"taxable","17":"shipping-taxable","18":"purchasable","19":"product-type-simple"},"acf":[],"_links":{"self":[{"href":"https:\/\/secureus.se\/no\/wp-json\/wp\/v2\/product\/140231","targetHints":{"allow":["GET"]}}],"collection":[{"href":"https:\/\/secureus.se\/no\/wp-json\/wp\/v2\/product"}],"about":[{"href":"https:\/\/secureus.se\/no\/wp-json\/wp\/v2\/types\/product"}],"wp:featuredmedia":[{"embeddable":true,"href":"https:\/\/secureus.se\/no\/wp-json\/wp\/v2\/media\/140230"}],"wp:attachment":[{"href":"https:\/\/secureus.se\/no\/wp-json\/wp\/v2\/media?parent=140231"}],"wp:term":[{"taxonomy":"product_brand","embeddable":true,"href":"https:\/\/secureus.se\/no\/wp-json\/wp\/v2\/product_brand?post=140231"},{"taxonomy":"product_cat","embeddable":true,"href":"https:\/\/secureus.se\/no\/wp-json\/wp\/v2\/product_cat?post=140231"},{"taxonomy":"product_tag","embeddable":true,"href":"https:\/\/secureus.se\/no\/wp-json\/wp\/v2\/product_tag?post=140231"}],"curies":[{"name":"wp","href":"https:\/\/api.w.org\/{rel}","templated":true}]}}