{"id":140248,"date":"2023-09-26T13:06:27","date_gmt":"2023-09-26T11:06:27","guid":{"rendered":"https:\/\/secureus.se\/elslutbleck-step-90-omstallbar-12v\/"},"modified":"2026-04-23T12:54:08","modified_gmt":"2026-04-23T10:54:08","slug":"elslutbleck-step-90-omstallbar-12v","status":"publish","type":"product","link":"https:\/\/secureus.se\/no\/elslutbleck-step-90-omstallbar-12v\/","title":{"rendered":"Elektrisk endeplate STEP 90 Byttbar 12V"},"content":{"rendered":"<h1>Elektrisk endeplate STEP 90 Byttbar 12V<\/h1>\n<p>Elektrisk sluttstykke STEP 90 Preload HPR er et kompakt og branngodkjent elektrisk sluttstykke med h\u00f8y sikkerhet, lang levetid og p\u00e5litelig funksjon selv under t\u00f8ffe forhold.<\/p>\n<p>Egnet for d\u00f8rer med h\u00f8y \u00e5pningsfrekvens.<\/p>\n<p class=\"\" data-start=\"355\" data-end=\"810\">STEP 90 Preload HPR er et branngodkjent elektrisk sluttstykke designet for \u00e5 m\u00f8te de h\u00f8ye kravene til b\u00e5de sikkerhet og funksjon.<\/p>\n<p class=\"\" data-start=\"355\" data-end=\"810\">Den er sertifisert for brannmotstand opp til E\/EI120 i henhold til SS-EN 14846 og tilbyr en p\u00e5litelig og langvarig l\u00f8sning for d\u00f8rer som er utsatt for hyppig bruk.<\/p>\n<p class=\"\" data-start=\"355\" data-end=\"810\">STEP 90 har den patenterte HPR\u00ae-teknologien, som sikrer at d\u00f8ren \u00e5pnes selv n\u00e5r den utsettes for et stripetrykk p\u00e5 opptil 250 kg.<\/p>\n<p class=\"\" data-start=\"812\" data-end=\"1133\">Den elektriske sluttplaten har en reversibel funksjon for b\u00e5de forover- og bakoverstilling, noe som betyr at den kan brukes til forskjellige l\u00e5sesystemer.<\/p>\n<p class=\"\" data-start=\"812\" data-end=\"1133\">Produktet er designet for \u00e5 passe b\u00e5de h\u00f8yre- og venstrehengte d\u00f8rer og kan enkelt monteres i d\u00f8rsystemer med enkelt- eller tofl\u00f8yet l\u00e5s, spesielt i Connect, Modul og Narrow Profile-serien.<\/p>\n<p class=\"\" data-start=\"1135\" data-end=\"1152\"><strong data-start=\"1135\" data-end=\"1149\">Kjennetegn<\/strong>:<\/p>\n<ul data-start=\"1153\" data-end=\"1691\">\n<li class=\"\" data-start=\"1153\" data-end=\"1234\">\n<p class=\"\" data-start=\"1155\" data-end=\"1234\">Byttbar forover- eller reversfunksjon (l\u00e5st eller ul\u00e5st i spenningsl\u00f8s modus)<\/p>\n<\/li>\n<li class=\"\" data-start=\"1235\" data-end=\"1310\">\n<p class=\"\" data-start=\"1237\" data-end=\"1310\">Sertifisert for brannmotstand opp til E\/EI 120 i henhold til SS-EN 14846:2008<\/p>\n<\/li>\n<li class=\"\" data-start=\"1311\" data-end=\"1333\">\n<p class=\"\" data-start=\"1313\" data-end=\"1333\">Innebygd beskyttelsesdiode<\/p>\n<\/li>\n<li class=\"\" data-start=\"1334\" data-end=\"1428\">\n<p class=\"\" data-start=\"1336\" data-end=\"1428\">Indikasjon for \u00e5 f\u00f8le at d\u00f8ren er lukket\/\u00e5pen (gjelder produkter med stempelkontakt)<\/p>\n<\/li>\n<li class=\"\" data-start=\"1429\" data-end=\"1467\">\n<p class=\"\" data-start=\"1431\" data-end=\"1467\">Bruddstyrke 1200 kg (ca. 12 kN)<\/p>\n<\/li>\n<li class=\"\" data-start=\"1468\" data-end=\"1549\">\n<p class=\"\" data-start=\"1470\" data-end=\"1549\">HPR\u00ae-teknologi garanterer \u00e5pning til tross for stripetrykk p\u00e5 opptil 250 kg (ca. 2,5 kN)<\/p>\n<\/li>\n<li class=\"\" data-start=\"1550\" data-end=\"1606\">\n<p class=\"\" data-start=\"1552\" data-end=\"1606\">Slagsikker og vendbar for h\u00f8yre- og venstred\u00f8rer<\/p>\n<\/li>\n<li class=\"\" data-start=\"1607\" data-end=\"1691\">\n<p class=\"\" data-start=\"1609\" data-end=\"1691\">Passer til l\u00e5skasser med enkel eller dobbel l\u00e5sel\u00e5s i seriene Connect, Modul og Narrow Profile<\/p>\n<\/li>\n<\/ul>\n<p class=\"\" data-start=\"1693\" data-end=\"1724\"><strong data-start=\"1693\" data-end=\"1721\">Tekniske spesifikasjoner<\/strong>:<\/p>\n<ul data-start=\"1725\" data-end=\"2338\">\n<li class=\"\" data-start=\"1725\" data-end=\"1761\">\n<p class=\"\" data-start=\"1727\" data-end=\"1761\"><strong data-start=\"1727\" data-end=\"1750\">Bruddstyrke maks<\/strong>: 1200 kg<\/p>\n<\/li>\n<li class=\"\" data-start=\"1762\" data-end=\"1798\">\n<p class=\"\" data-start=\"1764\" data-end=\"1798\"><strong data-start=\"1764\" data-end=\"1780\">D\u00f8r hengende<\/strong>: H\u00f8yre, venstre<\/p>\n<\/li>\n<li class=\"\" data-start=\"1799\" data-end=\"1823\">\n<p class=\"\" data-start=\"1801\" data-end=\"1823\"><strong data-start=\"1801\" data-end=\"1816\">Kabel inkludert<\/strong>: Nei<\/p>\n<\/li>\n<li class=\"\" data-start=\"1824\" data-end=\"1849\">\n<p class=\"\" data-start=\"1826\" data-end=\"1849\"><strong data-start=\"1826\" data-end=\"1839\">Listeutskrift<\/strong>: 250 kg<\/p>\n<\/li>\n<li class=\"\" data-start=\"1850\" data-end=\"1891\">\n<p class=\"\" data-start=\"1852\" data-end=\"1891\"><strong data-start=\"1852\" data-end=\"1862\">L\u00e5s type<\/strong>: Enkel falll\u00e5s, Dobbel falll\u00e5s<\/p>\n<\/li>\n<li class=\"\" data-start=\"1892\" data-end=\"1920\">\n<p class=\"\" data-start=\"1894\" data-end=\"1920\"><strong data-start=\"1894\" data-end=\"1911\">Bredt produkt<\/strong>: 25 mm<\/p>\n<\/li>\n<li class=\"\" data-start=\"1921\" data-end=\"1947\">\n<p class=\"\" data-start=\"1923\" data-end=\"1947\"><strong data-start=\"1923\" data-end=\"1941\">Byggematerialer vurdert<\/strong>: Ja<\/p>\n<\/li>\n<li class=\"\" data-start=\"1948\" data-end=\"1975\">\n<p class=\"\" data-start=\"1950\" data-end=\"1975\"><strong data-start=\"1950\" data-end=\"1966\">Dyp produkt<\/strong>: 28 mm<\/p>\n<\/li>\n<li class=\"\" data-start=\"1976\" data-end=\"2010\">\n<p class=\"\" data-start=\"1978\" data-end=\"2010\"><strong data-start=\"1978\" data-end=\"2003\">Driftsspenning 12V\/24V<\/strong>: 12V<\/p>\n<\/li>\n<li class=\"\" data-start=\"2011\" data-end=\"2039\">\n<p class=\"\" data-start=\"2013\" data-end=\"2039\"><strong data-start=\"2013\" data-end=\"2032\">Dobbel vri etui<\/strong>: Nei<\/p>\n<\/li>\n<li class=\"\" data-start=\"2040\" data-end=\"2067\">\n<p class=\"\" data-start=\"2042\" data-end=\"2067\"><strong data-start=\"2042\" data-end=\"2060\">EPD-verifisert<\/strong>: Nei<\/p>\n<\/li>\n<li class=\"\" data-start=\"2068\" data-end=\"2086\">\n<p class=\"\" data-start=\"2070\" data-end=\"2086\"><strong data-start=\"2070\" data-end=\"2079\">FIN INFO<\/strong>: Nei<\/p>\n<\/li>\n<li class=\"\" data-start=\"2087\" data-end=\"2121\">\n<p class=\"\" data-start=\"2089\" data-end=\"2121\"><strong data-start=\"2089\" data-end=\"2110\">Farge\/Overflatebehandling<\/strong>: Rustfritt st\u00e5l<\/p>\n<\/li>\n<li class=\"\" data-start=\"2122\" data-end=\"2149\">\n<p class=\"\" data-start=\"2124\" data-end=\"2149\"><strong data-start=\"2124\" data-end=\"2140\">Forh\u00f8yet produkt<\/strong>: 90 mm<\/p>\n<\/li>\n<li class=\"\" data-start=\"2150\" data-end=\"2174\">\n<p class=\"\" data-start=\"2152\" data-end=\"2174\"><strong data-start=\"2152\" data-end=\"2167\">Stempelkobling<\/strong>: Nei<\/p>\n<\/li>\n<li class=\"\" data-start=\"2175\" data-end=\"2226\">\n<p class=\"\" data-start=\"2177\" data-end=\"2226\"><strong data-start=\"2177\" data-end=\"2196\">H\u00f8yre\/revers<\/strong>: Kan byttes forover\/bakover<\/p>\n<\/li>\n<li class=\"\" data-start=\"2227\" data-end=\"2253\">\n<p class=\"\" data-start=\"2229\" data-end=\"2253\"><strong data-start=\"2229\" data-end=\"2247\">Spenning AC\/DC<\/strong>: DC<\/p>\n<\/li>\n<li class=\"\" data-start=\"2254\" data-end=\"2282\">\n<p class=\"\" data-start=\"2256\" data-end=\"2282\"><strong data-start=\"2256\" data-end=\"2272\">Spenning maks<\/strong>: 13,8V<\/p>\n<\/li>\n<li class=\"\" data-start=\"2283\" data-end=\"2311\">\n<p class=\"\" data-start=\"2285\" data-end=\"2311\"><strong data-start=\"2285\" data-end=\"2301\">Spenning min<\/strong>: 10,8V<\/p>\n<\/li>\n<li class=\"\" data-start=\"2312\" data-end=\"2338\">\n<p class=\"\" data-start=\"2314\" data-end=\"2338\"><strong data-start=\"2314\" data-end=\"2332\">SundaHouse vurdert<\/strong>: Ja<\/p>\n<\/li>\n<\/ul>","protected":false},"excerpt":{"rendered":"<p>Her kan du se hvilke stolper og modeller som passer sammen fra STEP-serien med elektriske d\u00f8rstoppere.<\/p>\n<h5><strong><a href=\"https:\/\/steplock.com\/sv\/stolpguide\/#!?lang=sv&amp;blog_id=1&amp;paged=1&amp;number=50\" target=\"_blank\" rel=\"noopener\">TRINN Postveiledning\u00a0<\/a><\/strong><\/h5>\n<h5><strong><a href=\"https:\/\/steplock.com\/sv\/projekteringsguide\/#!?lang=sv&amp;blog_id=1&amp;paged=1&amp;number=999\" target=\"_blank\" rel=\"noopener\">STEP design guide<\/a><\/strong><\/h5>","protected":false},"featured_media":140241,"template":"","meta":{"_acf_changed":false},"product_brand":[],"product_cat":[3355],"product_tag":[4198,4202],"class_list":{"0":"post-140248","1":"product","2":"type-product","3":"status-publish","4":"has-post-thumbnail","6":"product_cat-elslutbleck","7":"product_tag-12v","8":"product_tag-omstallbar-rattvand-omvand","9":"product_shipping_class-tunga-paket","10":"pa_brands-step","11":"tm-no-options","13":"first","14":"onbackorder","15":"sale","16":"taxable","17":"shipping-taxable","18":"purchasable","19":"product-type-simple"},"acf":[],"_links":{"self":[{"href":"https:\/\/secureus.se\/no\/wp-json\/wp\/v2\/product\/140248","targetHints":{"allow":["GET"]}}],"collection":[{"href":"https:\/\/secureus.se\/no\/wp-json\/wp\/v2\/product"}],"about":[{"href":"https:\/\/secureus.se\/no\/wp-json\/wp\/v2\/types\/product"}],"wp:featuredmedia":[{"embeddable":true,"href":"https:\/\/secureus.se\/no\/wp-json\/wp\/v2\/media\/140241"}],"wp:attachment":[{"href":"https:\/\/secureus.se\/no\/wp-json\/wp\/v2\/media?parent=140248"}],"wp:term":[{"taxonomy":"product_brand","embeddable":true,"href":"https:\/\/secureus.se\/no\/wp-json\/wp\/v2\/product_brand?post=140248"},{"taxonomy":"product_cat","embeddable":true,"href":"https:\/\/secureus.se\/no\/wp-json\/wp\/v2\/product_cat?post=140248"},{"taxonomy":"product_tag","embeddable":true,"href":"https:\/\/secureus.se\/no\/wp-json\/wp\/v2\/product_tag?post=140248"}],"curies":[{"name":"wp","href":"https:\/\/api.w.org\/{rel}","templated":true}]}}