{"id":140297,"date":"2023-09-26T13:06:09","date_gmt":"2023-09-26T11:06:09","guid":{"rendered":"https:\/\/secureus.se\/elslutbleck-step-18-vanster-omvand-24v-for-assa-511\/"},"modified":"2026-04-23T13:00:25","modified_gmt":"2026-04-23T11:00:25","slug":"elslutbleck-step-18-vanster-omvand-24v-for-assa-511","status":"publish","type":"product","link":"https:\/\/secureus.se\/no\/elslutbleck-step-18-vanster-omvand-24v-for-assa-511\/","title":{"rendered":"Elektrisk endeplate TRINN 18 Venstre Revers 24V for Assa 511"},"content":{"rendered":"<h1>Elektrisk endeplate TRINN 18 Venstre Revers 24V for Assa 511<\/h1>\n<p>Elektrisk sluttstykke STEP 18 Secure for Assa 511 tilbyr h\u00f8yeste sikkerhet og branngodkjenning opp til E\/EI 60. Perfekt for d\u00f8rer med h\u00f8ye krav til innbruddsbeskyttelse og h\u00f8y \u00e5pningsfrekvens.<\/p>\n<p class=\"\" data-start=\"414\" data-end=\"1032\">TRINN 18 Secure er en elektrisk h\u00f8ysikkerhetsl\u00e5s utviklet for d\u00f8rer med h\u00f8ye sikkerhetskrav.<\/p>\n<p class=\"\" data-start=\"414\" data-end=\"1032\">Dette elektriske sluttstykket er egnet for sikkerhetsd\u00f8rer og d\u00f8rer med evakueringskrav som m\u00e5 t\u00e5le h\u00f8y \u00e5pningsfrekvens, som fengsler og banker.<\/p>\n<p class=\"\" data-start=\"414\" data-end=\"1032\">Med en bruddstyrke p\u00e5 15 kN (ca. 1500 kg) og godkjent for brannmotstand opp til E\/EI 60, er den bygget for \u00e5 sikre p\u00e5litelig funksjon selv under ekstreme forhold.<\/p>\n<p class=\"\" data-start=\"414\" data-end=\"1032\">TRINN 18 Secure er designet for Assa 511 krokboltl\u00e5s med 10 mm bolt og har en reversfunksjon (l\u00e5st opp i spenningsl\u00f8s posisjon), noe som gj\u00f8r den sv\u00e6rt egnet for d\u00f8rer som \u00e5pnes ofte.<\/p>\n<p class=\"\" data-start=\"1034\" data-end=\"1289\">Dette elektriske sluttstykket er ogs\u00e5 utstyrt med en stempelkontakt som indikerer om d\u00f8ren er lukket\/\u00e5pen og l\u00e5st\/ul\u00e5st, noe som gj\u00f8r den enkel \u00e5 integrere med adgangskontrollsystemer og alarmsystemer.<\/p>\n<p class=\"\" data-start=\"1034\" data-end=\"1289\">Inkludert 5 meter halogenfri tilkoblingskabel for enkel installasjon.<\/p>\n<p class=\"\" data-start=\"1291\" data-end=\"1308\"><strong data-start=\"1291\" data-end=\"1305\">Kjennetegn<\/strong>:<\/p>\n<ul data-start=\"1309\" data-end=\"1747\">\n<li class=\"\" data-start=\"1309\" data-end=\"1352\">\n<p class=\"\" data-start=\"1311\" data-end=\"1352\">For krokstokkl\u00e5s Assa 511 med 10 mm stempel<\/p>\n<\/li>\n<li class=\"\" data-start=\"1353\" data-end=\"1397\">\n<p class=\"\" data-start=\"1355\" data-end=\"1397\">Omvendt funksjon (oppl\u00e5st i str\u00f8ml\u00f8s modus)<\/p>\n<\/li>\n<li class=\"\" data-start=\"1398\" data-end=\"1426\">\n<p class=\"\" data-start=\"1400\" data-end=\"1426\">For venstrehengslede d\u00f8rer<\/p>\n<\/li>\n<li class=\"\" data-start=\"1427\" data-end=\"1460\">\n<p class=\"\" data-start=\"1429\" data-end=\"1460\">Branngodkjent opp til E\/EI 60<\/p>\n<\/li>\n<li class=\"\" data-start=\"1461\" data-end=\"1545\">\n<p class=\"\" data-start=\"1463\" data-end=\"1545\">Innebygd stempelbryter for \u00e5 indikere d\u00f8rens lukket\/\u00e5pen og l\u00e5st\/ul\u00e5st status<\/p>\n<\/li>\n<li class=\"\" data-start=\"1546\" data-end=\"1568\">\n<p class=\"\" data-start=\"1548\" data-end=\"1568\">Beskyttelsesdiode innebygd<\/p>\n<\/li>\n<li class=\"\" data-start=\"1569\" data-end=\"1607\">\n<p class=\"\" data-start=\"1571\" data-end=\"1607\">Bruddstyrke 15 kN (ca. 1500 kg)<\/p>\n<\/li>\n<li class=\"\" data-start=\"1608\" data-end=\"1685\">\n<p class=\"\" data-start=\"1610\" data-end=\"1685\">\u00c5pner til tross for et stripetrykk p\u00e5 5 kN (ca. 500 kg) i forover- og reversfunksjon<\/p>\n<\/li>\n<li class=\"\" data-start=\"1686\" data-end=\"1701\">\n<p class=\"\" data-start=\"1688\" data-end=\"1701\">Anti-banking<\/p>\n<\/li>\n<li class=\"\" data-start=\"1702\" data-end=\"1747\">\n<p class=\"\" data-start=\"1704\" data-end=\"1747\">5 meter halogenfri tilkoblingskabel f\u00f8lger med<\/p>\n<\/li>\n<\/ul>\n<p class=\"\" data-start=\"1749\" data-end=\"1780\"><strong data-start=\"1749\" data-end=\"1777\">Tekniske spesifikasjoner<\/strong>:<\/p>\n<ul data-start=\"1781\" data-end=\"2390\">\n<li class=\"\" data-start=\"1781\" data-end=\"1817\">\n<p class=\"\" data-start=\"1783\" data-end=\"1817\"><strong data-start=\"1783\" data-end=\"1806\">Bruddstyrke maks<\/strong>: 1500 kg<\/p>\n<\/li>\n<li class=\"\" data-start=\"1818\" data-end=\"1847\">\n<p class=\"\" data-start=\"1820\" data-end=\"1847\"><strong data-start=\"1820\" data-end=\"1836\">D\u00f8r hengende<\/strong>: Venstre<\/p>\n<\/li>\n<li class=\"\" data-start=\"1848\" data-end=\"1871\">\n<p class=\"\" data-start=\"1850\" data-end=\"1871\"><strong data-start=\"1850\" data-end=\"1865\">Kabel inkludert<\/strong>: Ja<\/p>\n<\/li>\n<li class=\"\" data-start=\"1872\" data-end=\"1897\">\n<p class=\"\" data-start=\"1874\" data-end=\"1897\"><strong data-start=\"1874\" data-end=\"1887\">Listeutskrift<\/strong>: 500 kg<\/p>\n<\/li>\n<li class=\"\" data-start=\"1898\" data-end=\"1935\">\n<p class=\"\" data-start=\"1900\" data-end=\"1935\"><strong data-start=\"1900\" data-end=\"1910\">L\u00e5s type<\/strong>: Hook rule lock, Rule lock<\/p>\n<\/li>\n<li class=\"\" data-start=\"1936\" data-end=\"1964\">\n<p class=\"\" data-start=\"1938\" data-end=\"1964\"><strong data-start=\"1938\" data-end=\"1955\">Bredt produkt<\/strong>: 35 mm<\/p>\n<\/li>\n<li class=\"\" data-start=\"1965\" data-end=\"1991\">\n<p class=\"\" data-start=\"1967\" data-end=\"1991\"><strong data-start=\"1967\" data-end=\"1985\">Byggematerialer vurdert<\/strong>: Ja<\/p>\n<\/li>\n<li class=\"\" data-start=\"1992\" data-end=\"2019\">\n<p class=\"\" data-start=\"1994\" data-end=\"2019\"><strong data-start=\"1994\" data-end=\"2010\">Dyp produkt<\/strong>: 40 mm<\/p>\n<\/li>\n<li class=\"\" data-start=\"2020\" data-end=\"2054\">\n<p class=\"\" data-start=\"2022\" data-end=\"2054\"><strong data-start=\"2022\" data-end=\"2047\">Driftsspenning 12V\/24V<\/strong>: 24V<\/p>\n<\/li>\n<li class=\"\" data-start=\"2055\" data-end=\"2083\">\n<p class=\"\" data-start=\"2057\" data-end=\"2083\"><strong data-start=\"2057\" data-end=\"2076\">Dobbel vri etui<\/strong>: Nei<\/p>\n<\/li>\n<li class=\"\" data-start=\"2084\" data-end=\"2111\">\n<p class=\"\" data-start=\"2086\" data-end=\"2111\"><strong data-start=\"2086\" data-end=\"2104\">EPD-verifisert<\/strong>: Nei<\/p>\n<\/li>\n<li class=\"\" data-start=\"2112\" data-end=\"2130\">\n<p class=\"\" data-start=\"2114\" data-end=\"2130\"><strong data-start=\"2114\" data-end=\"2123\">FIN INFO<\/strong>: Nei<\/p>\n<\/li>\n<li class=\"\" data-start=\"2131\" data-end=\"2165\">\n<p class=\"\" data-start=\"2133\" data-end=\"2165\"><strong data-start=\"2133\" data-end=\"2154\">Farge\/Overflatebehandling<\/strong>: Rustfritt st\u00e5l<\/p>\n<\/li>\n<li class=\"\" data-start=\"2166\" data-end=\"2194\">\n<p class=\"\" data-start=\"2168\" data-end=\"2194\"><strong data-start=\"2168\" data-end=\"2184\">Forh\u00f8yet produkt<\/strong>: 230 mm<\/p>\n<\/li>\n<li class=\"\" data-start=\"2195\" data-end=\"2222\">\n<p class=\"\" data-start=\"2197\" data-end=\"2222\"><strong data-start=\"2197\" data-end=\"2211\">Kabel lengde<\/strong>: 5 meter<\/p>\n<\/li>\n<li class=\"\" data-start=\"2223\" data-end=\"2246\">\n<p class=\"\" data-start=\"2225\" data-end=\"2246\"><strong data-start=\"2225\" data-end=\"2240\">Stempelkobling<\/strong>: Ja<\/p>\n<\/li>\n<li class=\"\" data-start=\"2247\" data-end=\"2278\">\n<p class=\"\" data-start=\"2249\" data-end=\"2278\"><strong data-start=\"2249\" data-end=\"2268\">H\u00f8yre\/revers<\/strong>: Omvendt<\/p>\n<\/li>\n<li class=\"\" data-start=\"2279\" data-end=\"2305\">\n<p class=\"\" data-start=\"2281\" data-end=\"2305\"><strong data-start=\"2281\" data-end=\"2299\">Spenning AC\/DC<\/strong>: DC<\/p>\n<\/li>\n<li class=\"\" data-start=\"2306\" data-end=\"2334\">\n<p class=\"\" data-start=\"2308\" data-end=\"2334\"><strong data-start=\"2308\" data-end=\"2324\">Spenning maks<\/strong>: 27,6V<\/p>\n<\/li>\n<li class=\"\" data-start=\"2335\" data-end=\"2363\">\n<p class=\"\" data-start=\"2337\" data-end=\"2363\"><strong data-start=\"2337\" data-end=\"2353\">Spenning min<\/strong>: 21,6V<\/p>\n<\/li>\n<li class=\"\" data-start=\"2364\" data-end=\"2390\">\n<p class=\"\" data-start=\"2366\" data-end=\"2390\"><strong data-start=\"2366\" data-end=\"2384\">SundaHouse vurdert<\/strong>: Ja<\/p>\n<\/li>\n<\/ul>","protected":false},"excerpt":{"rendered":"<p>Her kan du se hvilke stolper og modeller som passer sammen fra STEP-serien med elektriske d\u00f8rstoppere.<\/p>\n<h5><strong><a href=\"https:\/\/steplock.com\/sv\/stolpguide\/#!?lang=sv&amp;blog_id=1&amp;paged=1&amp;number=50\" target=\"_blank\" rel=\"noopener\">TRINN Postveiledning\u00a0<\/a><\/strong><\/h5>\n<h5><strong><a href=\"https:\/\/steplock.com\/sv\/projekteringsguide\/#!?lang=sv&amp;blog_id=1&amp;paged=1&amp;number=999\" target=\"_blank\" rel=\"noopener\">STEP design guide<\/a><\/strong><\/h5>","protected":false},"featured_media":140294,"template":"","meta":{"_acf_changed":false},"product_brand":[],"product_cat":[3355],"product_tag":[4197,4201],"class_list":{"0":"post-140297","1":"product","2":"type-product","3":"status-publish","4":"has-post-thumbnail","6":"product_cat-elslutbleck","7":"product_tag-24v","8":"product_tag-omvand","9":"product_shipping_class-tunga-paket","10":"pa_brands-step","11":"tm-no-options","13":"first","14":"onbackorder","15":"sale","16":"taxable","17":"shipping-taxable","18":"purchasable","19":"product-type-simple"},"acf":[],"_links":{"self":[{"href":"https:\/\/secureus.se\/no\/wp-json\/wp\/v2\/product\/140297","targetHints":{"allow":["GET"]}}],"collection":[{"href":"https:\/\/secureus.se\/no\/wp-json\/wp\/v2\/product"}],"about":[{"href":"https:\/\/secureus.se\/no\/wp-json\/wp\/v2\/types\/product"}],"wp:featuredmedia":[{"embeddable":true,"href":"https:\/\/secureus.se\/no\/wp-json\/wp\/v2\/media\/140294"}],"wp:attachment":[{"href":"https:\/\/secureus.se\/no\/wp-json\/wp\/v2\/media?parent=140297"}],"wp:term":[{"taxonomy":"product_brand","embeddable":true,"href":"https:\/\/secureus.se\/no\/wp-json\/wp\/v2\/product_brand?post=140297"},{"taxonomy":"product_cat","embeddable":true,"href":"https:\/\/secureus.se\/no\/wp-json\/wp\/v2\/product_cat?post=140297"},{"taxonomy":"product_tag","embeddable":true,"href":"https:\/\/secureus.se\/no\/wp-json\/wp\/v2\/product_tag?post=140297"}],"curies":[{"name":"wp","href":"https:\/\/api.w.org\/{rel}","templated":true}]}}