{"id":140463,"date":"2023-09-26T13:07:57","date_gmt":"2023-09-26T11:07:57","guid":{"rendered":"https:\/\/secureus.se\/elslutbleck-step-18-vanster-omvand-24v-7mm-regel-connect\/"},"modified":"2026-04-08T16:20:37","modified_gmt":"2026-04-08T14:20:37","slug":"elslutbleck-step-18-vanster-omvand-24v-7mm-regel-connect","status":"publish","type":"product","link":"https:\/\/secureus.se\/no\/elslutbleck-step-18-vanster-omvand-24v-7mm-regel-connect\/","title":{"rendered":"Elektrisk endeplate TRINN 18 Venstre Revers 24V 7mm Regel Connect"},"content":{"rendered":"<h1>Elektrisk endeplate TRINN 18 Venstre Revers 24V 7mm Regel Connect<\/h1>\n<p>STEP 18 Secure er et robust elektrisk sluttstykke med reversfunksjon og h\u00f8yeste sikkerhetsklasse. Passer for venstrehengte d\u00f8rer med boltel\u00e5s (7 mm) i Connect-serien og inkluderer stempel og l\u00e5sekontakt.<\/p>\n<p class=\"\" data-start=\"286\" data-end=\"751\">STEP 18 Secure elektrisk sluttstykke er designet for d\u00f8rmilj\u00f8er med sv\u00e6rt h\u00f8ye krav til sikkerhet, funksjon og driftssikkerhet.<\/p>\n<p class=\"\" data-start=\"286\" data-end=\"751\">Dette elektriske sluttstykket er spesielt egnet for montering i d\u00f8rer med mange daglige inn- og utganger \u2013 for eksempel sikkerhetsd\u00f8rer i offentlige bygninger, fengsler, myndigheter og banker.<\/p>\n<p class=\"\" data-start=\"286\" data-end=\"751\">Reversfunksjonen gj\u00f8r at platen l\u00e5ses opp i spenningsl\u00f8s stilling, som er et vanlig krav i evakueringsmilj\u00f8er.<\/p>\n<p class=\"\" data-start=\"753\" data-end=\"1181\">STEP 18 er testet og godkjent i henhold til RC4 og er brannklassifisert opp til E\/EI 60. Den er utstyrt med mikrobrytere som gir b\u00e5de stempelkontakt og l\u00e5sekontakt, som muliggj\u00f8r indikasjon av b\u00e5de d\u00f8r- og l\u00e5sstatus.<\/p>\n<p class=\"\" data-start=\"753\" data-end=\"1181\">Dette gj\u00f8r platen fullt integrerbar i adgangskontrollsystemer og alarmsystemer. Med en bruddstyrke p\u00e5 hele 15 kN (ca. 1500 kg) og en stripetrykkmotstand p\u00e5 500 kg, tilbyr STEP 18 eksepsjonell holdbarhet og sikkerhet.<\/p>\n<p class=\"\" data-start=\"1183\" data-end=\"1332\">Denne platen er beregnet for boltel\u00e5ser med 7 mm stempel i Connect-serien, leveres med 5 meter halogenfri tilkoblingskabel og passer til venstrehengte d\u00f8rer.<\/p>\n<p class=\"\" data-start=\"1334\" data-end=\"1360\"><strong data-start=\"1334\" data-end=\"1360\">Funksjoner og fordeler:<\/strong><\/p>\n<ul data-start=\"1361\" data-end=\"1581\">\n<li class=\"\" data-start=\"1361\" data-end=\"1404\">\n<p class=\"\" data-start=\"1363\" data-end=\"1404\">Reverseringsfunksjon \u2013 l\u00e5ses opp ved str\u00f8mbrudd<\/p>\n<\/li>\n<li class=\"\" data-start=\"1405\" data-end=\"1441\">\n<p class=\"\" data-start=\"1407\" data-end=\"1441\">For 7 mm boltl\u00e5ser (Connect-serien)<\/p>\n<\/li>\n<li class=\"\" data-start=\"1442\" data-end=\"1474\">\n<p class=\"\" data-start=\"1444\" data-end=\"1474\">Innebygd stempel og l\u00e5sebryter<\/p>\n<\/li>\n<li class=\"\" data-start=\"1475\" data-end=\"1495\">\n<p class=\"\" data-start=\"1477\" data-end=\"1495\">Brannklasse E\/EI 60<\/p>\n<\/li>\n<li class=\"\" data-start=\"1496\" data-end=\"1520\">\n<p class=\"\" data-start=\"1498\" data-end=\"1520\">Bruddstyrke: 15 kN<\/p>\n<\/li>\n<li class=\"\" data-start=\"1521\" data-end=\"1544\">\n<p class=\"\" data-start=\"1523\" data-end=\"1544\">T\u00e5ler stripetrykk p\u00e5 5 kN<\/p>\n<\/li>\n<li class=\"\" data-start=\"1545\" data-end=\"1581\">\n<p class=\"\" data-start=\"1547\" data-end=\"1581\">5 meter halogenfri kabel f\u00f8lger med<\/p>\n<\/li>\n<\/ul>","protected":false},"excerpt":{"rendered":"<p>Her kan du se hvilke stolper og modeller som passer sammen fra STEP-serien med elektriske d\u00f8rstoppere.<\/p>\n<h5><strong><a href=\"https:\/\/steplock.com\/sv\/stolpguide\/#!?lang=sv&amp;blog_id=1&amp;paged=1&amp;number=50\" target=\"_blank\" rel=\"noopener\">TRINN Postveiledning\u00a0<\/a><\/strong><\/h5>\n<h5><strong><a href=\"https:\/\/steplock.com\/sv\/projekteringsguide\/#!?lang=sv&amp;blog_id=1&amp;paged=1&amp;number=999\" target=\"_blank\" rel=\"noopener\">STEP design guide<\/a><\/strong><\/h5>","protected":false},"featured_media":140461,"template":"","meta":{"_acf_changed":false},"product_brand":[],"product_cat":[3355],"product_tag":[4197,4201],"class_list":{"0":"post-140463","1":"product","2":"type-product","3":"status-publish","4":"has-post-thumbnail","6":"product_cat-elslutbleck","7":"product_tag-24v","8":"product_tag-omvand","9":"product_shipping_class-tunga-paket","10":"pa_brands-step","11":"tm-no-options","13":"first","14":"onbackorder","15":"sale","16":"taxable","17":"shipping-taxable","18":"purchasable","19":"product-type-simple"},"acf":[],"_links":{"self":[{"href":"https:\/\/secureus.se\/no\/wp-json\/wp\/v2\/product\/140463","targetHints":{"allow":["GET"]}}],"collection":[{"href":"https:\/\/secureus.se\/no\/wp-json\/wp\/v2\/product"}],"about":[{"href":"https:\/\/secureus.se\/no\/wp-json\/wp\/v2\/types\/product"}],"wp:featuredmedia":[{"embeddable":true,"href":"https:\/\/secureus.se\/no\/wp-json\/wp\/v2\/media\/140461"}],"wp:attachment":[{"href":"https:\/\/secureus.se\/no\/wp-json\/wp\/v2\/media?parent=140463"}],"wp:term":[{"taxonomy":"product_brand","embeddable":true,"href":"https:\/\/secureus.se\/no\/wp-json\/wp\/v2\/product_brand?post=140463"},{"taxonomy":"product_cat","embeddable":true,"href":"https:\/\/secureus.se\/no\/wp-json\/wp\/v2\/product_cat?post=140463"},{"taxonomy":"product_tag","embeddable":true,"href":"https:\/\/secureus.se\/no\/wp-json\/wp\/v2\/product_tag?post=140463"}],"curies":[{"name":"wp","href":"https:\/\/api.w.org\/{rel}","templated":true}]}}