{"id":140503,"date":"2023-05-10T09:53:44","date_gmt":"2023-05-10T07:53:44","guid":{"rendered":"https:\/\/secureus.se\/elqxb-pure-2x2x05-vit-b500\/"},"modified":"2026-03-26T11:38:44","modified_gmt":"2026-03-26T10:38:44","slug":"elqxb-pure-2x2x05-vit-b500","status":"publish","type":"product","link":"https:\/\/secureus.se\/no\/elqxb-pure-2x2x05-vit-b500\/","title":{"rendered":"ELQXB PURE 2X2X0,5 HVIT B500"},"content":{"rendered":"","protected":false},"excerpt":{"rendered":"<p>Halogenfri telekommunikasjonssignalkabel. Avgir ikke etsende gasser og har lav r\u00f8yktetthet ved brann. Fast installasjon eller i r\u00f8r, for private kommunikasjonsnettverk innend\u00f8rs. Delene er vridd i par (1x4x0,5 er vridd til fire skruer).<\/p>","protected":false},"featured_media":140500,"template":"","meta":{"_acf_changed":false},"product_brand":[],"product_cat":[2678],"product_tag":[2487],"class_list":{"0":"post-140503","1":"product","2":"type-product","3":"status-publish","4":"has-post-thumbnail","6":"product_cat-telekabel-oskarmad","7":"product_tag-kabel-oskarmad","8":"product_shipping_class-tunga-paket","9":"tm-no-options","11":"first","12":"instock","13":"taxable","14":"shipping-taxable","15":"purchasable","16":"product-type-simple"},"acf":[],"_links":{"self":[{"href":"https:\/\/secureus.se\/no\/wp-json\/wp\/v2\/product\/140503","targetHints":{"allow":["GET"]}}],"collection":[{"href":"https:\/\/secureus.se\/no\/wp-json\/wp\/v2\/product"}],"about":[{"href":"https:\/\/secureus.se\/no\/wp-json\/wp\/v2\/types\/product"}],"wp:featuredmedia":[{"embeddable":true,"href":"https:\/\/secureus.se\/no\/wp-json\/wp\/v2\/media\/140500"}],"wp:attachment":[{"href":"https:\/\/secureus.se\/no\/wp-json\/wp\/v2\/media?parent=140503"}],"wp:term":[{"taxonomy":"product_brand","embeddable":true,"href":"https:\/\/secureus.se\/no\/wp-json\/wp\/v2\/product_brand?post=140503"},{"taxonomy":"product_cat","embeddable":true,"href":"https:\/\/secureus.se\/no\/wp-json\/wp\/v2\/product_cat?post=140503"},{"taxonomy":"product_tag","embeddable":true,"href":"https:\/\/secureus.se\/no\/wp-json\/wp\/v2\/product_tag?post=140503"}],"curies":[{"name":"wp","href":"https:\/\/api.w.org\/{rel}","templated":true}]}}